{"id":17348,"date":"2021-07-06T21:12:56","date_gmt":"2021-07-06T21:12:56","guid":{"rendered":"https:\/\/h2otek.com\/tienda\/producto\/boiler-de-deposito-electrico-50-galones-188-litros-220v-marca-rheem-linea-marathon-gran-tamano-mod-mr50245-700509\/"},"modified":"2025-09-17T23:29:29","modified_gmt":"2025-09-17T23:29:29","slug":"boiler-de-deposito-electrico-50-galones-188-litros-220v-marca-rheem-linea-marathon-gran-tamano-mod-mr50245-700509","status":"publish","type":"product","link":"https:\/\/h2otek.com\/tienda\/producto\/boiler-de-deposito-electrico-50-galones-188-litros-220v-marca-rheem-linea-marathon-gran-tamano-mod-mr50245-700509\/","title":{"rendered":"BOILER DE DEPOSITO EL\u00c9CTRICO 50 GALONES (188 LITROS) 220V. MARCA RHEEM L\u00cdNEA MARATHON GRAN TAMA\u00d1O MOD. MR50245\/700509"},"content":{"rendered":"<div style=\"text-align: center;\"><img decoding=\"async\" src=\"https:\/\/www.h2otek.com\/tienda\/Images\/boilers\/marathon\/header-boiler-rheem-marathon-220v-50gal.jpg\" alt=\"\" border=\"0\" \/><\/div>\n<div style=\"text-align: justify;\">Los calentadores de agua el\u00e9ctricos pl\u00e1sticos Marathon son durables, ligeros y no requieren de \u00e1nodo de protecci\u00f3n, lo que significa que no habr\u00e1 agua con mal olor provocada normalmente con reacciones qu\u00edmicas con sulfatos. Resiste al agua y la corrosi\u00f3n gracias a su tanque interno de polibuteno moldeado por soplado y sin soldaduras. Su dura capa externa moldeada hecha de polietileno, lo hace resistente a abolladuras, raspaduras y al aire salino.<\/div>\n<p><strong>Cuenta con una extensa garant\u00eda ya que el tanque de almacenamiento est\u00e1 hecho para durar tanto como tu propia casa.<\/strong><span style=\"text-align: justify;\">\u00a0Marathon ahorra dinero gracias a su dise\u00f1o ligero, su alta eficiencia y su garant\u00eda. Perfecto para quienes buscan un producto de por vida que brinde ahorros.<\/span> <strong>MARATHON ES IDEAL PARA HOGARES DURADEROS<\/strong><\/p>\n<ul>\n<li>Hogares que deseen un producto durable. Este ser\u00e1 el \u00faltimo calentador de agua que tendr\u00e1 que comprar.<\/li>\n<li>Hogares que deseen ahorrar dinero en su recibo de luz.<\/li>\n<li>Hogares que necesiten eliminar el mal olor provocado por la t\u00edpica interacci\u00f3n de la barra de \u00e1nodo con los sulfatos presentes en el sistema de aguas.<\/li>\n<\/ul>\n<p style=\"text-align: center;\"><span style=\"font-size: small;\">Una soluci\u00f3n de por vida para ti <\/span><\/p>\n<p><strong>Alta eficiencia <\/strong> 2\u00bd\u201d de espuma aislante de poliuretano que minimiza la p\u00e9rdida de calor acumulado al permitir una p\u00e9rdida de s\u00f3lo 2.78\u00b0C en 24 horas, ahorrando energ\u00edas. Garant\u00eda de por vida en el tanque El tanque est\u00e1 hecho para durar tanto como su propio hogar, Marathon ser\u00e1 el \u00faltimo calentador de agua que compre, eliminando as\u00ed costos de reemplazo e instalaci\u00f3n cada diez a\u00f1os (promedio nacional)<\/p>\n<p><strong>TANQUE NO MET\u00c1LICO<\/strong><\/p>\n<ul>\n<li>El tanque ligero del Marathon es mucho m\u00e1s f\u00e1cil de maniobrar y colocar y cuenta con un dise\u00f1o interior que garantiza el drenado por completo.<\/li>\n<li>Instalaci\u00f3n por una sola persona que reduce costos y agiliza su instalaci\u00f3n<\/li>\n<\/ul>\n<p><strong>CARACTER\u00cdSTICAS:<\/strong><\/p>\n<ul>\n<li>Tanque externo no met\u00e1lico moldeado sin soldaduras<\/li>\n<li>No se oxida ni se corroe.<\/li>\n<li>Tubo (de inmersi\u00f3n): tubo de inmersi\u00f3n de grado comercial de alta teperatura para mayor durabilidad.<\/li>\n<li>Elementos de calentamiento de alta tecnolog\u00eda<\/li>\n<li>Capa exterior de polietileno: dura como la defensa del coche para resistir abolladuras y raspones durante el transporte, la instalaci\u00f3n y mas.<\/li>\n<li>Tanque de fibra de vidrio bobinado: tiene una resistencia \u00fanica.<\/li>\n<li>V\u00e1lvula de drenaje c\u00f3ncava: fuera del alcance de escobas, pies y tobillos.<\/li>\n<li>V\u00e1lvula de alivio de temperatura y presi\u00f3n: instalada de f\u00e1brica<\/li>\n<li>Chapetones resistentes al agua: evita la humedad y la condensaci\u00f3n<\/li>\n<li>Kit de aislamiento de tuber\u00eda: Reduce la p\u00e9rdida de calor en las tuber\u00edas, ahorrando energ\u00eda.<\/li>\n<\/ul>\n<p>ESPECIFICACIONES T\u00c9CNICAS L\u00cdNEA MARATHON:<\/p>\n<ul>\n<li>Altura a T&amp;P: hasta 180 cm<\/li>\n<li>Di\u00e1metro: hasta 77 cm<\/li>\n<li>Capacidades: grande de 40, 50, 85, 105 galones | chico de 50 galones.<\/li>\n<li>Peso al env\u00edo: 69 kg<\/li>\n<li>Tasa de recuperaci\u00f3n: 75 LPH<\/li>\n<li>\u00cdndice de desempe\u00f1o 1a. hora: 196 a 391 L<\/li>\n<li>Watts: 4500<\/li>\n<li>Factor energ\u00e9tico: .90 &#8211; .94<\/li>\n<\/ul>\n<p>El dise\u00f1o elegante y moderno de Marathon llamar\u00e1 su atenci\u00f3n, pero su verdadera belleza no es superficial.<\/p>\n<p style=\"text-align: center;\"><img decoding=\"async\" src=\"https:\/\/www.h2otek.com\/tienda\/Images\/boilers\/marathon\/partes-boiler-rheem-marathon.jpg\" alt=\"\" border=\"0\" \/><\/p>\n<p style=\"text-align: justify;\"><strong><span style=\"font-size: small;\">Y mucho m\u00e1s<\/span><\/strong><\/p>\n<ul>\n<li>Parte inferior con dise\u00f1o especial para un drenaje m\u00e1s completo del sedimento.<\/li>\n<li>V\u00e1lvula de alivio instalada de f\u00e1brica.<\/li>\n<li>Conexiones al\u00e1mbricas est\u00e1ndares.<\/li>\n<li>Conexiones de entrada y salida de 3\/4&#8243; N.P.T.<\/li>\n<li>Tubo de inmersi\u00f3n de polisulfona de alta temperatura.<\/li>\n<li>El m\u00e1s eficiente de su clase.<\/li>\n<\/ul>\n<p style=\"text-align: center;\"><strong>TABLA DE ESPECIFICACIONES<\/strong><\/p>\n<p style=\"text-align: center;\"><img decoding=\"async\" src=\"https:\/\/www.h2otek.com\/tienda\/Images\/boilers\/marathon\/especificaciones-boiler-rheem-marathon-220v-50gal.jpg\" alt=\"\" border=\"0\" \/><\/p>\n<p style=\"text-align: justify;\">Los calentadores se entregan con cableado de fase \u00fanica no simult\u00e1nea est\u00e1ndar de 240 voltios AC, y con elementos de calentamiento superior e inferior de 4500 watts. Hay elementos de 3000 y 3800 disponibles. Para la altura a la parte superior de T&amp;P a\u00f1ada 3-1\/2&#8243; a la altura de la conexi\u00f3n del agua. Presi\u00f3n de prueba m\u00e1xima: 300 PSI. Presi\u00f3n de trabajo m\u00e1xima: 150 PSI.<\/p>\n<p style=\"text-align: center;\"><img decoding=\"async\" src=\"https:\/\/www.h2otek.com\/tienda\/Images\/boilers\/marathon\/recuperacion-boiler-rheem-marathon.jpg\" alt=\"\" border=\"0\" \/><\/p>\n<p style=\"text-align: center;\"><strong>CERTIFICACIONES:<\/strong><\/p>\n<p style=\"text-align: center;\"><img decoding=\"async\" src=\"https:\/\/www.h2otek.com\/tienda\/Images\/boilers\/marathon\/certificaciones-boiler-rheem-marathon.jpg\" alt=\"\" border=\"0\" \/><\/p>\n<p style=\"text-align: justify;\"><strong><span style=\"color: #4a4a4a;\">DESCARGAR MANUALES:<\/span><\/strong><\/p>\n<ul>\n<li><strong><span style=\"color: #0000ff;\"><a href=\"http:\/\/www.h2otek.com\/tienda\/pdf\/aguacaliente\/FOLLETO_MARATHON_ELEC_120.pdf\" target=\"_blank\" rel=\"noopener\">FOLLETO BOILER\u00a0MARATHON<\/a><\/span><\/strong><\/li>\n<li><strong><a href=\"http:\/\/www.h2otek.com\/tienda\/pdf\/aguacaliente\/HOJA_DE_%20ESPECIFICACIONES_MARATHON_ELEC_120.pdf\" target=\"_blank\" rel=\"noopener\">HOJA DE ESPECIFICACIONES<\/a><\/strong><\/li>\n<\/ul>\n","protected":false},"excerpt":{"rendered":"<p><span style=\"color: #ff0000;\"><strong>PRECIO EN PESOS MEXICANOS.<br \/>\nPRECIO INCLUYE 16 % DE I.V.A.<br \/>\nPRECIO INCLUYE ENVIO (ZONA CENTRO).<\/strong><\/span><\/p>\n<p><strong><span style=\"color: #000000;\">BOILER DE DEP\u00d3SITO EL\u00c9CTRICO 50 GALONES (188 LITROS)<\/span><\/strong><\/p>\n<p style=\"text-align: left;\"><strong><span style=\"font-size: small; color: #000000;\">RECOMENDADO PARA GRANDES CANTIDADES DE AGUA CALIENTE.<\/span><\/strong><\/p>\n<p style=\"text-align: left;\"><em><span style=\"font-size: small;\"><strong>IDEALES PARA CUALQUIER NECESIDAD DE AGUA CALIENTE, COMO PUEDE SER EN:<\/strong><\/span><\/em><\/p>\n<ul>\n<li style=\"text-align: left;\"><em><strong><span style=\"font-size: small;\">CASAS<\/span><\/strong><\/em><\/li>\n<li style=\"text-align: left;\"><em><strong><span style=\"font-size: small;\">ESTETICAS<\/span><\/strong><\/em><\/li>\n<li style=\"text-align: left;\"><em><strong><span style=\"font-size: small;\">SPA<\/span><\/strong><\/em><\/li>\n<li style=\"text-align: left;\"><em><strong><span style=\"font-size: small;\">RESIDENCIAS<\/span><\/strong><\/em><\/li>\n<li style=\"text-align: left;\"><em><strong><span style=\"font-size: small;\">DEPARTAMENTOS<\/span><\/strong><\/em><\/li>\n<li style=\"text-align: left;\"><em><strong><span style=\"font-size: small;\">CONDOMINIOS<\/span><\/strong><\/em><\/li>\n<li style=\"text-align: left;\"><em><strong><span style=\"font-size: small;\">CASA DE CAMPO<\/span><\/strong><\/em><\/li>\n<li style=\"text-align: left;\"><em><strong><span style=\"font-size: small;\">LOCALES<\/span><\/strong><\/em><\/li>\n<li style=\"text-align: left;\"><em><strong><span style=\"font-size: small;\">ETC.<\/span><\/strong><\/em><\/li>\n<\/ul>\n","protected":false},"featured_media":7444,"comment_status":"closed","ping_status":"closed","template":"","meta":[],"pwb-brand":[],"product_brand":[],"product_cat":[382,1106],"product_tag":[],"class_list":{"0":"post-17348","1":"product","2":"type-product","3":"status-publish","4":"has-post-thumbnail","6":"product_cat-agua-caliente-boilers-calentadores-de-agua","7":"product_cat-linea-marathon-voltaje-230-v-boilers-calentadores-de-agua","9":"first","10":"instock","11":"purchasable","12":"product-type-simple"},"brands":[],"_links":{"self":[{"href":"https:\/\/h2otek.com\/tienda\/wp-json\/wp\/v2\/product\/17348","targetHints":{"allow":["GET"]}}],"collection":[{"href":"https:\/\/h2otek.com\/tienda\/wp-json\/wp\/v2\/product"}],"about":[{"href":"https:\/\/h2otek.com\/tienda\/wp-json\/wp\/v2\/types\/product"}],"replies":[{"embeddable":true,"href":"https:\/\/h2otek.com\/tienda\/wp-json\/wp\/v2\/comments?post=17348"}],"wp:featuredmedia":[{"embeddable":true,"href":"https:\/\/h2otek.com\/tienda\/wp-json\/wp\/v2\/media\/7444"}],"wp:attachment":[{"href":"https:\/\/h2otek.com\/tienda\/wp-json\/wp\/v2\/media?parent=17348"}],"wp:term":[{"taxonomy":"pwb-brand","embeddable":true,"href":"https:\/\/h2otek.com\/tienda\/wp-json\/wp\/v2\/pwb-brand?post=17348"},{"taxonomy":"product_brand","embeddable":true,"href":"https:\/\/h2otek.com\/tienda\/wp-json\/wp\/v2\/product_brand?post=17348"},{"taxonomy":"product_cat","embeddable":true,"href":"https:\/\/h2otek.com\/tienda\/wp-json\/wp\/v2\/product_cat?post=17348"},{"taxonomy":"product_tag","embeddable":true,"href":"https:\/\/h2otek.com\/tienda\/wp-json\/wp\/v2\/product_tag?post=17348"}],"curies":[{"name":"wp","href":"https:\/\/api.w.org\/{rel}","templated":true}]}}