{"id":17346,"date":"2021-07-06T21:12:56","date_gmt":"2021-07-06T21:12:56","guid":{"rendered":"https:\/\/h2otek.com\/tienda\/producto\/conjunto-elevador-de-niebla-1-puerto-de-boquilla-marca-aeromist-modelo-52473-1\/"},"modified":"2024-03-25T19:13:22","modified_gmt":"2024-03-25T19:13:22","slug":"conjunto-elevador-de-niebla-1-puerto-de-boquilla-marca-aeromist-modelo-52473-1","status":"publish","type":"product","link":"https:\/\/h2otek.com\/tienda\/producto\/conjunto-elevador-de-niebla-1-puerto-de-boquilla-marca-aeromist-modelo-52473-1\/","title":{"rendered":"CONJUNTO ELEVADOR DE NIEBLA (1 PUERTO DE BOQUILLA) MARCA AEROMIST\u00ae MODELO 52473-1"},"content":{"rendered":"<p style=\"text-align: center;\"><img fetchpriority=\"high\" decoding=\"async\" src=\"https:\/\/h2otek.com\/tienda\/img\/cms\/controlhumedad\/aeromist\/fogging-systems\/header-aeromist-sistema-nebulizacion-partes-52473-1.jpg\" alt=\"\" width=\"650\" height=\"300\" \/><\/p>\n<p style=\"text-align: justify;\"><strong><br \/>\nDESCRIPCI\u00d3N GENERAL DEL PRODUCTO:<\/strong><\/p>\n<p style=\"text-align: justify;\">Elevador de niebla premontado de 1 boquilla Para sistemas de nebulizaci\u00f3n de alta presi\u00f3n Conexi\u00f3n de compresi\u00f3n de 3\/8 &#8220;con clasificaci\u00f3n de 1000 PSI para tubos de cobre o nylon de 10\/24 roscas (las boquillas se venden por separado).<\/p>\n<p>Elevador de niebla premontado de 1 boquilla Para sistemas de nebulizaci\u00f3n de alta presi\u00f3n Conexi\u00f3n de compresi\u00f3n de 3\/8 &#8220;con clasificaci\u00f3n de 1000 PSI para tubos de cobre o nylon de 10\/24 roscas (las boquillas se venden por separado).<\/p>\n<p>&nbsp;<\/p>\n<p><strong><span style=\"color: #0000ff;\">DESCARGAR MANUALES:<\/span><\/strong><\/p>\n<ul>\n<li><strong><span style=\"color: #0000ff;\"><a href=\"https:\/\/h2otek.com\/tienda\/pdf\/controlhumedad\/CATALOGO%20PRODUCTOS%20AEROMIST.pdf\" target=\"_blank\" rel=\"noopener\">CAT\u00c1LOGO PRODUCTOS AEROMIST\u00ae<br \/>\n<\/a><\/span><\/strong><\/li>\n<li><strong><span style=\"color: #0000ff;\"><a href=\"https:\/\/h2otek.com\/tienda\/pdf\/controlhumedad\/MANUAL%20DEL%20USUARIO%20PRODUCTOS%20AEROMIST.pdf\" target=\"_blank\" rel=\"noopener\">MANUAL DEL USUARIO PRODUCTOS AEROMIST\u00ae<\/a><\/span><\/strong><\/li>\n<\/ul>\n<p><span style=\"color: #000000;\"><strong>\u00a0<\/strong><\/span><\/p>\n","protected":false},"excerpt":{"rendered":"<p><strong><span style=\"color: #ff0000; font-size: 12pt;\">PRECIO\u00a0EN\u00a0D\u00d3LARES US.<\/span><br \/>\n<span style=\"color: #ff0000; font-size: 12pt;\">PRECIO INCLUYE 16 % DE I.V.A.<\/span><br \/>\n<\/strong><\/p>\n<p><strong><em>HUMIDIFICADORES IDEALES PARA:<\/em><\/strong><\/p>\n<ul>\n<li><em><strong>PATIOS<\/strong><\/em><\/li>\n<li><em><strong>JARDINES<\/strong><\/em><\/li>\n<li><em><strong>ESPACIOS SOCIALES<\/strong><\/em><\/li>\n<li><em><strong>ALMACENES<\/strong><\/em><\/li>\n<li><em><strong>PROCESOS<\/strong><\/em><\/li>\n<li><em><strong>LABORATORIOS<\/strong><\/em><\/li>\n<li><em><strong>CUARTOS DE PRUEBA<\/strong><\/em><\/li>\n<li><em><strong>COMERCIOS<\/strong><\/em><\/li>\n<li><em><strong>RESTAURANTES<\/strong><\/em><\/li>\n<li><em><strong>TERRAZAS<\/strong><\/em><\/li>\n<li><em><strong>INDUSTRIA EN GENERAL,\u00a0ETC.<\/strong><\/em><\/li>\n<\/ul>\n","protected":false},"featured_media":6630,"comment_status":"closed","ping_status":"closed","template":"","meta":[],"pwb-brand":[],"product_brand":[],"product_cat":[362,1003],"product_tag":[],"class_list":{"0":"post-17346","1":"product","2":"type-product","3":"status-publish","4":"has-post-thumbnail","6":"product_cat-control-de-humedad-humidificadores-deshumidificadores","7":"product_cat-kits-bomba-y-boquillas-domestico-industrial","9":"first","10":"onbackorder","11":"purchasable","12":"product-type-simple"},"brands":[],"_links":{"self":[{"href":"https:\/\/h2otek.com\/tienda\/wp-json\/wp\/v2\/product\/17346","targetHints":{"allow":["GET"]}}],"collection":[{"href":"https:\/\/h2otek.com\/tienda\/wp-json\/wp\/v2\/product"}],"about":[{"href":"https:\/\/h2otek.com\/tienda\/wp-json\/wp\/v2\/types\/product"}],"replies":[{"embeddable":true,"href":"https:\/\/h2otek.com\/tienda\/wp-json\/wp\/v2\/comments?post=17346"}],"wp:featuredmedia":[{"embeddable":true,"href":"https:\/\/h2otek.com\/tienda\/wp-json\/wp\/v2\/media\/6630"}],"wp:attachment":[{"href":"https:\/\/h2otek.com\/tienda\/wp-json\/wp\/v2\/media?parent=17346"}],"wp:term":[{"taxonomy":"pwb-brand","embeddable":true,"href":"https:\/\/h2otek.com\/tienda\/wp-json\/wp\/v2\/pwb-brand?post=17346"},{"taxonomy":"product_brand","embeddable":true,"href":"https:\/\/h2otek.com\/tienda\/wp-json\/wp\/v2\/product_brand?post=17346"},{"taxonomy":"product_cat","embeddable":true,"href":"https:\/\/h2otek.com\/tienda\/wp-json\/wp\/v2\/product_cat?post=17346"},{"taxonomy":"product_tag","embeddable":true,"href":"https:\/\/h2otek.com\/tienda\/wp-json\/wp\/v2\/product_tag?post=17346"}],"curies":[{"name":"wp","href":"https:\/\/api.w.org\/{rel}","templated":true}]}}