{"id":17330,"date":"2021-07-06T21:12:51","date_gmt":"2021-07-06T21:12:51","guid":{"rendered":"https:\/\/h2otek.com\/tienda\/producto\/equipo-control-de-humedad-dual-deshumidificacion-y-humidificacion-portatil-140-160-lts-dia-h2otek-mod-chdual-d160l-h15l\/"},"modified":"2026-01-14T00:06:02","modified_gmt":"2026-01-14T00:06:02","slug":"equipo-control-de-humedad-dual-deshumidificacion-y-humidificacion-portatil-140-160-lts-dia-h2otek-mod-chdual-d160l-h15l","status":"publish","type":"product","link":"https:\/\/h2otek.com\/tienda\/producto\/equipo-control-de-humedad-dual-deshumidificacion-y-humidificacion-portatil-140-160-lts-dia-h2otek-mod-chdual-d160l-h15l\/","title":{"rendered":"EQUIPO CONTROL DE HUMEDAD &#8211; DUAL DESHUMIDIFICACI\u00d3N Y HUMIDIFICACI\u00d3N PORT\u00c1TIL 140-160 LTS\/DIA H2OTEK MOD. CHDUAL-D160L-H15L"},"content":{"rendered":"<p align=\"center\"><img fetchpriority=\"high\" decoding=\"async\" src=\"https:\/\/h2otek.com\/tienda\/img\/cms\/controlhumedad\/h2otek\/deshumidificadores\/2017\/header-unidad-dual-h2otek-d160L-h15L.jpg\" alt=\"header-unidad-dual-h2otek\" width=\"650\" height=\"300\" \/><\/p>\n<p>Ventajas y beneficios:<\/p>\n<ul>\n<li>Unidad con dise\u00f1o est\u00e9tico<\/li>\n<li>Con pantalla t\u00e1ctil tipo Tablet<\/li>\n<li>Port\u00e1til<\/li>\n<li>Unidad tipo torre<\/li>\n<li>Compresor de alta eficiencia<\/li>\n<li>Con l\u00e1mpara ultravioleta para filtraci\u00f3n de aire<\/li>\n<li>Refrigerante ecol\u00f3gico<\/li>\n<li>Con sensores de humedad y temperatura<\/li>\n<\/ul>\n<p>El equipo dual ofrece un modo de operaci\u00f3n preciso para mantener la humedad en un porcentaje fijo con un margen m\u00e1ximo de error de \u00b14%. Su control cubre tanto humidificaci\u00f3n como deshumidificacion.<\/p>\n<p>El equipo cuenta con un deshumidificador del tipo condensaci\u00f3n y un humidificador del tipo evaporativo.<\/p>\n<p><strong>DESHUMIDIFICACI\u00d3N<\/strong><br \/>\nEl deshumidificador por condensaci\u00f3n permite remover la humedad hasta un m\u00ednimo del 40% de humedad relativa. La base de operaci\u00f3n del deshumidificador es por medio de un proceso de refrigeracion, el aire pasa por el evaporador donde este se enfr\u00eda hasta llegar a la temperatura donde se condensa el agua, posteriormente el aire pasa por el condensador donde el aire es calentado para darle un porcentaje de humedad m\u00e1s bajo.<\/p>\n<p>En el proceso de deshumidificacion, cuando el aire pasa por el condensador, eleva su temperatura de 2 a 5\u00baC aproximadamente m\u00e1s de la temperatura ambiente, esta elevaci\u00f3n se debe considerar como una carga t\u00e9rmica importante en el tema de refrigeracion.<\/p>\n<p><strong>HUMIDIFICACI\u00d3N<\/strong><br \/>\nEl humidificador del tipo evaporativo, su proceso de humidificaci\u00f3n depende del porcentaje de humedad en el que se va arrancar y de la temperatura de bulbo seco, as\u00ed como la \u00a0temperatura del agua. La elevaci\u00f3n de humedad no excede m\u00e1s de un 20% a partir de la humedad de arranque, es decir, en zonas h\u00famedas va resultar complicado elevar la humedad, tomando como referencia el 60%, mientras que en lugares secos se presenta con m\u00e1s facilidad la elevaci\u00f3n de humedad.<\/p>\n<p>El tipo evaporativo suministra humedad por medio de una corriente de aire que se hace pasar por una cortina de agua o membrana h\u00fameda, en donde el aire absorbe humedad y baja su temperatura de bulbo seco. Puede eliminar la est\u00e1tica y el aire da\u00f1ino.<\/p>\n<p>A diferencia del proceso de deshumidificacion, la temperatura del aire en el sistema evaporativo va descender entre 5 y 10\u00baC.<\/p>\n<p><strong>L\u00c1MPARA ULTRAVIOLETA<\/strong><br \/>\nSiempre se corre el riesgo de contaminaci\u00f3n por microrganismos que utilizan el aire como medio de transporte, y que ocasionan enfermedades respiratorias en las personas y\/o putrefacci\u00f3n r\u00e1pida de los productos en las industrias.<\/p>\n<p>Como medio purificador de aire el equipo cuenta con una l\u00e1mpara ultravioleta, la luz ultravioleta act\u00faa como una forma de esterilizaci\u00f3n, puede eliminar toda clase de bacterias y virus sin residuos a diferencia de los productos qu\u00edmicos.<\/p>\n<p>Los microorganismos son aspirados por el equipo, donde en funci\u00f3n de la dosis empleada se elimina hasta un 99.9% mediante la aplicaci\u00f3n de rayos ultravioleta de onda corta (UV-C)<\/p>\n<p>Ventajas de tener filtro ultravioleta para aire:<\/p>\n<ul>\n<li>40% menos problemas respiratorios<\/li>\n<li>30% menos problemas de la membrana mucosa<\/li>\n<li>Menos presencia de enfermedad<\/li>\n<li>Un personal m\u00e1s saludable<\/li>\n<\/ul>\n<p><strong>CARACTER\u00cdSTICAS GENERALES:<\/strong><\/p>\n<ul>\n<li>Pintas: 246-281 (140-160 L\/D)<\/li>\n<li>Voltaje: 230V\/60Hz<\/li>\n<li>Fases: 1<\/li>\n<li>Watts: 1100\/3200<\/li>\n<li>Capacidad compresor BTU\/HR: 35000<\/li>\n<li>Temperatura de operaci\u00f3n: 15\u00b0C-35\u00b0C<\/li>\n<\/ul>\n<p><strong>CONTROL EL\u00c9CTRICO<\/strong><br \/>\nDespu\u00e9s de la instalaci\u00f3n, depurar la operaci\u00f3n del equipo. La unidad de cada fase del motor se ha ajustado cuando se entrega de f\u00e1brica. Revise el ventilador en tiempo de ejecuci\u00f3n. Si la inversi\u00f3n del ventilador, ajustar la fuente de alimentaci\u00f3n en la secuencia de fase de l\u00ednea.<\/p>\n<p>En los paneles del armario de control hay un panel de control PLC, luces de marcha, luces de stop y alarma (timbre), como en la siguiente figura:<\/p>\n<p style=\"text-align: center;\"><img decoding=\"async\" src=\"https:\/\/h2otek.com\/tienda\/img\/cms\/controlhumedad\/h2otek\/deshumidificadores\/2017\/display-equipos-duales-01.jpg\" alt=\"\" width=\"500\" height=\"300\" \/><\/p>\n<p>Panel de la operaci\u00f3n con la pantalla t\u00e1ctil del color verdadero de 600000 colores TFT. Que apoya BMP, imagen JPEG, podr\u00eda mostrar im\u00e1genes en 3D en la biblioteca de materiales, hacerlo v\u00edvido y flexible. Con el dise\u00f1o personalizado de la trayectoria de la animaci\u00f3n que fija modo de interruptor simple, funci\u00f3n exacta de la preservaci\u00f3n de la adquisici\u00f3n de datos para la costumbre de la funci\u00f3n de la calibraci\u00f3n del \u00e1rea del tacto.<\/p>\n<p><strong>MANTENIMIENTO:<\/strong><\/p>\n<p>a) Antes del mantenimiento, aseg\u00farese de que la m\u00e1quina est\u00e9 apagada.<br \/>\nb) El compresor estar\u00e1 caliente cuando la m\u00e1quina est\u00e9 cerrada, cuidado con quemarse.<br \/>\nc) Apriete el tornillo cuando el mantenimiento haya terminado.<br \/>\nd) Todas las instrucciones anteriores deben ser operadas por un T\u00e9cnico Profesional.<\/p>\n<p><strong>Procedimientos de mantenimiento regulares:<\/strong><\/p>\n<p>a) Compruebe el sistema de refrigeraci\u00f3n y la protecci\u00f3n una vez al mes.<br \/>\nb) Compruebe el z\u00f3calo y el interruptor y el contacto una vez cada mes.<br \/>\nc) Revise la m\u00e1quina de soplado una vez cada cuatro meses.<br \/>\nd) Compruebe el ruido de funcionamiento una vez cada cuatro meses.<br \/>\ne) Compruebe el filtro una vez al mes.<\/p>\n<p style=\"text-align: center;\"><strong>TABLA DE ESPECIFICACIONES<\/strong><\/p>\n<p align=\"center\"><img decoding=\"async\" class=\"alignnone size-full wp-image-28931\" src=\"https:\/\/h2otek.com\/tienda\/wp-content\/uploads\/2021\/07\/especificaciones-unidad-dual-h2otek-d160L-h15L.gif\" alt=\"\" width=\"681\" height=\"642\" \/><\/p>\n<p align=\"center\"><strong><em>GARANT\u00cdA: 12 MESES DE GARANT\u00cdA SOBRE CUALQUIER DEFECTO DE FABRICACI\u00d3N<\/em><\/strong><\/p>\n<p>&nbsp;<\/p>\n<p>&nbsp;<\/p>\n<p style=\"text-align: center;\"><strong>DIMENSIONES<\/strong><\/p>\n<p style=\"text-align: center;\"><img loading=\"lazy\" decoding=\"async\" src=\"https:\/\/h2otek.com\/tienda\/img\/cms\/controlhumedad\/h2otek\/deshumidificadores\/2017\/dimensiones-unidad-dual-d160L-h15L.jpg\" alt=\"dimensiones-unidad-dual\" width=\"290\" height=\"471\" \/><\/p>\n<p>&nbsp;<\/p>\n<p>&nbsp;<\/p>\n<p style=\"text-align: center;\"><span style=\"font-weight: bold;\">FOTOS<\/span><\/p>\n<p align=\"center\"><img loading=\"lazy\" decoding=\"async\" src=\"https:\/\/h2otek.com\/tienda\/img\/cms\/controlhumedad\/h2otek\/deshumidificadores\/2017\/fotos-chdual.jpg\" alt=\"\" width=\"600\" height=\"1084\" \/><\/p>\n<p>&nbsp;<\/p>\n<p>&nbsp;<\/p>\n<p align=\"center\">\u00a0<span style=\"font-weight: bold;\">VIDEOS:<\/span><\/p>\n<p align=\"center\"><iframe src=\"https:\/\/www.youtube.com\/embed\/b30kTOPU424\" width=\"560\" height=\"315\" frameborder=\"0\"><\/iframe><\/p>\n<p><iframe src=\"https:\/\/www.youtube.com\/embed\/cNiHyNkrKhk\" width=\"560\" height=\"315\" frameborder=\"0\"><\/iframe><\/p>\n<p><iframe src=\"https:\/\/www.youtube.com\/embed\/qxz1-MGZIqE\" width=\"560\" height=\"315\" frameborder=\"0\"><\/iframe><\/p>\n<p>&nbsp;<\/p>\n<p>&nbsp;<\/p>\n<p style=\"text-align: center;\"><img loading=\"lazy\" decoding=\"async\" class=\"alignnone wp-image-30152\" src=\"https:\/\/h2otek.com\/tienda\/wp-content\/uploads\/2021\/07\/garantia-h2otek-2years-1.jpg\" alt=\"\" width=\"400\" height=\"400\" srcset=\"https:\/\/h2otek.com\/tienda\/wp-content\/uploads\/2021\/07\/garantia-h2otek-2years-1.jpg 500w, https:\/\/h2otek.com\/tienda\/wp-content\/uploads\/2021\/07\/garantia-h2otek-2years-1-300x300.jpg 300w, https:\/\/h2otek.com\/tienda\/wp-content\/uploads\/2021\/07\/garantia-h2otek-2years-1-150x150.jpg 150w, https:\/\/h2otek.com\/tienda\/wp-content\/uploads\/2021\/07\/garantia-h2otek-2years-1-100x100.jpg 100w\" sizes=\"(max-width: 400px) 100vw, 400px\" \/><\/p>\n<p>&nbsp;<\/p>\n<p align=\"center\"><span style=\"font-weight: bold;\">\u00a0<\/span><\/p>\n<p>&nbsp;<\/p>\n<p><span style=\"color: #4f4f4f;\"><strong>DESCARGAR MANUALES:<\/strong><\/span><\/p>\n<ul>\n<li><span style=\"color: #4f4f4f;\"><strong><span style=\"color: #4f4f4f;\"><a href=\"https:\/\/h2otek.com\/tienda\/wp-content\/uploads\/2021\/07\/MANUAL-TECNICO-UNIDAD-DUAL-TODO-EN-UNO-PORTATIL-H2OTEK-1.pdf\" target=\"_blank\" rel=\"noopener\">MANUAL T\u00c9CNICO<\/a><\/span><\/strong><\/span><\/li>\n<\/ul>\n<div>\n<p>&nbsp;<\/p>\n<\/div>\n","protected":false},"excerpt":{"rendered":"<p><span style=\"color: #ff0000;\"><strong>PRECIO EN D\u00d3LARES US.<\/strong><\/span><br \/>\n<span style=\"color: #ff0000;\"><strong>PRECIO INCLUYE 16 % DE I.V.A.<\/strong><\/span><br \/>\n<span style=\"color: #ff0000;\"><strong>PRECIO INCLUYE ENVIO (ZONA CENTRO).<\/strong><\/span><\/p>\n<p style=\"text-align: left;\"><span style=\"font-style: italic; font-weight: bold; font-size: small;\">EQUIPO PORT\u00c1TIL UNIDAD TIPO TORRE, <span style=\"font-style: italic; font-weight: bold; font-size: small;\">CON FILTRO DE AIRE DE L\u00c1MPARA ULTRAVIOLETA<\/span>.<\/span><\/p>\n<p><span style=\"font-style: italic; font-weight: bold; font-size: small;\">PARA:<\/span><\/p>\n<ul>\n<li><span style=\"font-style: italic; font-weight: bold; font-size: small;\">LABORATORIOS<\/span><\/li>\n<li><span style=\"font-style: italic; font-weight: bold; font-size: small;\">PROCESOS INDUSTRIALES<\/span><\/li>\n<li><span style=\"font-style: italic; font-weight: bold; font-size: small;\">GRANJAS DE HONGOS<\/span><\/li>\n<li><span style=\"font-style: italic; font-weight: bold; font-size: small;\">CUARTOS DE PRUEBA<\/span><\/li>\n<li><span style=\"font-style: italic; font-weight: bold; font-size: small;\">CUARTOS LIMPIOS<\/span><\/li>\n<li><span style=\"font-style: italic; font-weight: bold; font-size: small;\">\u00c1REAS DE IMPRESI\u00d3N<\/span><\/li>\n<li><span style=\"font-style: italic; font-weight: bold; font-size: small;\">INDUSTRIA TEXTIL<\/span><\/li>\n<li><span style=\"font-style: italic; font-weight: bold; font-size: small;\">INDUSTRIA ELECTR\u00d3NICA<\/span><\/li>\n<li><span style=\"font-style: italic; font-weight: bold; font-size: small;\">ETC.<\/span><\/li>\n<\/ul>\n<p>&nbsp;<\/p>\n","protected":false},"featured_media":3136,"comment_status":"closed","ping_status":"closed","template":"","meta":[],"pwb-brand":[],"product_brand":[],"product_cat":[378,721],"product_tag":[],"class_list":{"0":"post-17330","1":"product","2":"type-product","3":"status-publish","4":"has-post-thumbnail","6":"product_cat-deshumidificadores-condensacion-desecantes","7":"product_cat-control-de-humedad-unidades-equipos-humidificador-y-deshumidificador-todo-en-uno","9":"first","10":"onbackorder","11":"purchasable","12":"product-type-simple"},"brands":[],"_links":{"self":[{"href":"https:\/\/h2otek.com\/tienda\/wp-json\/wp\/v2\/product\/17330","targetHints":{"allow":["GET"]}}],"collection":[{"href":"https:\/\/h2otek.com\/tienda\/wp-json\/wp\/v2\/product"}],"about":[{"href":"https:\/\/h2otek.com\/tienda\/wp-json\/wp\/v2\/types\/product"}],"replies":[{"embeddable":true,"href":"https:\/\/h2otek.com\/tienda\/wp-json\/wp\/v2\/comments?post=17330"}],"wp:featuredmedia":[{"embeddable":true,"href":"https:\/\/h2otek.com\/tienda\/wp-json\/wp\/v2\/media\/3136"}],"wp:attachment":[{"href":"https:\/\/h2otek.com\/tienda\/wp-json\/wp\/v2\/media?parent=17330"}],"wp:term":[{"taxonomy":"pwb-brand","embeddable":true,"href":"https:\/\/h2otek.com\/tienda\/wp-json\/wp\/v2\/pwb-brand?post=17330"},{"taxonomy":"product_brand","embeddable":true,"href":"https:\/\/h2otek.com\/tienda\/wp-json\/wp\/v2\/product_brand?post=17330"},{"taxonomy":"product_cat","embeddable":true,"href":"https:\/\/h2otek.com\/tienda\/wp-json\/wp\/v2\/product_cat?post=17330"},{"taxonomy":"product_tag","embeddable":true,"href":"https:\/\/h2otek.com\/tienda\/wp-json\/wp\/v2\/product_tag?post=17330"}],"curies":[{"name":"wp","href":"https:\/\/api.w.org\/{rel}","templated":true}]}}