{"id":17309,"date":"2021-07-06T21:12:46","date_gmt":"2021-07-06T21:12:46","guid":{"rendered":"https:\/\/h2otek.com\/tienda\/producto\/sistema-de-nebulizacion-300-psi-70-pies-de-nylon-marca-aeromist-modelo-10470\/"},"modified":"2024-03-25T19:12:20","modified_gmt":"2024-03-25T19:12:20","slug":"sistema-de-nebulizacion-300-psi-70-pies-de-nylon-marca-aeromist-modelo-10470","status":"publish","type":"product","link":"https:\/\/h2otek.com\/tienda\/producto\/sistema-de-nebulizacion-300-psi-70-pies-de-nylon-marca-aeromist-modelo-10470\/","title":{"rendered":"SISTEMA DE NEBULIZACI\u00d3N 300 PSI 70 PIES DE NYLON MARCA AEROMIST\u00ae MODELO 10470"},"content":{"rendered":"<p style=\"text-align: center;\"><img fetchpriority=\"high\" decoding=\"async\" src=\"https:\/\/www.h2otek.com\/tienda\/Images\/nebulizacion\/aeromist\/header-aeromist-300psi-nylon-70pies.jpg\" alt=\"\" width=\"550\" height=\"250\" border=\"0\" \/><\/p>\n<p>&nbsp;<\/p>\n<p style=\"text-align: justify;\"><strong>DESCRIPCI\u00d3N GENERAL DEL PRODUCTO:<\/strong><\/p>\n<p style=\"text-align: justify;\">Estos kits f\u00e1ciles de instalar, contienen todas las piezas y los accesorios necesarios para completar su nuevo sistema de nebulizaci\u00f3n.<\/p>\n<p style=\"text-align: justify;\">Despu\u00e9s de haber instalado la tuber\u00eda de rociado, SIEMPRE enjuagar el sistema antes de la colocaci\u00f3n de las boquillas para eliminar cualquier residuo en el interior de la tuber\u00eda.<\/p>\n<p style=\"text-align: justify;\">Estos sistemas se pueden expandir y el tubo es de 300 PSI nominal. Las Bombas mejoran la eficacia del sistema en su conjunto para enfriar o nebulizar \u00e1reas determinadas cerradas o al aire libre mediante la creaci\u00f3n de una niebla fina.<\/p>\n<p style=\"text-align: justify;\"><span style=\"font-weight: bold;\">EL KIT DE 70 PIES SE COMPONE DE:<\/span><\/p>\n<ul>\n<li>Este kit incluye Bomba cerrada de nebulizaci\u00f3n 300 PSI de 70 pies<\/li>\n<li>Tuber\u00eda de rociado de nylon de 3\/8&#8243; de di\u00e1metro exterior<\/li>\n<li>Tuber\u00eda de alimentaci\u00f3n de nylon<\/li>\n<li>Dispositivos de cierre de empuje<\/li>\n<li>Boquillas<\/li>\n<li>Kits de fijaci\u00f3n<\/li>\n<\/ul>\n<p>&nbsp;<\/p>\n<p><span style=\"font-weight: bold; text-align: justify;\">KIT INCLUYE:<\/span><\/p>\n<p style=\"text-align: center;\"><img decoding=\"async\" src=\"https:\/\/www.h2otek.com\/tienda\/Images\/nebulizacion\/aeromist\/kitincluye-aeromist-300psi-nylon-70pies.gif\" alt=\"\" border=\"0\" \/><\/p>\n<p><em>12 MESES DE GARANT\u00cdA BAJO CUALQUIER DEFECTO DE FABRICACI\u00d3N (EN LA BOMBA).<\/em><\/p>\n<p>&nbsp;<\/p>\n<p><strong><span style=\"color: #0000ff;\">DESCARGAR MANUALES:<\/span><\/strong><\/p>\n<ul>\n<li><strong><a href=\"http:\/\/www.h2otek.com\/tienda\/pdf\/controlhumedad\/MANUAL%20DE%20INSTRUCCIONES%20SISTEMA%20NEBULIZACION%20300%20PSI%2070%20PIES%20DE%20NYLON%20AEROMIST.pdf\" target=\"_blank\" rel=\"noopener\">MANUAL DE INSTRUCCIONES<\/a><\/strong><\/li>\n<li><strong><span style=\"color: #0000ff;\"><a href=\"http:\/\/www.h2otek.com\/tienda\/pdf\/controlhumedad\/CATALOGO%20PRODUCTOS%20AEROMIST.pdf\" target=\"_blank\" rel=\"noopener\">CAT\u00c1LOGO PRODUCTOS AEROMIST\u00ae<\/a><\/span><\/strong><\/li>\n<li><strong><span style=\"color: #0000ff;\"><a href=\"http:\/\/www.h2otek.com\/tienda\/pdf\/controlhumedad\/MANUAL%20DEL%20USUARIO%20PRODUCTOS%20AEROMIST.pdf\" target=\"_blank\" rel=\"noopener\">MANUAL DEL USUARIO PRODUCTOS AEROMIST\u00ae<\/a><\/span><\/strong><\/li>\n<\/ul>\n<p>&nbsp;<\/p>\n<p><span style=\"color: #000000;\"><strong><br \/>\nPRECIO INCLUYE GASTOS DE ENVIO (GRATIS) E IMPUESTO 16% DE IVA<\/strong><\/span><\/p>\n","protected":false},"excerpt":{"rendered":"<p><span style=\"color: #ff0000;\"><strong>PRECIO\u00a0EN\u00a0D\u00d3LARES US.<br \/>\nPRECIO INCLUYE 16 % DE I.V.A.<br \/>\nPRECIO INCLUYE ENVIO (ZONA CENTRO).<\/strong><\/span><\/p>\n<p style=\"text-align: left;\"><strong><em><span style=\"font-size: small;\">HUMIDIFICADORES IDEALES PARA:<\/span><\/em><\/strong><\/p>\n<ul>\n<li><span style=\"font-size: small; font-style: italic; font-weight: bold;\">PATIOS<\/span><\/li>\n<li><span style=\"font-size: small; font-style: italic; font-weight: bold;\">JARDINES<\/span><\/li>\n<li><span style=\"font-size: small; font-style: italic; font-weight: bold;\">ESPACIOS SOCIALES<\/span><\/li>\n<li><span style=\"font-size: small; font-style: italic; font-weight: bold;\">ALMACENES<\/span><\/li>\n<li><span style=\"font-size: small; font-style: italic; font-weight: bold;\">PROCESOS<\/span><\/li>\n<li><span style=\"font-size: small; font-style: italic; font-weight: bold;\">LABORATORIOS<\/span><\/li>\n<li><span style=\"font-size: small; font-style: italic; font-weight: bold;\">CUARTOS DE PRUEBA<\/span><\/li>\n<li><span style=\"font-size: small; font-style: italic; font-weight: bold;\">COMERCIOS<\/span><\/li>\n<li><span style=\"font-size: small; font-style: italic; font-weight: bold;\">RESTAURANTES<\/span><\/li>\n<li><span style=\"font-size: small; font-style: italic; font-weight: bold;\">TERRAZAS<\/span><\/li>\n<li><span style=\"font-size: small; font-style: italic; font-weight: bold;\">INDUSTRIA EN GENERAL<\/span><em><strong><span style=\"font-size: small;\">,\u00a0<\/span><\/strong><\/em><span style=\"font-size: small; font-weight: bold; font-style: italic;\">ETC.<\/span><\/li>\n<\/ul>\n","protected":false},"featured_media":2662,"comment_status":"closed","ping_status":"closed","template":"","meta":[],"pwb-brand":[],"product_brand":[],"product_cat":[362,933,1002],"product_tag":[],"class_list":{"0":"post-17309","1":"product","2":"type-product","3":"status-publish","4":"has-post-thumbnail","6":"product_cat-control-de-humedad-humidificadores-deshumidificadores","7":"product_cat-kits-de-nebulizacion-300-psi-de-nylon","8":"product_cat-kits-de-nebulizacion-300-psi-de-nylon-kits-de-nebulizacion-300-psi-kits-bomba-manguera-y-boquillas","10":"first","11":"instock","12":"purchasable","13":"product-type-simple"},"brands":[],"_links":{"self":[{"href":"https:\/\/h2otek.com\/tienda\/wp-json\/wp\/v2\/product\/17309","targetHints":{"allow":["GET"]}}],"collection":[{"href":"https:\/\/h2otek.com\/tienda\/wp-json\/wp\/v2\/product"}],"about":[{"href":"https:\/\/h2otek.com\/tienda\/wp-json\/wp\/v2\/types\/product"}],"replies":[{"embeddable":true,"href":"https:\/\/h2otek.com\/tienda\/wp-json\/wp\/v2\/comments?post=17309"}],"wp:featuredmedia":[{"embeddable":true,"href":"https:\/\/h2otek.com\/tienda\/wp-json\/wp\/v2\/media\/2662"}],"wp:attachment":[{"href":"https:\/\/h2otek.com\/tienda\/wp-json\/wp\/v2\/media?parent=17309"}],"wp:term":[{"taxonomy":"pwb-brand","embeddable":true,"href":"https:\/\/h2otek.com\/tienda\/wp-json\/wp\/v2\/pwb-brand?post=17309"},{"taxonomy":"product_brand","embeddable":true,"href":"https:\/\/h2otek.com\/tienda\/wp-json\/wp\/v2\/product_brand?post=17309"},{"taxonomy":"product_cat","embeddable":true,"href":"https:\/\/h2otek.com\/tienda\/wp-json\/wp\/v2\/product_cat?post=17309"},{"taxonomy":"product_tag","embeddable":true,"href":"https:\/\/h2otek.com\/tienda\/wp-json\/wp\/v2\/product_tag?post=17309"}],"curies":[{"name":"wp","href":"https:\/\/api.w.org\/{rel}","templated":true}]}}