{"id":17308,"date":"2021-07-06T21:12:46","date_gmt":"2021-07-06T21:12:46","guid":{"rendered":"https:\/\/h2otek.com\/tienda\/producto\/humidificador-ultrasonico-portatil-linea-hultra-cap-1-lt-hr-120v-marca-h2otek-mod-hultra121-0l-h\/"},"modified":"2025-11-13T16:13:10","modified_gmt":"2025-11-13T16:13:10","slug":"humidificador-ultrasonico-portatil-linea-hultra-cap-1-lt-hr-120v-marca-h2otek-mod-hultra121-0l-h","status":"publish","type":"product","link":"https:\/\/h2otek.com\/tienda\/producto\/humidificador-ultrasonico-portatil-linea-hultra-cap-1-lt-hr-120v-marca-h2otek-mod-hultra121-0l-h\/","title":{"rendered":"HUMIDIFICADOR ULTRAS\u00d3NICO (PORT\u00c1TIL) LINEA HULTRA CAP. 1 LT\/HR 120V MARCA H2OTEK MOD. HULTRA121.0L\/H"},"content":{"rendered":"<p style=\"text-align: center;\"><img fetchpriority=\"high\" decoding=\"async\" src=\"https:\/\/h2otek.com\/tienda\/img\/cms\/controlhumedad\/h2otek\/humidificadores\/header-hultra121-0.jpg\" alt=\"header-hultra121.jpg\" width=\"650\" height=\"250\" \/><\/p>\n<p style=\"text-align: justify;\">La generaci\u00f3n de humedad o nebulizaci\u00f3n por medio de un Humidificador Ultras\u00f3nico H2OTEK cuenta con m\u00faltiples ventajas, mencionamos las m\u00e1s importantes:<\/p>\n<ul>\n<li style=\"text-align: justify;\">Salida de niebla 1 Lt\/Hr<\/li>\n<li style=\"text-align: justify;\">Generaci\u00f3n del tama\u00f1o de gota m\u00e1s peque\u00f1o, de 1 a 3 micras. Esto hace que la absorci\u00f3n de la humedad del aire ambiente sea casi inmediata, con esto, logrando una mejor eficiencia y por ning\u00fan motivo gota o agua en materiales, tomando en cuenta el porcentaje de humedad deseado<\/li>\n<li style=\"text-align: justify;\">Consumo de energ\u00eda el\u00e9ctrica menor (hasta un 50% menos que los generadores de vapor)<\/li>\n<li style=\"text-align: justify;\">Neblina limpia<\/li>\n<li style=\"text-align: justify;\">Mejor precisi\u00f3n de humedad relativa, los equipos ultras\u00f3nicos H2OTEK, encienden y entregan neblina de inmediato, no como otros sistemas que al pedir humedad, se pueden tardar hasta algunos minutos, para entregar vapor<\/li>\n<li style=\"text-align: justify;\">Suministrando al humidificador agua purificada (osmosis inversa), el mantenimiento es m\u00ednimo y entrega eficientemente una neblina pura, libre se suciedad<\/li>\n<\/ul>\n<p style=\"text-align: justify;\"><span style=\"font-weight: bold;\">CARACTER\u00cdSTICAS:<\/span><\/p>\n<ul>\n<li>\u00c1rea de cobertura recomendada (\u00e1rea cerrada) &#8211; 15 a 45 m2 <strong>Nota: Esta \u00e1rea de cobertura puede cambiar dependiendo las condiciones de cada instalaci\u00f3n\u00a0<\/strong><\/li>\n<li>Neblina extremadamente fina y pura<\/li>\n<li>Humidistato integrado<\/li>\n<li>F\u00e1cil instalaci\u00f3n<\/li>\n<li>Generador de iones negativos (beneficioso para los seres vivos)<\/li>\n<\/ul>\n<p><strong><span style=\"font-size: x-small; color: #ff0000;\">NOTA IMPORTANTE: NO ES RECOMENDABLE UTILIZAR EL EQUIPO O EQUIPOS DENTRO DEL AREA ACONDICIONADA, CUANDO EL PORCENTAJE DE HUMEDAD A TRABAJAR, ES MAYOR A 70%. EN ESTOS CASOS, SE REQUIERE PONER EL EQUIPO AFUERA DEL AREA ACONDICIONADA E INYECTAR LA NEBULIZACION, POR MEDIO DE DUCTOS.<\/span><\/strong><\/p>\n<p style=\"text-align: center;\"><strong>TABLA DE ESPECIFICACIONES<\/strong><\/p>\n<p style=\"text-align: center;\"><img decoding=\"async\" src=\"https:\/\/h2otek.com\/tienda\/img\/cms\/controlhumedad\/h2otek\/humidificadores\/especificaciones-hultra121-0.gif\" alt=\"\" width=\"544\" height=\"314\" \/><\/p>\n<p style=\"text-align: justify;\"><span style=\"color: #ff0000;\"><strong><span style=\"color: #ff0000;\"><strong>NOTA: LOS EQUIPOS ULTRASONICOS DEBEN TRABAJAR ESTRICTAMENTE CON AGUA POTABLE LIBRE DE SOLIDOS Y REDUCIDA EN MINERALES O SALES (FILTRADA Y SUAVIZADA).<\/strong><\/span><\/strong><\/span><\/p>\n<p style=\"text-align: center;\"><strong>DIMENSIONES:<\/strong><\/p>\n<p style=\"text-align: center;\"><img decoding=\"async\" src=\"https:\/\/h2otek.com\/tienda\/img\/cms\/controlhumedad\/h2otek\/humidificadores\/dimensiones-hultra121.jpg\" alt=\"\" width=\"358\" height=\"500\" \/><\/p>\n<p style=\"text-align: center;\"><strong>PRINCIPIOS DE OPERACI\u00d3N<\/strong><\/p>\n<p style=\"text-align: center;\"><img loading=\"lazy\" decoding=\"async\" src=\"https:\/\/h2otek.com\/tienda\/img\/cms\/controlhumedad\/h2otek\/humidificadores\/principios-de-operacion-HULTRA121.jpg\" alt=\"principios-de-operacion-HULTRA121.jpg\" width=\"500\" height=\"410\" \/><\/p>\n<p style=\"text-align: center;\"><strong>VIDEOS:<\/strong><\/p>\n<p><iframe src=\"https:\/\/www.youtube.com\/embed\/FXzp1IVPHUk?rel=0&amp;controls=0&amp;showinfo=0\" width=\"640\" height=\"360\" frameborder=\"0\"><\/iframe> <iframe src=\"https:\/\/www.youtube.com\/embed\/5505Ot3lC-0?rel=0&amp;controls=0&amp;showinfo=0\" width=\"640\" height=\"360\" frameborder=\"0\"><\/iframe><\/p>\n<p style=\"text-align: center;\"><img loading=\"lazy\" decoding=\"async\" src=\"https:\/\/h2otek.com\/tienda\/img\/cms\/garantia-insignias\/garantia-h2otek-1year.jpg\" alt=\"\" width=\"350\" height=\"350\" \/><\/p>\n<p style=\"text-align: justify;\"><strong><span style=\"color: #0000ff;\">DESCARGAR MANUAL:<\/span><\/strong><\/p>\n<ul>\n<li><strong><span style=\"color: #0000ff;\"><a href=\"https:\/\/h2otek.com\/tienda\/img\/cms\/controlhumedad\/h2otek\/humidificadores\/HUMIDIFICADOR%20ULTRASONICO%20HULTRA121-0L-D.pdf\" target=\"_blank\" rel=\"noopener\">MANUAL DE INSTALACI\u00d3N Y OPERACI\u00d3N<\/a><\/span><\/strong><\/li>\n<\/ul>\n","protected":false},"excerpt":{"rendered":"<p><span style=\"color: #ff0000; font-size: 12pt;\"><strong>PRECIO\u00a0EN\u00a0D\u00d3LARES US.<br \/>\nPRECIO INCLUYE 16 % DE I.V.A.<br \/>\nPRECIO INCLUYE ENVIO (ZONA CENTRO).<\/strong><\/span><\/p>\n<h1><span style=\"font-size: small; font-style: italic; font-weight: bold;\">HUMIDIFICADORES IDEALES PARA:<\/span><\/h1>\n<ul>\n<li><em><strong><span style=\"font-size: small;\">LABORATORIOS<\/span><\/strong><\/em><\/li>\n<li><span style=\"font-size: small; font-weight: bold; font-style: italic;\">PROCESOS<\/span><\/li>\n<li><span style=\"font-size: small; font-weight: bold; font-style: italic;\">CUARTOS DE PRUEBA<\/span><\/li>\n<li><span style=\"font-size: small; font-weight: bold; font-style: italic;\">INDUSTRIA ELECTR\u00d3NICA<\/span><\/li>\n<li><span style=\"font-size: small; font-style: italic; font-weight: bold;\">ALMACENES<\/span><\/li>\n<li><span style=\"font-size: small; font-style: italic; font-weight: bold;\">INDUSTRIA FARMAC\u00c9UTICA<\/span><\/li>\n<li><span style=\"font-size: small; font-style: italic; font-weight: bold;\">INDUSTRIA QU\u00cdMICA<\/span><\/li>\n<li><span style=\"font-size: small; font-style: italic; font-weight: bold;\">ESTACIONES DE TRABAJO<\/span><\/li>\n<li><span style=\"font-size: small; font-style: italic; font-weight: bold;\">INSDUSTRIA ALIMENTICIA Y DEL TABACO<\/span><\/li>\n<li><span style=\"font-size: small; font-style: italic; font-weight: bold;\">INDUSTRIA TEXTIL<\/span><\/li>\n<li><span style=\"font-size: small; font-style: italic; font-weight: bold;\">CONSERVADORES\u00a0<\/span><\/li>\n<li><em><strong><span style=\"font-size: small;\">ETC. <\/span><\/strong><\/em><\/li>\n<\/ul>\n","protected":false},"featured_media":2102,"comment_status":"closed","ping_status":"closed","template":"","meta":[],"pwb-brand":[],"product_brand":[],"product_cat":[885,886,362,969],"product_tag":[],"class_list":{"0":"post-17308","1":"product","2":"type-product","3":"status-publish","4":"has-post-thumbnail","6":"product_cat-portatiles-por-aplicacion","7":"product_cat-estacionarios-por-aplicacion","8":"product_cat-control-de-humedad-humidificadores-deshumidificadores","9":"product_cat-version-completa-todo-en-1","11":"first","12":"onbackorder","13":"purchasable","14":"product-type-simple"},"brands":[],"_links":{"self":[{"href":"https:\/\/h2otek.com\/tienda\/wp-json\/wp\/v2\/product\/17308","targetHints":{"allow":["GET"]}}],"collection":[{"href":"https:\/\/h2otek.com\/tienda\/wp-json\/wp\/v2\/product"}],"about":[{"href":"https:\/\/h2otek.com\/tienda\/wp-json\/wp\/v2\/types\/product"}],"replies":[{"embeddable":true,"href":"https:\/\/h2otek.com\/tienda\/wp-json\/wp\/v2\/comments?post=17308"}],"wp:featuredmedia":[{"embeddable":true,"href":"https:\/\/h2otek.com\/tienda\/wp-json\/wp\/v2\/media\/2102"}],"wp:attachment":[{"href":"https:\/\/h2otek.com\/tienda\/wp-json\/wp\/v2\/media?parent=17308"}],"wp:term":[{"taxonomy":"pwb-brand","embeddable":true,"href":"https:\/\/h2otek.com\/tienda\/wp-json\/wp\/v2\/pwb-brand?post=17308"},{"taxonomy":"product_brand","embeddable":true,"href":"https:\/\/h2otek.com\/tienda\/wp-json\/wp\/v2\/product_brand?post=17308"},{"taxonomy":"product_cat","embeddable":true,"href":"https:\/\/h2otek.com\/tienda\/wp-json\/wp\/v2\/product_cat?post=17308"},{"taxonomy":"product_tag","embeddable":true,"href":"https:\/\/h2otek.com\/tienda\/wp-json\/wp\/v2\/product_tag?post=17308"}],"curies":[{"name":"wp","href":"https:\/\/api.w.org\/{rel}","templated":true}]}}