{"id":17300,"date":"2021-07-06T21:12:46","date_gmt":"2021-07-06T21:12:46","guid":{"rendered":"https:\/\/h2otek.com\/tienda\/producto\/deshumidificador-desecante-acero-inox-4-5-lts-hr-220v-3-fases-60-hz-portatil-o-estacionario-marca-h2otek-mod-ddi4-5l-h-483-3\/"},"modified":"2025-01-23T02:45:06","modified_gmt":"2025-01-23T02:45:06","slug":"deshumidificador-desecante-acero-inox-4-5-lts-hr-220v-3-fases-60-hz-portatil-o-estacionario-marca-h2otek-mod-ddi4-5l-h-483-3","status":"publish","type":"product","link":"https:\/\/h2otek.com\/tienda\/producto\/deshumidificador-desecante-acero-inox-4-5-lts-hr-220v-3-fases-60-hz-portatil-o-estacionario-marca-h2otek-mod-ddi4-5l-h-483-3\/","title":{"rendered":"DESHUMIDIFICADOR DESECANTE INDUSTRIAL ACERO INOX. 4.5 LTS\/HR 220V, 3 FASES, 60 HZ PORT\u00c1TIL O ESTACIONARIO MARCA H2OTEK MOD. DDI4.5L\/H-483-3"},"content":{"rendered":"<p style=\"text-align: center;\"><img fetchpriority=\"high\" decoding=\"async\" style=\"margin-left: auto; margin-right: auto;\" src=\"https:\/\/www.h2otek.com\/tienda\/img\/cms\/DDI454833%20HEADER.jpg\" alt=\"DDI45483 HEADER.jpg\" width=\"550\" height=\"199\" \/><\/p>\n<p>Los equipos deshumidificadores desecantes de la l\u00ednea DDI de H2OTEK esta fabricados en base a los m\u00e1s altos est\u00e1ndares de calidad. Estos proporcionan un equilibrio de flujo de aire preciso para deshumidificaci\u00f3n y de reactivaci\u00f3n al tiempo que permite la colocaci\u00f3n del ventilador alternativo y seccionamiento del rotor. Est\u00e1 dise\u00f1ado para el secado efectivo de \u00e1reas determinadas donde se requiera de humedades bajas o trabajar con temperaturas bajas o altas. <strong>DESCRIPCI\u00d3N DEL PRODUCTO:<\/strong> Deshumidificador desecante que trabaja con una rueda silica a bajas revoluciones para la absorci\u00f3n de humedad, este dise\u00f1o aprovecha el calentamiento del aire para extraer la humedad de la rueda silica y posteriormente se desecha el aire. No requiere ning\u00fan tipo de desag\u00fce para agua, ya que no presenta condensaci\u00f3n. La tecnolog\u00eda del desecante permite operar con bajas y altas temperaturas y puede reducir la humedad a bajos niveles si las condiciones son adecuadas. <strong>CARACTER\u00cdSTICAS PRINCIPALES:<\/strong><\/p>\n<ul>\n<li>4.5 litros por hora de extracci\u00f3n de agua<\/li>\n<li>Dimensiones (cm)\u00a0110 x 61.3 x 70.2 (largo x ancho x alto)<\/li>\n<li>Nivel de ruido de 65 dB<\/li>\n<li>Ideal para aplicaciones donde el secado es necesario continuamente<\/li>\n<li>Se puede utilizar para secar incluso a -20\u00b0 C a + 60\u00b0 C<\/li>\n<li>Potencia Operativa 9500 W<\/li>\n<li>Volumen de ventilaci\u00f3n 820 m\u00b3\/h<\/li>\n<li>Con control digital<\/li>\n<\/ul>\n<p><strong>Deshumidificador desecante exclusivo de baja temperatura DDI4.5L\/H-483-3 de H2OTEK:<\/strong> Dise\u00f1ado y construido incluso para su uso comercial profesional. El aire del proceso de entrada se filtra y se seca. El aire de entrada se puede conducir con un conducto. El aire de escape h\u00famedo puede ser conducido a trav\u00e9s de un conducto (di\u00e1metro est\u00e1ndar del tubo de desecho). <strong>CARACTER\u00cdSTICAS DETALLADAS:<\/strong> Ventilador con bajo nivel de ruido Dise\u00f1o compacto Sensor remoto al\u00e1mbrico Filtro de polvo &#8211; El deshumidificador desecante se beneficia de un filtro de polvo reticulado simple en un marco met\u00e1lico que se puede sacudir o reemplazar f\u00e1cilmente para evitar que part\u00edculas de polvo entren en la unidad e impidan el rendimiento. Con humidistato. Fuente de alimentaci\u00f3n &#8211; 220V suministro de 60Hz Equipo con estructura de acero inoxidable. <strong>APLICACIONES:<\/strong> 1. Procesos industriales<\/p>\n<ul>\n<li>Productos electr\u00f3nicos<\/li>\n<li>Industria de alimentos<\/li>\n<li>Industria farmac\u00e9utica<\/li>\n<li>S\u00edntesis de vidrio<\/li>\n<li>Procesamiento de arenado<\/li>\n<li>Fabricaci\u00f3n de caucho<\/li>\n<li>Almacenamiento<\/li>\n<li>Etc.<\/li>\n<\/ul>\n<p>2. Almacenamiento<\/p>\n<ul>\n<li>Corrosividad de metal<\/li>\n<li>Productos electr\u00f3nicos<\/li>\n<li>Secado de carnes<\/li>\n<li>Equipo militar<\/li>\n<li>Instrumento preciso<\/li>\n<li>Semillas<\/li>\n<li>Az\u00facar<\/li>\n<\/ul>\n<p>3. Embalaje<\/p>\n<ul>\n<li>Productos qu\u00edmicos<\/li>\n<li>Fertilizantes, etc.<\/li>\n<\/ul>\n<p><strong>Uso del deshumidificador desecante H2OTEK 4.5 litros\/hora<\/strong> En aplicaciones de secado el conducto de escape puede ser extendido sin p\u00e9rdida de rendimiento hasta 1.2 metro. A 1.7 metros el rendimiento se reducir\u00e1 por lo general un 30% y a 2 metros se reducir\u00e1 en un 70%. No se causar\u00e1 ning\u00fan da\u00f1o cuando la manguera est\u00e9 extendida. El deshumidificador es auto-regulable. <strong>FUNCIONAMIENTO \u00a0<\/strong> En un sistema desecante seco t\u00edpico, el desecante est\u00e1 montado en una rueda giratoria. A medida que la rueda gira, el desecante pasa alternativamente a trav\u00e9s del aire de proceso entrante, donde se adsorbe la humedad y a trav\u00e9s de una zona de &#8220;regenerador&#8221; en el que el desecante se seca y la humedad expulsada. La rueda contin\u00faa girando y el proceso adsorbente se repite. T\u00edpicamente, alrededor de las tres cuartas partes de la rueda desecante est\u00e1 expuesto al aire entrante durante todo el proceso. Durante la regeneraci\u00f3n, el desecante se calienta mediante un quemador de gas de combusti\u00f3n directa o agua o vapor bobina-calentamiento indirecto.<\/p>\n<p style=\"text-align: center;\"><img decoding=\"async\" src=\"https:\/\/www.h2otek.com\/tienda2015\/img\/cms\/funcionamiento-deshum-desecante-h2otek-DD025L-H-47.jpg\" alt=\"\" width=\"550\" height=\"364\" border=\"0\" \/><\/p>\n<ul>\n<li>Proceso de entrada de aire &#8211; a secar. Puede ser aire exterior, el aire dentro o, m\u00e1s com\u00fanmente, una mezcla de aire con alto contenido de humedad.<\/li>\n<li>Proceso de salida de aire &#8211; se seca por la rueda desecante. Se puede enfriar, se filtra o se maneja de otra manera. La humedad relativa es sustancialmente m\u00e1s baja y la temperatura ligeramente elevada.<\/li>\n<li>Reactivaci\u00f3n flujo de entrada &#8211; en el aire, el aire por lo general fuera, que las unidades de la humedad fuera de la rueda. Reactivaci\u00f3n del aire es calentado por el quemador de gas de combusti\u00f3n directa o bater\u00edas de agua o vapor indirecto despedido.<\/li>\n<li>Reactivaci\u00f3n de salida &#8211; caliente, el aire h\u00famedo de la rueda que se agota en el exterior o al pasar a trav\u00e9s de un intercambiador de calor aire-a-aire. El uso de un intercambiador de calor para precalentar el aire de proceso de entrada ofrece un ahorro sustancial en los climas del norte.<\/li>\n<\/ul>\n<p style=\"text-align: center;\"><strong>TABLA\u00a0DE ESPECIFICACIONES<\/strong><\/p>\n<p style=\"text-align: center;\"><img decoding=\"async\" src=\"https:\/\/www.h2otek.com\/tienda\/img\/cms\/DDI4-5%20220%203F.png\" alt=\"DD45482.png\" width=\"646\" height=\"426\" \/><\/p>\n<p><span style=\"color: #ff0000;\"><strong>NOTAS:<\/strong><\/span> <span style=\"color: #ff0000;\"><strong>Los ductos utilizados en el equipo, es recomendable que no sean largos (m\u00e1ximo 2 a 3 metros).<\/strong><\/span> <span style=\"color: #ff0000;\"><strong>Se recomienda mantener limpio el filtro, no se debe operar el equipo sin el filtro.<\/strong><\/span> <span style=\"color: #ff0000;\"><strong>No se debe bloquear ning\u00fan ducto de descargar o de retorno.<\/strong><\/span> <span style=\"color: #ff0000;\"><strong>El aire seco de inyecci\u00f3n tiene de 3 a 6\u00baC arriba de la temperatura interior del cuarto.<\/strong><\/span> <strong><span style=\"color: #ff0000;\">La capacidad de deshumidificacion est\u00e1 probado a una temperatura de 20\u00baC y 60% de humedad relativa, puede cambiar con diferentes valores de temperatura y humedad.<\/span><\/strong> \u00a0<\/p>\n<p style=\"text-align: center;\"><img loading=\"lazy\" decoding=\"async\" src=\"https:\/\/h2otek.com\/tienda\/img\/cms\/controlhumedad\/h2otek\/deshumidificadores\/desecantes\/2022\/nota-instalacion-tipica-desecantes.gif\" alt=\"\" width=\"650\" height=\"214\" \/><\/p>\n<p><strong>\u00a0<\/strong><\/p>\n<p style=\"text-align: center;\"><img loading=\"lazy\" decoding=\"async\" src=\"https:\/\/h2otek.com\/tienda\/img\/cms\/controlhumedad\/h2otek\/deshumidificadores\/desecantes\/ruedas-desecantes.jpg\" alt=\"\" width=\"680\" height=\"1658\" \/><\/p>\n<p>\u00a0 <strong> CONTROL DIGITAL<\/strong> El equipo cuenta con humidostato y sensor, en el siguiente dibujo se muestra el del panel de control. Los pasos para la programaci\u00f3n de la humedad se describen a continuaci\u00f3n: En la pantalla inicial presione \u25b2\u00a0o \u25bc por 3 segundos, en panel cambia a modo de programaci\u00f3n de humedad, cuando el cuadro PV muestre el s\u00edmbolo SP, el cuadro SV mostrara el valor de humedad actual, en este momento presione para ajustar la humedad. Posteriormente presione SET para guardar cambios.<\/p>\n<p style=\"text-align: center;\"><img loading=\"lazy\" decoding=\"async\" class=\"alignnone wp-image-28369 size-medium\" src=\"https:\/\/h2otek.com\/tienda\/wp-content\/uploads\/2021\/07\/control-humidificador-desecante-h2otek-300x209.png\" alt=\"\" width=\"300\" height=\"209\" srcset=\"https:\/\/h2otek.com\/tienda\/wp-content\/uploads\/2021\/07\/control-humidificador-desecante-h2otek-300x209.png 300w, https:\/\/h2otek.com\/tienda\/wp-content\/uploads\/2021\/07\/control-humidificador-desecante-h2otek.png 314w\" sizes=\"(max-width: 300px) 100vw, 300px\" \/><\/p>\n<p style=\"text-align: center;\"><strong style=\"text-align: center;\">ESTRUCTURA DEL DESHUMIDIFICADOR:<\/strong><\/p>\n<p style=\"text-align: center;\"><img loading=\"lazy\" decoding=\"async\" src=\"https:\/\/www.h2otek.com\/tienda\/img\/cms\/ESTRUCTURA%20DESHUMIDIFICADOR%2045.png\" alt=\"\" width=\"638\" height=\"582\" \/><\/p>\n<p>\u00a0<\/p>\n<p style=\"text-align: center;\"><img loading=\"lazy\" decoding=\"async\" src=\"https:\/\/www.h2otek.com\/tienda\/img\/cms\/DIMENSIONES%20DESHUMIDIFICADOR%204-5L.png\" alt=\"\" width=\"520\" height=\"750\" \/><\/p>\n<p style=\"text-align: center;\"><strong> FOTOS:<\/strong><\/p>\n<p style=\"text-align: center;\"><em>(Pr\u00f3ximamente)<\/em><\/p>\n<p>\u00a0<\/p>\n<p style=\"text-align: center;\"><strong>VIDEOS:<\/strong><\/p>\n<p style=\"text-align: center;\"><em>(Pr\u00f3ximamente)<\/em><\/p>\n<p style=\"text-align: center;\">\u00a0<\/p>\n<p>\u00a0<\/p>\n<p style=\"text-align: center;\"><strong>INSTALACIONES T\u00cdPICAS DE DESHUMIDIFICADORES INDUSTRIALES MARCA H2OTEK L\u00cdNEA DD Y DDI<\/strong><\/p>\n<p>\u00a0 En H2O TEK contamos con departamento de Ingenier\u00eda e instalaci\u00f3n, para el dise\u00f1o, ejecuci\u00f3n, arranque y pruebas de sistemas de deshumidificaci\u00f3n o control de humedad, seg\u00fan las necesidades a cubrir de cada cliente o usuario. Ya sea proyectos llave en mano (todo instalado) o como soporte, para supervisi\u00f3n de instalaciones realizadas por nuestros distribuidores. En nuestra empresa, trabajamos para ofrecer las mejores alternativas o soluciones, en control de humedad. Los modelos mostrados son representativos solamente, no necesariamente corresponde al modelo seleccionado.<\/p>\n<p style=\"text-align: center;\"><img loading=\"lazy\" decoding=\"async\" src=\"https:\/\/h2otek.com\/tienda\/img\/cms\/controlhumedad\/h2otek\/deshumidificadores\/desecantes\/2022\/instalacion-tipica-desecantes-H2OTEK-DD-DDI.jpg\" alt=\"\" width=\"650\" height=\"2167\" \/><\/p>\n<p style=\"text-align: center;\"><strong>ALGUNOS VIDEOS DE INSTALACIONES T\u00cdPICAS DE DESHUMIDIFICADORES INDUSTRIALES MARCA H2OTEK L\u00cdNEA DD Y DDI<\/strong><\/p>\n<p><iframe title=\"YouTube video player\" src=\"https:\/\/www.youtube.com\/embed\/ZJLwQ8ahbNA\" width=\"560\" height=\"315\" frameborder=\"0\" data-mce-fragment=\"1\"><\/iframe> \u00a0 <strong><iframe title=\"YouTube video player\" src=\"https:\/\/www.youtube.com\/embed\/iOzHO7ryzvs\" width=\"560\" height=\"315\" frameborder=\"0\"><\/iframe><\/strong><\/p>\n<p style=\"text-align: center;\"><img loading=\"lazy\" decoding=\"async\" src=\"https:\/\/h2otek.com\/tienda\/img\/cms\/garantia-insignias\/garantia-h2otek-2years-DDyDDI.jpg\" alt=\"garantia-h2otek-2years-DDyDDI.jpg\" width=\"329\" height=\"350\" \/><\/p>\n<p>\u00a0 \u00a0 <strong>DESCARGAR MANUALES:<\/strong><\/p>\n<ul>\n<li><a href=\"https:\/\/www.h2otek.com\/tienda\/pdf\/desecantes\/MANUAL%20TECNICO%20DESHUMIDIFICADORES%20DESECANTES%20MODELO%20DDI.pdf\" target=\"_blank\" rel=\"noopener\"><strong>MANUAL DEL USUARIO<\/strong><\/a><\/li>\n<li><strong><a href=\"https:\/\/h2otek.com\/tienda\/wp-content\/uploads\/2024\/10\/MANUAL-DESECANTE-MTTO.pdf\" target=\"_blank\" rel=\"noopener\">MANUAL DE MANTENIMIENTO<\/a><\/strong><\/li>\n<\/ul>\n","protected":false},"excerpt":{"rendered":"<p><span style=\"color: #ff0000;\"><strong>PRECIO\u00a0EN\u00a0D\u00d3LARES US.<\/strong><\/span><br \/>\n<span style=\"color: #ff0000;\"><strong>PRECIO INCLUYE 16 % DE I.V.A.<\/strong><\/span><br \/>\n<span style=\"color: #ff0000;\"><strong>PRECIO INCLUYE ENVIO (ZONA CENTRO).<\/strong><\/span><\/p>\n<p><strong>CAPACIDAD 4.5 LITROS\/HORA. EQUIPO A 220 VOLTS 3 FASES<\/strong><\/p>\n<p><em><strong>DESHUMIDIFICADORES DESECANTES IDEALES PARA LOS ESPACIOS EN:<\/strong><\/em><\/p>\n<ul>\n<li><em><strong>LABORATORIOS<\/strong><\/em><\/li>\n<li><em><strong>PROCESOS INDUSTRIALES<\/strong><\/em><\/li>\n<li><em><strong>CUARTOS DE PRUEBA<\/strong><\/em><\/li>\n<li><em><strong>ESTANCIA DE MATERIALES<\/strong><\/em><\/li>\n<li><em><strong>CAMARAS<\/strong><\/em><\/li>\n<li><em><strong>CUARTOS DE SECADO<\/strong><\/em><\/li>\n<li><em><strong>CUARTOS FRIOS<\/strong><\/em><\/li>\n<li><em><strong>ETC.<\/strong><\/em><\/li>\n<\/ul>\n<p><strong>PARA BAJOS PORCENTAJES DE HUMEDAD Y\/O BAJA TEMPERATURA<\/strong><\/p>\n<p><strong>CON SENSOR DIGITAL<\/strong><\/p>\n<p style=\"text-align: left;\"><strong>NO NECESITA NINGUN TIPO DE DESAGUE<\/strong><\/p>\n","protected":false},"featured_media":3062,"comment_status":"closed","ping_status":"closed","template":"","meta":[],"pwb-brand":[],"product_brand":[],"product_cat":[425],"product_tag":[],"class_list":{"0":"post-17300","1":"product","2":"type-product","3":"status-publish","4":"has-post-thumbnail","6":"product_cat-220-volts-3-fases-deshumidificadores-desecantes-en-acero-inoxidable","8":"first","9":"onbackorder","10":"purchasable","11":"product-type-simple"},"brands":[],"_links":{"self":[{"href":"https:\/\/h2otek.com\/tienda\/wp-json\/wp\/v2\/product\/17300","targetHints":{"allow":["GET"]}}],"collection":[{"href":"https:\/\/h2otek.com\/tienda\/wp-json\/wp\/v2\/product"}],"about":[{"href":"https:\/\/h2otek.com\/tienda\/wp-json\/wp\/v2\/types\/product"}],"replies":[{"embeddable":true,"href":"https:\/\/h2otek.com\/tienda\/wp-json\/wp\/v2\/comments?post=17300"}],"wp:featuredmedia":[{"embeddable":true,"href":"https:\/\/h2otek.com\/tienda\/wp-json\/wp\/v2\/media\/3062"}],"wp:attachment":[{"href":"https:\/\/h2otek.com\/tienda\/wp-json\/wp\/v2\/media?parent=17300"}],"wp:term":[{"taxonomy":"pwb-brand","embeddable":true,"href":"https:\/\/h2otek.com\/tienda\/wp-json\/wp\/v2\/pwb-brand?post=17300"},{"taxonomy":"product_brand","embeddable":true,"href":"https:\/\/h2otek.com\/tienda\/wp-json\/wp\/v2\/product_brand?post=17300"},{"taxonomy":"product_cat","embeddable":true,"href":"https:\/\/h2otek.com\/tienda\/wp-json\/wp\/v2\/product_cat?post=17300"},{"taxonomy":"product_tag","embeddable":true,"href":"https:\/\/h2otek.com\/tienda\/wp-json\/wp\/v2\/product_tag?post=17300"}],"curies":[{"name":"wp","href":"https:\/\/api.w.org\/{rel}","templated":true}]}}