{"id":17294,"date":"2021-07-06T21:12:46","date_gmt":"2021-07-06T21:12:46","guid":{"rendered":"https:\/\/h2otek.com\/tienda\/producto\/nebulizacion-sistema-de-niebla-movil-3-4-hp-115v-60-hz-1-fase-3200-cfm-marca-jaybird-mod-xe-hrsm-2000\/"},"modified":"2024-09-03T01:31:59","modified_gmt":"2024-09-03T01:31:59","slug":"nebulizacion-sistema-de-niebla-movil-3-4-hp-115v-60-hz-1-fase-3200-cfm-marca-jaybird-mod-xe-hrsm-2000","status":"publish","type":"product","link":"https:\/\/h2otek.com\/tienda\/producto\/nebulizacion-sistema-de-niebla-movil-3-4-hp-115v-60-hz-1-fase-3200-cfm-marca-jaybird-mod-xe-hrsm-2000\/","title":{"rendered":"NEBULIZACI\u00d3N &#8211; SISTEMA DE NIEBLA M\u00d3VIL 3\/4 HP 115V. 60 HZ 1 FASE 3,200 CFM MARCA JAYBIRD MOD. XE-HRSM-2000"},"content":{"rendered":"<p style=\"text-align: center;\" align=\"center\"><img fetchpriority=\"high\" decoding=\"async\" src=\"https:\/\/h2otek.com\/tienda\/img\/cms\/controlhumedad\/jaybird\/moviles\/header-atomizadores-moviles-XE-HRSM-2000.jpg\" alt=\"header-ventiladores-turboXE\" width=\"700\" height=\"300\" \/><\/p>\n<p style=\"text-align: justify;\">Las <strong>unidades de nebulizaci\u00f3n HRSM<\/strong> son robustas, compactas y enormemente potentes. Las aplicaciones incluyen humidificaci\u00f3n interior a gran escala, enfriamiento por evaporaci\u00f3n al aire libre y fumigaci\u00f3n.<\/p>\n<p>El HRSM combina la potencia del ventilador de niebla Turbo XE con un gran tanque de recirculaci\u00f3n de 18 galones dise\u00f1ado para la movilidad y la facilidad de uso. El tanque captura y recicla las aguas residuales y se puede usar en nebulizaci\u00f3n qu\u00edmica. La atomizaci\u00f3n centr\u00edfuga produce miles de millones de peque\u00f1as part\u00edculas similares a la niebla que se evaporan r\u00e1pidamente. El HRSM usa una v\u00e1lvula de flotador para mantener el nivel del agua, una bomba sumergible para alimentar el cabezal de nebulizaci\u00f3n y una v\u00e1lvula de bola para controlar la salida de nebulizaci\u00f3n.<\/p>\n<p>Las unidades cuentan con un cabezal de empalme pivotante de cuatro posiciones, un interruptor de encendido\/apagado, un cable de alimentaci\u00f3n de 20 pies con enchufe y una conexi\u00f3n de manguera de jard\u00edn.<\/p>\n<ul>\n<li>Hasta 32 GPH<\/li>\n<li>Atomizaci\u00f3n sin boquillas<\/li>\n<li>Cabeza de nebulizaci\u00f3n pivotante<\/li>\n<li>Recicla aguas residuales<\/li>\n<li>Llega completamente ensamblado<\/li>\n<\/ul>\n<p>&nbsp;<\/p>\n<p><strong>Controles y Caracter\u00edsticas est\u00e1ndar:<\/strong><\/p>\n<p style=\"text-align: justify;\">El HRSM viene equipado para operaci\u00f3n manual. El sistema se puede automatizar agregando un paquete de control.<\/p>\n<ul>\n<li>Acceso a tapa de tanque grande<\/li>\n<li>Indicador de nivel de fluido<\/li>\n<li>Filtro en l\u00ednea<\/li>\n<li>NEMA 4X impermeable<\/li>\n<li>Acero inoxidable, lat\u00f3n y polietileno<\/li>\n<li>Conexi\u00f3n a manguera de jard\u00edn<\/li>\n<\/ul>\n<p>Una v\u00e1lvula de bola de 1\/4 de vuelta controla la salida de nebulizaci\u00f3n. Los caudales m\u00e1s bajos generalmente se usan en aplicaciones que requieren niebla seca.<\/p>\n<p style=\"text-align: justify;\">Velocidad de flujo con aplicaciones relacionadas:<\/p>\n<table class=\"xe-example\" border=\"0\">\n<tbody>\n<tr>\n<th style=\"width: 10%;\" rowspan=\"2\" width=\"26%\"><img decoding=\"async\" src=\"https:\/\/h2otek.com\/tienda\/img\/cms\/controlhumedad\/jaybird\/moviles\/hrsm_back.jpg\" alt=\"hrsm_back.jpg\" width=\"170\" height=\"227\" \/><\/th>\n<th style=\"width: 23%;\" width=\"26%\">Hasta 30 GPH<\/th>\n<th style=\"width: 23%;\" width=\"28%\">Hasta 15\u00a0GPH<\/th>\n<th style=\"width: 23%;\" width=\"26%\">Hasta 8 GPH<\/th>\n<th style=\"width: 23%;\" width=\"16%\">Hasta 2 GPH<\/th>\n<\/tr>\n<tr>\n<td>Ag \/ Horticultura<\/p>\n<p>Enfriamento evaporativo<\/p>\n<p>Curado de concreto<\/p>\n<p>Hongos<\/td>\n<td>Planta manufacturera<\/p>\n<p>Madera\/Le\u00f1as\/Papel<\/p>\n<p>Almacenamiento de<br \/>\nvino\/barril<\/td>\n<td>Mfg Polvo\/est\u00e1tico<\/p>\n<p>Planta Textil<\/p>\n<p>&nbsp;<\/td>\n<td>Control de olores<\/p>\n<p>&nbsp;<\/td>\n<\/tr>\n<\/tbody>\n<\/table>\n<h3><\/h3>\n<table style=\"width: 100%;\" border=\"0\">\n<tbody>\n<tr>\n<td style=\"text-align: center;\"><img decoding=\"async\" src=\"https:\/\/h2otek.com\/tienda\/img\/cms\/controlhumedad\/jaybird\/xe_motor.jpg\" alt=\"\" width=\"130\" height=\"104\" \/><\/td>\n<td><strong>Motor de lavado y servicio<\/strong><\/p>\n<p>Motor Baldor\u00ae Industrial Grade Wash-Down-Duty\u2122<\/p>\n<p>Grado industrial para uso de agua a presi\u00f3n<br \/>\nAcabado en epoxi de capa pulverizada, eje de acero inoxidable<\/p>\n<p>&nbsp;<\/td>\n<\/tr>\n<\/tbody>\n<\/table>\n<h3><\/h3>\n<p style=\"text-align: center;\"><strong>TABLA DE ESPECIFICACIONES Y DIMENSIONES:<\/strong><\/p>\n<table border=\"0\">\n<tbody>\n<tr>\n<td rowspan=\"10\"><img loading=\"lazy\" decoding=\"async\" src=\"https:\/\/h2otek.com\/tienda\/img\/cms\/controlhumedad\/jaybird\/moviles\/crsm_spec.png\" alt=\"crsm_spec.png\" width=\"300\" height=\"498\" \/><\/p>\n<p>&nbsp;<\/td>\n<td>Dimensiones:<\/td>\n<td>Largo 25.5 pulg. \/ 65 cm<\/p>\n<p>Ancho\u00a021 pulg. \/ 53 cm<\/p>\n<p>Altura\u00a044 pulg. \/\u00a0112 cm<\/td>\n<\/tr>\n<tr>\n<td>Peso aproximado:<\/td>\n<td>76 lbs \/ 36.3 kg<\/td>\n<\/tr>\n<tr>\n<td>Peso aproximado del env\u00edo:<\/td>\n<td>122 lbs \/ 57.6 kg<\/td>\n<\/tr>\n<tr>\n<td>\u00c1ngulo de giro del cabezal de empa\u00f1ado:<\/td>\n<td>0\u00b0, 15\u00b0, 30\u00b0, 45\u00b0<\/td>\n<\/tr>\n<tr>\n<td>Ruido a 10 pies de distancia:<\/td>\n<td>Unidades de 3\/4 hp, 74 dB (A)<\/p>\n<p>Unidades de 1\/2 hp, 73 dB (A)<\/td>\n<\/tr>\n<tr>\n<td>Tama\u00f1o medio de part\u00edcula:<\/td>\n<td>5-10 micras a bajo volumen<\/p>\n<p>25 micras @ volumen medio<\/p>\n<p>35 micras de alto volumen<\/td>\n<\/tr>\n<tr>\n<td>Capacidad del tanque:<\/td>\n<td>18 US gal \/ 68 L<\/td>\n<\/tr>\n<tr>\n<td>CFM<\/td>\n<td>3,200<\/td>\n<\/tr>\n<tr>\n<td>Hardware:<\/td>\n<td>Acero inoxidable de la serie 300<\/td>\n<\/tr>\n<tr>\n<td>Entorno:<\/td>\n<td>Soporta temperaturas desde<br \/>\n33\u00b0\u00a0a 160\u00b0 FInterior\/Exterior<\/p>\n<p>Humedad hasta\u00a0100% RH<\/p>\n<p>Estabilizado a UV y resistente a los impactos<\/td>\n<\/tr>\n<\/tbody>\n<\/table>\n<div style=\"text-align: center;\">\n<p>&nbsp;<\/p>\n<p style=\"text-align: center;\">\u00a0<strong><br \/>\n<\/strong><\/p>\n<\/div>\n<p><strong><span style=\"color: #000000;\"><strong><strong><strong><strong>DESCARGAR MANUALES:<br \/>\n<\/strong><\/strong><\/strong><\/strong><\/span><\/strong><\/p>\n<ul>\n<li><a href=\"https:\/\/h2otek.com\/tienda\/pdf\/controlhumedad\/MANUAL%20ATOMIZADOR%20XE%20MOBILES%20JAYBIRD.pdf\" target=\"_blank\" rel=\"noopener\"><strong>MANUAL DE INSTALACI\u00d3N<\/strong><\/a><\/li>\n<\/ul>\n<p>&nbsp;<\/p>\n<p><strong>PRECIO INCLUYE GASTOS DE ENVIO (GRATIS) E IMPUESTO\u00a016% DE IVA<\/strong><\/p>\n","protected":false},"excerpt":{"rendered":"<p><span style=\"color: #ff0000;\"><strong>PRECIO EN D\u00d3LARES US.<\/strong><\/span><\/p>\n<p><span style=\"color: #ff0000;\"><strong>SISTEMA DE NIEBLA M\u00d3VIL 115V 60HZ 1 FASE<\/strong><\/span><\/p>\n<p><strong><em>APLICACIONES M\u00c1S COMUNES:<\/em><\/strong><\/p>\n<ul>\n<li><strong><em>INVERNADEROS<\/em><\/strong><\/li>\n<li><strong><em>PROCESOS INDUSTRIALES<\/em><\/strong><\/li>\n<li><strong><em>ALMACENES<\/em><\/strong><\/li>\n<li><strong><em>CAPTACION DE POLVO<\/em><\/strong><\/li>\n<li><strong><em>CUARTOS DE PRUEBA<\/em><\/strong><\/li>\n<li><strong><em>CUARTOS DE MADURACION<\/em><\/strong><\/li>\n<li><strong><em>CAMARAS<\/em><\/strong><\/li>\n<li><strong><em>CAMARAS FRIGORIFICAS<\/em><\/strong><\/li>\n<li><strong><em>USO EN EXTERIORES<\/em><\/strong><\/li>\n<li><strong><em>USO PARA REFRESCAR EL AMBIENTE<\/em><\/strong><\/li>\n<li><strong><em>CUARTO LIMPIOS<\/em><\/strong><\/li>\n<li><strong><em>LABORATORIOS<\/em><\/strong><\/li>\n<li><strong><em>ETC.<\/em><\/strong><\/li>\n<\/ul>\n","protected":false},"featured_media":6404,"comment_status":"closed","ping_status":"closed","template":"","meta":[],"pwb-brand":[],"product_brand":[],"product_cat":[421,962],"product_tag":[],"class_list":{"0":"post-17294","1":"product","2":"type-product","3":"status-publish","4":"has-post-thumbnail","6":"product_cat-voltaje-domestico-humidificadores-nebulizadores","7":"product_cat-voltaje-domestico-humidificadores-nebulizadores-unidades-hrsm-humidificadores-nebulizadores-linea-hrsm","9":"first","10":"onbackorder","11":"purchasable","12":"product-type-simple"},"brands":[],"_links":{"self":[{"href":"https:\/\/h2otek.com\/tienda\/wp-json\/wp\/v2\/product\/17294","targetHints":{"allow":["GET"]}}],"collection":[{"href":"https:\/\/h2otek.com\/tienda\/wp-json\/wp\/v2\/product"}],"about":[{"href":"https:\/\/h2otek.com\/tienda\/wp-json\/wp\/v2\/types\/product"}],"replies":[{"embeddable":true,"href":"https:\/\/h2otek.com\/tienda\/wp-json\/wp\/v2\/comments?post=17294"}],"wp:featuredmedia":[{"embeddable":true,"href":"https:\/\/h2otek.com\/tienda\/wp-json\/wp\/v2\/media\/6404"}],"wp:attachment":[{"href":"https:\/\/h2otek.com\/tienda\/wp-json\/wp\/v2\/media?parent=17294"}],"wp:term":[{"taxonomy":"pwb-brand","embeddable":true,"href":"https:\/\/h2otek.com\/tienda\/wp-json\/wp\/v2\/pwb-brand?post=17294"},{"taxonomy":"product_brand","embeddable":true,"href":"https:\/\/h2otek.com\/tienda\/wp-json\/wp\/v2\/product_brand?post=17294"},{"taxonomy":"product_cat","embeddable":true,"href":"https:\/\/h2otek.com\/tienda\/wp-json\/wp\/v2\/product_cat?post=17294"},{"taxonomy":"product_tag","embeddable":true,"href":"https:\/\/h2otek.com\/tienda\/wp-json\/wp\/v2\/product_tag?post=17294"}],"curies":[{"name":"wp","href":"https:\/\/api.w.org\/{rel}","templated":true}]}}