{"id":17285,"date":"2021-07-06T21:12:41","date_gmt":"2021-07-06T21:12:41","guid":{"rendered":"https:\/\/h2otek.com\/tienda\/producto\/humidificador-sistema-de-niebla-superior-de-banco-115v-60-hz-1-fase-980-cfm-serie-hydro-marca-jaybird-mod-ss-700-bt\/"},"modified":"2022-10-12T00:48:22","modified_gmt":"2022-10-12T00:48:22","slug":"humidificador-sistema-de-niebla-superior-de-banco-115v-60-hz-1-fase-980-cfm-serie-hydro-marca-jaybird-mod-ss-700-bt","status":"publish","type":"product","link":"https:\/\/h2otek.com\/tienda\/producto\/humidificador-sistema-de-niebla-superior-de-banco-115v-60-hz-1-fase-980-cfm-serie-hydro-marca-jaybird-mod-ss-700-bt\/","title":{"rendered":"HUMIDIFICADOR-SISTEMA DE NIEBLA SUPERIOR DE BANCO 115V 60 HZ 1 FASE 980 CFM SERIE HYDRO MARCA JAYBIRD MOD. SS-700-BT"},"content":{"rendered":"<p style=\"text-align: center;\" align=\"center\"><img fetchpriority=\"high\" decoding=\"async\" src=\"https:\/\/h2otek.com\/tienda\/img\/cms\/controlhumedad\/jaybird\/HYDRO\/header-ventiladores-hydroserie-SS-700-BT.jpg\" alt=\"header-ventiladores-hydroserie-SS-700\" width=\"700\" height=\"300\" \/><\/p>\n<p style=\"text-align: justify;\">\n<div style=\"text-align: justify;\">\n<p>El<strong> sistema de niebla superior de banco Hydro SS 700<\/strong> es una unidad lista para operar que es ideal para configuraciones peque\u00f1as. Las aplicaciones incluyen humidificaci\u00f3n interior y enfriamiento por evaporaci\u00f3n, y los componentes est\u00e1n estabilizados a los rayos UV para uso en invernaderos o exteriores.<\/p>\n<p>Este atomizador centr\u00edfugo tiene un sistema de cuchillas de alimentaci\u00f3n trasera que silenciosamente produce miles de millones de peque\u00f1as part\u00edculas similares a la niebla que se evaporan r\u00e1pidamente. El sumidero de la unidad captura y recicla las aguas residuales, eliminando la necesidad de un \u00e1rea de drenaje. Esta caracter\u00edstica conserva el agua, por lo que esta unidad es ideal para usar en \u00e1reas propensas a la sequ\u00eda.<\/p>\n<p>La parte superior del banco utiliza una v\u00e1lvula de flotador para mantener el nivel de agua en el tanque, una bomba sumergible para enviar agua al cabezal de nebulizaci\u00f3n y una v\u00e1lvula de bola para controlar la salida de nebulizaci\u00f3n. El Bench Top viene equipado con un interruptor de encendido \/ apagado, 15&#8242; de l\u00ednea de agua y un cable de 12&#8242; con enchufe.<\/p>\n<ul>\n<li>Atomizaci\u00f3n silenciosa sin boquillas<\/li>\n<li>Hasta 4 GPH<\/li>\n<li>Cabezal de empalme Easy Pivot<\/li>\n<li>Recicla aguas residuales<\/li>\n<li>Componentes de acero inoxidable<\/li>\n<\/ul>\n<\/div>\n<p style=\"text-align: justify;\">\n<table style=\"width: 100%;\">\n<tbody>\n<tr>\n<td style=\"width: 15%;\"><img decoding=\"async\" src=\"https:\/\/h2otek.com\/tienda\/img\/cms\/controlhumedad\/jaybird\/HYDRO\/bench_top_back.jpg\" alt=\"bench_top_back.jpg\" width=\"189\" height=\"260\" \/><\/td>\n<td style=\"width: 80%;\"><strong>Controles y caracter\u00edsticas est\u00e1ndar<\/strong><\/p>\n<p>El banco de sobremesa Hydro SS 700 viene equipado para operaci\u00f3n manual. El sistema se puede automatizar agregando un paquete de control.<\/p>\n<ul>\n<li>1\/4 de vuelta, v\u00e1lvula de bola de control de flujo<\/li>\n<li>Soporte de suspensi\u00f3n y carcasa de acero inoxidable<\/li>\n<li>La manguera de jard\u00edn simple conecta<\/li>\n<li>Caja de interruptores NEMA 4X herm\u00e9tica<\/li>\n<\/ul>\n<\/td>\n<\/tr>\n<\/tbody>\n<\/table>\n<h3><\/h3>\n<table style=\"width: 100%;\" border=\"0\">\n<tbody>\n<tr>\n<td style=\"text-align: center;\"><img decoding=\"async\" src=\"https:\/\/h2otek.com\/tienda\/img\/cms\/controlhumedad\/jaybird\/HYDRO\/hydro_motor.jpg\" alt=\"\" width=\"170\" height=\"103\" \/><\/td>\n<td style=\"text-align: justify;\"><strong>Motor Fasco<\/strong><\/p>\n<p>Motor de polo sombreado totalmente cerrado. Dise\u00f1ado para una vida prolongada en uso alrededor del agua.<\/p>\n<ul>\n<li>Eje de acero inoxidable y pernos de montaje<\/li>\n<li>Puertos de aceite accesibles para cojinetes de bronce<\/li>\n<li>Refrigerado por ventilador con acabado epoxi<\/li>\n<\/ul>\n<\/td>\n<\/tr>\n<\/tbody>\n<\/table>\n<p>&nbsp;<\/p>\n<p>&nbsp;<\/p>\n<p style=\"text-align: center;\"><strong>TABLA DE ESPECIFICACIONES<\/strong><\/p>\n<table border=\"0\">\n<tbody>\n<tr>\n<td rowspan=\"10\">&nbsp;<\/p>\n<p><img loading=\"lazy\" decoding=\"async\" src=\"https:\/\/h2otek.com\/tienda\/img\/cms\/controlhumedad\/jaybird\/HYDRO\/ss-700-df_spec.png\" alt=\"\" width=\"235\" height=\"285\" \/><\/td>\n<td>Capacidad de empa\u00f1ado:<\/td>\n<td>Hasta\u00a04 galones por hora<\/td>\n<\/tr>\n<tr>\n<td>CFM:<\/td>\n<td>980<\/td>\n<\/tr>\n<tr>\n<td>Motor:<\/td>\n<td>1\/20 HP, 115V, 60Hz<\/td>\n<\/tr>\n<tr>\n<td>Consumo de energ\u00eda:<\/td>\n<td>1.6A @ 115V<\/td>\n<\/tr>\n<tr>\n<td>Ruido:<\/td>\n<td>63 dB(A) @ 10 pies<\/td>\n<\/tr>\n<tr>\n<td>Tama\u00f1o medio de part\u00edcula:<\/td>\n<td>40 miras<\/td>\n<\/tr>\n<tr>\n<td>Peso:<br \/>\nPeso del paquete:<br \/>\nDimensiones de la caja:<\/td>\n<td>17 libras \/ 8 kilos<br \/>\n28 libras \/ 13 kilos<br \/>\n25&#8243; x 20&#8243; x 21&#8243;<\/td>\n<\/tr>\n<tr>\n<td>Dimensiones:<\/td>\n<td>Ancho 16&#8243;<br \/>\nProfundidad 17&#8243;<br \/>\nAltura 20&#8243;<\/td>\n<\/tr>\n<tr>\n<td>Equipo:<\/td>\n<td>Acero inoxidable 304 (18\/8)<\/td>\n<\/tr>\n<tr>\n<td>Medio ambiente:<\/td>\n<td>Soporta temperaturas desde<br \/>\n33\u00b0\u00a0a 160\u00b0 F<\/p>\n<p>Interior\/Exterior<\/p>\n<p>Humedad hasta 85% RH<\/p>\n<p>Estabilizado a UV y resistente a los impactos<\/td>\n<\/tr>\n<\/tbody>\n<\/table>\n<div style=\"text-align: center;\">\n<p><strong>VIDEOS<\/strong><\/p>\n<p><iframe src=\"https:\/\/www.youtube.com\/embed\/0PYaHKqYAWU\" width=\"560\" height=\"315\" frameborder=\"0\"><\/iframe><\/p>\n<p>&nbsp;<\/p>\n<p style=\"text-align: center;\">\n<\/div>\n<p><strong>DESCARGAR MANUALES:<\/strong><\/p>\n<ul>\n<li><strong><a href=\"https:\/\/h2otek.com\/tienda\/pdf\/controlhumedad\/MANUAL%20SISTEMA%20NIEBLA%20SUPERIOR%20DE%20BANCO%20SERIE%20HYDRO%20SS%20JAYBIRD%20SS-700-BT.pdf\" target=\"_blank\" rel=\"noopener\">MANUAL DE INSTALACI\u00d3N<\/a><\/strong><\/li>\n<\/ul>\n<p>&nbsp;<\/p>\n<p><strong>PRECIO INCLUYE GASTOS DE ENVIO (GRATIS) E IMPUESTO\u00a016% DE IVA<\/strong><\/p>\n","protected":false},"excerpt":{"rendered":"<p><span style=\"color: #ff0000;\"><strong>PRECIO EN D\u00d3LARES US.<\/strong><\/span><\/p>\n<p><span style=\"color: #ff0000;\"><strong>SISTEMA DE NIEBLA SUPERIOR DE BANCO<\/strong><\/span><\/p>\n<p><strong><em>APLICACIONES M\u00c1S COMUNES:<\/em><\/strong><\/p>\n<ul>\n<li><strong><em>INVERNADEROS<\/em><\/strong><\/li>\n<li><strong><em>PROCESOS INDUSTRIALES<\/em><\/strong><\/li>\n<li><strong><em>ALMACENES<\/em><\/strong><\/li>\n<li><strong><em>CAPTACION DE POLVO<\/em><\/strong><\/li>\n<li><strong><em>CUARTOS DE PRUEBA<\/em><\/strong><\/li>\n<li><strong><em>CUARTOS DE MADURACION<\/em><\/strong><\/li>\n<li><strong><em>CAMARAS<\/em><\/strong><\/li>\n<li><strong><em>CAMARAS FRIGORIFICAS<\/em><\/strong><\/li>\n<li><strong><em>USO EN EXTERIORES<\/em><\/strong><\/li>\n<li><strong><em>USO PARA REFRESCAR EL AMBIENTE<\/em><\/strong><\/li>\n<li><strong><em>CUARTO LIMPIOS<\/em><\/strong><\/li>\n<li><strong><em>LABORATORIOS<\/em><\/strong><\/li>\n<li><strong><em>ETC.<\/em><\/strong><\/li>\n<\/ul>\n","protected":false},"featured_media":2100,"comment_status":"closed","ping_status":"closed","template":"","meta":[],"pwb-brand":[],"product_brand":[],"product_cat":[417],"product_tag":[],"class_list":{"0":"post-17285","1":"product","2":"type-product","3":"status-publish","4":"has-post-thumbnail","6":"product_cat-mesa-de-trabajo-humidificadores-nebulizadores","8":"first","9":"onbackorder","10":"purchasable","11":"product-type-simple"},"brands":[],"_links":{"self":[{"href":"https:\/\/h2otek.com\/tienda\/wp-json\/wp\/v2\/product\/17285","targetHints":{"allow":["GET"]}}],"collection":[{"href":"https:\/\/h2otek.com\/tienda\/wp-json\/wp\/v2\/product"}],"about":[{"href":"https:\/\/h2otek.com\/tienda\/wp-json\/wp\/v2\/types\/product"}],"replies":[{"embeddable":true,"href":"https:\/\/h2otek.com\/tienda\/wp-json\/wp\/v2\/comments?post=17285"}],"wp:featuredmedia":[{"embeddable":true,"href":"https:\/\/h2otek.com\/tienda\/wp-json\/wp\/v2\/media\/2100"}],"wp:attachment":[{"href":"https:\/\/h2otek.com\/tienda\/wp-json\/wp\/v2\/media?parent=17285"}],"wp:term":[{"taxonomy":"pwb-brand","embeddable":true,"href":"https:\/\/h2otek.com\/tienda\/wp-json\/wp\/v2\/pwb-brand?post=17285"},{"taxonomy":"product_brand","embeddable":true,"href":"https:\/\/h2otek.com\/tienda\/wp-json\/wp\/v2\/product_brand?post=17285"},{"taxonomy":"product_cat","embeddable":true,"href":"https:\/\/h2otek.com\/tienda\/wp-json\/wp\/v2\/product_cat?post=17285"},{"taxonomy":"product_tag","embeddable":true,"href":"https:\/\/h2otek.com\/tienda\/wp-json\/wp\/v2\/product_tag?post=17285"}],"curies":[{"name":"wp","href":"https:\/\/api.w.org\/{rel}","templated":true}]}}