{"id":17256,"date":"2021-07-06T21:12:35","date_gmt":"2021-07-06T21:12:35","guid":{"rendered":"https:\/\/h2otek.com\/tienda\/producto\/accesorios-humidistato-jaybird-df-115v-60-hz-marca-jaybird-mod-xe-36-df\/"},"modified":"2022-07-26T18:26:28","modified_gmt":"2022-07-26T18:26:28","slug":"accesorios-humidistato-jaybird-df-115v-60-hz-marca-jaybird-mod-xe-36-df","status":"publish","type":"product","link":"https:\/\/h2otek.com\/tienda\/producto\/accesorios-humidistato-jaybird-df-115v-60-hz-marca-jaybird-mod-xe-36-df\/","title":{"rendered":"ACCESORIOS &#8211; HUMIDISTATO JAYBIRD &#8211; DF 115V 60 HZ MARCA JAYBIRD MOD. XE-36-DF"},"content":{"rendered":"<p style=\"text-align:center;\" align=\"center\"><img fetchpriority=\"high\" decoding=\"async\" src=\"https:\/\/h2otek.com\/tienda\/img\/cms\/controlhumedad\/jaybird\/accesorios\/header-accesorios-GT500-XE-36-DF.jpg\" alt=\"header-accesorios-GT-500\" width=\"700\" height=\"300\" \/><\/p>\n<h3 style=\"text-align:justify;\"><\/h3>\n<p>Este humidistato precableado es un medio ideal de control para aplicaciones que requieren un 80% o menos de humedad relativa. Incorpora un elemento de detecci\u00f3n de acci\u00f3n r\u00e1pida con un simple dial de control. Incluye un enchufe trasero.<\/p>\n<ul>\n<li>Elemento de acci\u00f3n r\u00e1pida<\/li>\n<li>Rango 20-80% RH<\/li>\n<li>Incluye un solenoide de agua<\/li>\n<li>Diferencial aprox. 7%<\/li>\n<\/ul>\n<div style=\"text-align:center;\">\n<p style=\"text-align:center;\"><\/p>\n<\/div>\n<p><strong><span style=\"color:#000000;\"><strong><strong><strong><strong><\/p>\n<p>PRECIO INCLUYE GASTOS DE ENVIO (GRATIS) E IMPUESTO\u00a0<\/strong>16% DE IVA<\/strong><\/strong><\/strong><\/span><\/strong><\/p>\n","protected":false},"excerpt":{"rendered":"<h1 style=\"text-align:left;\"><span style=\"font-size:small;color:#ff0000;\"><strong><span style=\"font-size:16pt;color:#d0121a;\">PRECIO EN D\u00d3LARES US.<\/span><\/p>\n<p>ACCESORIO &#8211; HUMIDISTATO<\/strong><\/span><\/h1>\n<p style=\"text-align:left;\">\u00a0<\/p>\n<p style=\"text-align:left;\"><strong><span style=\"font-size:small;\">APLICACIONES M\u00c1S COMUNES:<\/span><\/strong><\/p>\n<ul>\n<li><span style=\"font-weight:bold;color:#ff0000;font-size:small;\">INVERNADEROS<\/span><\/li>\n<li><span style=\"font-weight:bold;color:#ff0000;font-size:small;\">PROCESOS INDUSTRIALES<\/span><\/li>\n<li><span style=\"font-weight:bold;color:#ff0000;font-size:small;\">ALMACENES<\/span><\/li>\n<li><span style=\"font-weight:bold;color:#ff0000;font-size:small;\">CAPTACION DE POLVO<\/span><\/li>\n<li><span style=\"font-weight:bold;color:#ff0000;font-size:small;\">CUARTOS DE PRUEBA<\/span><\/li>\n<li><span style=\"font-weight:bold;color:#ff0000;font-size:small;\">CUARTOS DE MADURACION<\/span><\/li>\n<li><span style=\"font-weight:bold;color:#ff0000;font-size:small;\">CAMARAS<\/span><\/li>\n<li><span style=\"font-weight:bold;color:#ff0000;font-size:small;\">CAMARAS FRIGORIFICAS<\/span><\/li>\n<li><span style=\"color:#ff0000;font-size:x-small;\"><strong><span style=\"font-size:small;\">USO EN EXTERIORES<\/span><\/strong><\/span><\/li>\n<li><span style=\"color:#ff0000;font-size:x-small;\"><strong><span style=\"font-size:small;\">USO PARA REFRESCAR EL AMBIENTE<\/span><\/strong><\/span><\/li>\n<li><span style=\"color:#ff0000;font-size:x-small;\"><strong><span style=\"font-size:small;\">CUARTO LIMPIOS<\/span><\/strong><\/span><\/li>\n<li><span style=\"color:#ff0000;font-size:x-small;\"><strong><span style=\"font-size:small;\">LABORATORIOS<\/span><\/strong><\/span><\/li>\n<li><span style=\"color:#ff0000;font-size:x-small;\"><strong><span style=\"font-size:small;\">ETC.<\/span><\/strong><\/span><\/li>\n<\/ul>\n<p>\u00a0<\/p>\n","protected":false},"featured_media":2002,"comment_status":"closed","ping_status":"closed","template":"","meta":[],"pwb-brand":[],"product_brand":[],"product_cat":[966,403],"product_tag":[],"class_list":{"0":"post-17256","1":"product","2":"type-product","3":"status-publish","4":"has-post-thumbnail","6":"product_cat-controles-de-alimentacion-directa-humidificadores-nebulizadores","7":"product_cat-gt-500-paquetes-de-control-humidificadores-nebulizadores","9":"first","10":"onbackorder","11":"purchasable","12":"product-type-simple"},"brands":[],"_links":{"self":[{"href":"https:\/\/h2otek.com\/tienda\/wp-json\/wp\/v2\/product\/17256","targetHints":{"allow":["GET"]}}],"collection":[{"href":"https:\/\/h2otek.com\/tienda\/wp-json\/wp\/v2\/product"}],"about":[{"href":"https:\/\/h2otek.com\/tienda\/wp-json\/wp\/v2\/types\/product"}],"replies":[{"embeddable":true,"href":"https:\/\/h2otek.com\/tienda\/wp-json\/wp\/v2\/comments?post=17256"}],"wp:featuredmedia":[{"embeddable":true,"href":"https:\/\/h2otek.com\/tienda\/wp-json\/wp\/v2\/media\/2002"}],"wp:attachment":[{"href":"https:\/\/h2otek.com\/tienda\/wp-json\/wp\/v2\/media?parent=17256"}],"wp:term":[{"taxonomy":"pwb-brand","embeddable":true,"href":"https:\/\/h2otek.com\/tienda\/wp-json\/wp\/v2\/pwb-brand?post=17256"},{"taxonomy":"product_brand","embeddable":true,"href":"https:\/\/h2otek.com\/tienda\/wp-json\/wp\/v2\/product_brand?post=17256"},{"taxonomy":"product_cat","embeddable":true,"href":"https:\/\/h2otek.com\/tienda\/wp-json\/wp\/v2\/product_cat?post=17256"},{"taxonomy":"product_tag","embeddable":true,"href":"https:\/\/h2otek.com\/tienda\/wp-json\/wp\/v2\/product_tag?post=17256"}],"curies":[{"name":"wp","href":"https:\/\/api.w.org\/{rel}","templated":true}]}}