{"id":17251,"date":"2021-07-06T21:12:35","date_gmt":"2021-07-06T21:12:35","guid":{"rendered":"https:\/\/h2otek.com\/tienda\/producto\/deshumidificador-desecante-cap-364-pintas-27c-60-220-volts-3-fases-modelo-dd900-marca-ebac\/"},"modified":"2026-01-26T21:25:33","modified_gmt":"2026-01-26T21:25:33","slug":"deshumidificador-desecante-cap-364-pintas-27c-60-220-volts-3-fases-modelo-dd900-marca-ebac","status":"publish","type":"product","link":"https:\/\/h2otek.com\/tienda\/producto\/deshumidificador-desecante-cap-364-pintas-27c-60-220-volts-3-fases-modelo-dd900-marca-ebac\/","title":{"rendered":"DESHUMIDIFICADOR DESECANTE INDUSTRIAL CAP. 364 PINTAS (27\u00b0C\/60%) 220 VOLTS 3 FASES MODELO DD900+ MARCA EBAC"},"content":{"rendered":"<p style=\"text-align: center;\"><img fetchpriority=\"high\" decoding=\"async\" src=\"https:\/\/h2otek.com\/tienda\/img\/cms\/controlhumedad\/deshumidificadores\/ebac\/deshumidificador-ebac-dd900+.jpg\" alt=\"\" width=\"550\" height=\"199\" \/><\/p>\n<p style=\"text-align: justify;\">Los deshumidificadores son necesarios siempre que haya la necesidad de reducir el nivel de humedad para evitar la corrosi\u00f3n, crecimiento de moho y la condensaci\u00f3n o mantener una condici\u00f3n de baja humedad durante la fabricaci\u00f3n, envasado o almacenamiento de productos higrosc\u00f3picos.<\/p>\n<p style=\"text-align: justify;\"><strong>M\u00e9todos de deshumidificaci\u00f3n:<\/strong> en la deshumidificaci\u00f3n es posible utilizar uno de los dos principios, la condensaci\u00f3n con el estilo de refrigeraci\u00f3n, deshumidificadores y adsorci\u00f3n con deshumidificadores desecantes.<\/p>\n<p style=\"text-align: justify;\">Los deshumidificadores desecantes funcionan excepcionalmente bien cuando se usa en climas m\u00e1s fr\u00edos, o cuando un punto de roc\u00edo bajo, secando profundo o bajos niveles de humedad. Su funcionamiento es simple pero muy eficaz y fiable.<\/p>\n<p style=\"text-align: justify;\"><strong>DD900+<\/strong><\/p>\n<p style=\"text-align: justify;\">El DD900 es de los deshumidificadores desecantes m\u00e1s grandes dentro de la gama EIPL. La unidad incorpora un calentador de alta capacidad de resistencia asegurar el secado m\u00e1xima se alcanza de inmediato y la mantiene constantemente, mientras que la unidad est\u00e1 funcionando.<\/p>\n<p style=\"text-align: justify;\">El DD900+ incorpora dos ventiladores EC con velocidad variable que permite que la unidad sea f\u00e1cil de instalar, y la puesta en servicio en una amplia variedad de instalaciones. Un termostato electr\u00f3nico le permite al usuario seleccionar el nivel de secado, es decir, el secado de alta eficiencia, el secado de profundidad, o la extracci\u00f3n de alta, la siguiente tabla proporciona un ejemplo de las capacidades. Mecanismo para un externo humidistato permite el control remoto del ciclo de secado<\/p>\n<p style=\"text-align: justify;\">Todos los modelos incorporan un rotor de alta eficiencia PPS patentado. Este dise\u00f1o incorpora un gel de 82% de s\u00edlice activa para garantizar un rendimiento \u00f3ptimo en todo el rango operativo de equipos de gama de entornos. Todos los rotores desecantes suministrados por EIPL son lavables, y dise\u00f1ado para alto rendimiento\/vida larga.<\/p>\n<p style=\"text-align: justify;\"><strong>CARACTER\u00cdSTICAS:<\/strong><\/p>\n<ul>\n<li>Switch encendido\/Apagado<\/li>\n<li>Amper\u00edmetro<\/li>\n<li>Controles Electr\u00f3nicos<\/li>\n<li>Modo Manual\/Auto<\/li>\n<li>Humidistato remoto<\/li>\n<li>Horas de funcionamiento del medidor<\/li>\n<li>Equipado con enchufe de red el\u00e9ctrica<\/li>\n<li>1 Velocidad del ventilador<\/li>\n<li>Alta Capacidad de calentador PTC<\/li>\n<li>Filtros de entrada de aire<\/li>\n<li>Patas de goma anti vibraciones<\/li>\n<li>Dise\u00f1o de doble entrada de aire<\/li>\n<li>Independiente<\/li>\n<li>Construcci\u00f3n de acero inoxidable R407c<\/li>\n<li>Salidas de alta temperatura de corte<\/li>\n<\/ul>\n<p style=\"text-align: justify;\"><strong>CARACTER\u00cdSTICAS PRINCIPALES DEL DISE\u00d1O:<\/strong><\/p>\n<p style=\"text-align: justify;\">Construcci\u00f3n en acero inoxidable, Auto\/Selecci\u00f3n del modo manual, controles electr\u00f3nicos, de alta capacidad del calentador PTC, Fondo para el humidistato remoto, operaci\u00f3n a baja temperatura, Amper\u00edmetro.<\/p>\n<p>&nbsp;<\/p>\n<p>&nbsp;<\/p>\n<p style=\"text-align: center;\"><strong>FUNCIONAMIENTO:<\/strong><\/p>\n<ul>\n<li>El aire del proceso se introduce en el deshumidificador.<\/li>\n<li>El aire del proceso pasa sobre una rueda impregnada con gel de s\u00edlice.<\/li>\n<li>El gel de s\u00edlice absorbe la humedad del aire.<\/li>\n<li>El aire del proceso deja el deshumidificador de aire caliente y seco.<\/li>\n<li>La rueda de gel de s\u00edlice rota continuamente.<\/li>\n<li>La regeneraci\u00f3n de aire se calienta a una temperatura elevada y se pasa sobre un segmento de la rueda.<\/li>\n<li>El gel de s\u00edlice libera la humedad de la rueda en el aire de regeneraci\u00f3n.<\/li>\n<li>La regeneraci\u00f3n de aire sale del deshumidificador de aire c\u00e1lido y h\u00famedo y fuera agotado.<\/li>\n<\/ul>\n<p>&nbsp;<\/p>\n<p style=\"text-align: center;\"><strong><img decoding=\"async\" src=\"https:\/\/www.h2otek.com\/tienda\/Images\/deshumidificadores\/dd900-comofunciona.jpg\" alt=\"\" border=\"0\" \/><\/strong><\/p>\n<p>&nbsp;<\/p>\n<p><strong>\u00bfPOR QU\u00c9 ELEGIR EIPL?<\/strong><\/p>\n<p style=\"text-align: justify;\">EIPL es el fabricante l\u00edder en Europa de los deshumidificadores y es un nombre que puede confiar. No importa qu\u00e9 tan extrema sean las condiciones, la eficiencia de EIPL hace frente con comodidad incluso en las temperaturas m\u00e1s fr\u00edas.<\/p>\n<p style=\"text-align: justify;\"><strong>CONSTRUCCI\u00d3N RESISTENTE Y A\u00d1OS DE SERVICIO<\/strong><\/p>\n<p style=\"text-align: justify;\">M\u00e1s de treinta y siete a\u00f1os de experiencia en desarrollo significa que usted puede confiar en la trayectoria de la gama de deshumidificadores EIP. Cada deshumidificador est\u00e1 dise\u00f1ado para la eficiencia y robustez, y construida para durar. La popularidad de los deshumidificadores EIP Ltd con el comercio de alquiler de la planta habla por su fiabilidad, portabilidad y durabilidad excepcional.<\/p>\n<p>&nbsp;<\/p>\n<p>&nbsp;<\/p>\n<p style=\"text-align: center;\"><strong>TABLA\u00a0DE ESPECIFICACIONES<\/strong><\/p>\n<p style=\"text-align: center;\"><img decoding=\"async\" src=\"https:\/\/www.h2otek.com\/tienda\/Images\/deshumidificadores\/especificaciones-ebac-dd900.gif\" alt=\"\" border=\"0\" \/><\/p>\n<p>&nbsp;<\/p>\n<p>&nbsp;<\/p>\n<p style=\"text-align: center;\"><strong>** INSTALACIONES T\u00cdPICAS **<\/strong><\/p>\n<p style=\"text-align: center;\"><strong>LA UNIDAD EST\u00c1 POSICIONADA DENTRO DE LA HABITACI\u00d3N QUE SE VA A SECAR<\/strong><\/p>\n<p style=\"text-align: center;\"><img decoding=\"async\" src=\"https:\/\/www.h2otek.com\/tienda\/Images\/deshumidificadores\/instalaciontipica-deshumebac-01.gif\" alt=\"\" border=\"0\" \/><\/p>\n<p style=\"text-align: center;\"><img decoding=\"async\" src=\"https:\/\/www.h2otek.com\/tienda\/Images\/deshumidificadores\/instalaciontipica-deshumebac-02.gif\" alt=\"\" border=\"0\" \/><\/p>\n<p>&nbsp;<\/p>\n<p>&nbsp;<\/p>\n<p>&nbsp;<\/p>\n<p style=\"text-align: center;\"><strong>LA UNIDAD EST\u00c1 POSICIONADA DENTRO DE LA HABITACI\u00d3N QUE SE VA A SECAR<\/strong><\/p>\n<p style=\"text-align: center;\"><img decoding=\"async\" src=\"https:\/\/www.h2otek.com\/tienda\/Images\/deshumidificadores\/instalaciontipica-deshumebac-03.gif\" alt=\"\" border=\"0\" \/><\/p>\n<p style=\"text-align: center;\"><img decoding=\"async\" src=\"https:\/\/www.h2otek.com\/tienda\/Images\/deshumidificadores\/instalaciontipica-deshumebac-04.gif\" alt=\"\" border=\"0\" \/><\/p>\n<p style=\"text-align: center;\"><img decoding=\"async\" src=\"https:\/\/www.h2otek.com\/tienda\/Images\/deshumidificadores\/instalaciontipica-deshumebac-05.gif\" alt=\"\" border=\"0\" \/><\/p>\n<p>&nbsp;<\/p>\n<p>&nbsp;<\/p>\n<p style=\"text-align: center;\"><strong>DEFINICI\u00d3N DE CONEXIONES<\/strong><\/p>\n<ul>\n<li>Entrada de aire de proceso &#8211; Este aire entra a la habitaci\u00f3n a secar.<\/li>\n<li>Salida de aire de proceso &#8211; Este aire se seca y es vuelto a colocar en la habitaci\u00f3n a secar.<\/li>\n<li>Regeneraci\u00f3n de entrada de aire &#8211; Este debe ser el aire de fuera de la habitaci\u00f3n que se est\u00e1 secando.<\/li>\n<li>Salida de aire de regeneraci\u00f3n &#8211; Esta es el aire h\u00famedo que necesita ser canalizado fuera de la habitaci\u00f3n que se est\u00e1 secando (idealmente de la construcci\u00f3n cuando sea posible)<\/li>\n<\/ul>\n<p>&nbsp;<\/p>\n<p><strong>DESCARGAR MANUALES<\/strong><\/p>\n<ul>\n<li><strong><a href=\"http:\/\/www.h2otek.com\/tienda\/pdf\/controlhumedad\/FOLLETO_DESHUMIDIFICADOR_DESECANTE_CAP_362_MOD_DD900_MARCA_EBAC.pdf\" target=\"_blank\" rel=\"noopener\">FOLLETO<\/a><\/strong><\/li>\n<li><strong><a href=\"http:\/\/www.h2otek.com\/tienda\/pdf\/controlhumedad\/MANUAL_DESHUMIDIFICADOR_DESECANTE_MARCA_EBAC_MOD_DD900.pdf\" target=\"_blank\" rel=\"noopener\">MANUAL DEL USUARIO<\/a><\/strong><\/li>\n<li><strong><a href=\"http:\/\/www.h2otek.com\/tienda\/pdf\/controlhumedad\/DIAGRAMA_CABLEADO_DESHUMIDIFICADOR_DESECANTE_MARCA_EBAC_MOD_DD900.pdf\" target=\"_blank\" rel=\"noopener\">DIAGRAMA CABLEADO<\/a><\/strong><\/li>\n<li><strong><a href=\"http:\/\/www.h2otek.com\/tienda\/pdf\/controlhumedad\/ESQUEMA_CABLEADO_DESHUMIDIFICADOR_DESECANTE_MARCA_EBAC_MOD_DD900.pdf\" target=\"_blank\" rel=\"noopener\">ESQUEMA CABLEADO<\/a><\/strong><\/li>\n<li><strong><a href=\"http:\/\/www.h2otek.com\/tienda\/pdf\/controlhumedad\/INSTALACION%20TIPICA%20DESHUMIDIFICADOR%20EBAC%20DENTRO%20DE%20LA%20HABITACION.pdf\" target=\"_blank\" rel=\"noopener\">INSTALACI\u00d3N T\u00cdPICA &#8211; DESHUMIDIFICADOR DENTRO DE LA HABITACI\u00d3N<\/a><\/strong><\/li>\n<li><strong><a href=\"http:\/\/www.h2otek.com\/tienda\/pdf\/controlhumedad\/INSTALACION%20TIPICA%20DESHUMIDIFICADOR%20EBAC%20FUERA%20DE%20LA%20HABITACION.pdf\" target=\"_blank\" rel=\"noopener\">INSTALACI\u00d3N T\u00cdPICA &#8211; DESHUMIDIFICADOR FUERA DE LA HABITACI\u00d3N<\/a><\/strong><\/li>\n<li><strong><a href=\"http:\/\/www.h2otek.com\/tienda\/pdf\/controlhumedad\/INSTALACION%20TIPICA%20DESHUMIDIFICADOR%20EBAC%20DEFINICION%20CONEXIONES.pdf\" target=\"_blank\" rel=\"noopener\">INSTALACI\u00d3N T\u00cdPICA &#8211; DEFINICI\u00d3N DE CONEXIONES<\/a><\/strong><\/li>\n<\/ul>\n<p>&nbsp;<\/p>\n<p style=\"text-align: left;\"><span style=\"color: #000000;\"><strong><strong>PRECIOS INCLUYE GASTOS DE ENVIO (GRATIS) E IMPUESTO 16% DE IVA<\/strong><\/strong><\/span><\/p>\n","protected":false},"excerpt":{"rendered":"<p><span style=\"color: #ff0000;\"><strong>PRECIO EN D\u00d3LARES US.<\/strong><\/span><\/p>\n<p><span style=\"color: #ff0000;\"><strong>EQUIPO A 230 VOLTS 3 FASES 60 HZ.<\/strong><\/span><\/p>\n<p><em><strong>DESHUMIDIFICADORES DESECANTES IDEALES PARA LOS ESPACIOS EN:<\/strong><\/em><\/p>\n<ul>\n<li><em><strong>ALMACEN<\/strong><\/em><\/li>\n<li><em><strong>S\u00d3TANOS<\/strong><\/em><\/li>\n<li><em><strong>F\u00c1BRICAS<\/strong><\/em><\/li>\n<li><em><strong>RESTAURACI\u00d3N DE DA\u00d1OS<\/strong><\/em><\/li>\n<li><em><strong>PABELLONES DEPORTIVOS<\/strong><\/em><\/li>\n<li><em><strong>\u00c1REAS DE ALMACENAMIENTO<\/strong><\/em><\/li>\n<li><em><strong>LABORATORIOS<\/strong><\/em><\/li>\n<li><em><strong>CUARTOS FRIOS<\/strong><\/em><\/li>\n<li><em><strong>CUARTOS DE PRUEBA<\/strong><\/em><\/li>\n<li><strong><em>PROCESOS INDUSTRIALES<\/em><\/strong><\/li>\n<li><em><strong>ETC.<\/strong><\/em><\/li>\n<\/ul>\n<p><strong>PARA BAJOS PORCENTAJES DE HUMEDAD Y\/O BAJA TEMPERATURA<\/strong><\/p>\n","protected":false},"featured_media":5900,"comment_status":"closed","ping_status":"closed","template":"","meta":[],"pwb-brand":[],"product_brand":[],"product_cat":[401],"product_tag":[],"class_list":{"0":"post-17251","1":"product","2":"type-product","3":"status-publish","4":"has-post-thumbnail","6":"product_cat-220-volts-3-fases-deshumidificadores-desecantes-en-acero-pintado","8":"first","9":"onbackorder","10":"purchasable","11":"product-type-simple"},"brands":[],"_links":{"self":[{"href":"https:\/\/h2otek.com\/tienda\/wp-json\/wp\/v2\/product\/17251","targetHints":{"allow":["GET"]}}],"collection":[{"href":"https:\/\/h2otek.com\/tienda\/wp-json\/wp\/v2\/product"}],"about":[{"href":"https:\/\/h2otek.com\/tienda\/wp-json\/wp\/v2\/types\/product"}],"replies":[{"embeddable":true,"href":"https:\/\/h2otek.com\/tienda\/wp-json\/wp\/v2\/comments?post=17251"}],"wp:featuredmedia":[{"embeddable":true,"href":"https:\/\/h2otek.com\/tienda\/wp-json\/wp\/v2\/media\/5900"}],"wp:attachment":[{"href":"https:\/\/h2otek.com\/tienda\/wp-json\/wp\/v2\/media?parent=17251"}],"wp:term":[{"taxonomy":"pwb-brand","embeddable":true,"href":"https:\/\/h2otek.com\/tienda\/wp-json\/wp\/v2\/pwb-brand?post=17251"},{"taxonomy":"product_brand","embeddable":true,"href":"https:\/\/h2otek.com\/tienda\/wp-json\/wp\/v2\/product_brand?post=17251"},{"taxonomy":"product_cat","embeddable":true,"href":"https:\/\/h2otek.com\/tienda\/wp-json\/wp\/v2\/product_cat?post=17251"},{"taxonomy":"product_tag","embeddable":true,"href":"https:\/\/h2otek.com\/tienda\/wp-json\/wp\/v2\/product_tag?post=17251"}],"curies":[{"name":"wp","href":"https:\/\/api.w.org\/{rel}","templated":true}]}}