{"id":17239,"date":"2021-07-06T21:12:30","date_gmt":"2021-07-06T21:12:30","guid":{"rendered":"https:\/\/h2otek.com\/tienda\/producto\/tanque-de-almacenamiento-80-galones-303-litros-comercial-marca-calorex-mod-st-80-nac\/"},"modified":"2026-01-17T17:33:46","modified_gmt":"2026-01-17T17:33:46","slug":"tanque-de-almacenamiento-80-galones-303-litros-comercial-marca-calorex-mod-st-80-nac","status":"publish","type":"product","link":"https:\/\/h2otek.com\/tienda\/producto\/tanque-de-almacenamiento-80-galones-303-litros-comercial-marca-calorex-mod-st-80-nac\/","title":{"rendered":"TANQUE DE ALMACENAMIENTO 80 GALONES (303 LITROS) COMERCIAL MARCA CALOREX MOD. ST-80 NAC"},"content":{"rendered":"<p style=\"text-align: center;\"><img fetchpriority=\"high\" decoding=\"async\" class=\"alignnone size-full wp-image-33207\" src=\"https:\/\/h2otek.com\/tienda\/wp-content\/uploads\/2021\/07\/header-termotanques-calorex-st-80-nac.jpg\" alt=\"\" width=\"650\" height=\"300\" srcset=\"https:\/\/h2otek.com\/tienda\/wp-content\/uploads\/2021\/07\/header-termotanques-calorex-st-80-nac.jpg 650w, https:\/\/h2otek.com\/tienda\/wp-content\/uploads\/2021\/07\/header-termotanques-calorex-st-80-nac-300x138.jpg 300w, https:\/\/h2otek.com\/tienda\/wp-content\/uploads\/2021\/07\/header-termotanques-calorex-st-80-nac-130x60.jpg 130w, https:\/\/h2otek.com\/tienda\/wp-content\/uploads\/2021\/07\/header-termotanques-calorex-st-80-nac-195x90.jpg 195w, https:\/\/h2otek.com\/tienda\/wp-content\/uploads\/2021\/07\/header-termotanques-calorex-st-80-nac-600x277.jpg 600w\" sizes=\"(max-width: 650px) 100vw, 650px\" \/><\/p>\n<p>&nbsp;<\/p>\n<p style=\"text-align: justify;\"><strong>TANQUE DE ALMACENAMIENTO COMERCIAL<\/strong><em><br \/>\n<\/em><\/p>\n<ul>\n<li>El complemento perfecto para sus sistemas de calentamiento de agua.<\/li>\n<li>Los tanques de almacenamiento son un dep\u00f3sito que ayuda a mantener.<\/li>\n<li>La temperatura del agua caliente que est\u00e1 liberando el sistema de calentamiento en uso.<\/li>\n<\/ul>\n<p><strong>CARACTER\u00cdSTICAS:<\/strong><\/p>\n<p>Tanque porcelanizado de \u00faltima generaci\u00f3n.<br \/>\nCon tecnolog\u00eda Dura-Glas y m\u00faltiple protecci\u00f3n cat\u00f3dica que protegen y alargan la vida del tanque.<\/p>\n<p>Aislamiento t\u00e9rmico de espuma de poliuretano.<br \/>\nDe alta densidad, el cual reduce la p\u00e9rdida de calor.<\/p>\n<p>Brida de acceso al interior del tanque.<br \/>\nPara f\u00e1cil limpieza y mantenimiento, alargando la vida del tanque.<\/p>\n<p>Conexiones para accesorios opcionales.<br \/>\nTermostato, acuastato, v\u00e1lvula de drenado, etc. (no incluidos).<\/p>\n<p>Versatilidad modular escalable.<\/p>\n<p>Instalaci\u00f3n en espacios m\u00ednimos (1 m<sup>2<\/sup>).<\/p>\n<p>PRUEBAS Y CERTIFICACIONES<\/p>\n<p>Los calentadores comerciales Calorex est\u00e1n certificados a una presi\u00f3n de prueba de 21.10 kg\/cm<sup>2<\/sup> y para una presi\u00f3n m\u00e1xima de trabajo de 10.554 kg\/cm<sup>2<\/sup>. El 100% de los tanques son probados hidrost\u00e1ticamente y cumplen normas nacionales e internacionales.<\/p>\n<p>Expande la capacidad de agua caliente,\u00a0 reduciendo los tiempos de recuperaci\u00f3n del sistema de calentamiento de agua.<\/p>\n<p>Conexiones para accesorios opcionales:<\/p>\n<ul>\n<li>Term\u00f3metro, Man\u00f3metro, Acuastato, etc. (no incluidos).<\/li>\n<li>Versatilidad, modular, escalable.<\/li>\n<li>Instalaci\u00f3n en espacios m\u00ednimos (1 m<sup>2<\/sup>)<\/li>\n<\/ul>\n<p><strong><br \/>\nTodos nuestros calentadores comerciales cuentan con:<\/strong><\/p>\n<ul>\n<li>Tanque porcelanizado Dura-Glas<sup>MR <\/sup>para aplicaciones de uso sanitario y procesamiento de alimentos.<\/li>\n<li>M\u00faltiple protecci\u00f3n cat\u00f3dica que protege y alarga la vida del tanque.<\/li>\n<li>Aislamiento t\u00e9rmico de espuma de poliuretano, de alta densidad, el cual minimiza la p\u00e9rdida de calor.<\/li>\n<li>V\u00e1lvula de drenado y brida de acceso al interior del tanque, para f\u00e1cil limpieza y mantenimiento, alargando la vida del calentador.<\/li>\n<li>5 a\u00f1os de garant\u00eda en tanque porcelanizado.<\/li>\n<\/ul>\n<div style=\"text-align: center;\">\n<p><strong><br \/>\nTABLAS DE DIMENSIONES:<\/strong><\/p>\n<p><img decoding=\"async\" src=\"https:\/\/h2otek.com\/tienda\/img\/cms\/aguacaliente\/calorex\/termotanques\/dimensiones-tanque-calorex.jpg\" alt=\"\" width=\"500\" height=\"692\" \/><\/p>\n<p>&nbsp;<\/p>\n<\/div>\n<p style=\"text-align: center;\"><img decoding=\"async\" class=\"alignnone size-full wp-image-33208\" src=\"https:\/\/h2otek.com\/tienda\/wp-content\/uploads\/2021\/07\/especificaciones-termotanques-calorex-ST-80-NAC.gif\" alt=\"\" width=\"700\" height=\"464\" \/><\/p>\n<p>\u00a0Nota: Las dimensiones son aproximadas y no deben ser usadas para proyectar al equipo.<\/p>\n<p>&nbsp;<\/p>\n<div style=\"text-align: left;\"><strong>DESCARGAR MANUALES<\/strong><\/div>\n<div>\n<ul>\n<li><a href=\"https:\/\/h2otek.com\/tienda\/wp-content\/uploads\/2021\/07\/MANUAL-TANQUE-DE-ALMACENAMIENTO.pdf\" target=\"_blank\" rel=\"noopener\"><strong>MANUAL<\/strong><\/a><\/li>\n<li><strong><a href=\"https:\/\/h2otek.com\/tienda\/wp-content\/uploads\/2021\/07\/ESPECIFICACIONES-TANQUE-DE-ALMACENAMIENTO.pdf\" target=\"_blank\" rel=\"noopener\">ESPECIFICACIONES<\/a><\/strong><\/li>\n<\/ul>\n<p>&nbsp;<\/p>\n<p><strong>PRECIO INCLUYE GASTOS DE ENVIO (GRATIS) E IMPUESTO 16% DE IVA<\/strong><\/p>\n<\/div>\n","protected":false},"excerpt":{"rendered":"<p><span style=\"color: #ff0000;\"><strong>PRECIO EN PESOS MEXICANOS.<\/strong><\/span><\/p>\n<p><strong>TANQUE DE ALMACENAMIENTO 80\u00a0GALONES (303\u00a0LITROS)<\/strong><\/p>\n<p><em><span style=\"font-size: small; color: #000000;\"><strong>RECOMENDADO PARA USO COMERCIAL-INDUSTRIAL<\/strong><\/span><\/em><\/p>\n<p style=\"text-align: left; color: #000000;\"><em><span style=\"font-size: small;\"><strong>IDEALES PARA CUALQUIER NECESIDAD DE AGUA CALIENTE, COMO PUEDE SER EN:<\/strong><\/span><\/em><\/p>\n<ul>\n<li style=\"text-align: left; color: #000000;\"><em><span style=\"font-size: small;\"><strong>CASAS<\/strong><\/span><\/em><\/li>\n<li style=\"text-align: left; color: #000000;\"><em><span style=\"font-size: small;\"><strong>RESIDENCIAS<\/strong><\/span><\/em><\/li>\n<li style=\"text-align: left; color: #000000;\"><em><span style=\"font-size: small;\"><strong>DEPARTAMENTOS<\/strong><\/span><\/em><\/li>\n<li style=\"text-align: left; color: #000000;\"><em><span style=\"font-size: small;\"><strong>CONDOMINIOS<\/strong><\/span><\/em><\/li>\n<li style=\"text-align: left; color: #000000;\"><em><span style=\"font-size: small;\"><strong>CASA DE CAMPO<\/strong><\/span><\/em><\/li>\n<li style=\"text-align: left; color: #000000;\"><em><span style=\"font-size: small;\"><strong>PROCESOS INDUSTRIALES<\/strong><\/span><\/em><\/li>\n<li style=\"text-align: left; color: #000000;\"><em><span style=\"font-size: small;\"><strong>REGADERAS EN SERIES<\/strong><\/span><\/em><\/li>\n<li style=\"text-align: left; color: #000000;\"><em><span style=\"font-size: small;\"><strong>QUINTAS<\/strong><\/span><\/em><\/li>\n<li style=\"text-align: left; color: #000000;\"><em><span style=\"font-size: small;\"><strong>LABORATORIOS<\/strong><\/span><\/em><\/li>\n<li style=\"text-align: left; color: #000000;\"><em><span style=\"font-size: small;\"><strong>MOTELES<\/strong><\/span><\/em><\/li>\n<li style=\"text-align: left; color: #000000;\"><em><span style=\"font-size: small;\"><strong>HOTELES<\/strong><\/span><\/em><\/li>\n<li style=\"text-align: left; color: #000000;\"><em><span style=\"font-size: small;\"><strong>GIMNASIOS<\/strong><\/span><\/em><\/li>\n<li style=\"text-align: left; color: #000000;\"><em><span style=\"font-size: small;\"><strong>ALMACENES<\/strong><\/span><\/em><\/li>\n<li style=\"text-align: left; color: #000000;\"><em><span style=\"font-size: small;\"><strong>ETC.<\/strong><\/span><\/em><\/li>\n<\/ul>\n","protected":false},"featured_media":33205,"comment_status":"closed","ping_status":"closed","template":"","meta":[],"pwb-brand":[],"product_brand":[],"product_cat":[389],"product_tag":[],"class_list":{"0":"post-17239","1":"product","2":"type-product","3":"status-publish","4":"has-post-thumbnail","6":"product_cat-calorex","8":"first","9":"onbackorder","10":"purchasable","11":"product-type-simple"},"brands":[],"_links":{"self":[{"href":"https:\/\/h2otek.com\/tienda\/wp-json\/wp\/v2\/product\/17239","targetHints":{"allow":["GET"]}}],"collection":[{"href":"https:\/\/h2otek.com\/tienda\/wp-json\/wp\/v2\/product"}],"about":[{"href":"https:\/\/h2otek.com\/tienda\/wp-json\/wp\/v2\/types\/product"}],"replies":[{"embeddable":true,"href":"https:\/\/h2otek.com\/tienda\/wp-json\/wp\/v2\/comments?post=17239"}],"wp:featuredmedia":[{"embeddable":true,"href":"https:\/\/h2otek.com\/tienda\/wp-json\/wp\/v2\/media\/33205"}],"wp:attachment":[{"href":"https:\/\/h2otek.com\/tienda\/wp-json\/wp\/v2\/media?parent=17239"}],"wp:term":[{"taxonomy":"pwb-brand","embeddable":true,"href":"https:\/\/h2otek.com\/tienda\/wp-json\/wp\/v2\/pwb-brand?post=17239"},{"taxonomy":"product_brand","embeddable":true,"href":"https:\/\/h2otek.com\/tienda\/wp-json\/wp\/v2\/product_brand?post=17239"},{"taxonomy":"product_cat","embeddable":true,"href":"https:\/\/h2otek.com\/tienda\/wp-json\/wp\/v2\/product_cat?post=17239"},{"taxonomy":"product_tag","embeddable":true,"href":"https:\/\/h2otek.com\/tienda\/wp-json\/wp\/v2\/product_tag?post=17239"}],"curies":[{"name":"wp","href":"https:\/\/api.w.org\/{rel}","templated":true}]}}