{"id":17233,"date":"2021-07-06T21:12:30","date_gmt":"2021-07-06T21:12:30","guid":{"rendered":"https:\/\/h2otek.com\/tienda\/producto\/calentador-de-agua-boiler-deposito-electrico-cap-62-litros-120-volts-vattium-calorex-mod-e-15\/"},"modified":"2025-02-22T19:07:10","modified_gmt":"2025-02-22T19:07:10","slug":"calentador-de-agua-boiler-deposito-electrico-cap-62-litros-120-volts-vattium-calorex-mod-e-15","status":"publish","type":"product","link":"https:\/\/h2otek.com\/tienda\/producto\/calentador-de-agua-boiler-deposito-electrico-cap-62-litros-120-volts-vattium-calorex-mod-e-15\/","title":{"rendered":"CALENTADOR DE AGUA &#8211; BOILER DEP\u00d3SITO EL\u00c9CTRICO CAP. 62 LITROS 120 VOLTS VATTIUM CALOREX MOD. E-15"},"content":{"rendered":"<p align=\"center\"><img fetchpriority=\"high\" decoding=\"async\" src=\"https:\/\/h2otek.com\/tienda\/img\/cms\/aguacaliente\/calorex\/vattium\/header-calentadores-deposito-electrico-vattium-calorex-E15-120V.jpg\" width=\"650\" height=\"344\" alt=\"header-calentadores-deposito-electrico-v\" \/><\/p>\n<h3 style=\"text-align:center;\"><strong><br \/><\/strong>Innovaci\u00f3n, Confort y Ahorro. La mejor experiencia en confort y ahorro de energ\u00eda. <br \/>Disfruta de <span>m\u00e1s agua caliente\u00a0<\/span>con la temperatura ideal, ahorrando m\u00e1s.<\/h3>\n<h3 style=\"text-align:center;\"><\/h3>\n<div><span>Calorex siempre pensando en ti\u2026\u00a0<\/span>Decidimos evolucionar nuestro calentador de agua el\u00e9ctrico brindando ahora un mayor confort y ahorro.<\/p>\n<\/div>\n<div><span>En el nuevo Calorex El\u00e9ctrico, incorporamos elementos que\u00a0<\/span>facilitan su uso, ahorran m\u00e1s energ\u00eda y mejoran su dise\u00f1o.<\/div>\n<div><span>Todo ello, convierte al nuevo Calorex El\u00e9ctrico como el mejor\u00a0<\/span>producto en su categor\u00eda.<\/div>\n<h3>\u00a0<\/h3>\n<table style=\"width:100%;\" border=\"0\" cellspacing=\"4\" cellpadding=\"2\">\n<tbody>\n<tr>\n<td><img decoding=\"async\" src=\"https:\/\/h2otek.com\/tienda\/img\/cms\/aguacaliente\/calorex\/vattium\/icon-regadera.png\" alt=\"\" width=\"60\" height=\"60\" \/><\/td>\n<td>\n<div><span>Exclusiva tecnolog\u00eda <\/span><strong>XTRA WATER\u00a0<\/strong>que <strong>brinda hasta 17% m\u00e1s agua\u00a0caliente* <\/strong><span>para un mayor confort.<\/span><\/div>\n<\/td>\n<\/tr>\n<tr>\n<td><img decoding=\"async\" src=\"https:\/\/h2otek.com\/tienda\/img\/cms\/aguacaliente\/calorex\/vattium\/icon-temperatura.png\" alt=\"\" width=\"60\" height=\"60\" \/><\/td>\n<td>\n<div><span><strong>Ahora con un pr\u00e1ctico contro<\/strong>l <\/span><span>para\u00a0<\/span>que elijas el nivel de temperatura. Con LED indicador de encendido.<\/div>\n<\/td>\n<\/tr>\n<tr>\n<td><img loading=\"lazy\" decoding=\"async\" src=\"https:\/\/h2otek.com\/tienda\/img\/cms\/aguacaliente\/calorex\/vattium\/icon-ahorro.png\" alt=\"\" width=\"60\" height=\"60\" \/><\/td>\n<td>\n<div><span><strong>Mayor ahorro<\/strong>, <\/span><span>elige la temperatura\u00a0<\/span>y consume solo la energ\u00eda necesaria.<\/div>\n<\/td>\n<\/tr>\n<tr>\n<td><img loading=\"lazy\" decoding=\"async\" src=\"https:\/\/h2otek.com\/tienda\/img\/cms\/aguacaliente\/calorex\/vattium\/icon-greenfoam.png\" alt=\"\" width=\"60\" height=\"60\" \/><\/td>\n<td>\n<div><span><strong>Green Foam, aislante t\u00e9rmico<\/strong> <\/span><span>exclusivo\u00a0<\/span>que conserva el agua caliente hasta 40% m\u00e1s tiempo, ahorrando la energ\u00eda consumida por reencendidas.**<\/div>\n<\/td>\n<\/tr>\n<tr>\n<td><img loading=\"lazy\" decoding=\"async\" src=\"https:\/\/h2otek.com\/tienda\/img\/cms\/aguacaliente\/calorex\/vattium\/icon-instalacion.png\" alt=\"\" width=\"60\" height=\"60\" \/><\/td>\n<td>\n<div><strong>Vers\u00e1til para instalar en cualquier\u00a0espacio<\/strong>. Ideal para lugares con <strong>restricciones de gas y ventilaci\u00f3n.<\/strong><\/div>\n<\/td>\n<\/tr>\n<\/tbody>\n<\/table>\n<p>* Dependiendo el modelo y los h\u00e1bitos de uso.<br \/>** Comparado con calentadores que usan fibra de vidrio.<\/p>\n<div style=\"text-align:justify;\"><span>La Nueva tecnolog\u00eda patentada XTRA WATER\u00a0<\/span>incorporada a lo calentadores el\u00e9ctricos, brinda\u00a0<span>hasta un 17% m\u00e1s agua caliente en cada ba\u00f1o<\/span><span>.<\/p>\n<p><\/span><\/div>\n<div style=\"text-align:justify;\"><span>A trav\u00e9s de su sistema con deflector, el agua fr\u00eda\u00a0<\/span>que entra al calentador se mantiene en el fondo del tanque, para que \u00e9sta no se mezcle con el agua caliente almacenada.<\/p>\n<\/div>\n<div><strong>Disfruta de m\u00e1s agua caliente a la\u00a0temperatura ideal, ahorrando m\u00e1s.<\/strong><\/div>\n<p><\/p>\n<p style=\"text-align:center;\"><strong><img loading=\"lazy\" decoding=\"async\" src=\"https:\/\/h2otek.com\/tienda\/img\/cms\/aguacaliente\/calorex\/vattium\/ahorro-calentadores-deposito-electrico-vattium-calorex.jpg\" alt=\"\" width=\"600\" height=\"596\" \/><\/p>\n<p><\/strong><\/p>\n<div><span><span><br \/><\/span><\/span><\/p>\n<div><strong>PR\u00c1CTICO PANEL DE CONTROL<\/strong><\/div>\n<p><span><br \/>Ahora es m\u00e1s f\u00e1cil elegir tu temperatura ideal<br \/><\/span>El Nuevo Calorex Vattium incorpora un pr\u00e1ctico control de temperatura que tiene tres niveles para que tengas ba\u00f1os m\u00e1s confortables.<\/div>\n<p style=\"text-align:center;\"><strong><img loading=\"lazy\" decoding=\"async\" src=\"https:\/\/h2otek.com\/tienda\/img\/cms\/aguacaliente\/calorex\/vattium\/control-temp-calentadores-deposito-electrico-vattium-calorex.jpg\" alt=\"\" width=\"700\" height=\"251\" \/><\/p>\n<p><\/strong><\/p>\n<div><span><strong>AISLANTE GREEN FOAM<\/strong><\/p>\n<p> <\/span><\/div>\n<div><span>Calorex <\/span><span>contribuyendo al ahorro de energ\u00eda y cuidado del\u00a0<\/span>medio ambiente, incorpor\u00f3 el exclusivo aislante t\u00e9rmico\u00a0<span>eco-amigable Green Foam, <\/span><span>el cual <\/span><span>NO da\u00f1a la capa de\u00a0<\/span><span>ozono, ni genera gases contaminantes <\/span><span>cuando termina\u00a0<\/span>la vida \u00fatil del calentador e inicia su degradaci\u00f3n.<\/p>\n<\/div>\n<div><span>Con Green Foam tenemos grandes beneficios:<br \/> <\/span><\/div>\n<div>\n<ul>\n<li>Conserva por m\u00e1s tiempo la temperatura<\/li>\n<li>Ahorro de energ\u00eda por re-encendidas.<\/li>\n<li>Menor impacto al medio ambiente reduciendo las emisiones de CO<span>2<\/span><\/li>\n<\/ul>\n<\/div>\n<p style=\"text-align:center;\"><strong><\/p>\n<p><img loading=\"lazy\" decoding=\"async\" src=\"https:\/\/h2otek.com\/tienda\/img\/cms\/aguacaliente\/calorex\/vattium\/green-foam-calentadores-deposito-electrico-vattium-calorex.jpg\" alt=\"\" width=\"600\" height=\"536\" \/><\/p>\n<p><img loading=\"lazy\" decoding=\"async\" src=\"https:\/\/h2otek.com\/tienda\/img\/cms\/aguacaliente\/calorex\/vattium\/xtrawater-calentadores-deposito-electrico-vattium-calorex.jpg\" alt=\"\" width=\"700\" height=\"615\" \/><\/p>\n<p><\/strong><\/p>\n<div><span><strong>Mayor durabilidad, seguridad y versatilidad.<\/strong><\/p>\n<p> <\/span><\/div>\n<div>\n<ul>\n<li><span><strong>DURA GLAS<\/strong>, <\/span><span>porcelanizado exclusivo de Calorex de alta durabilidad que\u00a0<\/span>protege al tanque contra la corrosi\u00f3n, alargando la vida del calentador.\n<\/li>\n<li><strong>SEGURIDAD TOTAL<\/strong><span>, <\/span><span>sistema autom\u00e1tico de bloqueo que evita el\u00a0<\/span>sobrecalentamiento del calentador.\n<\/li>\n<li><span><strong>\u00a1VERSATILIDAD!<\/strong>, <\/span><span>ideal para instalarlo en lugares con restricciones de uso\u00a0<\/span>de gas o con poca ventilaci\u00f3n.\n<\/li>\n<li><span><strong>EL PORTAFOLIO M\u00c1S COMPLETO<\/strong>, <\/span><span>Amplia gama de productos para\u00a0<\/span>abastecer desde 1 hasta 6 regaderas, un producto para cada necesidad.<\/li>\n<\/ul>\n<\/div>\n<p style=\"text-align:center;\"><strong><\/p>\n<p>TABLA DE ESPECIFICACIONES:<\/strong><\/p>\n<p align=\"center\"><img loading=\"lazy\" decoding=\"async\" src=\"https:\/\/h2otek.com\/tienda\/img\/cms\/aguacaliente\/calorex\/vattium\/especificaciones-calentadores-deposito-electrico-vattium-calorex-E15.gif\" width=\"576\" height=\"522\" alt=\"especificaciones-calentadores-deposito-e\" \/><\/p>\n<p><\/p>\n<p align=\"center\">\u00a0<\/p>\n<p align=\"center\">\u00a0<\/p>\n<p align=\"center\">\u00a0<img loading=\"lazy\" decoding=\"async\" src=\"https:\/\/h2otek.com\/tienda\/img\/cms\/aguacaliente\/calorex\/vattium\/garantia-calentadores-deposito-electrico-vattium-calorex.jpg\" alt=\"\" width=\"700\" height=\"129\" \/><\/p>\n<p><\/p>\n<div><span>* 1 servicio equivale a una regadera de 5 L\/min; <\/span><span>\u00bd<\/span><span> servicio equivale a un lavabo de 3 L\/min. <\/span><\/div>\n<div><span>Una tina equivale a 150 L. Se recomienda instalar el calentador lo m\u00e1s cerca de la regadera. Las medidas son nominales. <\/span><\/div>\n<div><span>** La garant\u00eda de 7 a\u00f1os aplicar\u00e1 siempre y cuando el producto se haya registrado debidamente llamando al 800 225 67 39 dentro de los\u00a0<\/span>90 d\u00edas posteriores a la compra, de lo contrario, la garant\u00eda ser\u00e1 de 6 a\u00f1os. La garant\u00eda en piezas y partes el\u00e9ctricas es de 1 a\u00f1o. La garant\u00eda no es acumulable con otras promociones de garant\u00eda extendida. La garant\u00eda es v\u00e1lida solo dentro de la Rep\u00fablica Mexicana. La garant\u00eda del producto en otros pa\u00edses ser\u00e1 de 1 a\u00f1o.<\/div>\n<div><span>Las im\u00e1genes publicadas en este material son meramente ilustrativas y pueden diferir ligeramente del producto final.<\/span><\/div>\n<p>\u00a0<\/p>\n<p>\u00a0<\/p>\n<p><\/p>\n<p><span style=\"color:#4a4a4a;\"><strong>DESCARGAR MANUALES:<\/strong><\/span><\/p>\n<ul>\n<li><strong><a href=\"https:\/\/h2otek.com\/tienda\/img\/cms\/aguacaliente\/calorex\/vattium\/FICHA%20TECNICA%20EQUIPOS%20DEPOSITO%20ELECTRICO%20CALOREX%20VATTIUM.pdf\" target=\"_blank\" rel=\"noopener\">FICHA T\u00c9CNICA<\/a><\/strong><\/li>\n<li><strong><a href=\"https:\/\/h2otek.com\/tienda\/img\/cms\/aguacaliente\/calorex\/vattium\/FOLLETO%20CALENTADORES%20DEPOSITO%20ELECTRICO%20CALOREX%20VATTIUM.pdf\" target=\"_blank\" rel=\"noopener\">FOLLETO<\/a><\/strong><\/li>\n<\/ul>\n","protected":false},"excerpt":{"rendered":"<h3 style=\"text-align:left;\"><\/h3>\n<h1><span style=\"color:#d0121a;font-size:12pt;\"><strong>PRECIO\u00a0EN PESOS MEXICANOS.<br \/>PRECIO INCLUYE 16 % DE I.V.A.<br \/>PRECIO INCLUYE ENVIO (ZONA CENTRO).<\/strong><\/span><\/h1>\n<h3 style=\"text-align:left;\"><span style=\"color:#ac0000;\"><br \/>Servicios Simult\u00e1neos:\u00a0<br \/>1 1\/2 SERVICIO<\/span><br \/><\/h3>\n<h5 style=\"text-align:left;\"><span style=\"color:#ac0000;\"><img loading=\"lazy\" decoding=\"async\" width=\"52\" height=\"50\" alt=\"\" src=\"https:\/\/h2otek.com\/tienda\/img\/cms\/aguacaliente\/calorex\/depaso\/icS-regaderaCX.png\" \/><span style=\"color:#000000;\">\u00a0 1 Servicio = 1 regadera de 5 L\/min<\/span><\/span><br \/><\/h5>\n<h5><span style=\"color:#ac0000;\"><span style=\"color:#000000;\"><img loading=\"lazy\" decoding=\"async\" width=\"52\" height=\"50\" alt=\"\" src=\"https:\/\/h2otek.com\/tienda\/img\/cms\/aguacaliente\/calorex\/depaso\/icS-lavamanosCX.png\" \/>\u00a0 \u00bd Servicio = 1 lavabo de 3 L\/min<\/span><\/p>\n<p>\u00a0 \u00a0 \u00a0\u00a0<br \/><\/span><\/h5>\n<h1 style=\"text-align:left;\"><em><strong><span style=\"font-size:small;\">APLICACIONES M\u00c1S\u00a0 COMUNES:<\/span><\/strong><\/em><br \/><\/h1>\n<ul>\n<li style=\"text-align:left;\"><strong><em><span style=\"font-size:small;\">CASAS<\/span><\/em><\/strong><\/li>\n<li style=\"text-align:left;\"><strong><em><span style=\"font-size:small;\">RESIDENCIAS<\/span><\/em><\/strong><\/li>\n<li style=\"text-align:left;\"><strong><em><span style=\"font-size:small;\">DEPARTAMENTOS<\/span><\/em><\/strong><\/li>\n<li style=\"text-align:left;\"><strong><em><span style=\"font-size:small;\">CONDOMINIOS, ETC.<\/span><\/em><\/strong><\/li>\n<\/ul>\n<p>\u00a0<\/p>\n","protected":false},"featured_media":14632,"comment_status":"closed","ping_status":"closed","template":"","meta":[],"pwb-brand":[],"product_brand":[],"product_cat":[391],"product_tag":[],"class_list":{"0":"post-17233","1":"product","2":"type-product","3":"status-publish","4":"has-post-thumbnail","6":"product_cat-voltaje-120-v-boilers-calentadores-de-agua","8":"first","9":"onbackorder","10":"purchasable","11":"product-type-simple"},"brands":[],"_links":{"self":[{"href":"https:\/\/h2otek.com\/tienda\/wp-json\/wp\/v2\/product\/17233","targetHints":{"allow":["GET"]}}],"collection":[{"href":"https:\/\/h2otek.com\/tienda\/wp-json\/wp\/v2\/product"}],"about":[{"href":"https:\/\/h2otek.com\/tienda\/wp-json\/wp\/v2\/types\/product"}],"replies":[{"embeddable":true,"href":"https:\/\/h2otek.com\/tienda\/wp-json\/wp\/v2\/comments?post=17233"}],"wp:featuredmedia":[{"embeddable":true,"href":"https:\/\/h2otek.com\/tienda\/wp-json\/wp\/v2\/media\/14632"}],"wp:attachment":[{"href":"https:\/\/h2otek.com\/tienda\/wp-json\/wp\/v2\/media?parent=17233"}],"wp:term":[{"taxonomy":"pwb-brand","embeddable":true,"href":"https:\/\/h2otek.com\/tienda\/wp-json\/wp\/v2\/pwb-brand?post=17233"},{"taxonomy":"product_brand","embeddable":true,"href":"https:\/\/h2otek.com\/tienda\/wp-json\/wp\/v2\/product_brand?post=17233"},{"taxonomy":"product_cat","embeddable":true,"href":"https:\/\/h2otek.com\/tienda\/wp-json\/wp\/v2\/product_cat?post=17233"},{"taxonomy":"product_tag","embeddable":true,"href":"https:\/\/h2otek.com\/tienda\/wp-json\/wp\/v2\/product_tag?post=17233"}],"curies":[{"name":"wp","href":"https:\/\/api.w.org\/{rel}","templated":true}]}}