{"id":17194,"date":"2021-07-06T21:12:20","date_gmt":"2021-07-06T21:12:20","guid":{"rendered":"https:\/\/h2otek.com\/tienda\/producto\/kit-de-nebulizacion-1000-psi-30-pies-de-nylon-con-bomba-de-accionamiento-directo-cerrado-marca-aeromist-modelo-10530-e\/"},"modified":"2024-03-25T19:12:18","modified_gmt":"2024-03-25T19:12:18","slug":"kit-de-nebulizacion-1000-psi-30-pies-de-nylon-con-bomba-de-accionamiento-directo-cerrado-marca-aeromist-modelo-10530-e","status":"publish","type":"product","link":"https:\/\/h2otek.com\/tienda\/producto\/kit-de-nebulizacion-1000-psi-30-pies-de-nylon-con-bomba-de-accionamiento-directo-cerrado-marca-aeromist-modelo-10530-e\/","title":{"rendered":"KIT DE NEBULIZACI\u00d3N 1000 PSI 30 PIES DE NYLON CON BOMBA DE ACCIONAMIENTO DIRECTO CERRADO MARCA AEROMIST\u00ae MODELO 10530-E"},"content":{"rendered":"<p style=\"text-align:center;\"><img fetchpriority=\"high\" decoding=\"async\" src=\"https:\/\/h2otek.com\/tienda\/img\/cms\/controlhumedad\/aeromist\/1000psi-misting-kit\/nylon\/header-aeromist-kit-nebulizacion-nylon-10530-E.jpg\" alt=\"\" width=\"650\" height=\"300\" \/><\/p>\n<p style=\"text-align:justify;\">\u00a0<\/p>\n<p style=\"text-align:justify;\"><strong>DESCRIPCI\u00d3N GENERAL DEL PRODUCTO:<\/strong><\/p>\n<p style=\"text-align:justify;\">Las bombas incluidas se actualizan para tener filtros de 5 y 1 micr\u00f3n para agregar un filtrado adicional para mantener las boquillas limpias de escombros. Las bombas tambi\u00e9n est\u00e1n equipadas con una l\u00e1mina de amortiguaci\u00f3n de sonido para reducir el nivel de ruido de la bomba aproximadamente 10 dB sobre nuestros modelos de accionamiento directo. Nuestras bombas de nebulizaci\u00f3n est\u00e1n dise\u00f1adas para funcionar a 1000 PSI. Las bombas de 110V tienen un enchufe est\u00e1ndar para el tomacorriente de su hogar y el adaptador de manguera de jard\u00edn para adaptarse a su espiga exterior para el suministro de agua. Utilizamos un accesorio de compresi\u00f3n de 3\/8&#8243; en la salida de la bomba para conectarlo a la tuber\u00eda de nylon de alta presi\u00f3n.<\/p>\n<p>Este kit incluye: bomba de accionamiento directo de 1000 PSI, elementos de filtro de 5 y 1 micra, tubo de nylon precortado de 24&#8243; de di\u00e1metro externo de 3\/8\u201d, l\u00ednea de alimentaci\u00f3n de nylon marr\u00f3n de alta presi\u00f3n, accesorios de bloqueo deslizante, boquillas antigoteo chapadas en Ni y kits de abrazaderas .<\/p>\n<p><strong>Beneficios del filtro de escala<\/strong> (sku: 57011X)<br \/>El filtro de escala inhibe efectivamente la formaci\u00f3n de escamas de carbonato de calcio para mantener sus boquillas limpias por m\u00e1s tiempo. El filtro de escala reemplaza el filtro est\u00e1ndar de 1 micra en su bomba; minimizar el mantenimiento de la boquilla; disfrute de su sistema de nebulizaci\u00f3n sin problemas.<\/p>\n<p><strong>Beneficios del interruptor LP<\/strong> (sku: 66400K)<br \/>El interruptor de baja presi\u00f3n protege su bomba de 1000 psi de da\u00f1os si el suministro de agua se cierra accidentalmente. El interruptor evita que la bomba se encienda, lo que evita que la bomba se sobrecaliente y da\u00f1e los sellos internos.<\/p>\n<p><\/p>\n<p><span style=\"font-weight:bold;text-align:justify;\">KIT INCLUYE:<\/span><\/p>\n<p><\/p>\n<table cellpadding=\"4\">\n<thead>\n<tr>\n<th>Cantidad<\/th>\n<th>SKU<\/th>\n<th>Descripci\u00f3n<\/th>\n<\/tr>\n<\/thead>\n<tbody>\n<tr>\n<td style=\"text-align:center;\">1<\/td>\n<td>60050KH<\/td>\n<td>Bomba de nebulizaci\u00f3n cerrada 1000 PSI .5 GPM<\/td>\n<\/tr>\n<tr>\n<td style=\"text-align:center;\">1<\/td>\n<td>56401-1<\/td>\n<td>Tubo de nylon marr\u00f3n, rollo de 50 pies, di\u00e1metro exterior de 3\/8&#8243;<\/td>\n<\/tr>\n<tr>\n<td style=\"text-align:center;\">14<\/td>\n<td><span>56403<\/span><\/td>\n<td>Tubo de nylon 24\u201d 3\/8&#8243; OD<\/td>\n<\/tr>\n<tr>\n<td style=\"text-align:center;\">15<\/td>\n<td><span>52375<\/span><\/td>\n<td>Uni\u00f3n de boquilla de bloqueo de empuje de 3\/8&#8243;<\/td>\n<\/tr>\n<tr>\n<td style=\"text-align:center;\">15<\/td>\n<td><span>51423-N<\/span><\/td>\n<td>Boquilla antigoteo serie .012<\/td>\n<\/tr>\n<tr>\n<td style=\"text-align:center;\">3<\/td>\n<td><span>52376<\/span><\/td>\n<td>Codo de bloqueo de empuje de 3\/8&#8243;<\/td>\n<\/tr>\n<tr>\n<td style=\"text-align:center;\">1<\/td>\n<td><span>52377<\/span><\/td>\n<td>Soporte de bloqueo de empuje de 3\/8&#8243;<\/td>\n<\/tr>\n<tr>\n<td style=\"text-align:center;\">2<\/td>\n<td><span>52379<\/span><\/td>\n<td>Tap\u00f3n de cierre de 3\/8&#8243;<\/td>\n<\/tr>\n<tr>\n<td style=\"text-align:center;\">1<\/td>\n<td><span>65186<\/span><\/td>\n<td>Mini cortatubos<\/td>\n<\/tr>\n<tr>\n<td style=\"text-align:center;\">25<\/td>\n<td><span>56375<\/span><\/td>\n<td>Abrazadera de goma<\/td>\n<\/tr>\n<tr>\n<td style=\"text-align:center;\">25<\/td>\n<td><span>52602<\/span><\/td>\n<td>Tornillo<\/td>\n<\/tr>\n<tr>\n<td style=\"text-align:center;\">25<\/td>\n<td><span><span>52603<\/span><\/span><\/td>\n<td>Ancla de pl\u00e1stico<\/td>\n<\/tr>\n<\/tbody>\n<\/table>\n<p style=\"text-align:center;\">\n<p>\u00a0<\/p>\n<p><em>12 MESES DE GARANT\u00cdA BAJO CUALQUIER DEFECTO DE FABRICACI\u00d3N (EN LA BOMBA)<\/em><\/p>\n<p style=\"text-align:center;\"><span style=\"color:#4a4a4a;\">\u00a0<\/span><\/p>\n<p><span style=\"color:#4a4a4a;\"><strong>DESCARGAR MANUALES:<\/strong><\/span><\/p>\n<ul>\n<li><strong><span style=\"color:#0000ff;\"><a href=\"http:\/\/www.h2otek.com\/tienda\/pdf\/controlhumedad\/CATALOGO%20PRODUCTOS%20AEROMIST.pdf\" target=\"_blank\" rel=\"noopener\">CAT\u00c1LOGO PRODUCTOS AEROMIST\u00ae<\/a><\/span><\/strong><\/li>\n<li><strong><span style=\"color:#0000ff;\"><a href=\"http:\/\/www.h2otek.com\/tienda\/pdf\/controlhumedad\/MANUAL%20DEL%20USUARIO%20PRODUCTOS%20AEROMIST.pdf\" target=\"_blank\" rel=\"noopener\">MANUAL DEL USUARIO PRODUCTOS AEROMIST\u00ae<\/a><\/span><\/strong><\/li>\n<\/ul>\n<p>\u00a0<\/p>\n<p>\u00a0<\/p>\n<p>\u00a0<\/p>\n<p><\/p>\n","protected":false},"excerpt":{"rendered":"<p><span style=\"color: #ff0000; font-size: 12pt;\"><strong>PRECIO\u00a0EN\u00a0D\u00d3LARES US.<br \/>PRECIO INCLUYE 16 % DE I.V.A.<br \/>PRECIO INCLUYE ENVIO (ZONA CENTRO).<\/strong><\/span><\/p>\n<p><strong><em>HUMIDIFICADORES IDEALES PARA:<\/em><\/strong><\/p>\n<ul>\n<li><em><strong>PATIOS<\/strong><\/em><\/li>\n<li><em><strong>JARDINES<\/strong><\/em><\/li>\n<li><em><strong>ESPACIOS SOCIALES<\/strong><\/em><\/li>\n<li><em><strong>ALMACENES<\/strong><\/em><\/li>\n<li><em><strong>PROCESOS<\/strong><\/em><\/li>\n<li><em><strong>LABORATORIOS<\/strong><\/em><\/li>\n<li><em><strong>CUARTOS DE PRUEBA<\/strong><\/em><\/li>\n<li><em><strong>COMERCIOS<\/strong><\/em><\/li>\n<li><em><strong>RESTAURANTES<\/strong><\/em><\/li>\n<li><em><strong>TERRAZAS<\/strong><\/em><\/li>\n<li><em><strong>INDUSTRIA EN GENERAL,\u00a0ETC.<\/strong><\/em><\/li>\n<\/ul>\n","protected":false},"featured_media":3870,"comment_status":"closed","ping_status":"closed","template":"","meta":[],"pwb-brand":[],"product_brand":[],"product_cat":[362,922,927],"product_tag":[],"class_list":{"0":"post-17194","1":"product","2":"type-product","3":"status-publish","4":"has-post-thumbnail","6":"product_cat-control-de-humedad-humidificadores-deshumidificadores","7":"product_cat-kits-bomba-y-boquillas","8":"product_cat-kits-de-nebulizacion-1000-psi-de-nylon-climas-secos-kits-de-nebulizacion-1000-psi-kits-bomba-manguera-y-boquillas-domestico-industrial-por-boquillas-por-aplicacion","10":"first","11":"outofstock","12":"purchasable","13":"product-type-simple"},"brands":[],"_links":{"self":[{"href":"https:\/\/h2otek.com\/tienda\/wp-json\/wp\/v2\/product\/17194","targetHints":{"allow":["GET"]}}],"collection":[{"href":"https:\/\/h2otek.com\/tienda\/wp-json\/wp\/v2\/product"}],"about":[{"href":"https:\/\/h2otek.com\/tienda\/wp-json\/wp\/v2\/types\/product"}],"replies":[{"embeddable":true,"href":"https:\/\/h2otek.com\/tienda\/wp-json\/wp\/v2\/comments?post=17194"}],"wp:featuredmedia":[{"embeddable":true,"href":"https:\/\/h2otek.com\/tienda\/wp-json\/wp\/v2\/media\/3870"}],"wp:attachment":[{"href":"https:\/\/h2otek.com\/tienda\/wp-json\/wp\/v2\/media?parent=17194"}],"wp:term":[{"taxonomy":"pwb-brand","embeddable":true,"href":"https:\/\/h2otek.com\/tienda\/wp-json\/wp\/v2\/pwb-brand?post=17194"},{"taxonomy":"product_brand","embeddable":true,"href":"https:\/\/h2otek.com\/tienda\/wp-json\/wp\/v2\/product_brand?post=17194"},{"taxonomy":"product_cat","embeddable":true,"href":"https:\/\/h2otek.com\/tienda\/wp-json\/wp\/v2\/product_cat?post=17194"},{"taxonomy":"product_tag","embeddable":true,"href":"https:\/\/h2otek.com\/tienda\/wp-json\/wp\/v2\/product_tag?post=17194"}],"curies":[{"name":"wp","href":"https:\/\/api.w.org\/{rel}","templated":true}]}}