{"id":32525,"date":"2025-07-24T00:10:42","date_gmt":"2025-07-24T00:10:42","guid":{"rendered":"https:\/\/h2otek.com\/tienda\/?page_id=32525"},"modified":"2025-10-02T23:44:24","modified_gmt":"2025-10-02T23:44:24","slug":"humidificador-ultrasonico","status":"publish","type":"page","link":"https:\/\/h2otek.com\/tienda\/humidificador-ultrasonico\/","title":{"rendered":"Humidificador ultras\u00f3nico"},"content":{"rendered":"<p>El <strong>humidificador ultras\u00f3nico<\/strong> es un dispositivo que se encarga de usar el agua para producir vapor fr\u00edo. Se le conoce como un instrumento que se enfoca en regular la humedad que se encuentra en el ambiente. Esto, con el prop\u00f3sito de evitar afecciones o mejorar las condiciones de una habitaci\u00f3n. As\u00ed como pasa con otro tipo de humidificadores, este cuenta con diversas ventajas y es importante conocerlas para analizar y determinar qu\u00e9 equipo es el que mejor se adapta a las necesidades y, as\u00ed, conseguir la calidad en los espacios.<\/p>\n<h2>\u00bfPor qu\u00e9 necesitan un humidificador ultras\u00f3nico?<\/h2>\n<p>Seleccionar entre humidificadores o deshumidificadores depender\u00e1, exclusivamente, de los requerimientos de cada persona que desee conservar niveles de humedad controlados. Quienes est\u00e1n interesados en adquirir este tipo de dispositivos\u00a0tienen presente ciertos valores, dado que lo indispensable es conseguir la satisfacci\u00f3n de las necesidades personales. Con relaci\u00f3n a ello, dentro de los principales elementos que se deben considerar, se encuentran el costo y los niveles de ruido, porque lo que menos se desea es escuchar un equipo durante todo el d\u00eda.<\/p>\n<p>Por otro lado, es importante tener presente la acumulaci\u00f3n de polvo, minerales y bacterias en el equipo. Esto debido a que, con el paso del tiempo, es posible que se convierta en un dispositivo poco beneficioso. Adem\u00e1s de ello, se debe considerar la apariencia, ya que debe ser est\u00e9tico y acorde a la habitaci\u00f3n donde se desea incorporar.<\/p>\n<p>En este sentido, los humidificadores ultras\u00f3nicos son equipos de gran popularidad en este mercado, porque son aparatos muy vers\u00e1tiles, eficientes y que tienen un mayor costo-beneficio. Tambi\u00e9n destacan por su f\u00e1cil manejo.<\/p>\n<p><img fetchpriority=\"high\" decoding=\"async\" class=\"aligncenter size-full wp-image-29344\" src=\"https:\/\/h2otek.com\/tienda\/wp-content\/uploads\/2023\/06\/dimensiones-humidificador-ultrasonico-HULTRAMX12-3L-02.jpg\" alt=\"humidificador ultras\u00f3nico\" width=\"765\" height=\"471\" srcset=\"https:\/\/h2otek.com\/tienda\/wp-content\/uploads\/2023\/06\/dimensiones-humidificador-ultrasonico-HULTRAMX12-3L-02.jpg 765w, https:\/\/h2otek.com\/tienda\/wp-content\/uploads\/2023\/06\/dimensiones-humidificador-ultrasonico-HULTRAMX12-3L-02-300x185.jpg 300w, https:\/\/h2otek.com\/tienda\/wp-content\/uploads\/2023\/06\/dimensiones-humidificador-ultrasonico-HULTRAMX12-3L-02-600x369.jpg 600w\" sizes=\"(max-width: 765px) 100vw, 765px\" \/><\/p>\n<h2>\u00bfC\u00f3mo funciona el humidificador ultras\u00f3nico?<\/h2>\n<p>Este humidificador tiene una peque\u00f1a placa de metal, la cual se encarga de vibrar a una frecuencia ultras\u00f3nica, que es inaudible en el caso de los seres humanos. Adem\u00e1s, son dispositivos que se caracterizan por eliminar la suciedad de la superficie. De igual manera, se encargan de separar las part\u00edculas de agua del dep\u00f3sito integrado del equipo en un vapor fr\u00edo.<\/p>\n<p>Son modelos que se destacan por emitir una niebla muy fina en la habitaci\u00f3n, mediante la cual se permite la destrucci\u00f3n inmediata de la humedad en todo el ambiente.<\/p>\n<h2>Beneficios del humidificador ultras\u00f3nico<\/h2>\n<ul>\n<li>Son humidificadores silenciosos. Aparte de las dem\u00e1s ventajas que ofrecen estos dispositivos en ambientes secos, tienen una ausencia de ruido realmente significativa. Por ello, son recomendados para ser instalados, especialmente en habitaciones de beb\u00e9s, con el fin de evitar perturbar el sue\u00f1o de ellos.<\/li>\n<li>Cuentan con un consumo el\u00e9ctrico reducido y esto se debe a que no requieren de calor para poder evaporar el agua ni hacer uso de un ventilador para expulsar el aire. Los humidificadores ultras\u00f3nicos consumen una parte de la energ\u00eda de otros; es por esta raz\u00f3n que no solo contaminan menos el ambiente, sino que son equipos que favorecen el ahorro.<\/li>\n<li>Son dispositivos livianos, f\u00e1ciles de transportar de un lado a otro, y son compactos. En pocas palabras, se trata de equipos de medidas reducidas, con los cuales se puede aprovechar significativamente los espacios y llevarlos a los lugares donde se requiere.<\/li>\n<li>Estos equipos contribuyen, de manera considerable, a mantener un aire m\u00e1s limpio. Existen ciertos modelos, o es posible decir que pr\u00e1cticamente todos contienen elementos de tipo filtrante que permiten la retenci\u00f3n de part\u00edculas de polvo, las mismas que se encuentran en el ambiente. Permitiendo de esta forma ayudar en la mejora instant\u00e1nea del aire que se puede respirar en la habitaci\u00f3n.<\/li>\n<li>Son funcionales e higi\u00e9nicos. Cuando se usa este tipo de equipos, se logra eliminar en su totalidad el riesgo que produce el agua estancada y su respectiva degradaci\u00f3n. Siendo posible, gracias a la vibraci\u00f3n que produce el dispositivo y su funcionamiento en t\u00e9rminos generales. Es decir, el agua jam\u00e1s podr\u00e1 estancarse y esto permitir\u00e1 disminuir la posibilidad de la generaci\u00f3n de bacterias.<\/li>\n<li>Estos humidificadores son incomparables a otros sistemas que se pueden identificar por la purificaci\u00f3n. Dichos dispositivos pueden estar conectados a una unidad de \u00f3smosis inversa, mediante la cual se puede conseguir aire libre completamente saneado.<\/li>\n<\/ul>\n<h2>Principales beneficios de los ambientadores ultras\u00f3nicos<\/h2>\n<p>Existen varias caracter\u00edsticas, por las cuales se considera a los humidificadores ultras\u00f3nicos como la opci\u00f3n ideal. Dentro de estas, se puede resaltar que son equipos que no dependen de ventiladores, por lo cual son m\u00e1s silenciosos y es por ello por lo que incluso se conocen como humidificadores de oficina. Del mismo modo, estos humidificadores necesitan de un mantenimiento muy bajo, a diferencia de otros modelos, como en el caso de los humidificadores industriales, aunque esto depende fundamentalmente de las funciones que desempe\u00f1an los equipos en s\u00ed.<\/p>\n<p>Es lo que se trata a los de tipo ultras\u00f3nico; son modelos que no exigen el cambio de bombilla, limpieza de ollas o reemplazo de botes de vapor, lo cual se traduce en una disminuci\u00f3n del mantenimiento hasta en un aproximado del 50%. Igualmente, no utilizan calor y requieren de un m\u00ednimo de energ\u00eda el\u00e9ctrica.<\/p>\n<p>Se puede decir que esta forma parte de una de las ventajas m\u00e1s significativas de estos equipos, porque, al hablar a largo plazo, pueden llegar a provocar importantes ahorros dentro de la factura a nivel de electricidad. Diversos\u00a0equipos usan vaporizadores con temporizador, logrando de esta manera que su funcionamiento sea mucho m\u00e1s eficiente.<\/p>\n<p>Como lo mencionamos anteriormente, son equipos f\u00e1ciles de transportar y, adem\u00e1s, se distinguen por tener un encendido inmediato al ser instalados. En este sentido, los tiempos tambi\u00e9n se reducen en lo que respecta al momento de hervir el agua, debido a que el vapor se produce con el ultrasonido, tomando en cuenta que, si su tama\u00f1o es peque\u00f1o, son humidificadores que pueden llegar a generar grandes vol\u00famenes de vapor. Es por ello por lo que son la opci\u00f3n ideal para conservar niveles de humedad en ambientes, tanto peque\u00f1os como medianos.<\/p>\n<p><img decoding=\"async\" class=\"aligncenter size-full wp-image-29341\" src=\"https:\/\/h2otek.com\/tienda\/wp-content\/uploads\/2023\/06\/componentes-humidificador-ultrasonico-HULTRAMX12-3L-02.jpg\" alt=\"humidificador ultras\u00f3nico\" width=\"446\" height=\"410\" srcset=\"https:\/\/h2otek.com\/tienda\/wp-content\/uploads\/2023\/06\/componentes-humidificador-ultrasonico-HULTRAMX12-3L-02.jpg 446w, https:\/\/h2otek.com\/tienda\/wp-content\/uploads\/2023\/06\/componentes-humidificador-ultrasonico-HULTRAMX12-3L-02-300x276.jpg 300w\" sizes=\"(max-width: 446px) 100vw, 446px\" \/><\/p>\n<h2>Sistema del humidificador a nivel industrial<\/h2>\n<p>Para conseguir un equipo \u00f3ptimo, es necesario tener presente varios factores como son:<\/p>\n<ul>\n<li>Altura del techo de dicho espacio.<\/li>\n<li>Considerar el nivel de fragilidad de los equipos del lugar, dado que determinar\u00e1 qu\u00e9 tama\u00f1o de gotas es admisible en la pulverizaci\u00f3n.<\/li>\n<li>Prevenci\u00f3n de incendios.<\/li>\n<li>Nivel de humedad relativa que se debe conservar constantemente a lo largo de todo el a\u00f1o o de las diferentes etapas del proceso productivo.<\/li>\n<li>Tener la medida en metros cuadrados del \u00e1rea que se desea humidificar.<\/li>\n<li>Seguridad de los trabajadores.<\/li>\n<li>La disposici\u00f3n de la sala para conseguir un proceso de instalaci\u00f3n adecuado.<\/li>\n<li>Eficiencia energ\u00e9tica.<\/li>\n<li>Ahorro de costes operativos.<\/li>\n<\/ul>\n<p>Para aprovechar cada una de estas caracter\u00edsticas en los dispositivos, siempre es recomendable acudir a una empresa con experiencia en el sector. As\u00ed, es posible adquirir un equipo de alta calidad con ventajas garantizadas.<\/p>\n<h2>\u00bfPor qu\u00e9 elegir un humidificador ultras\u00f3nico?<\/h2>\n<p>Los humidificadores ultras\u00f3nicos son un tipo de equipo popular en el mercado, esto debido a su gran versatilidad y eficiencia. En t\u00e9rminos de dispositivos de este nivel, pueden contar con la experiencia de H2O TEK, donde disponemos de una gran variedad de productos, desde calentadores de agua para albercas hasta boilers de paso.<\/p>\n<p>Para conocer m\u00e1s sobre el <strong>humidificador ultras\u00f3nico<\/strong> u otros tipos de humidificadores, puede contactarnos al <a href=\"tel:8009426835\">(800) 942 6835<\/a>. Tambi\u00e9n puede llenar nuestro formulario para recibir la asesor\u00eda de nuestros consultores, con el fin de que pueda adquirir el equipo que mejor se adapte a las necesidades.<\/p>\n","protected":false},"excerpt":{"rendered":"<p>El humidificador ultras\u00f3nico es un dispositivo que se encarga de usar el agua para producir vapor fr\u00edo. Se le conoce como un instrumento que se enfoca en regular la humedad que se encuentra en el ambiente. Esto, con el prop\u00f3sito [&hellip;]<\/p>\n","protected":false},"author":1,"featured_media":0,"parent":0,"menu_order":0,"comment_status":"closed","ping_status":"closed","template":"","meta":{"footnotes":""},"class_list":["post-32525","page","type-page","status-publish","hentry"],"_links":{"self":[{"href":"https:\/\/h2otek.com\/tienda\/wp-json\/wp\/v2\/pages\/32525","targetHints":{"allow":["GET"]}}],"collection":[{"href":"https:\/\/h2otek.com\/tienda\/wp-json\/wp\/v2\/pages"}],"about":[{"href":"https:\/\/h2otek.com\/tienda\/wp-json\/wp\/v2\/types\/page"}],"author":[{"embeddable":true,"href":"https:\/\/h2otek.com\/tienda\/wp-json\/wp\/v2\/users\/1"}],"replies":[{"embeddable":true,"href":"https:\/\/h2otek.com\/tienda\/wp-json\/wp\/v2\/comments?post=32525"}],"version-history":[{"count":0,"href":"https:\/\/h2otek.com\/tienda\/wp-json\/wp\/v2\/pages\/32525\/revisions"}],"wp:attachment":[{"href":"https:\/\/h2otek.com\/tienda\/wp-json\/wp\/v2\/media?parent=32525"}],"curies":[{"name":"wp","href":"https:\/\/api.w.org\/{rel}","templated":true}]}}