{"id":32523,"date":"2025-07-24T00:10:05","date_gmt":"2025-07-24T00:10:05","guid":{"rendered":"https:\/\/h2otek.com\/tienda\/?page_id=32523"},"modified":"2025-10-02T23:36:52","modified_gmt":"2025-10-02T23:36:52","slug":"instalacion-de-calentadores","status":"publish","type":"page","link":"https:\/\/h2otek.com\/tienda\/instalacion-de-calentadores\/","title":{"rendered":"Instalaci\u00f3n de calentadores"},"content":{"rendered":"<p>La <strong>instalaci\u00f3n de calentadores<\/strong> es un proceso esencial para asegurar el correcto funcionamiento, seguridad y eficiencia energ\u00e9tica de estos equipos. En H2O TEK disponemos de calentadores de agua a gas, el\u00e9ctricos e industriales, creados para varias necesidades, aunque todos necesitan de una instalaci\u00f3n adecuada enfocada en normas de electricidad y plomer\u00eda.<\/p>\n<p>Contar con una instalaci\u00f3n profesional permite asegurar durabilidad, evitar fugas o riesgos el\u00e9ctricos y conservar vigente la respectiva garant\u00eda del fabricante. Por esta raz\u00f3n, antes de elegir un modelo en particular, es necesario tener presente el espacio disponible, la capacidad de agua caliente que se requiere y el tipo de energ\u00eda con la que se cuenta.<\/p>\n<p>Contando con t\u00e9cnicos especializados y productos de excelente calidad como los que ofrecemos en H2O TEK, puede tener tranquilidad de disfrutar de agua caliente, de forma confiable y eficiente.<\/p>\n<h2>Tipos de calentadores y su instalaci\u00f3n ideal<\/h2>\n<h3>Calentador de dep\u00f3sito<\/h3>\n<p>Los calentadores de dep\u00f3sito son considerados opciones ideales para los hogares. Son equipos que calientan el agua y la conservan almacenada en un tanque aislado y de ah\u00ed se distribuye cuando sea requerido. Por tanto, se considera ideal para hogares donde se tienen varios ba\u00f1os o para quienes buscan alta demanda de agua caliente en diversas zonas de la casa.<\/p>\n<p>Ahora bien, si no se requieren grandes cantidades de agua caliente, es posible elegir un equipo para 1 regadera, dado que es un equipo que ayuda a ahorrar en gastos de gas, debido a su encendido seguro a trav\u00e9s de un bot\u00f3n y apagado autom\u00e1tico.<\/p>\n<p>Esta alternativa cuenta con un funcionamiento sencillo, porque no interviene un piloto que conserve una flama, sino que, gracias a su nivel de tecnolog\u00eda de aislamiento con la que cuentan algunos modelos, pueden conservar agua caliente hasta que se terminan los litros almacenados.<\/p>\n<p><img fetchpriority=\"high\" decoding=\"async\" class=\"aligncenter size-full wp-image-26353\" src=\"https:\/\/h2otek.com\/tienda\/wp-content\/uploads\/2016\/03\/Calentadores-3-2.jpg\" alt=\"instalaci\u00f3n de calentadores\" width=\"800\" height=\"532\" srcset=\"https:\/\/h2otek.com\/tienda\/wp-content\/uploads\/2016\/03\/Calentadores-3-2.jpg 800w, https:\/\/h2otek.com\/tienda\/wp-content\/uploads\/2016\/03\/Calentadores-3-2-300x200.jpg 300w, https:\/\/h2otek.com\/tienda\/wp-content\/uploads\/2016\/03\/Calentadores-3-2-768x511.jpg 768w, https:\/\/h2otek.com\/tienda\/wp-content\/uploads\/2016\/03\/Calentadores-3-2-600x399.jpg 600w\" sizes=\"(max-width: 800px) 100vw, 800px\" \/><\/p>\n<h3>Calentador de agua instant\u00e1neo<\/h3>\n<p>Se trata de calentadores ideales para que se pueda usar el agua al instante, calentando \u00fanicamente el l\u00edquido que se va a usar, por lo que son considerados opciones ahorradoras y eficientes.<\/p>\n<p>Es posible encontrar dise\u00f1os modernos que no llegan a ocupar mucho espacio; es pr\u00e1ctico y seguro, gracias a su sistema que impide fugas de gas, la sobrepresi\u00f3n o el sobrecalentamiento del agua.<\/p>\n<p>Tambi\u00e9n, se pueden conseguir en el mercado alternativas con funcionamiento por medio de gas natural y capacidad para calentar varios litros de agua por minuto, que se traduce en un ahorro importante de energ\u00eda.<\/p>\n<h3>Calentador solar<\/h3>\n<p><a href=\"https:\/\/h2otek.com\/tienda\/calentador-solare-7-usos-industriales-que-tu-empresa-necesita-conocer\/\">Este equipo<\/a> evita el uso de combustible f\u00f3sil para calentar el agua que se necesita. Por tanto, se puede adquirir equipos que vienen con tubo de baja presi\u00f3n, que puede otorgar gran cantidad de litros de agua caliente para ocupar varios servicios, por ejemplo, 3 fichas y una lavadora.<\/p>\n<p>Tambi\u00e9n, se pueden conseguir integrados con un termotanque dise\u00f1ado con aislantes t\u00e9rmicos para conservar el agua caliente incluso en la noche.<\/p>\n<p>Si las necesidades de agua caliente llegan a ser m\u00ednimas, se puede optar por un calentador solar de 8 tubos con tanque dise\u00f1ado con aislante t\u00e9rmico que ofrezca agua caliente a temperatura estable.<\/p>\n<h3>Calentador de agua el\u00e9ctrico<\/h3>\n<p>Son calentadores que ofrecen una soluci\u00f3n confiable y segura para tener agua caliente en casa, dado que usan resistencias el\u00e9ctricas para su funcionamiento. Se trata de equipos ideales para hogares donde no es conveniente instalar una red de gas natural. Adem\u00e1s, se pueden elegir modelos que trabajan con conexi\u00f3n el\u00e9ctrica.<\/p>\n<p>Si se busca separar la conexi\u00f3n del calentador para no aumentar el costo del recibo de luz, es posible optar por un modelo que trabaja con 220, 230 o 240 voltios y solicitar debidamente al suministrador de electricidad la nueva instalaci\u00f3n para que pueda soportar dicho voltaje.<\/p>\n<p>Sin embargo, existen viviendas que ya pueden tener integrado este tipo de red el\u00e9ctrica; por tanto, se recomienda comprobar qu\u00e9 tipo de conexi\u00f3n se tiene y, a partir de ah\u00ed, considerar cu\u00e1l es la mejor opci\u00f3n seg\u00fan las necesidades.<\/p>\n<h2>\u00bfQu\u00e9 se necesita para una instalaci\u00f3n adecuada?<\/h2>\n<p>Es importante mencionar que hay varios tipos de calentadores, por lo que el proceso de instalaci\u00f3n puede contemplar variaciones, de acuerdo con el dispositivo con el que se cuente.<\/p>\n<p>Asimismo, se necesitan herramientas especiales para que el equipo se pueda instalar de forma adecuada y sin ning\u00fan contratiempo. Se recomienda considerar otros aspectos, como son:<\/p>\n<h3>Dimensiones del entorno<\/h3>\n<p>Hay un <a href=\"https:\/\/h2otek.com\/tienda\/categoria-producto\/agua-caliente-boilers-calentadores-de-agua\/\">calentador de agua ideal<\/a> para cada proceso, espacio o actividad, pero es importante tener presentes las exigencias de cada uno de estos entornos.<\/p>\n<p>En este sentido, se debe tener presente el tipo de inmueble, empresa o industria donde se desea instalar el equipo. Aparte de la capacidad necesaria para el desarrollo del proceso y para cubrir las respectivas dimensiones enteras del lugar.<\/p>\n<h3>Capacidad requerida<\/h3>\n<p>Adem\u00e1s de la capacidad que se requiere, conforme a las dimensiones del espacio, es necesario conocer la capacidad que se requiere en el desarrollo del proceso.<\/p>\n<p>En entornos industriales, es necesario contar con capacidades m\u00e1s elevadas para responder al alto nivel de demanda que se tiene a diario.<\/p>\n<p>En otros espacios, como en el caso de las residencias, es necesario conocer la cantidad de grifos y duchas que hay para comprar un calentador que tenga la capacidad de cubrir cada una de estas.<\/p>\n<h3>Tipo de calentador<\/h3>\n<p>De acuerdo con el tipo de calentador y su fabricante, se pueden considerar varias instrucciones de <strong>instalaci\u00f3n de calentadores<\/strong>. Algunos modelos necesitan m\u00e1s espacio de ubicaci\u00f3n, mientras que otros necesitan algunos ajustes determinados, como una fuente de poder que sea fiable y una adaptaci\u00f3n adecuada a esta.<\/p>\n<p>Con relaci\u00f3n a ello, se recomienda disponer de la presencia de personal capacitado que se haga cargo de la tarea y asegure un funcionamiento adecuado del calentador.<\/p>\n<h3>Ubicaci\u00f3n del equipo<\/h3>\n<p>No importa si se trata de un calentador de paso, convencional o solar; es necesario considerar que estos equipos requieren de una ubicaci\u00f3n estrat\u00e9gica para funcionar de forma adecuada.<\/p>\n<p>Por lo general, son equipos que se instalan en espacios cercanos al sistema hidr\u00e1ulico para aprovechar al m\u00e1ximo sus caracter\u00edsticas y funci\u00f3n.<\/p>\n<h2>Beneficios de una instalaci\u00f3n profesional de calentadores<\/h2>\n<p>Gran cantidad de personas realizan el proceso de instalaci\u00f3n por cuenta propia. Pero lo ideal es disponer de profesionales competentes y experimentados para asegurar una instalaci\u00f3n ideal y de provecho considerable.<\/p>\n<p>Gracias a ellos se pueden tener presentes los aspectos anteriormente mencionados y algunos otros m\u00e1s para garantizar que el dispositivo lleva a cabo sus funciones sin problema alguno.<\/p>\n<p>Contar con atenci\u00f3n profesional para <strong>la instalaci\u00f3n de calentadores<\/strong> permite que se conozcan los espacios estrat\u00e9gicos para esta tarea sin exponerlo a elementos externos que pueden llegar a vulnerar su funcionamiento y condiciones.<\/p>\n<h2>\u00bfC\u00f3mo conseguir una instalaci\u00f3n segura y eficiente?<\/h2>\n<p>Elegir e instalar un calentador de agua en el hogar requiere tomar algunas decisiones importantes que pueden afectar la comodidad diaria y las finanzas.<\/p>\n<p>Sin importar que se desee la eficiencia y seguridad de los calentadores el\u00e9ctricos, la rapidez y econom\u00eda de los equipos de gas o la sostenibilidad de las alternativas solares, lo ideal es tomar una decisi\u00f3n correcta con apoyo de expertos.<\/p>\n<p>Asimismo, preparar la zona de instalaci\u00f3n y usar las herramientas y materiales adecuados son pasos clave para garantizar una instalaci\u00f3n segura.<\/p>\n<p>En dicho proceso, disponer del apoyo de expertos como los que tenemos en H2O TEK puede marcar la diferencia en este caso. As\u00ed es posible asegurar una instalaci\u00f3n adecuada y optimizar la inversi\u00f3n.<\/p>\n<p><img decoding=\"async\" class=\"aligncenter size-full wp-image-27595\" src=\"https:\/\/h2otek.com\/tienda\/wp-content\/uploads\/2015\/01\/tipos-de-calentadores-2.jpg\" alt=\"instalaci\u00f3n de calentadores\" width=\"960\" height=\"540\" srcset=\"https:\/\/h2otek.com\/tienda\/wp-content\/uploads\/2015\/01\/tipos-de-calentadores-2.jpg 960w, https:\/\/h2otek.com\/tienda\/wp-content\/uploads\/2015\/01\/tipos-de-calentadores-2-300x169.jpg 300w, https:\/\/h2otek.com\/tienda\/wp-content\/uploads\/2015\/01\/tipos-de-calentadores-2-768x432.jpg 768w, https:\/\/h2otek.com\/tienda\/wp-content\/uploads\/2015\/01\/tipos-de-calentadores-2-600x338.jpg 600w\" sizes=\"(max-width: 960px) 100vw, 960px\" \/><\/p>\n<h2>Instalaci\u00f3n de calentadores con expertos &#8211; H2O TEK<\/h2>\n<p>En H2O TEK contamos con a\u00f1os de experiencia en el sector de fabricaci\u00f3n y distribuci\u00f3n de calentadores para uso residencial, comercial e industrial.<\/p>\n<p>Si tienes inter\u00e9s por nuestro servicio de venta e <strong>instalaci\u00f3n de calentadores<\/strong>, no dudes en contactarnos para recibir asesor\u00eda por parte de expertos. Contamos con atenci\u00f3n al cliente nacional e internacional:<\/p>\n<p>L\u00edneas telef\u00f3nicas:<\/p>\n<ul>\n<li>Monterrey: <a href=\"tel:8183467510\">(81) 8346 7510<\/a>, <a href=\"tel:8183467534\">(81) 8346 7534<\/a> o <a href=\"tel:8123162248\">(81) 2316 2248<\/a>.<\/li>\n<li>CDMX: <a href=\"tel:5555749734\">(55) 5574 9734<\/a> o <a href=\"tel:5567198084\">(55) 6719 8048<\/a>.<\/li>\n<li>Guadalajara: <a href=\"tel:3332685443\">(33) 3268 5443<\/a><\/li>\n<li>Canc\u00fan: <a href=\"tel:9983132858\">(998) 313 2858<\/a><\/li>\n<li>Tijuana: <a href=\"tel:6642310160\">(664) 231 0160<\/a><\/li>\n<li>Puerto Vallarta: <a href=\"tel:3223130301\">(322) 313 0301<\/a><\/li>\n<li>Los Cabos: <a href=\"tel:6122390720\">(612) 239 0720<\/a><\/li>\n<\/ul>\n<p>Correo electr\u00f3nico:<\/p>\n<p>Atenci\u00f3n nacional: <a href=\"mailto:info@h2otek.com\">info@h2otek.com<\/a><\/p>\n<p>Atenci\u00f3n internacional: <a href=\"mailto:intl@h2otek.com\">intl@h2otek.com<\/a><\/p>\n<h2>Preguntas frecuentes sobre la instalaci\u00f3n de calentadores<\/h2>\n<h3>\u00bfPuedo realizar la instalaci\u00f3n de un calentador por mi cuenta?<\/h3>\n<p>S\u00ed, pero no se recomienda hacerlo as\u00ed. A pesar de que existen modelos que parecen sencillos de instalar, hacerlo sin tener el apoyo profesional puede llegar a provocar <a href=\"https:\/\/h2otek.com\/tienda\/huele-a-gas-actua-rapido-senales-clave-y-guia-urgente-para-las-fugas\/\">fugas<\/a>, fallas, cortes el\u00e9ctricos o p\u00e9rdida de la garant\u00eda. Por ello, siempre es recomendable contactar con un t\u00e9cnico certificado.<\/p>\n<h3>\u00bfCu\u00e1nto cuesta la instalaci\u00f3n de un calentador de agua?<\/h3>\n<p>El costo var\u00eda seg\u00fan el tipo de calentador (el\u00e9ctrico, de gas, solar o industrial), la complejidad que tenga el proceso de instalaci\u00f3n y la regi\u00f3n.<\/p>\n<h3>\u00bfD\u00f3nde se debe instalar un calentador para un mejor rendimiento?<\/h3>\n<p>Lo ideal es instalarlo en una zona ventilada, cerca de puntos de consumo de agua, con el fin de disminuir la p\u00e9rdida de calor en las tuber\u00edas. En el caso de los modelos a gas, es conveniente contar con un espacio abierto o con ventilaci\u00f3n adecuada para evitar la acumulaci\u00f3n de gases.<\/p>\n<h3>\u00bfQu\u00e9 necesito antes de instalar un calentador de agua?<\/h3>\n<p>Es necesario contar con<\/p>\n<ul>\n<li>Una conexi\u00f3n de agua.<\/li>\n<li>Una toma el\u00e9ctrica o de gas (dependiendo del modelo).<\/li>\n<li>V\u00e1lvulas de seguridad.<\/li>\n<li>Conexi\u00f3n a tierra en caso de el\u00e9ctricos y cumplir con la normativa local.<\/li>\n<\/ul>\n<p>Tambi\u00e9n se debe contar con herramientas b\u00e1sicas de plomer\u00eda y electricidad.<\/p>\n","protected":false},"excerpt":{"rendered":"<p>La instalaci\u00f3n de calentadores es un proceso esencial para asegurar el correcto funcionamiento, seguridad y eficiencia energ\u00e9tica de estos equipos. En H2O TEK disponemos de calentadores de agua a gas, el\u00e9ctricos e industriales, creados para varias necesidades, aunque todos necesitan [&hellip;]<\/p>\n","protected":false},"author":1,"featured_media":0,"parent":0,"menu_order":0,"comment_status":"closed","ping_status":"closed","template":"","meta":{"footnotes":""},"class_list":["post-32523","page","type-page","status-publish","hentry"],"_links":{"self":[{"href":"https:\/\/h2otek.com\/tienda\/wp-json\/wp\/v2\/pages\/32523","targetHints":{"allow":["GET"]}}],"collection":[{"href":"https:\/\/h2otek.com\/tienda\/wp-json\/wp\/v2\/pages"}],"about":[{"href":"https:\/\/h2otek.com\/tienda\/wp-json\/wp\/v2\/types\/page"}],"author":[{"embeddable":true,"href":"https:\/\/h2otek.com\/tienda\/wp-json\/wp\/v2\/users\/1"}],"replies":[{"embeddable":true,"href":"https:\/\/h2otek.com\/tienda\/wp-json\/wp\/v2\/comments?post=32523"}],"version-history":[{"count":0,"href":"https:\/\/h2otek.com\/tienda\/wp-json\/wp\/v2\/pages\/32523\/revisions"}],"wp:attachment":[{"href":"https:\/\/h2otek.com\/tienda\/wp-json\/wp\/v2\/media?parent=32523"}],"curies":[{"name":"wp","href":"https:\/\/api.w.org\/{rel}","templated":true}]}}