{"id":32522,"date":"2025-07-24T00:09:48","date_gmt":"2025-07-24T00:09:48","guid":{"rendered":"https:\/\/h2otek.com\/tienda\/?page_id=32522"},"modified":"2025-10-02T23:27:11","modified_gmt":"2025-10-02T23:27:11","slug":"generadores-de-vapor-para-bano","status":"publish","type":"page","link":"https:\/\/h2otek.com\/tienda\/generadores-de-vapor-para-bano\/","title":{"rendered":"Generadores de vapor para ba\u00f1o"},"content":{"rendered":"<p>Los <strong>generadores de vapor para ba\u00f1o<\/strong> son equipos dise\u00f1ados para calentar agua hasta llegar a convertirla en vapor, el cual se libera en el espacio cerrado, con el fin de crear un entorno h\u00famedo y c\u00e1lido. Su aplicaci\u00f3n va m\u00e1s all\u00e1 de la industria. Gracias a los servicios de H2O TEK, es posible usarlos y aprovechar sus ventajas en \u00e1reas como centros de est\u00e9tica, spa, gimnasios e incluso en hogares que desean una experiencia de relajaci\u00f3n \u00fanica.<\/p>\n<p>Estos equipos se usan tambi\u00e9n en sectores farmac\u00e9uticos, donde se requiere la producci\u00f3n de productos qu\u00edmicos, esterilizaci\u00f3n de equipos, entre otros.<\/p>\n<h2>Beneficios de instalar un generador de vapor<\/h2>\n<p>Son varios los beneficios que ofrecen los generadores de vapor, tanto para el cuerpo como para la mente:<\/p>\n<ul>\n<li>Mejora la circulaci\u00f3n sangu\u00ednea.<\/li>\n<li>Disminuye el estr\u00e9s y la ansiedad.<\/li>\n<li>Contribuye en la eliminaci\u00f3n de toxinas y purificaci\u00f3n de la piel.<\/li>\n<li>Alivia dolores musculares y articulares.<\/li>\n<li>Mejora la respiraci\u00f3n gracias al ambiente h\u00famedo.<\/li>\n<li>Incrementa el valor de las propiedades o establecimientos donde se instalan.<\/li>\n<\/ul>\n<h2>Clasificaci\u00f3n de las m\u00e1quinas de vapor para ba\u00f1o<\/h2>\n<p>Son varios los tipos que existen conforme a su tecnolog\u00eda, capacidad y uso:<\/p>\n<p><img fetchpriority=\"high\" decoding=\"async\" class=\"aligncenter size-full wp-image-24101\" src=\"https:\/\/h2otek.com\/tienda\/wp-content\/uploads\/2022\/06\/vapor-para-bano-para-peeling-1.jpeg\" alt=\"generadores de vapor para ba\u00f1o\" width=\"670\" height=\"450\" srcset=\"https:\/\/h2otek.com\/tienda\/wp-content\/uploads\/2022\/06\/vapor-para-bano-para-peeling-1.jpeg 670w, https:\/\/h2otek.com\/tienda\/wp-content\/uploads\/2022\/06\/vapor-para-bano-para-peeling-1-300x201.jpeg 300w, https:\/\/h2otek.com\/tienda\/wp-content\/uploads\/2022\/06\/vapor-para-bano-para-peeling-1-600x403.jpeg 600w\" sizes=\"(max-width: 670px) 100vw, 670px\" \/><\/p>\n<ul>\n<li><strong>Residenciales<\/strong>: Son compactos, adecuados para los hogares que cuentan con espacios de relajaci\u00f3n privados.<\/li>\n<li><strong>Comerciales<\/strong>: modelos con m\u00e1s potencia, ideales para gimnasios, spa y hoteles.<\/li>\n<li><strong>Industriales<\/strong>: Son equipos recomendados para procesos donde se necesita vapor a gran escala.<\/li>\n<li><strong>Digitales<\/strong>: Cuentan con paneles inteligentes, control remoto y conectividad Wifi.<\/li>\n<\/ul>\n<h2>Tipos de generadores de vapor<\/h2>\n<p>A continuaci\u00f3n, mencionaremos los m\u00e1s comunes:<\/p>\n<ul>\n<li><strong>Generadores el\u00e9ctricos<\/strong>: Usan electricidad como una fuente de energ\u00eda que les permite generar agua hirviente y producir vapor. Com\u00fanmente, son usados en entornos residenciales y comerciales, como ba\u00f1os de vapor, saunas y limpieza a vapor.<\/li>\n<li><strong>Generadores de gas<\/strong>: usan combustible como el gas natural o el propano para calentar el agua y generar vapor. Se usan en aplicaciones comerciales e industriales donde se necesita gran producci\u00f3n de vapor.<\/li>\n<\/ul>\n<h2>\u00bfC\u00f3mo elegir el mejor generador de vapor para ba\u00f1o?<\/h2>\n<p>Existen varios equipos creados para generar vapor y cada uno de ellos es dise\u00f1ado conforme a la variedad de procesos para los cuales son requeridos. Es decir, no es lo mismo un generador de vapor para ba\u00f1os que una m\u00e1quina de vapor industrial. Adem\u00e1s, dentro del \u00e1mbito industrial existen distintos tipos de necesidades.<\/p>\n<p>Antes de adquirir generadores de vapor, es importante considerar los siguientes aspectos:<\/p>\n<h3>Entender las necesidades existentes<\/h3>\n<p>Entender con claridad cu\u00e1les son las necesidades y objetivos por los cuales se requieren generadores de vapor es uno de los primeros pasos a tener presente. En este sentido, se debe considerar la <a href=\"https:\/\/h2otek.com\/tienda\/la-eficiencia-del-vapor-de-bano-para-la-salud-de-la-piel\/\">cantidad de vapor<\/a> que se necesita, el nivel de presi\u00f3n y temperatura requerida y las aplicaciones determinadas en las que se puede usar el vapor.<\/p>\n<h3>Tipos de generadores de vapor<\/h3>\n<p>Se pueden distinguir varios tipos de generadores de vapor. Es necesario comprender en qu\u00e9 consisten cada uno de ellos para definir cu\u00e1l se adapta mejor a las <a href=\"https:\/\/h2otek.com\/tienda\/vapor-puro-garantizado-generadores-de-vapor-de-acero-inoxidable-para-tu-industria\/\">necesidades existentes<\/a>.<\/p>\n<h3>Consumo energ\u00e9tico y eficiencia<\/h3>\n<p>La evaluaci\u00f3n de la eficiencia energ\u00e9tica y los costos, en t\u00e9rminos operativos a lo largo del tiempo, es un aspecto de gran relevancia para seleccionar <strong>generadores de vapor para ba\u00f1o<\/strong> adecuados.<\/p>\n<p>Un equipo eficiente puede representar un menor consumo de combustible o electricidad, lo que a su vez permite disminuir considerablemente los costos operativos a largo plazo. Al tener presentes estos aspectos, es posible tomar una decisi\u00f3n informada.<\/p>\n<h3>Mantenimiento<\/h3>\n<p>El mantenimiento adecuado es importante para prolongar la vida \u00fatil del equipo y asegurar un rendimiento \u00f3ptimo. Es necesario contar con soporte t\u00e9cnico profesional para cualquier eventualidad.<\/p>\n<p>Elegir un generador de vapor que tenga un servicio posventa confiable y cercano para solventar cualquier problema es una decisi\u00f3n asertiva.<\/p>\n<h3>Cumplimiento de las normativas<\/h3>\n<p>Es clave asegurarse de que el equipo seleccionado cumpla debidamente con las normativas y regulaciones vigentes en su ubicaci\u00f3n. Cumplir con los requerimientos de seguridad y regulaciones del cuidado ambiental es una responsabilidad y garantiza un funcionamiento \u00f3ptimo y legal del generador de vapor.<\/p>\n<h2>\u00bfVale la pena invertir en una m\u00e1quina de vapor para ba\u00f1o?<\/h2>\n<p>La selecci\u00f3n de <strong>generadores de vapor para ba\u00f1o<\/strong> es un proceso clave que requiere de varios detalles a considerar. Entender las necesidades, evaluar los diversos tipos de generadores, analizar la eficiencia energ\u00e9tica y los costos operativos, permite que se pueda asegurar que se est\u00e1 eligiendo el equipo adecuado.<\/p>\n<p>Los <a href=\"https:\/\/h2otek.com\/tienda\/categoria-producto\/generadores-de-vapor-vapor-para-bano-industriales-aplicacion-en-ductos-de-aire-acondicionado-humidificador-de-vapor\/\">generadores H2O TEK<\/a> est\u00e1n creados con tanques y cubiertas totalmente en acero inoxidable, con el fin de que puedan resistir trabajos pesados o ligeros, as\u00ed como condiciones de agua dura. Adem\u00e1s, son equipos que se caracterizan por tener elementos como:<\/p>\n<ul>\n<li>Protecci\u00f3n cat\u00f3dica.<\/li>\n<li>Resistencias de baja densidad de potencia.<\/li>\n<li>V\u00e1lvula de drenado y barras cat\u00f3dicas.<\/li>\n<\/ul>\n<p>Por ello, tienen la capacidad de minimizar la acumulaci\u00f3n de sarro y prolongar la vida \u00fatil del equipo.<\/p>\n<h2>Instalaci\u00f3n de generadores de vapor en M\u00e9xico<\/h2>\n<p>Los <strong>generadores de vapor para ba\u00f1o<\/strong> son usados en diversos espacios, debido a las grandes ventajas que pueden ofrecer para la salud y bienestar en general, as\u00ed como en procesos industriales.<\/p>\n<p>Por esta raz\u00f3n, en H2O TEK ofrecemos una gran variedad de equipos de excelente calidad y tambi\u00e9n puede contar con un c\u00e1lculo preciso acorde a su espacio por parte de nuestro equipo especializado.<\/p>\n<p>Si quiere saber m\u00e1s sobre nuestros equipos o nuestros servicios, le invitamos a comunicarse a trav\u00e9s del correo electr\u00f3nico <a href=\"mailto:info@h2otek.com\">info@com<\/a> (nacional) o <a href=\"mailto:intl@h2otek.com\">intl@h2otek.com<\/a> (internacional) o mediante los siguientes medios de contacto:<\/p>\n<p><img decoding=\"async\" class=\"aligncenter size-full wp-image-24225\" src=\"https:\/\/h2otek.com\/tienda\/wp-content\/uploads\/2021\/08\/vapor-relajante-1.jpg\" alt=\"generadores de vapor para ba\u00f1o\" width=\"780\" height=\"380\" srcset=\"https:\/\/h2otek.com\/tienda\/wp-content\/uploads\/2021\/08\/vapor-relajante-1.jpg 780w, https:\/\/h2otek.com\/tienda\/wp-content\/uploads\/2021\/08\/vapor-relajante-1-300x146.jpg 300w, https:\/\/h2otek.com\/tienda\/wp-content\/uploads\/2021\/08\/vapor-relajante-1-768x374.jpg 768w, https:\/\/h2otek.com\/tienda\/wp-content\/uploads\/2021\/08\/vapor-relajante-1-600x292.jpg 600w\" sizes=\"(max-width: 780px) 100vw, 780px\" \/><\/p>\n<ul>\n<li>Monterrey: <a href=\"tel:8183467510\">(81) 8346 7510<\/a>,<a href=\"tel:8183467534\"> (81) 8346 7534<\/a> o <a href=\"tel:8123162248\">(81) 2316 2248<\/a>.<\/li>\n<li>CDMX: <a href=\"tel:5555749734\">(55) 5574 9734<\/a> o <a href=\"tel:5567198084\">(55) 6719 8048<\/a>.<\/li>\n<li>Guadalajara: <a href=\"tel:3332685443\">(33) 3268 5443<\/a><\/li>\n<li>Canc\u00fan: <a href=\"tel:9983132858\">(998) 313 2858<\/a><\/li>\n<li>Tijuana: <a href=\"tel:6642310160\">(664) 231 0160<\/a><\/li>\n<li>Puerto Vallarta: <a href=\"tel:3223130301\">(322) 313 0301<\/a><\/li>\n<li>Los Cabos: <a href=\"tel:6122390720\">(612) 239 0720<\/a><\/li>\n<\/ul>\n<h2>Preguntas frecuentes sobre generadores de vapor para ba\u00f1o<\/h2>\n<h3>\u00bfUn generador de vapor gasta mucha energ\u00eda?<\/h3>\n<p>S\u00ed. Estos equipos consumen energ\u00eda, pero su gasto se puede llegar a controlar de forma efectiva. Un generador para ba\u00f1o puede consumir entre 2 y 9 W, de acuerdo con el modelo, tama\u00f1o y la frecuencia de uso. El nivel de eficiencia es elevado porque tienen la capacidad de calentar el espacio de forma r\u00e1pida y el calor se puede retener por m\u00e1s tiempo.<\/p>\n<p>Adem\u00e1s, se pueden conseguir varios modelos que tienen controles para ajustar la temperatura y el tiempo de funcionamiento.<\/p>\n<h3>\u00bfQu\u00e9 capacidad de generador de vapor necesito seg\u00fan el tama\u00f1o de mi ba\u00f1o?<\/h3>\n<p>En H2O TEK nos enfocamos en ser una gu\u00eda para nuestros clientes, con el fin de que puedan hacer una buena elecci\u00f3n con datos pr\u00e1cticos y t\u00e9cnicos. Para uso residencial, los generadores de vapor suelen tener un rango entre 4.5 kW y 14 kW, de acuerdo con el volumen del espacio con el que se cuente.<\/p>\n<p>Como expertos en este mercado, evaluamos las dimensiones, materiales y voltajes determinados para reconocer el modelo que mejor se ajuste a las necesidades.<\/p>\n<h3>\u00bfCu\u00e1nto dura en promedio un generador de vapor para ba\u00f1o?<\/h3>\n<p>Un generador instalado con un equipo de expertos y que conserve un mantenimiento regular puede funcionar de forma eficiente durante m\u00e1s de 10 a\u00f1os aproximadamente. La durabilidad depende de:<\/p>\n<ul>\n<li>Frecuencia de uso.<\/li>\n<li>Calidad del tratamiento del agua.<\/li>\n<li>Mantenimiento de componentes cr\u00edticos (resistencias, filtros, sensores de temperatura y protecci\u00f3n antical).<\/li>\n<\/ul>\n<p>Nuestros equipos est\u00e1n hechos en acero inoxidable y respaldados por garant\u00eda. Pueden tener una larga vida \u00fatil bajo \u00f3ptimo desempe\u00f1o.<\/p>\n<h3>\u00bfD\u00f3nde comprar generadores de vapor para ba\u00f1o en M\u00e9xico?<\/h3>\n<p>En H2O TEK ofrecemos:<\/p>\n<ul>\n<li>Acceso a l\u00ednea completa GVETC acero inoxidable. Uso residencial, comercial e industrial de 230 V y 7.5 a 40.5 KW.<\/li>\n<li>Soporte de ingenier\u00eda para selecci\u00f3n, instalaci\u00f3n y mantenimiento.<\/li>\n<li>Productos con amplia garant\u00eda y confiabilidad.<\/li>\n<li>Oficinas en Monterrey, CDMX, Guadalajara, Canc\u00fan y otras ciudades, as\u00ed como atenci\u00f3n internacional al cliente por tel\u00e9fono y correo.<\/li>\n<\/ul>\n","protected":false},"excerpt":{"rendered":"<p>Los generadores de vapor para ba\u00f1o son equipos dise\u00f1ados para calentar agua hasta llegar a convertirla en vapor, el cual se libera en el espacio cerrado, con el fin de crear un entorno h\u00famedo y c\u00e1lido. Su aplicaci\u00f3n va m\u00e1s [&hellip;]<\/p>\n","protected":false},"author":1,"featured_media":0,"parent":0,"menu_order":0,"comment_status":"closed","ping_status":"closed","template":"","meta":{"footnotes":""},"class_list":["post-32522","page","type-page","status-publish","hentry"],"_links":{"self":[{"href":"https:\/\/h2otek.com\/tienda\/wp-json\/wp\/v2\/pages\/32522","targetHints":{"allow":["GET"]}}],"collection":[{"href":"https:\/\/h2otek.com\/tienda\/wp-json\/wp\/v2\/pages"}],"about":[{"href":"https:\/\/h2otek.com\/tienda\/wp-json\/wp\/v2\/types\/page"}],"author":[{"embeddable":true,"href":"https:\/\/h2otek.com\/tienda\/wp-json\/wp\/v2\/users\/1"}],"replies":[{"embeddable":true,"href":"https:\/\/h2otek.com\/tienda\/wp-json\/wp\/v2\/comments?post=32522"}],"version-history":[{"count":0,"href":"https:\/\/h2otek.com\/tienda\/wp-json\/wp\/v2\/pages\/32522\/revisions"}],"wp:attachment":[{"href":"https:\/\/h2otek.com\/tienda\/wp-json\/wp\/v2\/media?parent=32522"}],"curies":[{"name":"wp","href":"https:\/\/api.w.org\/{rel}","templated":true}]}}