{"id":29437,"date":"2023-07-18T18:56:05","date_gmt":"2023-07-18T18:56:05","guid":{"rendered":"https:\/\/h2otek.com\/tienda\/?page_id=29437"},"modified":"2025-10-02T23:51:33","modified_gmt":"2025-10-02T23:51:33","slug":"bombas-para-albercas","status":"publish","type":"page","link":"https:\/\/h2otek.com\/tienda\/bombas-para-albercas\/","title":{"rendered":"Bombas para albercas"},"content":{"rendered":"<p>Contar con una alberca en casa es muy entretenido y refrescante especialmente durante los meses m\u00e1s calurosos del a\u00f1o, sin embargo, tener una alberca conlleva ciertas responsabilidades de uso necesarias para que funcione eficientemente. Es muy importante conocer los elementos que hacen que funcione para poder darle un mantenimiento adecuado y as\u00ed prolongar la vida \u00fatil de todo el sistema.<\/p>\n<p>Uno de los aspectos m\u00e1s importantes para el correcto funcionamiento de una alberca es la limpieza y el filtrado. Las albercas f\u00e1cilmente se contaminan con objetos externos como hojas, polvo, pelos, insectos y dem\u00e1s cosas que no se pueden quitar \u00fanicamente con l\u00edquidos o pastillas desinfectantes. Y por esto, es necesario que las piscinas cuentan con sistemas de filtrado con <a href=\"https:\/\/h2otek.com\/tienda\/7-razones-para-preferir-las-bombas-para-albercas-con-certificacion-energetica\/\"><strong>bombas para albercas<\/strong><\/a>, con esto podr\u00e1n mantenerse limpias de la manera m\u00e1s f\u00e1cil y eficiente.<\/p>\n<h2>\u00bfQu\u00e9 es una <a href=\"https:\/\/h2otek.com\/tienda\/el-papel-de-las-bombas-para-albercas-en-el-equilibrio-quimico-del-agua\/\">bomba para la alberca<\/a>?<\/h2>\n<p>Una bomba de agua para piscina es un dispositivo que forma parte del sistema de filtraci\u00f3n de una alberca y se encarga literalmente de bombear el agua. Es decir que su objetivo es mantener el agua en movimiento, lo que ayuda a mantener la alberca limpia, clara y libre de impurezas.<\/p>\n<p>Funciona aspirando agua a trav\u00e9s de una tuber\u00eda que va desde las entradas de agua de la alberca, que pueden estar a las orillas de la alberca (<em>skimmer<\/em>) y\/o en el desag\u00fce del fondo, hasta la bomba misma. Luego impulsa el agua a trav\u00e9s de un prefiltro contenido en la bomba misma que es como una canasta que atrapa los residuos m\u00e1s grandes como hojas, piedras, etc., y despu\u00e9s dirige el agua hacia el filtro que sirve para eliminar el resto de las part\u00edculas y suciedad presentes en el agua. Finalmente, la bomba devuelve el agua filtrada a la piscina a trav\u00e9s de las boquillas de retorno.<\/p>\n<p><img fetchpriority=\"high\" decoding=\"async\" class=\"aligncenter size-medium wp-image-25621\" src=\"https:\/\/h2otek.com\/tienda\/wp-content\/uploads\/2018\/11\/9-3-alberca-min-300x300.jpg\" alt=\"bombas para albercas\" width=\"300\" height=\"300\" srcset=\"https:\/\/h2otek.com\/tienda\/wp-content\/uploads\/2018\/11\/9-3-alberca-min-300x300.jpg 300w, https:\/\/h2otek.com\/tienda\/wp-content\/uploads\/2018\/11\/9-3-alberca-min-150x150.jpg 150w, https:\/\/h2otek.com\/tienda\/wp-content\/uploads\/2018\/11\/9-3-alberca-min-100x100.jpg 100w, https:\/\/h2otek.com\/tienda\/wp-content\/uploads\/2018\/11\/9-3-alberca-min.jpg 550w\" sizes=\"(max-width: 300px) 100vw, 300px\" \/><\/p>\n<h2>Partes del sistema de filtraci\u00f3n de una alberca<\/h2>\n<p>Las <a href=\"https:\/\/h2otek.com\/tienda\/bombas-para-albercas-asi-puedes-hacer-una-buena-eleccion\/\"><strong>bombas para albercas<\/strong><\/a> son parte de todo un sistema de filtrado que cuenta con varios elementos. A continuaci\u00f3n, se presentan los elementos principales y el funcionamiento b\u00e1sico de estos:<\/p>\n<h3>Motor<\/h3>\n<p>El sistema cuenta con un motor el\u00e9ctrico que impulsa el funcionamiento de todo. Este motor genera la energ\u00eda necesaria para hacer que la bomba aspire y mueva el agua a trav\u00e9s de los filtros.<\/p>\n<h3>Impulsor<\/h3>\n<p>El impulsor es una parte giratoria de la bomba que, gracias a la energ\u00eda proporcionada por el motor, crea un flujo de agua. Es el componente responsable de la succi\u00f3n del agua desde la piscina y su posterior expulsi\u00f3n.<\/p>\n<h3>Cesta del <em>skimmer<\/em> y el prefiltro<\/h3>\n<p>Antes de que el agua ingrese al impulsor, generalmente pasa por una cesta (ubicada en la entrada del <em>skimmer<\/em> a las orillas de la alberca) y un prefiltro (ubicado en la entrada de la bomba). Estos elementos ayudan a atrapar objetos m\u00e1s grandes, como hojas, insectos y otros desechos, evitando que lleguen al impulsor y obstruyan el sistema.<\/p>\n<h3>Filtro<\/h3>\n<p>El agua pasa a trav\u00e9s del filtro despu\u00e9s de ser aspirada por la bomba. El filtro es una parte esencial del proceso de limpieza, ya que retiene las part\u00edculas finas y suciedad en un medio filtrante (arena o cartuchos, dependiendo del tipo de filtro) y, as\u00ed, el agua regresa m\u00e1s limpia a la piscina.<\/p>\n<h3>Tuber\u00edas<\/h3>\n<p>Todo el sistema est\u00e1 conectado mediante un sistema de tuber\u00edas que permiten dirigir el flujo de agua hacia el <em>skimmer<\/em>, el desag\u00fce del fondo de la alberca, las boquillas de retorno y la boquilla que lleva al desag\u00fce, seg\u00fan sea necesario.<\/p>\n<h3>V\u00e1lvula<\/h3>\n<p>La v\u00e1lvula se utiliza para ajustar la circulaci\u00f3n del agua dirigi\u00e9ndose hacia diferentes tuber\u00edas seg\u00fan sea el caso. Generalmente la v\u00e1lvula selectora tiene opciones de funcionamiento distintas que hacen que el agua siga un recorrido espec\u00edfico, entre ellas est\u00e1n:<\/p>\n<ul>\n<li>Filtraci\u00f3n \ud83e\udc6a piscina \u2013 bomba \u2013 filtro \u2013 piscina.<\/li>\n<li>Recirculaci\u00f3n \ud83e\udc6a piscina \u2013 bomba \u2013 piscina.<\/li>\n<li>Lavado \ud83e\udc6a piscina \u2013 bomba \u2013 filtro \u2013 desag\u00fce.<\/li>\n<li>Vaciado \ud83e\udc6a piscina \u2013 bomba \u2013 desag\u00fce.<\/li>\n<li>Cerrado \ud83e\udc6a Todos los caminos cerrado. Cuando est\u00e1 en esta opci\u00f3n no se debe encender la bomba.<\/li>\n<\/ul>\n<h2>Recomendaciones de uso y mantenimiento<\/h2>\n<p>Una alberca de preferencia se debe filtrar diariamente por unas cuantas horas al d\u00eda. Las horas de depuraci\u00f3n que necesita una alberca dependen de su tama\u00f1o y del entorno que rodee a la alberca, as\u00ed como de la temporada del a\u00f1o que sea. Se puede programar por medio de un reloj integrado o por medio de un cuadro el\u00e9ctrico wifi que se controla desde una aplicaci\u00f3n.<\/p>\n<p>Cada bomba viene con un manual de uso para evitar descomponer el sistema, pero aqu\u00ed presentamos cinco errores que no podemos cometer al utilizar una bomba y filtro para alberca:<\/p>\n<ul>\n<li>Manipular las llaves con la bomba encendida. Siempre que busques abrir y cerrar las llaves de paso del agua, apaga el motor, manipula las llaves y despu\u00e9s vuelve a prenderlo.<\/li>\n<li>Dejar la bomba encendida con todas las llaves de aspiraci\u00f3n cerradas. Esto puede generar que el agua rompa las tuber\u00edas al no tener por donde pasar.<\/li>\n<li>Tener la llave de impulsi\u00f3n (o retorno a la piscina) cerrada con la v\u00e1lvula selectora en posici\u00f3n filtraci\u00f3n o recirculaci\u00f3n.<\/li>\n<li>Tener la llave que va al desag\u00fce cerrada con la v\u00e1lvula selectora en opci\u00f3n de lavado, enjuague o vaciado.<\/li>\n<li>Tener la bomba encendida con la v\u00e1lvula selectora en posici\u00f3n cerrada.<\/li>\n<\/ul>\n<p>Adem\u00e1s, estas bombas junto con otros elementos del sistema de filtrado requieren de una limpieza constante para prolongar su vida \u00fatil. Es importante limpiar el prefiltro de la bomba semanalmente. Y el filtro igual debe ser limpiado cada cierto tiempo, cada cu\u00e1nto depender\u00e1 de muchos factores por lo que es recomendable hacer revisiones constantes.<\/p>\n","protected":false},"excerpt":{"rendered":"<p>Contar con una alberca en casa es muy entretenido y refrescante especialmente durante los meses m\u00e1s calurosos del a\u00f1o, sin embargo, tener una alberca conlleva ciertas responsabilidades de uso necesarias para que funcione eficientemente. Es muy importante conocer los elementos [&hellip;]<\/p>\n","protected":false},"author":1,"featured_media":0,"parent":0,"menu_order":0,"comment_status":"closed","ping_status":"closed","template":"","meta":{"footnotes":""},"class_list":["post-29437","page","type-page","status-publish","hentry"],"_links":{"self":[{"href":"https:\/\/h2otek.com\/tienda\/wp-json\/wp\/v2\/pages\/29437","targetHints":{"allow":["GET"]}}],"collection":[{"href":"https:\/\/h2otek.com\/tienda\/wp-json\/wp\/v2\/pages"}],"about":[{"href":"https:\/\/h2otek.com\/tienda\/wp-json\/wp\/v2\/types\/page"}],"author":[{"embeddable":true,"href":"https:\/\/h2otek.com\/tienda\/wp-json\/wp\/v2\/users\/1"}],"replies":[{"embeddable":true,"href":"https:\/\/h2otek.com\/tienda\/wp-json\/wp\/v2\/comments?post=29437"}],"version-history":[{"count":0,"href":"https:\/\/h2otek.com\/tienda\/wp-json\/wp\/v2\/pages\/29437\/revisions"}],"wp:attachment":[{"href":"https:\/\/h2otek.com\/tienda\/wp-json\/wp\/v2\/media?parent=29437"}],"curies":[{"name":"wp","href":"https:\/\/api.w.org\/{rel}","templated":true}]}}