{"id":12043,"date":"2021-06-10T16:03:14","date_gmt":"2021-06-10T16:03:14","guid":{"rendered":"https:\/\/h2otek.com\/tienda\/?page_id=12043"},"modified":"2025-10-31T19:32:01","modified_gmt":"2025-10-31T19:32:01","slug":"calentador-de-agua-industrial","status":"publish","type":"page","link":"https:\/\/h2otek.com\/tienda\/calentador-de-agua-industrial\/","title":{"rendered":"Calentador de agua industrial"},"content":{"rendered":"<p>7 de Octubre de 2025<\/p>\n<p>El <a href=\"https:\/\/h2otek.com\/tienda\/conocenos\/\"><strong>calentador de agua industrial<\/strong> <\/a>se diferencia del dom\u00e9stico por su tama\u00f1o, capacidad de calentamiento y eficiencia; los principales modelos son de gas, ya sea LP o natural, debido a la eficiencia del combustible en comparaci\u00f3n con la electricidad. Tiene la capacidad de almacenar una cantidad relativamente grande de combustible en un espacio peque\u00f1o, lo que permite calentar grandes cantidades de agua.<\/p>\n<p>Estos calentadores pueden ser abastecidos por un tanque de almacenamiento cuya capacidad puede variar de entre 1,000 y 2,000 litros y puede ser rellenado peri\u00f3dicamente por una cisterna o incluso desde cilindros m\u00e1s peque\u00f1os que se pueden quitar y reemplazar cuando est\u00e1n vac\u00edos.<\/p>\n<h2>\u00bfCu\u00e1les son los calentadores de agua industriales m\u00e1s utilizados?<\/h2>\n<p>El <a href=\"https:\/\/h2otek.com\/tienda\/cuanto-tiempo-tardan-los-boilers-de-paso-en-calentar-el-agua\/\"><strong>calentador de agua industrial<\/strong> <\/a>de gas se compone de una mezcla inflamable de gases de hidrocarburos, siendo la m\u00e1s com\u00fan la de propano y butano. Es un combustible f\u00f3sil bajo en carbono y poco contaminante.<\/p>\n<p>Una de sus ventajas es que tiene la capacidad de transformarse en l\u00edquido cuando se encuentra en baja presi\u00f3n y as\u00ed se convierte en gases a presi\u00f3n atmosf\u00e9rica. Esto hace que se pueda almacenar grandes cantidades de combustible en un espacio relativamente peque\u00f1o.<\/p>\n<p><img fetchpriority=\"high\" decoding=\"async\" class=\"aligncenter size-full wp-image-33225\" src=\"https:\/\/h2otek.com\/tienda\/wp-content\/uploads\/2025\/10\/Calentador-de-agua-industrial-min.jpg\" alt=\"calentador gris marca h2otek\" width=\"600\" height=\"650\" srcset=\"https:\/\/h2otek.com\/tienda\/wp-content\/uploads\/2025\/10\/Calentador-de-agua-industrial-min.jpg 600w, https:\/\/h2otek.com\/tienda\/wp-content\/uploads\/2025\/10\/Calentador-de-agua-industrial-min-277x300.jpg 277w, https:\/\/h2otek.com\/tienda\/wp-content\/uploads\/2025\/10\/Calentador-de-agua-industrial-min-55x60.jpg 55w, https:\/\/h2otek.com\/tienda\/wp-content\/uploads\/2025\/10\/Calentador-de-agua-industrial-min-83x90.jpg 83w\" sizes=\"(max-width: 600px) 100vw, 600px\" \/><\/p>\n<p>Este sistema es \u00fatil para mantener el agua caliente, ya que el GLP es muy eficiente, adem\u00e1s su producci\u00f3n de emisiones de azufre es muy baja y es pr\u00e1cticamente inodoro. Al mismo tiempo, considere que las instalaciones de estos calentadores en ocasiones pueden resultar costosas.<\/p>\n<p>No es una fuente por completo limpia de energ\u00eda, es decir, mantiene una producci\u00f3n de di\u00f3xido de carbono cuando se quema, aunque sea poca. De cualquier forma, estas cuestiones no demeritan su funcionalidad y eficiencia. Para que siempre est\u00e9n en \u00f3ptimas condiciones, <a href=\"https:\/\/h2otek.com\/tienda\/calentador-solare-7-usos-industriales-que-tu-empresa-necesita-conocer\/\">los calentadores de agua<\/a> deben recibir mantenimiento anualmente para conservar su eficiencia y alargar su vida \u00fatil.<\/p>\n<ul>\n<li>Eficiencia energ\u00e9tica.<\/li>\n<li>Capacidad para grandes vol\u00famenes.<\/li>\n<li>Temperatura constante y precisa.<\/li>\n<li>Reducci\u00f3n del riesgo de contaminaci\u00f3n.<\/li>\n<li>Durabilidad y vida prolongada.<\/li>\n<li>Menor espacio necesario para la instalaci\u00f3n.<\/li>\n<li>Costo operativo optimizado.<\/li>\n<\/ul>\n<h2>\u00bfQu\u00e9 tipo de calentadores de agua industriales a gas seleccionar?<\/h2>\n<p>Puede elegir entre varios modelos, desde los regulares, mixtos, hasta calentadores de agua industriales. Esto tambi\u00e9n puede consultarlo con su proveedor para verificar cu\u00e1l es factible. Los principales modelos son:<\/p>\n<h3>Combinada<\/h3>\n<p>Este tipo de calentadores funcionan calentando el agua cuando la necesite, por lo tanto, no es necesario tener tanque de agua caliente ni cilindro. Generalmente el <a href=\"https:\/\/h2otek.com\/tienda\/instalacion-de-calentadores\/\"><strong>calentador de agua industrial<\/strong><\/a> se usa en procesos que requieren calentar, fundir, secar, o esterilizar materiales a altas temperaturas. Si adem\u00e1s la usa como sistema de calefacci\u00f3n central, el sistema siempre dar\u00e1 prioridad al agua caliente.<\/p>\n<p><img decoding=\"async\" class=\"aligncenter size-full wp-image-33223\" src=\"https:\/\/h2otek.com\/tienda\/wp-content\/uploads\/2025\/10\/Calentador-de-agua-industrial-2-min.jpg\" alt=\"calentador caf\u00e9 marca h2otek\" width=\"537\" height=\"600\" srcset=\"https:\/\/h2otek.com\/tienda\/wp-content\/uploads\/2025\/10\/Calentador-de-agua-industrial-2-min.jpg 537w, https:\/\/h2otek.com\/tienda\/wp-content\/uploads\/2025\/10\/Calentador-de-agua-industrial-2-min-269x300.jpg 269w, https:\/\/h2otek.com\/tienda\/wp-content\/uploads\/2025\/10\/Calentador-de-agua-industrial-2-min-54x60.jpg 54w, https:\/\/h2otek.com\/tienda\/wp-content\/uploads\/2025\/10\/Calentador-de-agua-industrial-2-min-81x90.jpg 81w\" sizes=\"(max-width: 537px) 100vw, 537px\" \/><\/p>\n<p>Pero si tiene una gran demanda de agua caliente, es probable que necesite un sistema o una caldera regular. Su caracter\u00edstica es que calientan el agua antes de su uso, en lugar de hacerlo en el momento. Esto se traduce a una abundancia de agua caliente incluso si usa varios puntos de consumo a la vez.<\/p>\n<h3>Calentador tipo sistema<\/h3>\n<p>Es ideal para hogares grandes o sitios en donde la demanda de agua caliente es alta, puesto que se basa en un cilindro de agua caliente. De hecho, son utilizados en la industria en circuitos cerrados y en procesos de manufactura donde se mantiene un alto y continuo nivel de demanda.<\/p>\n<p>Sin embargo, necesitar\u00e1 un espacio para almacenar el cilindro de agua. Si no tiene un tanque de almacenamiento de agua, pero s\u00ed una caldera y un cilindro, este tipo de calentador de sistema le ayudar\u00e1 a mantener el agua caliente.<\/p>\n<h3>Calentador regular<\/h3>\n<p>Estos se constituyen con un cilindro y un tanque de almacenamiento de agua. Son perfectos cuando se necesita mucha agua caliente o cuando su uso es frecuente. Cualquiera que sea su elecci\u00f3n debe tener cuidado de que su funcionamiento sea id\u00f3neo.<\/p>\n<p>Si ve que <a href=\"https:\/\/h2otek.com\/tienda\/huele-a-gas-actua-rapido-senales-clave-y-guia-urgente-para-las-fugas\/\">est\u00e1 gastando demasiado en gas<\/a>, revise adecuadamente pues es signo de que algo no est\u00e1 funcionando bien. Por ejemplo, un termostato roto, lo que hace que el calentador no se apague cuando se supone que debe hacerlo. De igual forma, una v\u00e1lvula defectuosa, por lo que la caldera contin\u00faa funcionando incluso cuando no est\u00e1 programada para estar encendida.<\/p>\n<h2>\u00bfCu\u00e1ndo est\u00e1n indicados estos equipos?<\/h2>\n<p>Las aplicaciones de un <a href=\"https:\/\/h2otek.com\/tienda\/calentador-de-agua-industrial-y-su-incidencia-en-la-produccion\/\"><strong>calentador de agua industrial<\/strong> <\/a>son numerosas. Este equipo no solo realiza funciones esenciales en diferentes tipos de procesos productivos. Tambi\u00e9n se utiliza para brindar un mayor confort t\u00e9rmico en duchas, grifer\u00edas, cafeter\u00edas, entre otros.<\/p>\n<ul>\n<li>En procesos de limpieza y esterilizaci\u00f3n de equipos industriales y agr\u00edcolas y sistemas de sanitizaci\u00f3n para la industria alimentaria.<\/li>\n<li>Para la higiene personal en empresas grandes, edificaciones e instalaciones industriales.<\/li>\n<li>Procesamiento de alimentos en tareas de cocci\u00f3n, pasteurizaci\u00f3n y limpieza de equipos.<\/li>\n<li>En la industria farmac\u00e9utica para la esterilizaci\u00f3n y para procesos de fabricaci\u00f3n que requieren de agua caliente.<\/li>\n<li>En hoteles y hospitales para suministrar grandes vol\u00famenes de agua caliente para la lavander\u00eda, cocina y los servicios generales de las instalaciones.<\/li>\n<li>En la industria qu\u00edmica se utilizan para calentar fluidos y mezclas que necesitan mantener a temperaturas espec\u00edficas.<\/li>\n<\/ul>\n<h2>\u00bfC\u00f3mo comprar calentadores de agua industriales de forma segura?<\/h2>\n<p>La elecci\u00f3n de un <a href=\"https:\/\/h2otek.com\/tienda\/reconoce-ciertos-aspectos-para-una-optima-eleccion-de-calentadores\/\"><strong>calentador de agua industrial<\/strong><\/a> debe tener en cuenta inicialmente las necesidades y objetivos de la empresa. Las posibilidades disponibles para este tipo de sistema son numerosas, e incluso el gerente es libre de invertir en un proyecto exclusivo con equipos desarrollados bajo demanda.<\/p>\n<p><img decoding=\"async\" class=\"aligncenter size-full wp-image-33224\" src=\"https:\/\/h2otek.com\/tienda\/wp-content\/uploads\/2025\/10\/Calentador-de-agua-industrial-3-min.jpg\" alt=\"calentador verde\" width=\"1000\" height=\"1006\" srcset=\"https:\/\/h2otek.com\/tienda\/wp-content\/uploads\/2025\/10\/Calentador-de-agua-industrial-3-min.jpg 1000w, https:\/\/h2otek.com\/tienda\/wp-content\/uploads\/2025\/10\/Calentador-de-agua-industrial-3-min-298x300.jpg 298w, https:\/\/h2otek.com\/tienda\/wp-content\/uploads\/2025\/10\/Calentador-de-agua-industrial-3-min-150x150.jpg 150w, https:\/\/h2otek.com\/tienda\/wp-content\/uploads\/2025\/10\/Calentador-de-agua-industrial-3-min-768x773.jpg 768w, https:\/\/h2otek.com\/tienda\/wp-content\/uploads\/2025\/10\/Calentador-de-agua-industrial-3-min-60x60.jpg 60w, https:\/\/h2otek.com\/tienda\/wp-content\/uploads\/2025\/10\/Calentador-de-agua-industrial-3-min-89x90.jpg 89w, https:\/\/h2otek.com\/tienda\/wp-content\/uploads\/2025\/10\/Calentador-de-agua-industrial-3-min-600x604.jpg 600w, https:\/\/h2otek.com\/tienda\/wp-content\/uploads\/2025\/10\/Calentador-de-agua-industrial-3-min-100x100.jpg 100w\" sizes=\"(max-width: 1000px) 100vw, 1000px\" \/><\/p>\n<p>Para garantizar una compra realmente beneficiosa y adecuada es necesario contar con proveedores responsables como H2O TEK que ofrecen equipos de la m\u00e1s alta calidad. Estos proveedores cuentan con conocimientos sobre las regulaciones NOM, excelente disponibilidad en refacciones y ofrecen servicios de soporte y asesor\u00eda postventa.<\/p>\n<h2>H2O TEK: calentadores de alta calidad y servicios de asesoramiento<\/h2>\n<p>El <a href=\"https:\/\/h2otek.com\/tienda\/el-flujo-de-agua-influye-en-la-eleccion-del-calentador-de-gas\/\"><strong>calentador de agua industrial<\/strong><\/a> es un equipo ideal para entornos con alto nivel de demanda de agua caliente. En H2O TEK podr\u00e1 encontrar una excelente gama de opciones de la m\u00e1s alta calidad y que se adaptan a las necesidades espec\u00edficas de diferentes tipos de espacios. Tambi\u00e9n podr\u00e1 contar con asesor\u00edas y servicios postventa para asegurar un m\u00e1ximo aprovechamiento de los equipos.<\/p>\n<p>\u00bfQuiere saber m\u00e1s sobre nuestros productos o servicios? Cont\u00e1ctenos a trav\u00e9s del correo electr\u00f3nico <a href=\"mailto:info@h2otek.com\">info@h2otek.com<\/a> o mediante el n\u00famero de tel\u00e9fono <a href=\"tel:8009426835\">(800) 942 6835<\/a>. Uno de nuestros expertos le brindar\u00e1 toda la informaci\u00f3n que busca a la brevedad.<\/p>\n<h2>Preguntas frecuentes<\/h2>\n<h3>\u00bfC\u00f3mo calcular la capacidad BTU\/KW) que necesito para mi planta?<\/h3>\n<p>H2O TEK cuenta con un equipo de ingenieros expertos en el tema que ofrece asesor\u00eda gratuita para analizar el nivel de demanda t\u00e9rmica y recomendar el equipo \u00f3ptimo.<\/p>\n<h3>\u00bfOfrecen instalaci\u00f3n y puesta en marcha?<\/h3>\n<p>Ofrecemos soporte completo postventa y podemos recomendar t\u00e9cnicos certificados en su localidad para garantizar una instalaci\u00f3n exitosa y un funcionamiento seguro y adecuado de los equipos.<\/p>\n<h3>\u00bfCu\u00e1l es la eficiencia energ\u00e9tica de sus equipos?<\/h3>\n<p>Cada uno de los modelos disponibles en stock cuenta con su ficha t\u00e9cnica donde se detalla la eficiencia t\u00e9rmica. Damos prioridad a equipos de bajo consumo operativo ya que permiten un adecuado cumplimiento de normativas y se adaptan a las necesidades de la industria actual.<\/p>\n<h3>\u00bfCu\u00e1les son los calentadores m\u00e1s comunes en la industria?<\/h3>\n<p>Principalmente se clasifican seg\u00fan la fuente de energ\u00eda que utilizan. Los m\u00e1s implementados son los de gas, el\u00e9ctricos, combusti\u00f3n de aceite o mixtos.<\/p>\n<h3>\u00bfQu\u00e9 ventajas ofrecen los calentadores industriales sobre otros m\u00e9todos?<\/h3>\n<p>Proporcionan ventajas de importancia para la industria tales como: mayor eficiencia energ\u00e9tica, control preciso de la temperatura, mayor seguridad y la capacidad de calentar grandes vol\u00famenes de forma r\u00e1pida y constante.<\/p>\n<p>&nbsp;<\/p>\n<p>&nbsp;<\/p>\n<h4>Revisado por:<\/h4>\n<p>Ing. Francisco Perales<\/p>\n<p>Encargado de ingenier\u00eda y proyectos<\/p>\n<p>Ingenier\u00eda Mec\u00e1nica y Maestr\u00eda en termodin\u00e1mica<\/p>\n","protected":false},"excerpt":{"rendered":"<p>7 de Octubre de 2025 El calentador de agua industrial se diferencia del dom\u00e9stico por su tama\u00f1o, capacidad de calentamiento y eficiencia; los principales modelos son de gas, ya sea LP o natural, debido a la eficiencia del combustible en [&hellip;]<\/p>\n","protected":false},"author":1,"featured_media":0,"parent":0,"menu_order":0,"comment_status":"closed","ping_status":"closed","template":"","meta":{"footnotes":""},"class_list":["post-12043","page","type-page","status-publish","hentry"],"_links":{"self":[{"href":"https:\/\/h2otek.com\/tienda\/wp-json\/wp\/v2\/pages\/12043","targetHints":{"allow":["GET"]}}],"collection":[{"href":"https:\/\/h2otek.com\/tienda\/wp-json\/wp\/v2\/pages"}],"about":[{"href":"https:\/\/h2otek.com\/tienda\/wp-json\/wp\/v2\/types\/page"}],"author":[{"embeddable":true,"href":"https:\/\/h2otek.com\/tienda\/wp-json\/wp\/v2\/users\/1"}],"replies":[{"embeddable":true,"href":"https:\/\/h2otek.com\/tienda\/wp-json\/wp\/v2\/comments?post=12043"}],"version-history":[{"count":1,"href":"https:\/\/h2otek.com\/tienda\/wp-json\/wp\/v2\/pages\/12043\/revisions"}],"predecessor-version":[{"id":33313,"href":"https:\/\/h2otek.com\/tienda\/wp-json\/wp\/v2\/pages\/12043\/revisions\/33313"}],"wp:attachment":[{"href":"https:\/\/h2otek.com\/tienda\/wp-json\/wp\/v2\/media?parent=12043"}],"curies":[{"name":"wp","href":"https:\/\/api.w.org\/{rel}","templated":true}]}}