{"id":12038,"date":"2021-06-10T16:02:02","date_gmt":"2021-06-10T16:02:02","guid":{"rendered":"https:\/\/h2otek.com\/tienda\/?page_id=12038"},"modified":"2025-11-28T19:28:04","modified_gmt":"2025-11-28T19:28:04","slug":"calentador-de-agua-para-albercas","status":"publish","type":"page","link":"https:\/\/h2otek.com\/tienda\/calentador-de-agua-para-albercas\/","title":{"rendered":"Calentador de agua para albercas"},"content":{"rendered":"<p style=\"text-align: justify;\">Tomar la decisi\u00f3n de instalar una alberca en el jard\u00edn trasero de su casa no es cualquier cosa, ya que requiere de una inversi\u00f3n y de considerar una serie de situaciones. Por ejemplo, es necesario tomar en cuenta la compra de un <a href=\"https:\/\/h2otek.com\/tienda\/calentador-de-agua-para-albercas-instalacion-por-parte-de-expertos\/\"><strong>calentador de agua para albercas<\/strong><\/a>. Para algunas personas usar la alberca solo en verano o cuando el clima es caluroso les resulta suficiente. En cambio, hay otras que, al pensar en la construcci\u00f3n de una piscina, desean que la inversi\u00f3n valga la pena, por lo tanto quieren poder utilizarla a lo largo de todo el a\u00f1o.<\/p>\n<p style=\"text-align: justify;\">Para algunas familias los calentadores son esenciales para que puedan usar su alberca todo el a\u00f1o. Decidir si instalar un calentador o no, depender\u00e1 de cu\u00e1l es su situaci\u00f3n y deseos.<\/p>\n<h2 style=\"text-align: justify;\">\u00bfCu\u00e1l es la funci\u00f3n del <a href=\"https:\/\/h2otek.com\/tienda\/calentador-de-agua-para-albercas-diferentes-capacidades-2-fases-h2otek-linea-bera\/\"><strong>calentador de agua para albercas<\/strong><\/a>?<\/h2>\n<p style=\"text-align: justify;\">Un calentador de agua industrial puede usarse para mantener una temperatura agradable dentro de la piscina. De esta manera podr\u00e1 utilizarla en cualquier momento del a\u00f1o si as\u00ed desea. Estas m\u00e1quinas poseen la tecnolog\u00eda necesaria que permite que las personas que usan las albercas puedan nadar y pasar un momento agradable y c\u00f3modo.<\/p>\n<p style=\"text-align: justify;\">Los usuarios pueden ajustar la temperatura del agua a su gusto, un beneficio que pueden aprovechar en todo el a\u00f1o. Por eso, para familias que son amantes de las albercas, que les encanta el agua, este tipo de unidades que permiten tener un clima templado dentro de la piscina es ideal.<\/p>\n<p style=\"text-align: justify;\">Por otra parte, si los usuarios se est\u00e1n planteando la instalaci\u00f3n de calentadores, pero no son amantes de las albercas, o simplemente desea usarla solo cuando el clima exterior sea c\u00e1lido y una vez entrado el oto\u00f1o la dejar\u00e1 de usar para volver a reactivarla hasta el pr\u00f3ximo verano. Entonces un calentador de agua para piscina no es una buena inversi\u00f3n, ya que no le sacar\u00e1n provecho, puesto que calentar el agua durante el verano no es buena idea.<\/p>\n<p><img fetchpriority=\"high\" decoding=\"async\" class=\"aligncenter size-full wp-image-26203\" src=\"https:\/\/h2otek.com\/tienda\/wp-content\/uploads\/2016\/05\/Albercas-1-1.jpg\" alt=\"Calentador de agua para albercas\" width=\"800\" height=\"532\" srcset=\"https:\/\/h2otek.com\/tienda\/wp-content\/uploads\/2016\/05\/Albercas-1-1.jpg 800w, https:\/\/h2otek.com\/tienda\/wp-content\/uploads\/2016\/05\/Albercas-1-1-300x200.jpg 300w, https:\/\/h2otek.com\/tienda\/wp-content\/uploads\/2016\/05\/Albercas-1-1-768x511.jpg 768w, https:\/\/h2otek.com\/tienda\/wp-content\/uploads\/2016\/05\/Albercas-1-1-600x399.jpg 600w\" sizes=\"(max-width: 800px) 100vw, 800px\" \/><\/p>\n<p style=\"text-align: justify;\">Pero si la familia no tiene seguridad sobre el tiempo de uso que le dar\u00e1n a la alberca, lo mejor es que compren un calentador. De esta manera pueden utilizarla en verano, un d\u00eda de oto\u00f1o o invierno.<\/p>\n<h2 style=\"text-align: justify;\">Tipos de calentadores para alberca<\/h2>\n<p style=\"text-align: justify;\">Existen diferentes tipos de calentadores para piscinas, cada uno de ellos tienen sus caracter\u00edsticas y su funcionamiento, no es lo mismo un calentador de gas, uno el\u00e9ctrico o uno solar. Todos cumplen su prop\u00f3sito solo que lo hacen de manera distinta. Por eso, antes de comprar una m\u00e1quina como esta, debe considerar las ventajas de cada una y ver cu\u00e1les son las necesidades y deseos de su familia. El objetivo es adquirir la mejor para mantener su alberca en la temperatura adecuada.<\/p>\n<h3 style=\"text-align: justify;\">Calentador de gas para piscina<\/h3>\n<p style=\"text-align: justify;\">Estas m\u00e1quinas funcionan con gas natural o propano, requieren de un tanque para almacenar el combustible. Lo mejor es que sea un profesional quien se encargue de su instalaci\u00f3n. Por la parte de debajo de la unidad hay una bandeja de quemador que calienta el aire que est\u00e1 dentro de la caja, esto se transfiere al agua que se encuentra circulado por el intercambiador de calor. Este tipo de calentador logra calentar el agua de forma r\u00e1pida.<\/p>\n<h3 style=\"text-align: justify;\">Calentador de bomba de calor<\/h3>\n<p style=\"text-align: justify;\">El costo de funcionamiento de estas unidades es bajo. Para mantener el agua caliente, lo que hacen estas m\u00e1quinas es tomar el calor del aire y lo almacenan en un refrigerante l\u00edquido, comprime el l\u00edquido y as\u00ed forman m\u00e1s calor y lo transfieren al agua de la piscina. Su funci\u00f3n es segura y confiable con un costo de operaci\u00f3n es bajo.<\/p>\n<h3 style=\"text-align: justify;\">Calentadores de agua solares<\/h3>\n<p style=\"text-align: justify;\">Su funcionamiento depende totalmente del sol, conforme el agua circula por los paneles solares, la radiaci\u00f3n de los rayos del sol se transfiere al agua en forma de calor. Adem\u00e1s, es ecol\u00f3gico, no crea emisiones contaminantes y su mantenimiento no es costoso.<\/p>\n<h2 style=\"text-align: justify;\">\u00bfCu\u00e1les son los beneficios de un <a href=\"https:\/\/h2otek.com\/tienda\/cuales-son-los-beneficios-de-un-calentador-de-agua-para-albercas\/\"><strong>calentador de agua para albercas<\/strong><\/a>?<\/h2>\n<h3 style=\"text-align: justify;\">1.\u00a0\u00a0\u00a0 Uso durante todo el a\u00f1o<\/h3>\n<p style=\"text-align: justify;\">Aquellos que tienen una piscina sin calentador rara vez utilizan la estructura en su rutina diaria, especialmente fuera del verano. Con el sistema de calefacci\u00f3n, no hay mal tiempo. Es posible dejar de ir al club o a un spa y darse un buen ba\u00f1o en la comodidad y privacidad del hogar, cuando lo desee sin tener que aguantar fr\u00edo, porque el <a href=\"https:\/\/h2otek.com\/tienda\/categoria-producto\/agua-caliente-boilers-calentadores-de-agua\/\"><strong>agua caliente<\/strong><\/a> va a estar disponible todo el tiempo.<\/p>\n<p style=\"text-align: justify;\">Por otro lado, aquellos que tienen un hotel podr\u00e1n brindar un servicio de calidad y los clientes ya no tendr\u00e1n que esperar a que haga sol y dejar de usar la alberca de noche. Con la piscina climatizada todo el tiempo, las personas van a querer regresar una y mil veces a pasar un tiempo inolvidable con la persona que m\u00e1s aman, amigos y familia.<\/p>\n<h3 style=\"text-align: justify;\">2.\u00a0\u00a0\u00a0 Diversi\u00f3n garantizada<\/h3>\n<p style=\"text-align: justify;\">Para los adultos, se considera agradable una temperatura de entre 26 y 28 \u00b0C. Para los ni\u00f1os, se recomienda una temperatura del agua de al menos 30 \u00b0C. La temperatura ideal de la alberca permite que los ni\u00f1os, j\u00f3venes e incluso adultos puedan pasar un tiempo lleno de diversi\u00f3n las veces que deseen y por un tiempo prolongado.<\/p>\n<h3 style=\"text-align: justify;\">3.\u00a0\u00a0\u00a0 Facilidad de mantenimiento<\/h3>\n<p style=\"text-align: justify;\">El mantenimiento var\u00eda seg\u00fan el sistema elegido. Aquellos que buscan practicidad, por ejemplo, deber\u00edan optar por el <strong>calentador solar<\/strong>. La limpieza de los colectores debe realizarse una o, como m\u00e1ximo, dos veces al a\u00f1o, y se puede contar con el servicio de la empresa responsable de la instalaci\u00f3n o por una experta para garantizar su funcionamiento y vida \u00fatil.<\/p>\n<h3 style=\"text-align: justify;\">4.\u00a0\u00a0\u00a0 Mejora la circulaci\u00f3n<\/h3>\n<p style=\"text-align: justify;\">Otro beneficio del calentamiento de la alberca es que mejora la calidad de la circulaci\u00f3n sangu\u00ednea. El calor del agua puede ser beneficioso para personas hipertensas y personas con trastornos circulatorios. La circulaci\u00f3n tiende a activarse en un entorno t\u00e9rmicamente diferenciado. La buena circulaci\u00f3n ayuda a minimizar el dolor muscular, favoreciendo una agradable sensaci\u00f3n de relajaci\u00f3n. De esta forma, las ventajas de la piscina climatizada se pueden equiparar a las de un masaje terap\u00e9utico.<\/p>\n<p style=\"text-align: justify;\">Los efectos son mucho mejores que los efectos de los f\u00e1rmacos, que, casi en su totalidad, pueden tener efectos adversos y contraindicaciones. Aquellos que tienen alg\u00fan problema de salud que le genera un dolor articular o muscular, podr\u00e1n beneficiarse de una piscina climatizada porque podr\u00e1 realizar ejercicios rehabilitadores en estos espacios.<\/p>\n<h2 style=\"text-align: justify;\">Visita H2O TEK y encuentra el mejor <strong>calentador de agua para albercas<\/strong><\/h2>\n<p style=\"text-align: justify;\">Para conocer el cat\u00e1logo de productos con los que contemos, visite nuestro sitio web h2otek.com y seleccione el calentador que m\u00e1s se ajuste a sus necesidades. Los m\u00e9todos de pago son sencillos y todas las compras se hacen en l\u00ednea. Llame al tel\u00e9fono 800 9 H2O TEK (800 942 6835) o mande un mensaje al WhatsApp +52 (81) 2152 4723 para m\u00e1s informaci\u00f3n de nuestros productos.<\/p>\n","protected":false},"excerpt":{"rendered":"<p>Tomar la decisi\u00f3n de instalar una alberca en el jard\u00edn trasero de su casa no es cualquier cosa, ya que requiere de una inversi\u00f3n y de considerar una serie de situaciones. Por ejemplo, es necesario tomar en cuenta la compra [&hellip;]<\/p>\n","protected":false},"author":1,"featured_media":0,"parent":0,"menu_order":0,"comment_status":"closed","ping_status":"closed","template":"","meta":{"footnotes":""},"class_list":["post-12038","page","type-page","status-publish","hentry"],"_links":{"self":[{"href":"https:\/\/h2otek.com\/tienda\/wp-json\/wp\/v2\/pages\/12038","targetHints":{"allow":["GET"]}}],"collection":[{"href":"https:\/\/h2otek.com\/tienda\/wp-json\/wp\/v2\/pages"}],"about":[{"href":"https:\/\/h2otek.com\/tienda\/wp-json\/wp\/v2\/types\/page"}],"author":[{"embeddable":true,"href":"https:\/\/h2otek.com\/tienda\/wp-json\/wp\/v2\/users\/1"}],"replies":[{"embeddable":true,"href":"https:\/\/h2otek.com\/tienda\/wp-json\/wp\/v2\/comments?post=12038"}],"version-history":[{"count":1,"href":"https:\/\/h2otek.com\/tienda\/wp-json\/wp\/v2\/pages\/12038\/revisions"}],"predecessor-version":[{"id":33496,"href":"https:\/\/h2otek.com\/tienda\/wp-json\/wp\/v2\/pages\/12038\/revisions\/33496"}],"wp:attachment":[{"href":"https:\/\/h2otek.com\/tienda\/wp-json\/wp\/v2\/media?parent=12038"}],"curies":[{"name":"wp","href":"https:\/\/api.w.org\/{rel}","templated":true}]}}