{"id":12029,"date":"2021-06-10T15:59:46","date_gmt":"2021-06-10T15:59:46","guid":{"rendered":"https:\/\/h2otek.com\/tienda\/?page_id=12029"},"modified":"2025-10-31T19:32:48","modified_gmt":"2025-10-31T19:32:48","slug":"boilers-de-paso","status":"publish","type":"page","link":"https:\/\/h2otek.com\/tienda\/boilers-de-paso\/","title":{"rendered":"Boilers de paso"},"content":{"rendered":"<p>7 de Octubre de 2025<\/p>\n<p>Los <a href=\"https:\/\/h2otek.com\/tienda\/las-calderas-y-o-boilers-industriales-en-la-esterilizacion-de-utensilios-de-cocina\/\"><strong>boilers de paso<\/strong> <\/a>son cada vez m\u00e1s populares, lo que no es de extra\u00f1ar por las ventajas que ofrecen. Conocidos tambi\u00e9n como calentadores instant\u00e1neos o sin tanque, son la mejor alternativa si no est\u00e1n satisfechos o convencidos con los calentadores con dep\u00f3sito. Para saber si son lo que necesitan para su hogar, industria o comercio es importante que se informen bien.<\/p>\n<h2>\u00bfQu\u00e9 son y c\u00f3mo funcionan los <strong>boilers de paso<\/strong>?<\/h2>\n<p>Los <a href=\"https:\/\/h2otek.com\/tienda\/reconoce-ciertos-aspectos-para-una-optima-eleccion-de-calentadores\/\"><strong>boilers de paso<\/strong><\/a> o calentadores sin tanque son estimados por muchos mexicanos debido a su dise\u00f1o compacto y eficiencia energ\u00e9tica. Tienen la capacidad de proporcionar agua caliente \u00fanicamente cuando es requerida. Los calentadores convencionales almacenan el agua caliente en un tanque y recurren a diversos energ\u00e9ticos para mantener su temperatura hasta ser usada.<\/p>\n<p>En los instant\u00e1neos las duchas no son limitadas por las dimensiones de un dep\u00f3sito. La energ\u00eda se utiliza <a href=\"https:\/\/h2otek.com\/tienda\/errores-comunes-que-hacen-que-tu-boiler-dure-menos-dejar-la-flama-encendida-todo-el-tiempo-en-modelos-de-gas\/\">solo para calentar el agua<\/a>, no para almacenarla y mantenerla caliente. El funcionamiento de un calentador de paso es sencillo. Al momento de abrirse el grifo de agua caliente, entra l\u00edquido fr\u00edo en la unidad y se activa un quemador de gas o elemento de calentamiento el\u00e9ctrico.<\/p>\n<ul>\n<li>Dise\u00f1o m\u00e1s compacto en comparaci\u00f3n con los calentadores convencionales.<\/li>\n<li>Agua caliente de manera pr\u00e1cticamente instant\u00e1nea.<\/li>\n<li>No utiliza un tanque de almacenamiento por lo que no existen limitaciones en cuanto a cantidad de agua.<\/li>\n<li>Ahorro de energ\u00eda debido a que su funcionamiento solo inicia al requerir agua caliente y no necesita mantener la temperatura de un tanque de almacenamiento.<\/li>\n<li>Distintas alternativas para el hogar, los comercios, las empresas e incluso instalaciones industriales.<\/li>\n<\/ul>\n<p>Al dejar la unidad, el agua sale caliente y lista para ser utilizada. Es capaz de ofrecer un suministro constante de l\u00edquido caliente. Sin embargo, est\u00e1n limitados por el caudal, la cantidad de agua que la unidad puede calentar al ser activada.<\/p>\n<p><img fetchpriority=\"high\" decoding=\"async\" class=\"aligncenter size-full wp-image-33228\" src=\"https:\/\/h2otek.com\/tienda\/wp-content\/uploads\/2025\/10\/Boilers-de-paso-min.jpg\" alt=\"imagen de boiler chico marca calorex\" width=\"481\" height=\"560\" srcset=\"https:\/\/h2otek.com\/tienda\/wp-content\/uploads\/2025\/10\/Boilers-de-paso-min.jpg 481w, https:\/\/h2otek.com\/tienda\/wp-content\/uploads\/2025\/10\/Boilers-de-paso-min-258x300.jpg 258w, https:\/\/h2otek.com\/tienda\/wp-content\/uploads\/2025\/10\/Boilers-de-paso-min-52x60.jpg 52w, https:\/\/h2otek.com\/tienda\/wp-content\/uploads\/2025\/10\/Boilers-de-paso-min-77x90.jpg 77w\" sizes=\"(max-width: 481px) 100vw, 481px\" \/><\/p>\n<p>Si la unidad cuenta con un caudal bajo, podr\u00e1 ofrecer suficiente l\u00edquido para satisfacer las demandas de su hogar, tan solo funcionar\u00e1 en algunas aplicaciones. Por tal motivo, es importante escoger una lo suficientemente grande si desean aprovecharla en cualquier aplicaci\u00f3n.<\/p>\n<h3>Los boilers de paso han reemplazado a los tradicionales o de tanque<\/h3>\n<p>Este tipo de calentadores se han vuelto comunes en cada vez m\u00e1s partes del mundo debido a que son amables con el medio ambiente y ofrecen ahorros considerables. En nuestro pa\u00eds son m\u00e1s los usuarios de calentadores tradicionales, sin embargo, la compra de las versiones de paso est\u00e1 en aumento. Debido a dos factores: la disminuci\u00f3n de su precio y el aumento de proveedores.<\/p>\n<p>Hace muchos a\u00f1os eran criticados por sus altos costos iniciales, sin embargo, con los avances tecnol\u00f3gicos hay modelos con precios similares a los convencionales. Debido a que no eran tan demandados, pocos se animaban a comerciarlos. Por fortuna, su popularidad creciente en los pa\u00edses desarrollados y las tendencias ecol\u00f3gicas han contagiado a muchos mexicanos y los han convertido en una opci\u00f3n rentable.<\/p>\n<p>Muchas empresas ven a los <a href=\"https:\/\/h2otek.com\/tienda\/el-uso-del-boiler-electricos-en-destilerias-artesanales-corazon-termico-del-proceso-de-destilacion\/\"><strong>boilers de paso<\/strong><\/a>, junto con los solares, como una tecnolog\u00eda para el futuro. Mejorar\u00e1n con el paso del tiempo y a medida que eso ocurra, su popularidad aumentar\u00e1 y sus precios disminuir\u00e1n a\u00fan m\u00e1s. Hay algunas que aseguran que, con el crecimiento de las construcciones sustentables, su producci\u00f3n y demanda ser\u00e1 mayor.<\/p>\n<h2>\u00bfQu\u00e9 ventajas ofrecen?<\/h2>\n<h3>Ahorro de energ\u00eda y dinero<\/h3>\n<p>Con su uso no existen p\u00e9rdidas de calor mientras esperan para utilizar el agua debido a que el agua caliente es entregada bajo demanda y de forma instant\u00e1nea. Esto resulta ventajoso pues se cuenta con una mayor eficiencia t\u00e9rmica y a largo plazo se puede obtener un retorno de la inversi\u00f3n al disminuir los costos de facturas por servicio al final de cada mes.<\/p>\n<h3>Durabilidad<\/h3>\n<p>La construcci\u00f3n de estos equipos se realiza mediante materiales altamente resistentes por lo que se cuenta con una fabricaci\u00f3n robusta para una <a href=\"https:\/\/h2otek.com\/tienda\/cuanto-tiempo-tardan-los-boilers-de-paso-en-calentar-el-agua\/\">operaci\u00f3n continua las 24\/7<\/a>. Si se les proporcionan mantenimientos peri\u00f3dicos, pueden durar m\u00e1s de 20 a\u00f1os. Su vida \u00fatil es superior a la de los calentadores convencionales que suelen durar de 10 a 15 a\u00f1os. Adem\u00e1s, no requieren de muchos cuidados. Requieren solo un poco de limpieza y revisiones sencillas.<\/p>\n<h3>Reparaci\u00f3n y mantenimiento<\/h3>\n<p>Una de las razones por las que duran tanto es porque est\u00e1n dise\u00f1ados para ser reparados y no reemplazados. Cuando los calentadores tradicionales presentan fugas, es posible que tengan que reemplazarse por completo. En cambio, los instant\u00e1neos al presentar una falla es suficiente con reemplazar las partes da\u00f1adas.<\/p>\n<p>De igual forma, su dise\u00f1o est\u00e1 pensado para simplificar las tareas de mantenimiento, por lo que no se requiere de grandes costos por reparaciones. Adem\u00e1s existe una excelente disponibilidad de repuestos para garantizar un funcionamiento \u00f3ptimo.<\/p>\n<h3>Dise\u00f1o compacto<\/h3>\n<p>Para que las versiones convencionales funcionen necesitan tanques voluminosos, por tal motivo no son convenientes en peque\u00f1os departamentos. Los boilers de paso requieren poco espacio y pueden montarse en pared. Pueden instalarse tambi\u00e9n en exteriores.<\/p>\n<h3>Suministro constante de agua caliente<\/h3>\n<p>Para obtener duchas de calidad y calientes no es necesario disponer de un tanque de gran tama\u00f1o. El calentador instant\u00e1neo puede ofrecer un suministro ilimitado si se dimensiona adecuadamente.<\/p>\n<h3>Agua de calidad<\/h3>\n<p>El l\u00edquido caliente suministrado por unidades convencionales puede contener \u00f3xido e incrustaciones si no se mantiene de forma adecuada. Las de paso entregan agua potable y caliente de forma inmediata.<\/p>\n<h3>Seguridad<\/h3>\n<p>Debido a que los calentadores de paso no necesitan almacenar el agua no hay preocupaciones por fugas. Es un problema com\u00fan en los tradicionales debido al tiempo de uso.<\/p>\n<h2>\u00bfQu\u00e9 tipo de combustible utilizar?<\/h2>\n<p>El tipo que escogen afectar\u00e1 la eficiencia energ\u00e9tica, el tama\u00f1o y los gastos de operaci\u00f3n del calentador de paso. Las tres opciones m\u00e1s comunes son electricidad, gas propano y gas natural. Para hacer una buena elecci\u00f3n revisen la disponibilidad del combustible en su \u00e1rea. Tambi\u00e9n deben comparar su precio y la eficiencia del equipo.<\/p>\n<p>Los <a href=\"https:\/\/h2otek.com\/tienda\/que-debe-saber-antes-de-instalar-un-calentador-de-gas\/\">calentadores de gas<\/a> tienen un precio m\u00e1s alto que los el\u00e9ctricos y es necesario que reciban atenci\u00f3n profesional de manera anual. Sin embargo, funcionan mejor y permiten costos operativos menores y ahorros de energ\u00eda. Si en su vivienda es f\u00e1cil adquirir gas natural o propano, apuesten por ellos. Pueden cubrir sin problemas los dos requisitos necesarios para garantizar la efectividad de los sistemas instant\u00e1neos: alta producci\u00f3n de calor y tiempo de respuesta r\u00e1pida.<\/p>\n<p>Los el\u00e9ctricos tienen costos de compra e instalaci\u00f3n m\u00e1s bajos, sin embargo, necesitan de mayores cantidades de energ\u00eda para suministrar agua caliente a todo su hogar. Adem\u00e1s, si es necesario actualizar el sistema el\u00e9ctrico de su vivienda, el precio de instalaci\u00f3n ser\u00e1 mayor.<\/p>\n<h2>Aplicaciones industriales y comerciales<\/h2>\n<p>Las aplicaciones de los <a href=\"https:\/\/h2otek.com\/tienda\/boilers-industriales-en-la-produccion-de-aceites-esenciales-elemento-clave-para-la-eficiencia-del-proceso\/\"><strong>boilers de paso<\/strong><\/a> son varias y en diferentes entornos o sectores. H2O TEK le ense\u00f1a a profundidad sobre esto, a continuaci\u00f3n:<\/p>\n<h3>Hoteler\u00eda y gimnasios<\/h3>\n<p>En estos entornos existe un alto nivel de demanda de agua caliente. Un calentador de paso es ideal debido a que proporciona agua caliente de forma pr\u00e1cticamente inmediata e ilimitada.<\/p>\n<h3>Hospitales y laboratorios<\/h3>\n<p>Se pueden implementar calentadores de paso en entornos exigentes como los hospitales y laboratorios debido a que ofrecen un excelente nivel de precisi\u00f3n seg\u00fan la demanda. Adem\u00e1s se puede contar con agua caliente disponible para los procesos de sanitizaci\u00f3n sin necesidad de esperar a que el agua alcance la temperatura necesaria.<\/p>\n<h3>Procesos de la industria alimentaria<\/h3>\n<p>La industria alimentaria es un sector sumamente demandante cuando de agua caliente se trata. Existen modelos de calentadores de paso que se adaptan a las grandes instalaciones de este entorno para garantizar procesos exitosos y seguros.<\/p>\n<h2>\u00a1Contacte a H2O TEK y adquiera el boiler de paso que necesita!<\/h2>\n<p>Los <a href=\"https:\/\/h2otek.com\/tienda\/conocenos\/\"><strong>boilers de paso<\/strong><\/a> son una excelente opci\u00f3n para distintos entornos debido a las ventajas que ofrece y su funcionamiento eficiente y seguro. En H2O TEK podr\u00e1 encontrar una excelente disponibilidad en equipos el\u00e9ctricos y de gas de la m\u00e1s alta calidad y a precios competitivos.<\/p>\n<p>\u00bfDesea saber m\u00e1s detalles sobre nuestros productos? Escribanos al correo electr\u00f3nico <a href=\"mailto:info@h2otek.com\">info@h2otek.com<\/a> o comun\u00edquese a trav\u00e9s del n\u00famero de tel\u00e9fono <a href=\"tel:8009426835\">(800) 942 6835<\/a> para obtener toda la informaci\u00f3n a la brevedad.<\/p>\n<h2>Preguntas frecuentes<\/h2>\n<h3>\u00bfC\u00f3mo dimensionar un boiler de paso para un hotel o una l\u00ednea de producci\u00f3n?<\/h3>\n<p>Nuestro equipo de ingenier\u00eda ofrece asesoramiento totalmente gratuito para realizar el c\u00e1lculo de la demanda m\u00e1xima y garantizar el equipo ideal seg\u00fan la operaci\u00f3n y sus necesidades espec\u00edficas.<\/p>\n<h3>\u00bfQu\u00e9 mantenimiento requiere un boiler de paso industrial?<\/h3>\n<p>Requiere de mantenimiento m\u00ednimo. Sin embargo, es necesario realizar revisiones anuales de componentes como el intercambiador de calor y los sensores. H2O TEK ofrece planes de soporte.<\/p>\n<h3>\u00bfSe necesita alta presi\u00f3n de agua para que el equipo funcione?<\/h3>\n<p>S\u00ed, la mayor\u00eda de los equipos requieren de una presi\u00f3n y un flujo de agua m\u00ednimos para activarse y funcionar correctamente. Es decir, si la presi\u00f3n no es suficiente el calentador no se encender\u00e1 y no realizar\u00e1 sus funciones.<\/p>\n<h3>\u00a0\u00bfAhorran dinero en comparaci\u00f3n con los calentadores convencionales?<\/h3>\n<p>S\u00ed. A largo plazo los calentadores de paso ahorran energ\u00eda, no requieren de costosos procesos de reparaci\u00f3n o del reemplazo del equipo completo. Por lo que se puede obtener un ahorro y un retorno de la inversi\u00f3n.<\/p>\n<h3>\u00bfLos calentadores de paso pueden quedarse sin agua caliente?<\/h3>\n<p>No. Es una de sus principales ventajas ya que ofrecen un suministro de agua caliente continuo e ilimitado ya que calienta bajo la demanda existente mientras haya flujo de agua.<\/p>\n<p>&nbsp;<\/p>\n<p>&nbsp;<\/p>\n<h4>Revisado por:<\/h4>\n<p>Ing. Francisco Perales<\/p>\n<p>Encargado de ingenier\u00eda y proyectos<\/p>\n<p>Ingenier\u00eda Mec\u00e1nica y Maestr\u00eda en termodin\u00e1mica<\/p>\n","protected":false},"excerpt":{"rendered":"<p>7 de Octubre de 2025 Los boilers de paso son cada vez m\u00e1s populares, lo que no es de extra\u00f1ar por las ventajas que ofrecen. Conocidos tambi\u00e9n como calentadores instant\u00e1neos o sin tanque, son la mejor alternativa si no est\u00e1n [&hellip;]<\/p>\n","protected":false},"author":1,"featured_media":0,"parent":0,"menu_order":0,"comment_status":"closed","ping_status":"closed","template":"","meta":{"footnotes":""},"class_list":["post-12029","page","type-page","status-publish","hentry"],"_links":{"self":[{"href":"https:\/\/h2otek.com\/tienda\/wp-json\/wp\/v2\/pages\/12029","targetHints":{"allow":["GET"]}}],"collection":[{"href":"https:\/\/h2otek.com\/tienda\/wp-json\/wp\/v2\/pages"}],"about":[{"href":"https:\/\/h2otek.com\/tienda\/wp-json\/wp\/v2\/types\/page"}],"author":[{"embeddable":true,"href":"https:\/\/h2otek.com\/tienda\/wp-json\/wp\/v2\/users\/1"}],"replies":[{"embeddable":true,"href":"https:\/\/h2otek.com\/tienda\/wp-json\/wp\/v2\/comments?post=12029"}],"version-history":[{"count":2,"href":"https:\/\/h2otek.com\/tienda\/wp-json\/wp\/v2\/pages\/12029\/revisions"}],"predecessor-version":[{"id":33315,"href":"https:\/\/h2otek.com\/tienda\/wp-json\/wp\/v2\/pages\/12029\/revisions\/33315"}],"wp:attachment":[{"href":"https:\/\/h2otek.com\/tienda\/wp-json\/wp\/v2\/media?parent=12029"}],"curies":[{"name":"wp","href":"https:\/\/api.w.org\/{rel}","templated":true}]}}