{"id":12026,"date":"2021-06-10T15:59:13","date_gmt":"2021-06-10T15:59:13","guid":{"rendered":"https:\/\/h2otek.com\/tienda\/?page_id=12026"},"modified":"2025-11-28T19:26:36","modified_gmt":"2025-11-28T19:26:36","slug":"calentador-solar","status":"publish","type":"page","link":"https:\/\/h2otek.com\/tienda\/calentador-solar\/","title":{"rendered":"Calentador solar"},"content":{"rendered":"<p style=\"text-align: justify;\">El calentamiento de agua es una de las necesidades m\u00e1s importantes a nivel dom\u00e9stico, comercial e industrial para diversas finalidades; pero al mismo tiempo ocupa el tercer lugar en los gastos de energ\u00eda, lo que justifica que cada vez m\u00e1s se opten por nuevas tecnolog\u00edas, como el <a href=\"https:\/\/h2otek.com\/tienda\/que-debes-tener-en-cuenta-antes-de-implementar-un-calentador-solar\/\"><strong>calentador solar<\/strong><\/a>, a fin de abaratar costos fijos.<\/p>\n<p style=\"text-align: justify;\">Este tipo de calentadores funcionan con colectores solares que ofrecen un rendimiento muy superior, produciendo un \u00edndice de calor que puede llegar hasta los 150 \u00b0C, ideal para la generaci\u00f3n de vapor, lavado, secado, esterilizaci\u00f3n, pasteurizaci\u00f3n, calentamiento de ba\u00f1os, tintado, tratamientos qu\u00edmicos, entre muchas otras actividades.<\/p>\n<h2 style=\"text-align: justify;\">\u00bfQu\u00e9 es el calentamiento solar del agua?<\/h2>\n<p style=\"text-align: justify;\">Un <a href=\"https:\/\/h2otek.com\/tienda\/procesos-precisos-y-de-calidad-con-calentadores-industriales\/\"><strong>calentador solar<\/strong><\/a> de agua con fines industriales es un sistema que se encarga de elevar la temperatura del l\u00edquido mediante energ\u00eda obtenida del sol, sin necesidad de emplear gas o electricidad. Un sistema de calentadores consta de tres componentes b\u00e1sicos: el colector solar, encargado de captar la energ\u00eda del sol y transferirla al agua; el termotanque, que almacena el agua caliente; y el sistema de tuber\u00edas y v\u00e1lvulas, responsable de transportar el agua entre el colector, termotanque y la red sanitaria mediante el efecto o fen\u00f3meno de termosif\u00f3n, abasteciendo a toda la planta.<\/p>\n<h3 style=\"text-align: justify;\">Sistemas de calentamiento de agua<\/h3>\n<p style=\"text-align: justify;\">Existen diferentes tipos de sistemas de calentamiento de agua por energ\u00eda solar; est\u00e1n los sistemas activos, que usan una bomba o alg\u00fan tipo de energ\u00eda externa para mover el agua dentro de su ciclo; y los pasivos, que no requieren apoyo exterior para operar, sino que funcionan mediante el principio de convecci\u00f3n para mover el agua dentro del sistema de calentamiento.<\/p>\n<p><img fetchpriority=\"high\" decoding=\"async\" class=\"aligncenter size-full wp-image-25249\" src=\"https:\/\/h2otek.com\/tienda\/wp-content\/uploads\/2020\/02\/ganar-clientes-con-boiler-solar-2-min.jpg\" alt=\"Calentador solar\" width=\"763\" height=\"572\" srcset=\"https:\/\/h2otek.com\/tienda\/wp-content\/uploads\/2020\/02\/ganar-clientes-con-boiler-solar-2-min.jpg 763w, https:\/\/h2otek.com\/tienda\/wp-content\/uploads\/2020\/02\/ganar-clientes-con-boiler-solar-2-min-300x225.jpg 300w, https:\/\/h2otek.com\/tienda\/wp-content\/uploads\/2020\/02\/ganar-clientes-con-boiler-solar-2-min-600x450.jpg 600w\" sizes=\"(max-width: 763px) 100vw, 763px\" \/><\/p>\n<h4 style=\"text-align: justify;\">Sistemas activos<\/h4>\n<ul style=\"text-align: justify;\">\n<li>Circulaci\u00f3n directa. Las bombas hacen circular el agua a trav\u00e9s de colectores, por lo que estos <a href=\"https:\/\/h2otek.com\/tienda\/categoria-producto\/agua-caliente-boilers-calentadores-de-agua\/\"><strong>calentadores<\/strong><\/a> son muy parecidos a los que se usan a nivel dom\u00e9stico. Una vez que el agua se calienta, es posible que sus usuarios la usen directamente.<\/li>\n<li>Circulaci\u00f3n indirecta. En este caso, las bombas hacen circular un fluido de congelaci\u00f3n y transferencia de calor mediante los colectores y un intercambiador de calor, elevando la temperatura del agua, que luego fluye hacia la red de su empresa. Se suelen usar, en su mayor parte, en climas propensos a puntos de congelaci\u00f3n.<\/li>\n<\/ul>\n<h4 style=\"text-align: justify;\">Sistemas pasivos<\/h4>\n<ul style=\"text-align: justify;\">\n<li>Almacenamiento integral de colectores. Estos calentadores funcionan en zonas en las que las temperaturas raras veces descienden por debajo del punto de congelaci\u00f3n y tambi\u00e9n se usan en hogares con grandes necesidades de agua caliente.<\/li>\n<li>Termosif\u00f3n. El agua fluye a trav\u00e9s del sistema cuando se calienta y el agua m\u00e1s fr\u00eda se hunde. El colector, por lo tanto, debe instalarse debajo del tanque de almacenaje.<\/li>\n<\/ul>\n<h2 style=\"text-align: justify;\">Principales ventajas de los calentadores solares<\/h2>\n<p style=\"text-align: justify;\">Esta suele ser la idea que muchas personas tienen con respecto a estos calentadores, sin embargo, la efectividad depender\u00e1 de varios factores, entre ellos la cantidad de paneles que tenga. Por supuesto si la alberca es demasiado grande y no tiene las celdas necesarias para dar calor, es normal que el agua no pueda calentarse o que tarde mucho en conseguirlo.<\/p>\n<p style=\"text-align: justify;\">Tambi\u00e9n tiene que ver c\u00f3mo est\u00e1 la exposici\u00f3n del sol del equipo. De esta manera, si se encuentra en una buena posici\u00f3n, adem\u00e1s cuenta con un n\u00famero adecuado de paneles, podr\u00e1 tener un agua caliente e incluso hasta podr\u00e1 estar hirviendo si quisiera utilizarla para un spa.<\/p>\n<p style=\"text-align: justify;\">Son muchas las razones por las que se decantan por calentadores solares para su empresa. No solo son sistemas que manejamos en H2O TEK, con sello de alta calidad, sino que contribuyen a la reducci\u00f3n de presupuesto destinado a energ\u00eda, minimizan sus emisiones de CO<sub>2<\/sub> y les proveen mayor independencia. Un ejemplo de sus aplicaciones para la eficiencia energ\u00e9tica en naves industriales es el de la limpieza en compa\u00f1\u00edas c\u00e1rnicas, ya que, cuando se atraviesan tiempos de crisis, la reducci\u00f3n de costos es esencial.<\/p>\n<p style=\"text-align: justify;\">Por este motivo, invertir en eficiencia energ\u00e9tica puede ser la llave que ustedes necesitan para superar el bache de la crisis derivada del covid-19 y salvar los puestos de empleo que dependen de ustedes, al tiempo que llevan a cabo una mejor administraci\u00f3n de sus recursos y se convierten en garantes de la protecci\u00f3n medioambiental. No olviden que las energ\u00edas renovables son uno de los grandes recursos con los que contamos en la actualidad y es de esperar que tengan un <a href=\"https:\/\/h2otek.com\/blog\/guia-de-preguntas-frecuentes-para-elegir-un-buen-boiler-para-piscina\/\">porcentaje significativo de penetraci\u00f3n en las industrias de fabricaci\u00f3n<\/a>, como parte del uso de energ\u00eda masiva, en los pr\u00f3ximos a\u00f1os.<\/p>\n<p style=\"text-align: justify;\">Adem\u00e1s, representan una opci\u00f3n responsable con el medio ambiente, pues utiliza energ\u00eda renovables, lo que es sumamente importante, sobre todo hoy en d\u00eda, que vivimos en tiempos en donde el cambio clim\u00e1tico se ha convertido en un problema tan urgente y, por lo tanto, colaborar con algo, aunque sea peque\u00f1o, como el uso de esta tecnolog\u00eda en nuestras piscinas es importante.<\/p>\n<p style=\"text-align: justify;\">Los calentadores solares se fabrican para convertir toda la luz que incide en la superficie en calor, que luego es conducido y extra\u00eddo por el agua que fluye. Algunos de los equipos cuentan con controles digitales que funcionan apagando el sistema si se alcanza la temperatura deseada de la piscina.<\/p>\n<p style=\"text-align: justify;\">Como ve, los calentadores solares s\u00ed cumplen con su funci\u00f3n de mantener el agua caliente, solo debe ver aspectos alrededor que pueden afectar a que realmente cumplan con su capacidad y puedan satisfacer sus necesidades y corregirlos.<\/p>\n<p style=\"text-align: justify;\">En este sentido, debe tambi\u00e9n tener claro cu\u00e1les son sus requerimientos, qu\u00e9 cantidad de horas y cantidad de agua necesita mantener caliente, entre otras cuestiones. De esta manera ser\u00e1 m\u00e1s sencillo saber y encontrar el calentador precio para su alberca. En H2O TEK encuentra los <a href=\"https:\/\/h2otek.com\/tienda\/usos-industriales-de-los-calentadores-solares\/\"><strong>calentadores solares <\/strong><\/a>que requiere para su alberca o spa.<\/p>\n<h2 style=\"text-align: justify;\">Soliciten una cotizaci\u00f3n<\/h2>\n<p style=\"text-align: justify;\">En H2O TEK somos una empresa de amplia trayectoria e importante presencia en el mercado mexicano, especializada en calentadores y otros productos para fines industriales y dom\u00e9sticos. Nuestra misi\u00f3n consiste en ofrecerles art\u00edculos y servicios de alta calidad, destinados a suplir sus necesidades y aportarles soluciones \u00f3ptimas e integrales. Para solicitar m\u00e1s informaci\u00f3n, los invitamos cordialmente a comunicarse con nosotros a trav\u00e9s del chat en l\u00ednea, al tel\u00e9fono (55) 5574 9734 o al correo <a href=\"mailto:info@h2otek.com\">info@h2otek.com<\/a>.<\/p>\n","protected":false},"excerpt":{"rendered":"<p>El calentamiento de agua es una de las necesidades m\u00e1s importantes a nivel dom\u00e9stico, comercial e industrial para diversas finalidades; pero al mismo tiempo ocupa el tercer lugar en los gastos de energ\u00eda, lo que justifica que cada vez m\u00e1s [&hellip;]<\/p>\n","protected":false},"author":1,"featured_media":0,"parent":0,"menu_order":0,"comment_status":"closed","ping_status":"closed","template":"","meta":{"footnotes":""},"class_list":["post-12026","page","type-page","status-publish","hentry"],"_links":{"self":[{"href":"https:\/\/h2otek.com\/tienda\/wp-json\/wp\/v2\/pages\/12026","targetHints":{"allow":["GET"]}}],"collection":[{"href":"https:\/\/h2otek.com\/tienda\/wp-json\/wp\/v2\/pages"}],"about":[{"href":"https:\/\/h2otek.com\/tienda\/wp-json\/wp\/v2\/types\/page"}],"author":[{"embeddable":true,"href":"https:\/\/h2otek.com\/tienda\/wp-json\/wp\/v2\/users\/1"}],"replies":[{"embeddable":true,"href":"https:\/\/h2otek.com\/tienda\/wp-json\/wp\/v2\/comments?post=12026"}],"version-history":[{"count":2,"href":"https:\/\/h2otek.com\/tienda\/wp-json\/wp\/v2\/pages\/12026\/revisions"}],"predecessor-version":[{"id":33495,"href":"https:\/\/h2otek.com\/tienda\/wp-json\/wp\/v2\/pages\/12026\/revisions\/33495"}],"wp:attachment":[{"href":"https:\/\/h2otek.com\/tienda\/wp-json\/wp\/v2\/media?parent=12026"}],"curies":[{"name":"wp","href":"https:\/\/api.w.org\/{rel}","templated":true}]}}