{"id":12016,"date":"2021-06-10T14:13:56","date_gmt":"2021-06-10T14:13:56","guid":{"rendered":"https:\/\/h2otek.com\/tienda\/?page_id=12016"},"modified":"2021-06-10T14:13:56","modified_gmt":"2021-06-10T14:13:56","slug":"conocenos","status":"publish","type":"page","link":"https:\/\/h2otek.com\/tienda\/conocenos\/","title":{"rendered":"Con\u00f3cenos"},"content":{"rendered":"<h2 style=\"text-align: justify;\">Conozca m\u00e1s sobre nuestros productos<\/h2>\n<div class=\"col-xs-12 col-sm-12 col-md-8\">\n<h3 style=\"text-align: justify;\">Misi\u00f3n<\/h3>\n<p class=\"TextoInterioresGris\" style=\"text-align: justify;\">Ofrecer al mercado productos y servicios de calidad, buscando siempre ser una soluci\u00f3n \u00f3ptima e integral para nuestros clientes.<\/p>\n<h3 style=\"text-align: justify;\">Visi\u00f3n<\/h3>\n<p class=\"TextoInterioresGris\" style=\"text-align: justify;\">Ser una empresa de clase mundial, en donde se participe activamente en todos los mercados, seg\u00fan las \u00e1reas de inter\u00e9s.<\/p>\n<h3 style=\"text-align: justify;\">Valores<\/h3>\n<ul style=\"text-align: justify;\">\n<li>\n<p class=\"TextoInterioresGris\">Trabajo en equipo<\/p>\n<\/li>\n<li>\n<p class=\"TextoInterioresGris\">Planeaci\u00f3n e integraci\u00f3n<\/p>\n<\/li>\n<li>\n<p class=\"TextoInterioresGris\">Mejora continua<\/p>\n<\/li>\n<li>\n<p class=\"TextoInterioresGris\">Superaci\u00f3n personal<\/p>\n<\/li>\n<li>\n<p class=\"TextoInterioresGris\">Competitividad<\/p>\n<\/li>\n<\/ul>\n<h3 style=\"text-align: justify;\">Objetivos<\/h3>\n<ul>\n<li style=\"text-align: justify;\">\n<p class=\"TextoInterioresGris\">Ser l\u00edderes en los mercados de agua caliente y control de humedad<\/p>\n<\/li>\n<li style=\"text-align: justify;\">\n<p class=\"TextoInterioresGris\">Crecimiento en mercados de exportaci\u00f3n<\/p>\n<\/li>\n<li style=\"text-align: justify;\">\n<p class=\"TextoInterioresGris\">Generaci\u00f3n de mayor rentabilidad para nuestros accionistas<\/p>\n<\/li>\n<li>\n<p class=\"TextoInterioresGris\" style=\"text-align: justify;\">Aplicaci\u00f3n de est\u00e1ndares de calidad internacionales<\/p>\n<\/li>\n<\/ul>\n<\/div>\n","protected":false},"excerpt":{"rendered":"<p>Conozca m\u00e1s sobre nuestros productos Misi\u00f3n Ofrecer al mercado productos y servicios de calidad, buscando siempre ser una soluci\u00f3n \u00f3ptima e integral para nuestros clientes. Visi\u00f3n Ser una empresa de clase mundial, en donde se participe activamente en todos los [&hellip;]<\/p>\n","protected":false},"author":1,"featured_media":0,"parent":0,"menu_order":0,"comment_status":"closed","ping_status":"closed","template":"","meta":{"footnotes":""},"class_list":["post-12016","page","type-page","status-publish","hentry"],"_links":{"self":[{"href":"https:\/\/h2otek.com\/tienda\/wp-json\/wp\/v2\/pages\/12016","targetHints":{"allow":["GET"]}}],"collection":[{"href":"https:\/\/h2otek.com\/tienda\/wp-json\/wp\/v2\/pages"}],"about":[{"href":"https:\/\/h2otek.com\/tienda\/wp-json\/wp\/v2\/types\/page"}],"author":[{"embeddable":true,"href":"https:\/\/h2otek.com\/tienda\/wp-json\/wp\/v2\/users\/1"}],"replies":[{"embeddable":true,"href":"https:\/\/h2otek.com\/tienda\/wp-json\/wp\/v2\/comments?post=12016"}],"version-history":[{"count":0,"href":"https:\/\/h2otek.com\/tienda\/wp-json\/wp\/v2\/pages\/12016\/revisions"}],"wp:attachment":[{"href":"https:\/\/h2otek.com\/tienda\/wp-json\/wp\/v2\/media?parent=12016"}],"curies":[{"name":"wp","href":"https:\/\/api.w.org\/{rel}","templated":true}]}}