{"id":12014,"date":"2021-06-10T14:05:05","date_gmt":"2021-06-10T14:05:05","guid":{"rendered":"https:\/\/h2otek.com\/tienda\/?page_id=12014"},"modified":"2021-06-25T15:54:25","modified_gmt":"2021-06-25T15:54:25","slug":"calderas","status":"publish","type":"page","link":"https:\/\/h2otek.com\/tienda\/calderas\/","title":{"rendered":"Calderas"},"content":{"rendered":"<p class=\"TextoInterioresGris\" style=\"text-align: justify;\">Las\u00a0<strong>calderas<\/strong>\u00a0son m\u00e1quinas t\u00e9rmicas dise\u00f1adas para generar vapor a trav\u00e9s de la transferencia de calor a una presi\u00f3n constante a un fluido, que puede ser agua o aceite t\u00e9rmico. Este fluido, originalmente en estado l\u00edquido, por efecto del calentamiento cambia de fase a vapor saturado, que m\u00e1s tarde puede aprovecharse en diferentes procesos de calentamiento o de potencia. El calor mediante el que se da el cambio de fase del fluido puede proceder de diferentes tipos de energ\u00e9ticos, tales como combustibles f\u00f3siles u org\u00e1nicos, o bien, de energ\u00eda el\u00e9ctrica, nuclear o geot\u00e9rmica.<\/p>\n<p class=\"TextoInterioresGris\" style=\"text-align: justify;\">La caldera basa su funcionamiento en la f\u00edsica din\u00e1mica de presi\u00f3n lo que produce energ\u00eda a partir de un flujo de vapor, responsable de generar fuerza que circula por una tuber\u00eda o tanque que cumple la funci\u00f3n de transportador. Estos equipos cuentan con un set de intercambiadores de calor en los que se da una serie de transformaciones que convierten al fluido en vapor saturado. La saturaci\u00f3n del vapor se da por el espacio a donde la bomba canaliza dicha materia. Debido a la manera en que operan y a su dise\u00f1o, estos dispositivos muchas veces son entendidos como una combinaci\u00f3n de equipos que en conjunto producen o recuperan calor y que trabajan de la mano con aparatos especiales para transferir calor a un fluido para que cambie de fase.<\/p>\n<p class=\"TextoInterioresGris\" style=\"text-align: justify;\">La construcci\u00f3n de las\u00a0<strong>calderas<\/strong>\u00a0por lo general est\u00e1 hecha a base de acero laminado con hierro fundido y templado en las estructuras y contenedores, materiales que presentan una gran resistencia a las altas temperaturas y a las variaciones en el medio ambiente. Estas m\u00e1quinas se componen de un hogar, que es la secci\u00f3n que entra en contacto directo con la flama; de quemadores, de combustibles y de tubos, pantallas, sobrecalendaroes, un atemperador y un banco generador. Seg\u00fan su modo de funcionamiento y dise\u00f1o, existen los siguientes tipos:<\/p>\n<p class=\"TextoInterioresGris\" style=\"text-align: justify;\">\u2022 Acuotubulares. En las de este tipo el fluido de trabajo durante el calentamiento se desplaza dentro de tuber\u00edas. Permiten altas presiones a su salida y presentan una gran capacidad de generaci\u00f3n de vapor. Son el tipo de caldera m\u00e1s utilizada en centrales termoel\u00e9ctricas.<\/p>\n<p class=\"TextoInterioresGris\" style=\"text-align: justify;\">\u2022 Pirotubulares. Se construyen por tanques de contenci\u00f3n de l\u00edquidos que son atravesados por tuber\u00edas por las que pasa el gas a altas temperaturas, producto de la combusti\u00f3n. La evaporaci\u00f3n de los fluidos se da cuando entran en contacto con los tubos. Se utilizan en instalaciones de calefacci\u00f3n central e individual<\/p>\n<p class=\"TextoInterioresGris\" style=\"text-align: justify;\">\u2022 De hogar presurizado. Se construyen de acero y cuentan con una c\u00e1mara de combusti\u00f3n con forma c\u00f3nica que genera un flujo de gases de combusti\u00f3n turbulento que incrementa la transferencia de calor. Funcionan te manera autom\u00e1tica.<\/p>\n<p class=\"TextoInterioresGris\" style=\"text-align: justify;\">\u2022 De calef\u00f3n. Son una variante de las acuotubulares y en ellas se da el calentamiento de fluido dentro de un serpent\u00edn de cobre que es sometido al fuego directo del quemador.<\/p>\n<p class=\"TextoInterioresGris\" style=\"text-align: justify;\">\u2022 Tipo cocina. Son una variante de las pirotubulares con la particularidad de que por lo general se colocan debajo de la mesa de cocina.<\/p>\n<p class=\"TextoInterioresGris\" style=\"text-align: justify;\">\u2022 De fundici\u00f3n seccional. Este tipo de caldera se compone de secciones huecas de fundici\u00f3n de hierro por las que circula el fluido.<\/p>\n<p class=\"TextoInterioresGris\" style=\"text-align: justify;\">Cada una de las anteriores tiene distintos usos industriales y gracias a las diversas aplicaciones que tiene el vapor, entre los principales que se le da a una caldera se encuentra la esterilizaci\u00f3n en hospitales y comedores, la generaci\u00f3n de electricidad en centrales termoel\u00e9ctricas y tambi\u00e9n son m\u00e1quinas muy utilizadas para calentar otros fluidos, especialmente en la industria petrolera. A continuaci\u00f3n presentamos una descripci\u00f3n de las aplicaciones que tienen las\u00a0<strong>calderas<\/strong>\u00a0en diferentes industrias y sectores:<\/p>\n<p class=\"TextoInterioresGris\" style=\"text-align: justify;\">\u2022 Industria Hotelera y Restaurantera: para el calentamiento de usos b\u00e1sicos del agua en habitaciones, cocina y lavander\u00eda.<\/p>\n<p class=\"TextoInterioresGris\" style=\"text-align: justify;\">\u2022 Industria Qu\u00edmico Farmac\u00e9utica y Hospitalaria: para la esterilizaci\u00f3n de instrumentaci\u00f3n y procesos de transformaci\u00f3n de componentes base que sirven para la preparaci\u00f3n de medicamentos, de sustancias, de composiciones moleculares para el tratamiento y para el preparado de otro tipo de materias primas.<\/p>\n<p class=\"TextoInterioresGris\" style=\"text-align: justify;\">\u2022 Calentamiento de Fluidos en Industrias Petroqu\u00edmicas: en este tipo de industria se utiliza mucho el vapor para disminuir la densidad de ciertos fluidos que se necesita transportar por tuber\u00edas con mayor rapidez y por otro lado, para la fusi\u00f3n de ciertas sustancias que s\u00f3lo se pueden mezclar bajo altas temperaturas. Tambi\u00e9n intervienen en la fabricaci\u00f3n de productos a base de fundici\u00f3n de petroqu\u00edmicos y para homogenizaci\u00f3n de materias primas.<\/p>\n<p class=\"TextoInterioresGris\" style=\"text-align: justify;\">\u2022 Industria de la Producci\u00f3n El\u00e9ctrica: las aplicaciones en esta industria son cada vez m\u00e1s comunes y se generalizar\u00e1 con la implementaci\u00f3n de las diferentes reglamentaciones o exigencias que van dirigidas a la industria sustentable. Con el descubrimiento y desarrollo de nuevos combustibles que hacen funcionar una caldera a menor costo se est\u00e1 ampliando el desarrollo de la energ\u00eda el\u00e9ctrica a partir de\u00a0<strong>calderas<\/strong>\u00a0que consumen biodiesel, mucho m\u00e1s econ\u00f3mico que muchos de los combustibles tradicionales y con menores \u00edndices de contaminaci\u00f3n. Con ello, el uso de una caldera en las centrales termoel\u00e9ctricas es cada vez m\u00e1s com\u00fan, as\u00ed como en distintas plantas industriales que buscan generar su propia energ\u00eda el\u00e9ctrica.<\/p>\n<p class=\"TextoInterioresGris\" style=\"text-align: justify;\">\u2022 Industria Alimenticia. Se emplean en los procesos de transformaci\u00f3n de los alimentos y en la esterilizaci\u00f3n de los instrumentos que se utilizan.<\/p>\n<p class=\"TextoInterioresGris\" style=\"text-align: justify;\">El uso de una caldera supone grandes ventajas sin embargo, es necesario que est\u00e9n bajo constante inspecci\u00f3n para garantizar la calidad de sus procesos y evitar da\u00f1os que supongan riesgos para el personal que las opera.<\/p>\n<p class=\"TextoInterioresGris\" style=\"text-align: justify;\">En H2OTEK contamos con\u00a0<strong>calderas<\/strong>, calentadores, desairadores y sistemas de alimentaci\u00f3n en marcas reconocidas a nivel internacional. Te invitamos a visitar nuestro cat\u00e1logo en l\u00ednea y a contactarnos, con gusto resolveremos todas tus dudas acerca de nuestros productos y servicios.<\/p>\n","protected":false},"excerpt":{"rendered":"<p>Las\u00a0calderas\u00a0son m\u00e1quinas t\u00e9rmicas dise\u00f1adas para generar vapor a trav\u00e9s de la transferencia de calor a una presi\u00f3n constante a un fluido, que puede ser agua o aceite t\u00e9rmico. Este fluido, originalmente en estado l\u00edquido, por efecto del calentamiento cambia de [&hellip;]<\/p>\n","protected":false},"author":1,"featured_media":0,"parent":0,"menu_order":0,"comment_status":"closed","ping_status":"closed","template":"","meta":{"footnotes":""},"class_list":["post-12014","page","type-page","status-publish","hentry"],"_links":{"self":[{"href":"https:\/\/h2otek.com\/tienda\/wp-json\/wp\/v2\/pages\/12014","targetHints":{"allow":["GET"]}}],"collection":[{"href":"https:\/\/h2otek.com\/tienda\/wp-json\/wp\/v2\/pages"}],"about":[{"href":"https:\/\/h2otek.com\/tienda\/wp-json\/wp\/v2\/types\/page"}],"author":[{"embeddable":true,"href":"https:\/\/h2otek.com\/tienda\/wp-json\/wp\/v2\/users\/1"}],"replies":[{"embeddable":true,"href":"https:\/\/h2otek.com\/tienda\/wp-json\/wp\/v2\/comments?post=12014"}],"version-history":[{"count":0,"href":"https:\/\/h2otek.com\/tienda\/wp-json\/wp\/v2\/pages\/12014\/revisions"}],"wp:attachment":[{"href":"https:\/\/h2otek.com\/tienda\/wp-json\/wp\/v2\/media?parent=12014"}],"curies":[{"name":"wp","href":"https:\/\/api.w.org\/{rel}","templated":true}]}}