{"id":12012,"date":"2021-06-10T14:03:46","date_gmt":"2021-06-10T14:03:46","guid":{"rendered":"https:\/\/h2otek.com\/tienda\/?page_id=12012"},"modified":"2021-06-25T15:53:08","modified_gmt":"2021-06-25T15:53:08","slug":"piscina","status":"publish","type":"page","link":"https:\/\/h2otek.com\/tienda\/piscina\/","title":{"rendered":"Piscina"},"content":{"rendered":"<p class=\"TextoInterioresGris\" style=\"text-align: justify;\">La\u00a0<strong>piscina<\/strong>\u00a0o alberca, como invenci\u00f3n del ser humano, existe desde tiempos antiguos en los que los romanos, desarrollaron las llamadas termas, agua estancada que serv\u00eda para utilidades particulares (normalmente relacionadas con el placer, el relax y la comodidad). Hoy en d\u00eda, han significado un gran avance tecnol\u00f3gico, sobre todo en t\u00e9rminos de depuraci\u00f3n e higienizaci\u00f3n del agua. Existen varias modalidades como las fijas, port\u00e1tiles y desmontables, e incluso de distintos materiales, como acero inoxidable, poli\u00e9ster, de hormig\u00f3n armado, recubiertas de mosaico, etc. Ser\u00eda imposible clasificarlas, ya que hay infinitas posibilidades en lo que respecta a las formas y a los tama\u00f1os de las piscinas, elementos que variar\u00e1n de acuerdo al fin que se le otorgue a cada una. De hecho, hay algunas que pueden contener calefacci\u00f3n para que el agua no se enfr\u00ede.<\/p>\n<p class=\"TextoInterioresGris\" style=\"text-align: justify;\">Es tambi\u00e9n, una construcci\u00f3n hecha para el entretenimiento, tomar un ba\u00f1o o practicar deportes como la nataci\u00f3n, el waterpolo o clavado. Ya desde sus inicios en la cultura romana la\u00a0<strong>piscina<\/strong>, como estanque artificial, tuvo una funci\u00f3n dedicada al ocio, con excepci\u00f3n de aquellas que hab\u00edan sido fabricadas para contener aguas provenientes de los canales hidr\u00e1ulicos que prove\u00edan a la ciudad de este l\u00edquido. Otra curiosidad de la\u00a0<strong>piscina<\/strong>\u00a0es el t\u00e9rmino, pues es recibido con nombre diversos seg\u00fan los pa\u00edses hispano-hablantes. En Argentina o Bolivia se le conoce como &#8220;pileta&#8221;. En M\u00e9xico es llamado &#8220;alberca&#8221;.<\/p>\n<p class=\"TextoInterioresGris\" style=\"text-align: justify;\">En d\u00edas calurosos o para una fiesta divertida siempre resulta agradable contar una o procurar visitar una. Las piscinas p\u00fablicas o balnearios, muchas veces se conforman por una o varias de estas y el acceso generalmente tiene un costo. Seg\u00fan la actividad, si vas a tomar un ba\u00f1o para refrescarte en un d\u00eda de calor o bien, si te interesa un deporte, entonces considera las medidas de longitud. Hay ciudades que cuentan con infraestructura para practicar la nataci\u00f3n sin ning\u00fan costo en el acceso. No as\u00ed los balnearios, en cambio, com\u00fanmente usados para la distracci\u00f3n o el ocio. Por esta raz\u00f3n conviene advertir que, si tu plan es pasar un buen rato y no eres un profesional del clavado o la nataci\u00f3n, evita visitar las fosas de clavado, que son piscinas de mayor profundidad.<\/p>\n<p class=\"TextoInterioresGris\" style=\"text-align: justify;\">Otro tanto habr\u00e1 que decir para las piscinas semi-ol\u00edmpicas, dada su longitud de 25 metros.<\/p>\n<p class=\"TextoInterioresGris\" style=\"text-align: justify;\">Las recomendaciones para visitar una\u00a0<strong>piscina<\/strong>\u00a0p\u00fablica comprende dos motivos: seguridad e higiene. Con respecto del primero, echa un vistazo al lugar, localiza el \u00e1rea de auxilio o, si lo hay, al personal competente para el rescate acu\u00e1tico. Otro factor a considerar es el mantenimiento del agua. Procura no ingresar a una piscina que no est\u00e9 debidamente limpia ni transparente. El color verdoso no es se\u00f1al de una adecuada depuraci\u00f3n. Los sistemas de filtros basan las operaciones fundamentalmente en el clorado del agua y limpieza manual del agua. El primero es una actividad compleja que requiere de un proceso donde intervienen qu\u00edmicos como sulfato de cobre o carbonato de sodio. Sin embargo, lo que supone un gran avance, no solo en t\u00e9rminos tecnol\u00f3gicos sino ecol\u00f3gicos, es que las albercas naturales no utilizan ning\u00fan producto qu\u00edmico y realizan la depuraci\u00f3n del agua gracias a un sistema de gravas y plantas acu\u00e1ticas que limpian el agua de insectos y larvas; cabe mencionar que la calidad del agua es similar a la de un r\u00edo limpio, y se evitan las molestias producidas por el cloro, por lo que es preferible. Empero, entre algunas de sus caracter\u00edsticas generales se encuentran el uso de agua potable que debe estar propiamente higienizada con cloro, la decoraci\u00f3n en tonos azulados, blancos y celestes, la ubicaci\u00f3n en espacios abiertos o cerrados pero espec\u00edficamente dise\u00f1ados para ella; pero no olvide que el objetivo primordial es tenerla limpia y clara, y esto solo se logra a trav\u00e9s de una combinaci\u00f3n de una buena filtraci\u00f3n y un apropiado balance qu\u00edmico. Adem\u00e1s, para poder construir una\u00a0<strong>piscina<\/strong> se debe contar con un terreno grande, y eso no es com\u00fan en ciudades en las cuales los grandes edificios y departamentos son lo m\u00e1s abundante.<\/p>\n<p class=\"TextoInterioresGris\" style=\"text-align: justify;\">Como usuario amateur de una\u00a0<strong>piscina<\/strong>\u00a0no tienes qu\u00e9 saber todo esto. En cambio, si tu inter\u00e9s es construir una en casa, ya sea portable, desmontable o un estanque fijo, entonces debes informarte, consultar con expertos para una correcta y larga vida de tu\u00a0<strong>piscina<\/strong>. Toma en cuenta que una extraordinaria\u00a0<strong>piscina<\/strong>\u00a0no depende solamente del acabado o los materiales sofisticados que desees. La limpieza e higiene del agua y el estanque son determinantes.<\/p>\n<p class=\"TextoInterioresGris\" style=\"text-align: justify;\">De tal manera, los tres niveles que nunca debes descuidar son los siguientes, la superficie, el corpus o la masa de agua, as\u00ed como el piso y paredes del estanque. Los residuos y suciedad superficial, tales como hojas o cualquier otro agente externo, incluido animales (muchas veces las piscina est\u00e1n al aire libre) que flotan en el agua. Para retirarlos puedes hacer uso de un sistema de bombeo, que a su vez forma parte del filtro. El chorro expulsado lleva estos materiales indeseables hacia un extremo de la pared, donde las \u201ctomas de superficie\u201d hacen su trabajo, que justamente es tomar o absorber el agua superficial, gracias a las bombas de la depuradora.<\/p>\n<p class=\"TextoInterioresGris\" style=\"text-align: justify;\">Estas tomas poseen un particular filtro que evitar que las partes m\u00e1s voluminosas de la suciedad superficial, lleguen al filtro de la depuradora. No obstante, e sistema de filtro es un complejo de gran alcance que debe a\u00fan depurar el cuerpo o masa de agua, donde llegan a almacenarse polvo o deshechos brev\u00edsimos, incluso cabellos. Para continuar con la depuraci\u00f3n de paredes y piso necesitas de una aspiradora o barredora, \u00e9sta puede ser manual o autom\u00e1tica. Para usarla tiene una toma espec\u00edfica, generalmente en una de las paredes del vaso y una v\u00e1lvula (o juego de v\u00e1lvulas) hace que el agua se recoja exclusivamente por ella y no por las tomas de superficie o de fondo, de modo que funciona como una aspiradora, frotando y removiendo la suciedad asentada en el fondo o paredes y depurando el agua antes de volver a introducirla en el vaso.<\/p>\n<p class=\"TextoInterioresGris\" style=\"text-align: justify;\">No pases por alto ninguna recomendaci\u00f3n, ten en cuenta que un correcto uso y las medidas necesarias de higiene no s\u00f3lo te proveer\u00e1n experiencias agradables a ti, amigos y familia, tambi\u00e9n har\u00e1n que tu\u00a0<strong>piscina<\/strong>\u00a0goce de buena salud. Sin duda alguna, son un elemento de lujo en lo que respecta a las comodidades de una vivienda o de un edificio; tome en cuenta que su mantenimiento siempre es alto en t\u00e9rminos econ\u00f3micos.<\/p>\n","protected":false},"excerpt":{"rendered":"<p>La\u00a0piscina\u00a0o alberca, como invenci\u00f3n del ser humano, existe desde tiempos antiguos en los que los romanos, desarrollaron las llamadas termas, agua estancada que serv\u00eda para utilidades particulares (normalmente relacionadas con el placer, el relax y la comodidad). Hoy en d\u00eda, [&hellip;]<\/p>\n","protected":false},"author":1,"featured_media":0,"parent":0,"menu_order":0,"comment_status":"closed","ping_status":"closed","template":"","meta":{"footnotes":""},"class_list":["post-12012","page","type-page","status-publish","hentry"],"_links":{"self":[{"href":"https:\/\/h2otek.com\/tienda\/wp-json\/wp\/v2\/pages\/12012","targetHints":{"allow":["GET"]}}],"collection":[{"href":"https:\/\/h2otek.com\/tienda\/wp-json\/wp\/v2\/pages"}],"about":[{"href":"https:\/\/h2otek.com\/tienda\/wp-json\/wp\/v2\/types\/page"}],"author":[{"embeddable":true,"href":"https:\/\/h2otek.com\/tienda\/wp-json\/wp\/v2\/users\/1"}],"replies":[{"embeddable":true,"href":"https:\/\/h2otek.com\/tienda\/wp-json\/wp\/v2\/comments?post=12012"}],"version-history":[{"count":0,"href":"https:\/\/h2otek.com\/tienda\/wp-json\/wp\/v2\/pages\/12012\/revisions"}],"wp:attachment":[{"href":"https:\/\/h2otek.com\/tienda\/wp-json\/wp\/v2\/media?parent=12012"}],"curies":[{"name":"wp","href":"https:\/\/api.w.org\/{rel}","templated":true}]}}