{"id":12008,"date":"2021-06-10T14:00:01","date_gmt":"2021-06-10T14:00:01","guid":{"rendered":"https:\/\/h2otek.com\/tienda\/?page_id=12008"},"modified":"2021-06-10T14:00:01","modified_gmt":"2021-06-10T14:00:01","slug":"humidificador","status":"publish","type":"page","link":"https:\/\/h2otek.com\/tienda\/humidificador\/","title":{"rendered":"Humidificador"},"content":{"rendered":"<p class=\"TextoInterioresGris\" style=\"text-align: justify;\">La mayor\u00eda de las personas estamos familiarizadas con los problemas que representa el exceso de humedad en el hogar, factor que afecta el estado de la construcci\u00f3n, los muebles, ropa, libros, zapatos, en fin, cualquier tipo de objeto que est\u00e9 al interior de un espacio, sin mencionar la larga lista de efectos nocivos que tiene sobre nuestra salud. La tendencia com\u00fan es que se hable de la importancia de controlar el alto nivel de humedad y existe mucha informaci\u00f3n disponible respecto a este problema, as\u00ed como recomendaciones para contrarrestarlo, tales como la impermeabilizaci\u00f3n de techos y paredes o el uso de deshumidificadores, sistemas de calefacci\u00f3n y el uso de pinturas especiales y recetas caseras para eliminar las marcas de humedad, el moho y el aroma que caracteriza al exceso de humedad en ropa y muebles.<\/p>\n<p class=\"TextoInterioresGris\" style=\"text-align: justify;\">Sin embargo, aunque el exceso de humedad efectivamente puede causar muchos da\u00f1os a las construcciones, objetos y al estado de salud de las personas, tomar la decisi\u00f3n de eliminar por completo las fuentes que puedan generar humedad puede traer consecuencias igual de nocivas. En realidad existe poca difusi\u00f3n de informaci\u00f3n respecto a la importancia de un balance entre el extremo de ausencia de humedad y su presencia en exceso para crear un ambiente saludable, pero si preguntamos a un especialista, nos encontraremos con que, para garantizar el equilibrio y evitar el deterioro de construcciones, objetos y da\u00f1os en la salud es necesario que haya cierto nivel de humedad en el aire.<\/p>\n<p class=\"TextoInterioresGris\" style=\"text-align: justify;\">Identificar los signos de exceso de humedad es bastante sencillo pues se nota en el estado de las paredes y techos, los que presentan manchas de agua, moho y desprendimiento de la pintura o incluso del muro mismo; los muebles y la ropa presentan un olor muy peculiar, tienen manchas blancas o negras en la superficie, sus tejidos se deterioran con facilidad, la madera se pudre y las estructuras met\u00e1licas presentan da\u00f1os por corrosi\u00f3n. Por otra parte, las personas que se encuentran en un entorno por dem\u00e1s h\u00famedo, se vuelven m\u00e1s propensas a desarrollar enfermedades respiratorias, resfriados, alergias y asma, y presentan irritaci\u00f3n en la piel, sobre todo los ni\u00f1os y las personas de edad avanzada.<\/p>\n<p class=\"TextoInterioresGris\" style=\"text-align: justify;\">La mayor\u00eda de los problemas de humedad son ocasionados por filtraciones de agua de lluvia o por aver\u00edas en el sistema de tuber\u00edas. Otros factores que desencadenan este problema es la falta de ventilaci\u00f3n, sobre todo cuando se realizan actividades que producen vapor de agua, como es tomar duchas con agua caliente, cocinar, planchar y utilizar la secadora de ropa. Lo mismo ocurre cuando hay una notable diferencia entre la temperatura interior respecto a la exterior, pues sin una correcta ventilaci\u00f3n, se genera la condensaci\u00f3n f\u00e1cilmente identificable cuando los cristales se empa\u00f1an y se forman peque\u00f1as gotitas de agua en las ventanas.<\/p>\n<p class=\"TextoInterioresGris\" style=\"text-align: justify;\">Identificar un bajo nivel de humedad no es tan sencillo en el estado de objetos y de la construcci\u00f3n, pero se puede percibir en la salud de las personas. Cuando el nivel de humedad en una vivienda ha bajado m\u00e1s del rango m\u00ednimo aceptable, es com\u00fan que las personas presenten irritaci\u00f3n en la mucosa de la nariz, en los ojos, sequedad en las v\u00edas respiratorias y una sensaci\u00f3n de picaz\u00f3n. Esto incrementa las posibilidades de desarrollar enfermedades respiratorias, principalmente tos, y alergias.<\/p>\n<p class=\"TextoInterioresGris\" style=\"text-align: justify;\">El invierno es la temporada en la que se presentan la mayor\u00eda de los problemas relacionados con la falta de humedad, pues es muy com\u00fan que, debido a los fuertes descensos de temperatura, se pongan en funcionamiento los calefactores. Un calefactor, a menos que se trate de un sistema hidr\u00f3nico, genera calor que seca el aire en exceso y por tanto, la cantidad de humedad en el ambiente disminuye convirti\u00e9ndolo en un entorno ideal para la propagaci\u00f3n de virus. Esta es la raz\u00f3n por la que muchas personas se enferman durante la temporada de fr\u00edo a pesar de que sigan todas las precauciones recomendadas para evitar contraer enfermedades. En este sentido, si no se cuenta con un sistema de calefacci\u00f3n hidr\u00f3nico, lo ideal es emplear un\u00a0<strong>humidificador<\/strong>\u00a0a la par del calefactor, para mantener el espacio a una temperatura agradable pero con un nivel de humedad saludable.<\/p>\n<p class=\"TextoInterioresGris\" style=\"text-align: justify;\">Como puedes ver, tanto el exceso de humedad como la falta de ella tienen sus desventajas. Por ello, para crear un entorno saludable se recomienda que el nivel de humedad se encuentre entre el 30 y 60%, valores que se pueden medir mediante el uso de un higr\u00f3metro y controlar con una buena ventilaci\u00f3n, con calefacci\u00f3n, con el uso de deshumidificadores o de un\u00a0<strong>humidificador<\/strong>. Los higr\u00f3metros son aparatos que se encargan de medir el nivel de humedad en un espacio respecto a la temperatura y se pueden adquirir en tiendas de electr\u00f3nica, en ferreter\u00edas o en tiendas de art\u00edculos para construcci\u00f3n, y pueden ser digitales o anal\u00f3gicos.<\/p>\n<p class=\"TextoInterioresGris\" style=\"text-align: justify;\">En caso de que el higr\u00f3metro indique que el nivel de humedad est\u00e1 por debajo del l\u00edmite considerado saludable, lo ideal es que emplees un\u00a0<strong>humidificador<\/strong>\u00a0para incrementar la humedad en el ambiente. Estos aparatos pueden funcionar por electrodos que generan vapor por la ebulluci\u00f3n del agua, de evaporaci\u00f3n, que basan su funcionamiento en un calefactor y agua destilada, o ultras\u00f3nicos, que producen nebulizaciones de agua por vibraciones de alta frecuencia. Cualquiera de los tres tipos se encarga de incrementar la cantidad de vapor de agua en el aire, humect\u00e1ndolo.<\/p>\n<p class=\"TextoInterioresGris\" style=\"text-align: justify;\">En H2OTEK contamos con equipo de la mejor calidad para el control de humedad. Te invitamos a visitar nuestro cat\u00e1logo en l\u00ednea en el que encontrar\u00e1s una amplia gama de deshumidificadores, humidificadores, ventiladores, extractores de aire y calefactores para regular el nivel de humedad y alcanzar el rango aceptable para la salud. Si tienes alguna duda sobre nuestros productos cont\u00e1ctanos, con gusto te brindaremos la asesor\u00eda que est\u00e1s buscando para la elecci\u00f3n de la soluci\u00f3n ideal a tu problema de humedad.<\/p>\n","protected":false},"excerpt":{"rendered":"<p>La mayor\u00eda de las personas estamos familiarizadas con los problemas que representa el exceso de humedad en el hogar, factor que afecta el estado de la construcci\u00f3n, los muebles, ropa, libros, zapatos, en fin, cualquier tipo de objeto que est\u00e9 [&hellip;]<\/p>\n","protected":false},"author":1,"featured_media":0,"parent":0,"menu_order":0,"comment_status":"closed","ping_status":"closed","template":"","meta":{"footnotes":""},"class_list":["post-12008","page","type-page","status-publish","hentry"],"_links":{"self":[{"href":"https:\/\/h2otek.com\/tienda\/wp-json\/wp\/v2\/pages\/12008","targetHints":{"allow":["GET"]}}],"collection":[{"href":"https:\/\/h2otek.com\/tienda\/wp-json\/wp\/v2\/pages"}],"about":[{"href":"https:\/\/h2otek.com\/tienda\/wp-json\/wp\/v2\/types\/page"}],"author":[{"embeddable":true,"href":"https:\/\/h2otek.com\/tienda\/wp-json\/wp\/v2\/users\/1"}],"replies":[{"embeddable":true,"href":"https:\/\/h2otek.com\/tienda\/wp-json\/wp\/v2\/comments?post=12008"}],"version-history":[{"count":0,"href":"https:\/\/h2otek.com\/tienda\/wp-json\/wp\/v2\/pages\/12008\/revisions"}],"wp:attachment":[{"href":"https:\/\/h2otek.com\/tienda\/wp-json\/wp\/v2\/media?parent=12008"}],"curies":[{"name":"wp","href":"https:\/\/api.w.org\/{rel}","templated":true}]}}