{"id":12004,"date":"2021-06-10T13:57:51","date_gmt":"2021-06-10T13:57:51","guid":{"rendered":"https:\/\/h2otek.com\/tienda\/?page_id=12004"},"modified":"2021-06-25T15:50:32","modified_gmt":"2021-06-25T15:50:32","slug":"nebulizadores","status":"publish","type":"page","link":"https:\/\/h2otek.com\/tienda\/nebulizadores\/","title":{"rendered":"Nebulizadores"},"content":{"rendered":"<p class=\"TextoInterioresGris\" style=\"text-align: justify;\">Los\u00a0<strong>nebulizadores<\/strong>\u00a0son aparatos que sirven para transformar un l\u00edquido en peque\u00f1as part\u00edculas o gotas, que adquieren una densidad tan baja que son capaces de perder peso y esto las hace flotar en el aire, tal es el efecto de nube o nebulizaci\u00f3n, tambi\u00e9n llamado abluci\u00f3n. La baja densidad les permite a estas micro gotas viajar de una forma m\u00e1s r\u00e1pida y controlada en relaci\u00f3n con las cantidades que se pretende suministrar de dicho l\u00edquido. Hay quienes asumen que la transformaci\u00f3n que produce este tipo de equipos es un vapor, pero en realidad no es as\u00ed: lo que hace es que por medio de presi\u00f3n empuja el l\u00edquido por una cavidad que reduce de forma extrema su densidad y en realidad s\u00f3lo lo convierte en micro gotas.<\/p>\n<p class=\"TextoInterioresGris\" style=\"text-align: justify;\">Estos aparatos est\u00e1n constituidos espec\u00edficamente por una c\u00e1mara en la que se almacena el l\u00edquido y por un motor que genera presi\u00f3n al vac\u00edo. Tienen una cavidad con un filtro por la que ingresa aire, que har\u00e1 la funci\u00f3n de transmitir la presi\u00f3n que el motor ejerce en \u00e9l, presi\u00f3n provocada por un vac\u00edo que genera una membrana que oscila en altas frecuencias dentro de la c\u00e1mara de compresi\u00f3n. Despu\u00e9s de que el aire pasa por la c\u00e1mara de vac\u00edo, es expulsado hacia un orificio en el que estar\u00e1 conectado el aplicador o tubo de distribuci\u00f3n. Al salir el aire a presi\u00f3n de la c\u00e1mara, provoca agitaci\u00f3n del l\u00edquido y esta es la raz\u00f3n por la cual el l\u00edquido comienza a revolverse y convertirse en peque\u00f1as gotas, las que se precipitan de tal manera que poco a poco van obteniendo el tama\u00f1o adecuado para poder ser expulsadas por la cavidad que las lleva a la mascarilla o pipeta para su inhalaci\u00f3n.<\/p>\n<p class=\"TextoInterioresGris\" style=\"text-align: justify;\">Existen\u00a0<strong>nebulizadores<\/strong>\u00a0para diferentes finalidades, no todos tienen mascarilla de inhalaci\u00f3n o pipeta para su aplicaci\u00f3n, tambi\u00e9n los hay con un dispersor ambiental el cual permite expandir dichas micro gotas en el ambiente para algunos usos industriales y en la bioqu\u00edmica. Dentro de los diferentes usos existen tambi\u00e9n los de aplicaci\u00f3n industrial y comercial que se est\u00e1n usando en la industria cosmetol\u00f3gica.<\/p>\n<p class=\"TextoInterioresGris\" style=\"text-align: justify;\">Lo que acabamos de describir es la manera en que se generan las nebulizaciones en un aparato de tipo neum\u00e1tico o de compresor. Cabe mencionar que no es el \u00fanico tipo de nebulizador que existe hoy en d\u00eda y aunque los neum\u00e1ticos siguen siendo los m\u00e1s utilizados, los de tipo ultras\u00f3nico han ganado terreno en el mercado gracias a que genera un roc\u00edo mucho m\u00e1s fino. Los\u00a0<strong>nebulizadores<\/strong>\u00a0ultras\u00f3nicos funcionan mediante un circuito oscilador de potencia que transmite energ\u00eda a un dispositivo de cristal cer\u00e1mico, elemento responsable de generar el fen\u00f3meno de cavitaci\u00f3n dentro del aparato, es decir, de producir la niebla que el usuario aspirar\u00e1 directamente del ambiente o mediante una boquilla.<\/p>\n<p class=\"TextoInterioresGris\" style=\"text-align: justify;\">En un nebulizador ultras\u00f3nico, la potencia es fijada por el cristal cer\u00e1mico y \u00e9sta depende del tipo de resonador con el que est\u00e9 equipado el aparato. Tanto la potencia como la frecuencia determinan el tama\u00f1o de las part\u00edculas que se expidan en forma de vapor al exterior y lo m\u00e1s com\u00fan es que trabajen a una frecuencia que va de 1Mhz a 3Mhz para generar part\u00edculas de 4 a 5 uM. Adem\u00e1s del oscilador de potencia y del cristal cer\u00e1mico, los ultras\u00f3nicos pueden contar con una membrana m\u00f3vil, conocida como c\u00e1mara de agua, en la que se coloca el l\u00edquido que ser\u00e1 nebulizado. No todos los modelos cuentan con dicha membrana, por lo que la soluci\u00f3n a nebulizar se coloca directamente sobre el cristal oscilador.<\/p>\n<p class=\"TextoInterioresGris\" style=\"text-align: justify;\">La funci\u00f3n primordial de un nebulizador es administrar medicamentos recetados por v\u00eda inhalatoria de una forma amable y suave, por ello est\u00e1n equipados con una boquilla que debe facilitar la absorci\u00f3n para que el l\u00edquido salga de manera constante. El medicamento o la substancia a mezclar deber\u00e1 vaciarse cuando el compresor est\u00e9 apagado, una vez que ha sido colocada dicha substancia, es cuando se enciende el equipo, para esto hay que mantener en posici\u00f3n vertical el admin\u00edculo para que el l\u00edquido no se vierta. Una vez que el aparato est\u00e9 en funcionamiento se conecta la boquilla al respiradero y el paciente puede comenzar a aspirar lentamente hasta que encuentre la absorci\u00f3n adecuada y no presente ning\u00fan tipo de molestias.<\/p>\n<p class=\"TextoInterioresGris\" style=\"text-align: justify;\">Es muy importante respetar las dosis recomendadas por el m\u00e9dico y tener ciertas precauciones con el uso del nebulizador que, por lo regular se apaga autom\u00e1ticamente cuando la marca del dep\u00f3sito de agua est\u00e1 por debajo del nivel m\u00ednimo. Sin embargo, en los modelos que no cuentan con c\u00e1mara de agua es com\u00fan que se exceda el tiempo de uso, pues se espera a que todo el l\u00edquido haya sido nebulizado antes de apagarlo, lo que provoca sobrecalentamiento y puede da\u00f1ar el cristal cer\u00e1mico en los\u00a0<strong>nebulizadores<\/strong>\u00a0ultras\u00f3nicos por trabajar en seco. Desconectar el equipo una vez finalizado su uso y hacerle una limpieza peri\u00f3dica, garantizar\u00e1 que funcione correctamente durante m\u00e1s tiempo y suministre la dosis adecuada de medicamento.<\/p>\n<p class=\"TextoInterioresGris\" style=\"text-align: justify;\">Si bien, el uso del nebulizador tiene fines m\u00e9dicos para administrar f\u00e1rmacos a personas con enfermedades respiratorias como asma o EPOC tanto en la fase de tratamiento, como por medida preventiva o de rescate cuando se presentan crisis respiratorias, tambi\u00e9n tiene aplicaciones en aromaterapia por lo que es bastante com\u00fan que se encuentren estos aparatos en un spa. En estos casos, el equipo se pone en funcionamiento con concentrados de aromas para emplearlos en terapias con ejercicios de inhalaci\u00f3n que activan y relajan el cuerpo.<\/p>\n<p class=\"TextoInterioresGris\" style=\"text-align: justify;\">En el cat\u00e1logo de H2OTEK encontrar\u00e1s\u00a0<strong>nebulizadores<\/strong>\u00a0de la m\u00e1s alta calidad con diferentes capacidades y para distintas aplicaciones. Cont\u00e1ctanos, con gusto te ayudaremos a elegir el que se adapte mejor a tus necesidades.<\/p>\n","protected":false},"excerpt":{"rendered":"<p>Los\u00a0nebulizadores\u00a0son aparatos que sirven para transformar un l\u00edquido en peque\u00f1as part\u00edculas o gotas, que adquieren una densidad tan baja que son capaces de perder peso y esto las hace flotar en el aire, tal es el efecto de nube o [&hellip;]<\/p>\n","protected":false},"author":1,"featured_media":0,"parent":0,"menu_order":0,"comment_status":"closed","ping_status":"closed","template":"","meta":{"footnotes":""},"class_list":["post-12004","page","type-page","status-publish","hentry"],"_links":{"self":[{"href":"https:\/\/h2otek.com\/tienda\/wp-json\/wp\/v2\/pages\/12004","targetHints":{"allow":["GET"]}}],"collection":[{"href":"https:\/\/h2otek.com\/tienda\/wp-json\/wp\/v2\/pages"}],"about":[{"href":"https:\/\/h2otek.com\/tienda\/wp-json\/wp\/v2\/types\/page"}],"author":[{"embeddable":true,"href":"https:\/\/h2otek.com\/tienda\/wp-json\/wp\/v2\/users\/1"}],"replies":[{"embeddable":true,"href":"https:\/\/h2otek.com\/tienda\/wp-json\/wp\/v2\/comments?post=12004"}],"version-history":[{"count":0,"href":"https:\/\/h2otek.com\/tienda\/wp-json\/wp\/v2\/pages\/12004\/revisions"}],"wp:attachment":[{"href":"https:\/\/h2otek.com\/tienda\/wp-json\/wp\/v2\/media?parent=12004"}],"curies":[{"name":"wp","href":"https:\/\/api.w.org\/{rel}","templated":true}]}}