{"id":12002,"date":"2021-06-10T13:56:57","date_gmt":"2021-06-10T13:56:57","guid":{"rendered":"https:\/\/h2otek.com\/tienda\/?page_id=12002"},"modified":"2021-06-10T14:34:43","modified_gmt":"2021-06-10T14:34:43","slug":"agua-caliente","status":"publish","type":"page","link":"https:\/\/h2otek.com\/tienda\/agua-caliente\/","title":{"rendered":"Agua caliente"},"content":{"rendered":"<p style=\"text-align: justify;\">El agua es un elemento fundamental para todo ser vivo y en el caso espec\u00edfico de los seres humanos, sin ella, realizar los procesos fisiol\u00f3gicos necesarios para mantenernos con vida ser\u00eda simplemente imposible. Si consideramos que entre el 65 y 75 % de la constituci\u00f3n total del cuerpo de una persona est\u00e1 compuesto por agua, podemos darnos una idea m\u00e1s clara de cu\u00e1n importante es para nuestro organismo y por qu\u00e9 necesitamos consumirla a diario. Si bien, una parte importante del agua que consumimos d\u00eda con d\u00eda est\u00e1 destinada a beberla, tambi\u00e9n es utilizada para otras actividades como el aseo personal, para la preparaci\u00f3n de alimentos y para las tareas de higienizaci\u00f3n de los espacios en los que habitamos, as\u00ed como para la producci\u00f3n de energ\u00eda, en procesos industriales y para el riego, entre otros.<\/p>\n<p style=\"text-align: justify;\">El agua se encuentra presente en nuestro d\u00eda a d\u00eda pr\u00e1cticamente en todo momento, desempe\u00f1ando un papel importante en procesos fisiol\u00f3gicos, ambientales e industriales que mantienen funcionando a nuestro cuerpo, nos abastecen de alimento y hacen m\u00e1s sencilla nuestras vidas. A pesar de que este l\u00edquido vital interviene en innumerables procesos, es bastante com\u00fan que s\u00f3lo tengamos conciencia de su importancia al ingerirla para evitar deshidratarnos o bien, cuando la empleamos en tareas dom\u00e9sticas como lavar la ropa, trastos de cocina, en la preparaci\u00f3n de alimentos, en la limpieza del hogar o para nuestra higiene y cuidado personal; y es justamente en estas tareas cotidianas en las que se presenta la necesidad de elevar la temperatura del agua, tanto por mayor comodidad como para facilitar las actividades.<\/p>\n<p style=\"text-align: justify;\">Existen diferentes m\u00e9todos para la obtenci\u00f3n de\u00a0<strong>agua caliente<\/strong>\u00a0y la elecci\u00f3n del uso depende del tipo de aplicaci\u00f3n que se le dar\u00e1 al agua, de los servicios con los que se cuente en la regi\u00f3n y de la preferencia del usuario. Para calentar el agua se puede recurrir desde a colocar el l\u00edquido en recipientes y exponerlos directamente a los rayos del sol para que la temperatura se eleve por la energ\u00eda t\u00e9rmica de la radiaci\u00f3n solar, hasta a calentadores el\u00e9ctricos o de gas que permiten disponer de\u00a0<strong>agua caliente<\/strong>\u00a0pr\u00e1cticamente al instante y de manera ilimitada. El uso de le\u00f1a y de estufas de gas tambi\u00e9n es bastante com\u00fan, sobretodo para elevar la temperatura del agua que se emplea durante la cocci\u00f3n de los alimentos.<\/p>\n<p style=\"text-align: justify;\">De todos los anteriores, en las casas habitaci\u00f3n de las ciudades el m\u00e9todo m\u00e1s utilizado es el calentador de agua o boiler, que puede usar como fuente de energ\u00eda gas, electricidad o la radiaci\u00f3n solar. Por otro lado, para aplicaciones industriales lo m\u00e1s com\u00fan es que se empleen calderas con la capacidad suficiente para calentar un gran volumen de agua en poco tiempo. Las calderas son contenedores de metal equipados con barras que se calientan por resistencias el\u00e9ctricas, gas, madera, combustibles f\u00f3siles o por fisi\u00f3n nuclear, por las que fluye el agua en un ciclo llegando a alcanzar muy altas temperaturas.<\/p>\n<p style=\"text-align: justify;\">Actualmente existe una gran variedad de calentadores de agua e independientemente del tipo de energ\u00eda que empleen para funcionar, se distinguen entre s\u00ed por su dise\u00f1o y la manera en que suministran el agua, es decir, por su modo de funcionamiento. Encontramos de esta manera los calentadores de acumulaci\u00f3n que tienen la particularidad de contar con un dep\u00f3sito para el agua en la que se acumula el l\u00edquido a una temperatura constante. Los calentadores de este tipo tienen una capacidad variable seg\u00fan su tama\u00f1o y de esta caracter\u00edstica depende cu\u00e1ntos litros de agua puedan suministrar. Tambi\u00e9n conocidos como termos, los de acumulaci\u00f3n son calentadores que ocupan bastante espacio que regulan la temperatura del agua por medio de un termostato y una vez que se ha consumido el agua del dep\u00f3sito, es necesario dejar transcurrir un lapso de tiempo antes de poder disponer nuevamente de\u00a0<strong>agua caliente<\/strong>.<\/p>\n<p style=\"text-align: justify;\">Hay otro tipo de calentadores de agua, mucho m\u00e1s populares hoy en d\u00eda: los de paso. \u00c9stos se ponen en funcionamiento cuando detectan la circulaci\u00f3n de agua gracias a un sensor de flujo que controla su encendido. El uso de un calentador de este tipo supone grandes ventajas y la principal es que la disponibilidad de agua no est\u00e1 limitada por la capacidad de ning\u00fan dep\u00f3sito, gracias a que el agua se caliente al circular por el sistema y es precisamente por esta caracter\u00edstica que ocupan menos espacio que los calentadores por acumulaci\u00f3n. Los modelos m\u00e1s modernos cuentan con un termostato digital para regular la temperatura del agua.<\/p>\n<p style=\"text-align: justify;\">Finalmente, existen los calentadores solares, equipos que aprovechan la energ\u00eda t\u00e9rmica del sol por lo que son la alternativa m\u00e1s amigable con el ambiente para obtener\u00a0<strong>agua caliente<\/strong>. Hay diferentes tipos de calentadores solares y a grandes rasgos se pueden distinguir los sistemas pasivos, que requieren de una bomba para hacer circular el agua, y los activos, que no requieren de ninguna fuente de energ\u00eda externa para que el agua fluya hacia la red de abastecimiento. La ventaja principal de utilizar un calentador de este tipo es el bajo impacto ambiental que representa su uso, pero tambi\u00e9n ofrece un gran ahorro econ\u00f3mico en gastos mensuales de gas o en el pago de consumo el\u00e9ctrico.<\/p>\n<p style=\"text-align: justify;\">En H2OTEK contamos con todo tipo de calentadores de agua y calderas para satisfacer las necesidades de\u00a0<strong>agua caliente<\/strong>\u00a0en casas habitaci\u00f3n, industrias, empresas, hospitales, spas, centros deportivos y cualquier tipo de establecimiento que lo requiera. Te invitamos a visitar nuestro cat\u00e1logo en l\u00ednea en el que encontrar\u00e1s una extensa variedad de productos de alta calidad. Si necesitas asesor\u00eda en la elecci\u00f3n del equipo ideal para ti no dudes en contactarnos, con gusto te atenderemos.<\/p>\n","protected":false},"excerpt":{"rendered":"<p>El agua es un elemento fundamental para todo ser vivo y en el caso espec\u00edfico de los seres humanos, sin ella, realizar los procesos fisiol\u00f3gicos necesarios para mantenernos con vida ser\u00eda simplemente imposible. Si consideramos que entre el 65 y [&hellip;]<\/p>\n","protected":false},"author":1,"featured_media":0,"parent":0,"menu_order":0,"comment_status":"closed","ping_status":"closed","template":"","meta":{"footnotes":""},"class_list":["post-12002","page","type-page","status-publish","hentry"],"_links":{"self":[{"href":"https:\/\/h2otek.com\/tienda\/wp-json\/wp\/v2\/pages\/12002","targetHints":{"allow":["GET"]}}],"collection":[{"href":"https:\/\/h2otek.com\/tienda\/wp-json\/wp\/v2\/pages"}],"about":[{"href":"https:\/\/h2otek.com\/tienda\/wp-json\/wp\/v2\/types\/page"}],"author":[{"embeddable":true,"href":"https:\/\/h2otek.com\/tienda\/wp-json\/wp\/v2\/users\/1"}],"replies":[{"embeddable":true,"href":"https:\/\/h2otek.com\/tienda\/wp-json\/wp\/v2\/comments?post=12002"}],"version-history":[{"count":0,"href":"https:\/\/h2otek.com\/tienda\/wp-json\/wp\/v2\/pages\/12002\/revisions"}],"wp:attachment":[{"href":"https:\/\/h2otek.com\/tienda\/wp-json\/wp\/v2\/media?parent=12002"}],"curies":[{"name":"wp","href":"https:\/\/api.w.org\/{rel}","templated":true}]}}