{"id":11999,"date":"2021-06-10T13:54:49","date_gmt":"2021-06-10T13:54:49","guid":{"rendered":"https:\/\/h2otek.com\/tienda\/?page_id=11999"},"modified":"2026-02-09T16:10:07","modified_gmt":"2026-02-09T16:10:07","slug":"deshumidificador","status":"publish","type":"page","link":"https:\/\/h2otek.com\/tienda\/deshumidificador\/","title":{"rendered":"Deshumidificador"},"content":{"rendered":"<p class=\"TextoInterioresGris\" style=\"text-align: justify;\">As\u00ed como un humificador sirve para regular la humedad de un espacio en espec\u00edfico un <strong>deshumidificador<\/strong>\u00a0es un dispositivo dise\u00f1ado para reducir la humedad. Existen varios tipos. Depende de la modalidad que utilicen para retirar el exceso de humedad en el ambiente. Por ejemplo, adsorci\u00f3n (es decir, atraer y retener en la superficie de un cuerpo mol\u00e9culas o iones de otro cuerpo) y absorci\u00f3n (ejercer atracci\u00f3n sobre un fluido con el que est\u00e1 en contacto, de modo que las mol\u00e9culas de este penetren en aquella).<\/p>\n<p class=\"TextoInterioresGris\" style=\"text-align: justify;\">\u00bfPor qu\u00e9 debemos disminuir la humedad de nuestro ambiente? Debido a que un entorno sumamente h\u00famedo causa la formaci\u00f3n de moho y a su vez acarrea una serie de problemas de salud que pueden ser fatales. Adem\u00e1s el clima y aire h\u00famedo suele ser muy inc\u00f3modo creado una excesiva transpiraci\u00f3n y en lugares muy cerrados esto crea la sensaci\u00f3n de saturaci\u00f3n en todo el ambiente. Aunado a esto la baja humedad evita que las plagas como las polillas que comen nuestra ropa o libros desaparezcan. Sin humedad las pulgas, cucarachas, cochinillas y los \u00e1caros del polvo desaparecer\u00e1n.<\/p>\n<p class=\"TextoInterioresGris\" style=\"text-align: justify;\">Pero, \u00bfqu\u00e9 es un\u00a0<strong>deshumidificador<\/strong>? Se trata de un aparato que reduce la humedad ambiental. Consiste en una bomba de calor para proporcionar una zona fr\u00eda donde condensar la humedad y una zona caliente para recuperar la temperatura ambiental. Su funcionamiento consiste en pasar una corriente de aire por el evaporador (zona fr\u00eda), el cual est\u00e1 a una temperatura por debajo del punto de roc\u00edo, provocando que la humedad ambiental se condense y gotee a un dep\u00f3sito o un desag\u00fce. Despu\u00e9s de ser secado y enfriado el aire pasa por el condensador (zona caliente), con lo que recupera la temperatura ambiental y disminuye a\u00fan m\u00e1s su humedad relativa. El\u00a0<strong>deshumidificador<\/strong>\u00a0se usa para reducir y controlar la humedad del ambiente, especialmente en el verano. No es para secar pisos ni otros art\u00edculos. Tambi\u00e9n se usa en procesos industriales con aparatos de gran potencia.<\/p>\n<p><img fetchpriority=\"high\" decoding=\"async\" class=\"aligncenter size-full wp-image-30553\" src=\"https:\/\/h2otek.com\/tienda\/wp-content\/uploads\/2021\/07\/dimensiones-deshumidificador-portatil-RDP-56-1.jpg\" alt=\"Deshumidificador\" width=\"650\" height=\"718\" srcset=\"https:\/\/h2otek.com\/tienda\/wp-content\/uploads\/2021\/07\/dimensiones-deshumidificador-portatil-RDP-56-1.jpg 650w, https:\/\/h2otek.com\/tienda\/wp-content\/uploads\/2021\/07\/dimensiones-deshumidificador-portatil-RDP-56-1-272x300.jpg 272w, https:\/\/h2otek.com\/tienda\/wp-content\/uploads\/2021\/07\/dimensiones-deshumidificador-portatil-RDP-56-1-54x60.jpg 54w, https:\/\/h2otek.com\/tienda\/wp-content\/uploads\/2021\/07\/dimensiones-deshumidificador-portatil-RDP-56-1-81x90.jpg 81w, https:\/\/h2otek.com\/tienda\/wp-content\/uploads\/2021\/07\/dimensiones-deshumidificador-portatil-RDP-56-1-600x663.jpg 600w\" sizes=\"(max-width: 650px) 100vw, 650px\" \/><\/p>\n<p class=\"TextoInterioresGris\" style=\"text-align: justify;\">Los\u00a0<strong>deshumidificadores<\/strong>\u00a0tambi\u00e9n se pueden usar para el secado de los edificios nuevos que por los procesos de construcci\u00f3n contienen o guardan mucha humedad. Incluso despu\u00e9s de un desastre como las inundaciones es ideal para quitar ese molesto olor a humead. Tambi\u00e9n en los gimnasios con albercas se pueden usar o en recintos donde haya una gran cantidad de vapor provocada por el equipo como los saunas.<\/p>\n<p class=\"TextoInterioresGris\" style=\"text-align: justify;\">Es muy recomendable utilizar el <strong>deshumidificador<\/strong>\u00a0en conjunto con un humificador porque se esta manera mantendr\u00e1s la humedad ideal en tu espacio de trabajo, hogar, oficina o incluso enormes edificios como hospitales, hoteles o escuelas.<\/p>\n<p class=\"TextoInterioresGris\" style=\"text-align: justify;\">Ahora bien, \u00bfde qu\u00e9 manera funciona un <strong>deshumidificador<\/strong>? En s\u00ed el proceso es muy sencillo por medio de diversos mecanismos el equipo hace que el aire del ambiente pase por un dispositivo donde la humedad se condensa y el agua que se formo pare a un desag\u00fce especial.<\/p>\n<p class=\"TextoInterioresGris\" style=\"text-align: justify;\">Es importante monitorear el funcionamiento de nuestro <strong>deshumidificador<\/strong>, ya que aunque hay muchos aparatos modernos que ante cualquier problema autom\u00e1ticamente dejan de funcionar, hay otros que si la temperatura es muy baja se llega a formar hielo.<\/p>\n<p class=\"TextoInterioresGris\" style=\"text-align: justify;\">Antes de adquirir tu <strong>deshumidificador<\/strong> debes fijarte en la cantidad de litros y su capacidad de absorci\u00f3n. Depende del espacio donde vayas a colocarlo. Es recomendable usar uno dom\u00e9stico para peque\u00f1os espacios y un industrial para superficies m\u00e1s grandes. Hay dise\u00f1os muy variados y modernos, cosa que anteriormente no suced\u00eda y eran aparatos grandes y estorbosos. Hoy d\u00eda los hay de varios tama\u00f1os y colores. En dado caso que t\u00fa escojas un <strong>deshumidificador<\/strong>\u00a0de mayor tama\u00f1o debes de consultar a un experto para que te ayude con su instalaci\u00f3n.<\/p>\n<p class=\"TextoInterioresGris\" style=\"text-align: justify;\">Normalmente se colocan cerca de un enchufe el\u00e9ctrico y cerca de un desag\u00fce. Si es un equipo que requiere mayor instalaci\u00f3n hidr\u00e1ulica como conductos que repartan la humedad de nuevo te recomendamos acudir a una empresa que no s\u00f3lo venda el <strong>deshumidificador<\/strong>, sino tambi\u00e9n lo instale. En cuanto al costo del equipo, depende del tama\u00f1o, la marca y su capacidad. La mayor\u00eda de las veces su precio puede muy accesible pero en el caso de equipos industriales que logran procesar hasta 600 litros por d\u00eda el precio aumentar\u00e1.<\/p>\n<p class=\"TextoInterioresGris\" style=\"text-align: justify;\">Sin duda, los <strong>deshumidificadores<\/strong>\u00a0en los \u00faltimos a\u00f1os se han vuelto muy populares en viviendas, oficinas y otro tipo de locales donde se requiere mantener una humedad baja, no s\u00f3lo es ben\u00e9fico para la salud sobre todo para personas asm\u00e1ticas sino tambi\u00e9n ayudar\u00e1 a mantener en buen estado tus muebles, tu ropa y todos tus accesorios de cuero.<\/p>\n<p class=\"TextoInterioresGris\" style=\"text-align: justify;\">No dudes en comparar modelos entre varios proveedores. F\u00edjate que te den una garant\u00eda de m\u00ednimo un a\u00f1o. Asimismo dale prioridad a aquellos productos que sean amables con el medio ambiente y que no contaminen, por ejemplo, equipos que no utilicen el gas refrigerante. Los mejores equipos son los que cuentan con varias velocidades para regular la potencia en cada momento del d\u00eda. Tambi\u00e9n aseg\u00farate que el modelo no sea ruidoso y que sea muy f\u00e1cil de transportar. Hay varios\u00a0<strong>deshumidificadores<\/strong>\u00a0que cuentan con rueditas las cuales son muy \u00fatiles. Por estas ventajas te invitamos a que adquieras un\u00a0<strong>deshumidificador<\/strong>\u00a0que har\u00e1 m\u00e1s feliz y agradable tu estancia en cualquier lugar.<\/p>\n","protected":false},"excerpt":{"rendered":"<p>As\u00ed como un humificador sirve para regular la humedad de un espacio en espec\u00edfico un deshumidificador\u00a0es un dispositivo dise\u00f1ado para reducir la humedad. Existen varios tipos. Depende de la modalidad que utilicen para retirar el exceso de humedad en el [&hellip;]<\/p>\n","protected":false},"author":1,"featured_media":0,"parent":0,"menu_order":0,"comment_status":"closed","ping_status":"closed","template":"","meta":{"footnotes":""},"class_list":["post-11999","page","type-page","status-publish","hentry"],"_links":{"self":[{"href":"https:\/\/h2otek.com\/tienda\/wp-json\/wp\/v2\/pages\/11999","targetHints":{"allow":["GET"]}}],"collection":[{"href":"https:\/\/h2otek.com\/tienda\/wp-json\/wp\/v2\/pages"}],"about":[{"href":"https:\/\/h2otek.com\/tienda\/wp-json\/wp\/v2\/types\/page"}],"author":[{"embeddable":true,"href":"https:\/\/h2otek.com\/tienda\/wp-json\/wp\/v2\/users\/1"}],"replies":[{"embeddable":true,"href":"https:\/\/h2otek.com\/tienda\/wp-json\/wp\/v2\/comments?post=11999"}],"version-history":[{"count":2,"href":"https:\/\/h2otek.com\/tienda\/wp-json\/wp\/v2\/pages\/11999\/revisions"}],"predecessor-version":[{"id":33797,"href":"https:\/\/h2otek.com\/tienda\/wp-json\/wp\/v2\/pages\/11999\/revisions\/33797"}],"wp:attachment":[{"href":"https:\/\/h2otek.com\/tienda\/wp-json\/wp\/v2\/media?parent=11999"}],"curies":[{"name":"wp","href":"https:\/\/api.w.org\/{rel}","templated":true}]}}