{"id":11997,"date":"2021-06-10T13:54:00","date_gmt":"2021-06-10T13:54:00","guid":{"rendered":"https:\/\/h2otek.com\/tienda\/?page_id=11997"},"modified":"2021-06-10T13:54:00","modified_gmt":"2021-06-10T13:54:00","slug":"deshumidificadores","status":"publish","type":"page","link":"https:\/\/h2otek.com\/tienda\/deshumidificadores\/","title":{"rendered":"Deshumidificadores"},"content":{"rendered":"<p class=\"TextoInterioresGris\" style=\"text-align: justify;\">El exceso de humedad en el entorno es un factor que puede afectar en m\u00e1s de un sentido a estructuras de construcciones, objetos, a procesos industriales espec\u00edficos y por su puesto, al estado de salud de las personas que habitan en lugares con problemas de humedad. Son muchos los agentes que influyen en la presencia de un nivel elevado de humedad y no necesariamente todos tienen que ver con la acumulaci\u00f3n de agua durante la temporada de lluvias ni con la cercan\u00eda a lagos, estanques, al mar o con fugas en tuber\u00edas. Los defectos en las construcciones, la falta de ventilaci\u00f3n, el realizar actividades que generan vapor de agua y una diferencia de temperatura interior respecto a la exterior, tambi\u00e9n provocan que el nivel de humedad exceda los l\u00edmites aceptables para la salud y para la conservaci\u00f3n de objetos o del \u00e9xito de procesos industriales.<\/p>\n<p class=\"TextoInterioresGris\" style=\"text-align: justify;\">Es en el estado de las construcciones donde podemos identificar m\u00e1s f\u00e1cilmente que existe un problema de humedad, pues los techos y muros presentan alteraciones, producto del deterioro interno de las estructuras. Las manchas de agua, el moho, el desprendimiento de los muros y la descamaci\u00f3n de la pintura son indicadores de que existe un exceso de humedad. Asimismo, en los muebles, la ropa, zapatos, en documentos y libros es posible detectar que la humedad est\u00e1 causando estragos pues presentan da\u00f1os y un olor molesto muy caracter\u00edstico de la humedad. Hasta ahora s\u00f3lo hemos mencionado los da\u00f1os materiales que se presentan en entornos en exceso h\u00famedos, sin embargo, consideremos que la humedad propicia la aparici\u00f3n de bacterias, \u00e1caros, moho y otro tipo de hongos, agentes causantes de infecciones y de una larga lista de enfermedades respiratorias encabezada por el asma y la sinusitis.<\/p>\n<p class=\"TextoInterioresGris\" style=\"text-align: justify;\">En la industria de procesamiento y fabricaci\u00f3n de papel, en la industria alimentaria, principalmente en el almacenamiento de alimentos y en la producci\u00f3n de bebidas como cerveza y vino, as\u00ed como en la producci\u00f3n textil, el exceso de humedad puede ocasionar grandes p\u00e9rdidas y poner en riesgo la seguridad de los trabajadores de tal industria. Esto \u00faltimo se debe a que los factores ambientales, principalmente la humedad y temperatura, influyen en gran medida en el funcionamiento de la maquinaria industrial que se emplea y sin un control adecuado sobre las condiciones ambientales es posible que se presenten fallas que generen todo tipo de accidentes.<\/p>\n<p class=\"TextoInterioresGris\" style=\"text-align: justify;\">Por todo lo anterior, los\u00a0<strong>deshumidificadores<\/strong>\u00a0tienen gran importancia en nuestros d\u00edas, tanto en residencias como en grandes industrias. Estos aparatos cumplen la funci\u00f3n de filtrar la humedad del aire para regular el nivel de vapor de agua en el ambiente y de esta manera garantizar un entorno saludable y seguro. En t\u00e9rminos generales funcionan por ventiladores que extraen el vapor de agua en el aire y lo desechan por el desag\u00fce devolviendo aire seco. Existen dos tipos de\u00a0<strong>deshumidificadores<\/strong>\u00a0que se distinguen entre s\u00ed por la manera en que funcionan: los de condensaci\u00f3n y los de rotor desencante. Los equipos de condensaci\u00f3n extraen el vapor de agua del aire y lo comprime hasta que se condensa, y ya en estado l\u00edquido lo desechan por el desag\u00fce. Por otra parte, los de sistema desecante para extraer el vapor utilizan sustancias qu\u00edmicas higrosc\u00f3picas, por lo regular, gel de s\u00edlice.<\/p>\n<p class=\"TextoInterioresGris\" style=\"text-align: justify;\">Para uso residencial se recomienda emplear\u00a0<strong>deshumidificadores<\/strong>\u00a0de condensaci\u00f3n que se encuentran disponibles con capacidad para extraer desde 5 hasta 50 litros de humedad del ambiente en un d\u00eda. Son equipos f\u00e1ciles de usar que se tienen que conectar al ducto de desag\u00fce y a la corriente el\u00e9ctrica para funcionar, por lo que se recomienda contratar a un experto que se encargue de su instalaci\u00f3n. Adem\u00e1s cuentan con sistema de encendido y apagado programable por lo que funcionan autom\u00e1ticamente y disminuyen los riesgos de accidentes por sobrecargas. Sin embargo, aunque sean equipos que contribuyen enormemente a regular el nivel de humedad en interiores, para que resulten eficientes y el problema de humedad pueda resolverse, es necesario hacer una evaluaci\u00f3n de la gravedad del problema e identificar qu\u00e9 es lo que ocasiona que haya exceso de humedad.<\/p>\n<p class=\"TextoInterioresGris\" style=\"text-align: justify;\">Como ya mencionamos, el exceso de humedad no se debe \u00fanicamente a una mala impermeabilizaci\u00f3n de los techos ni a las fugas de tuber\u00edas; las fallas en la construcci\u00f3n y las caracter\u00edsticas del terreno en las que se encuentra tambi\u00e9n influyen. La falta de ventilaci\u00f3n y los materiales empleados en la construcci\u00f3n, sobre todo si son muy porosos y si el edificio se encuentra sobre un suelo muy h\u00famedo, incrementan las probabilidades de que haya un exceso de humedad, por lo que se tiene que recurrir a mejorar las instalaciones y hacer ductos de ventilaci\u00f3n para que la ayuda del deshumidificador en el control de humedad sea m\u00e1s evidente y tenga un impacto positivo a largo plazo.<\/p>\n<p class=\"TextoInterioresGris\" style=\"text-align: justify;\">En el caso de aplicaciones industriales, los\u00a0<strong>deshumidificadores<\/strong>\u00a0recomendados son los de rotor desecante y para poder determinar la capacidad de filtraci\u00f3n de humedad y el tiempo de operaci\u00f3n del equipo es necesario contemplar las necesidades de producci\u00f3n en cuesti\u00f3n. El uso de sistemas de ventilaci\u00f3n y extracci\u00f3n de aire, calefacci\u00f3n y aire acondicionado influyen en el nivel de humedad y temperatura del espacio por lo que antes de instalar un deshumidificador se debe evaluar que tan funcional resultar\u00e1 y si es necesario complementar su uso con otro tipo de equipo.<\/p>\n<p class=\"TextoInterioresGris\" style=\"text-align: justify;\">EN H2OTEK contamos con un amplio cat\u00e1logo de equipo para control ambiental y tenemos\u00a0<strong>deshumidificadores<\/strong>\u00a0de la m\u00e1s alta calidad que garantizar\u00e1n un control \u00f3ptimo sobre las condiciones de humedad. Si necesitas asesor\u00eda no dudes en contactarnos, para nosotros ser\u00e1 un placer ayudarte a encontrar la soluci\u00f3n ideal para tu proyecto.<\/p>\n","protected":false},"excerpt":{"rendered":"<p>El exceso de humedad en el entorno es un factor que puede afectar en m\u00e1s de un sentido a estructuras de construcciones, objetos, a procesos industriales espec\u00edficos y por su puesto, al estado de salud de las personas que habitan [&hellip;]<\/p>\n","protected":false},"author":1,"featured_media":0,"parent":0,"menu_order":0,"comment_status":"closed","ping_status":"closed","template":"","meta":{"footnotes":""},"class_list":["post-11997","page","type-page","status-publish","hentry"],"_links":{"self":[{"href":"https:\/\/h2otek.com\/tienda\/wp-json\/wp\/v2\/pages\/11997","targetHints":{"allow":["GET"]}}],"collection":[{"href":"https:\/\/h2otek.com\/tienda\/wp-json\/wp\/v2\/pages"}],"about":[{"href":"https:\/\/h2otek.com\/tienda\/wp-json\/wp\/v2\/types\/page"}],"author":[{"embeddable":true,"href":"https:\/\/h2otek.com\/tienda\/wp-json\/wp\/v2\/users\/1"}],"replies":[{"embeddable":true,"href":"https:\/\/h2otek.com\/tienda\/wp-json\/wp\/v2\/comments?post=11997"}],"version-history":[{"count":0,"href":"https:\/\/h2otek.com\/tienda\/wp-json\/wp\/v2\/pages\/11997\/revisions"}],"wp:attachment":[{"href":"https:\/\/h2otek.com\/tienda\/wp-json\/wp\/v2\/media?parent=11997"}],"curies":[{"name":"wp","href":"https:\/\/api.w.org\/{rel}","templated":true}]}}