{"id":11995,"date":"2021-06-10T13:52:36","date_gmt":"2021-06-10T13:52:36","guid":{"rendered":"https:\/\/h2otek.com\/tienda\/?page_id=11995"},"modified":"2021-06-10T13:52:36","modified_gmt":"2021-06-10T13:52:36","slug":"calefaccion","status":"publish","type":"page","link":"https:\/\/h2otek.com\/tienda\/calefaccion\/","title":{"rendered":"Calefaccion"},"content":{"rendered":"<p class=\"TextoInterioresGris\" style=\"text-align: justify;\">La temperatura es uno de los factores que m\u00e1s influyen en el estado de los seres vivos, en construcciones y en procesos de producci\u00f3n espec\u00edficos, es por ello que se han desarrollado distintas t\u00e9cnicas para crear espacios con condiciones ambientales controladas en los que, entre otras cosas, se pueda regular el nivel de calor. Particularmente en el caso de los humanos, la temperatura interviene en el desarrollo de los procesos metab\u00f3licos que determinan nuestro estado de salud y adem\u00e1s dicta nuestro nivel de confort en ciertos espacios, de ello que sea tan importante tener un control sobre ella, sobre todo cuando supera los rangos m\u00ednimos y m\u00e1ximos aceptables<\/p>\n<p class=\"TextoInterioresGris\" style=\"text-align: justify;\">Como es bien sabido, tanto el calor extremo como el fr\u00edo intenso pueden generarnos, adem\u00e1s de incomodidad, m\u00faltiples problemas de salud. Esto depende de qu\u00e9 tan sensibles seamos a las variaciones de temperatura, pero en la mayor\u00eda de los casos es el descenso de temperatura lo que m\u00e1s llega a afectar el estado de salud f\u00edsico y emocional de una persona. Durante el invierno y en la temporada de lluvias, utilizar prendas abrigadoras y pasar la mayor parte del d\u00eda al interior no son medidas suficientes para mitigar el fr\u00edo ni los efectos que tiene sobre nuestra salud, por lo que se tiene que recurrir al uso de equipos y sistemas de\u00a0<strong>calefacci\u00f3n<\/strong>\u00a0especiales para contrarrestar los efectos del fr\u00edo.<\/p>\n<p class=\"TextoInterioresGris\" style=\"text-align: justify;\">Los calefactores irradian calor hacia el espacio en el que se instalen y pueden funcionar por gas, electricidad, energ\u00eda solar o agua. Las tecnolog\u00edas que se emplean en su dise\u00f1o y manufactura responden a las distintas aplicaciones para las que fueron creados, ya sea para uso residencial, industrial, en naves de producci\u00f3n av\u00edcola, invernaderos, viveros o en procesos de producci\u00f3n de productos de la m\u00e1s diversa \u00edndole. En este sentido, las dimensiones, capacidad y potencia de un calefactor var\u00edan enormemente de un modelo a otro y seg\u00fan las necesidades particulares del sitio en el que se instalar\u00e1n, puede optarse por usar un calefactor independiente o bien, instalar un sistema complejo que permita la automatizaci\u00f3n del funcionamiento del mismo.<\/p>\n<p class=\"TextoInterioresGris\" style=\"text-align: justify;\">Para uso residencial, los calefactores m\u00e1s comunes son los modulares que funcionan por electricidad, pues son f\u00e1ciles de usar y altamente funcionales. A estos calefactores se les conoce como radiadores y entre sus particularidades se encuentra el que sean f\u00e1ciles de transportar de un lugar a otro y su versatilidad, ya que se adaptan perfectamente a cualquier tipo de decoraci\u00f3n. Son un tipo de calefactor que no emiten ruido, sin embargo, presentan un alto gasto energ\u00e9tico y sin la adecuada supervisi\u00f3n pueden llegar a causar accidentes. Para evitar los riesgos m\u00e1s comunes del uso de radiadores se recurre a los calefactores de convecci\u00f3n de calor, aparatos que se instalan en el techo y que al igual que los calentadores modulares, son silenciosos, pero son mucho m\u00e1s seguros. El \u00fanico inconveniente con este tipo de calefactor es que calienta la construcci\u00f3n y seca el aire, por lo que su uso se tiene que complementar con un humidificador.<\/p>\n<p class=\"TextoInterioresGris\" style=\"text-align: justify;\">Los dos anteriores son calefactores que resultan una excelente soluci\u00f3n para quienes viven en una zona en la que el fr\u00edo s\u00f3lo se presenta durante una corta temporada del a\u00f1o y en la que las temperaturas no llegan a descender mucho, pero para aquellas construcciones ubicadas en lugares en los que se presentan heladas y en los que la temperatura baja mucho durante la noche, la mejor alternativa puede ser instalar un sistema completo de\u00a0<strong>calefacci\u00f3n<\/strong>. Estos sistemas pueden ser el\u00e9ctricos o hidr\u00f3nicos y basarse en los radiadores que ya describimos anteriormente, o bien, en un sistema de tuber\u00edas por el que circula agua caliente que transfiere su temperatura hacia la habitaci\u00f3n. Los sistemas hidr\u00f3nicos han cobrado mucha popularidad en los \u00faltimos a\u00f1os pues son seguros, eficientes, ahorran energ\u00eda y a diferencia de otros sistemas, no transfieren el calor a la construcci\u00f3n sino a las personas que se encuentran en ella.<\/p>\n<p class=\"TextoInterioresGris\" style=\"text-align: justify;\">Adem\u00e1s de los sistemas para uso residencial existen equipos especiales para instalarse en invernaderos y terrenos de producci\u00f3n agr\u00edcola, esto con el fin de garantizar que la temperatura sea la adecuada para el desarrollo de las especies vegetales que ah\u00ed se produzcan y para contrarrestar los efectos que las heladas tengan sobre la producci\u00f3n. En este sector se emplean estufas, sistemas de piso radiante y zoclos hidr\u00f3nicos, especialmente, aunque tambi\u00e9n se utilizan los calentadores el\u00e9ctricos de aire forzado que permiten que el aire caliente circule uniformemente. Los calentadores el\u00e9ctricos de aire forzado, adem\u00e1s sus aplicaciones en producci\u00f3n agr\u00edcola, se emplean en almacenes, naves industriales, en salones, bodegas, eventos al aire libre en carpas y en diferentes procesos de producci\u00f3n industrial que requieran de un control sobre la temperatura. Son equipos port\u00e1tiles que proporcionan calor limpio y libre de olores de manera instant\u00e1nea y gracias a su dise\u00f1o el aire caliente se proyecta a largas distancias, aunque ofrecen mayor eficiencia si se usan en espacios cerrados.<\/p>\n<p class=\"TextoInterioresGris\" style=\"text-align: justify;\">Para elegir el sistema o equipo calefactor adecuado se debe partir del c\u00e1lculo de la potencia requerida para una necesidad de calentamiento espec\u00edfica. Esto depende de muchos factores, desde las dimensiones del \u00e1rea, sus condiciones ambientales, de si se trata de un espacio cerrado, de los materiales con que est\u00e1 construido y de la temperatura deseada. Asimismo, se tiene que contemplar el gasto energ\u00e9tico que exigir\u00e1 la\u00a0<strong>calefacci\u00f3n<\/strong>\u00a0y que en muchos casos podr\u00eda resultar necesario hacer modificaciones estructurales en el lugar en el que se instalar\u00e1 el sistema.<\/p>\n<p class=\"TextoInterioresGris\" style=\"text-align: justify;\">En H2OTEK contamos con lo m\u00e1s sofisticado en sistemas de\u00a0<strong>calefacci\u00f3n<\/strong>\u00a0y equipos calefactores. Visita nuestro cat\u00e1logo para conocer la l\u00ednea de productos que ponemos a tu disposici\u00f3n o cont\u00e1ctanos, con gusto te brindaremos la asesor\u00eda que necesitas en la elecci\u00f3n del sistema que se adapte a las necesidades de tu proyecto.<\/p>\n","protected":false},"excerpt":{"rendered":"<p>La temperatura es uno de los factores que m\u00e1s influyen en el estado de los seres vivos, en construcciones y en procesos de producci\u00f3n espec\u00edficos, es por ello que se han desarrollado distintas t\u00e9cnicas para crear espacios con condiciones ambientales [&hellip;]<\/p>\n","protected":false},"author":1,"featured_media":0,"parent":0,"menu_order":0,"comment_status":"closed","ping_status":"closed","template":"","meta":{"footnotes":""},"class_list":["post-11995","page","type-page","status-publish","hentry"],"_links":{"self":[{"href":"https:\/\/h2otek.com\/tienda\/wp-json\/wp\/v2\/pages\/11995","targetHints":{"allow":["GET"]}}],"collection":[{"href":"https:\/\/h2otek.com\/tienda\/wp-json\/wp\/v2\/pages"}],"about":[{"href":"https:\/\/h2otek.com\/tienda\/wp-json\/wp\/v2\/types\/page"}],"author":[{"embeddable":true,"href":"https:\/\/h2otek.com\/tienda\/wp-json\/wp\/v2\/users\/1"}],"replies":[{"embeddable":true,"href":"https:\/\/h2otek.com\/tienda\/wp-json\/wp\/v2\/comments?post=11995"}],"version-history":[{"count":0,"href":"https:\/\/h2otek.com\/tienda\/wp-json\/wp\/v2\/pages\/11995\/revisions"}],"wp:attachment":[{"href":"https:\/\/h2otek.com\/tienda\/wp-json\/wp\/v2\/media?parent=11995"}],"curies":[{"name":"wp","href":"https:\/\/api.w.org\/{rel}","templated":true}]}}