{"id":11993,"date":"2021-06-10T13:51:20","date_gmt":"2021-06-10T13:51:20","guid":{"rendered":"https:\/\/h2otek.com\/tienda\/?page_id=11993"},"modified":"2021-06-10T13:51:20","modified_gmt":"2021-06-10T13:51:20","slug":"calentadores","status":"publish","type":"page","link":"https:\/\/h2otek.com\/tienda\/calentadores\/","title":{"rendered":"Calentadores"},"content":{"rendered":"<p class=\"TextoInterioresGris\" style=\"text-align: justify;\">Toda el agua caliente que se disfrutas en casa o empresa, es necesario que pase a trav\u00e9s de un calentador de agua, un dispositivo que calienta el agua sea utilizable d\u00eda con d\u00eda. Los\u00a0<strong>calentadores<\/strong>\u00a0de agua sin tanque son m\u00e1s eficientes con respecto al uso de la energ\u00eda, en comparaci\u00f3n con los calentadores de agua de otro tipo; pues en lugar de almacenar agua caliente en un tanque, calientan el agua a medida que sea necesaria.<\/p>\n<p class=\"TextoInterioresGris\" style=\"text-align: justify;\">No obstante, tenga en cuenta que tambi\u00e9n existen calentadores con tanques de almacenamiento de agua, los cuales la guardan en un tanque hasta que necesites usarlo; \u00e9stos son los m\u00e1s com\u00fanmente vendidos. Si no requiere grandes cantidades de agua, podr\u00eda ahorrar una cantidad significativa de dinero usando este tipo de calentadores. Sin embargo, la mejor compra que se puede realizar en relaci\u00f3n a \u00e9stos est\u00e1 basada en que se tenga un precio razonable y un costo de operaci\u00f3n relativamente bajo.<\/p>\n<p class=\"TextoInterioresGris\" style=\"text-align: justify;\">De igual forma, se cre\u00f3 el calentador solar, aqu\u00e9l que no es contaminante como lo son otros tipos de fuentes de calefacci\u00f3n, que emanan gases contaminantes producidos en el proceso de combusti\u00f3n.<\/p>\n<p class=\"TextoInterioresGris\" style=\"text-align: justify;\">El tipo de calentador a usar, as\u00ed como el tipo de combustible a seleccionar depende de muchos factores como la temperatura del agua que se desea alcanzar, disponibilidad del combustible que el sistema utiliza, costo de mantenimiento, costo del combustible, espacio f\u00edsico utilizable, clima y costo del calentador. Suele ser un artefacto bastante grande que es capaz de albergar hasta 100 litros de agua, siempre se ubica en una posici\u00f3n vertical y posee en su interior una resistencia el\u00e9ctrica que tiene como funci\u00f3n calentar el agua.<\/p>\n<p class=\"TextoInterioresGris\" style=\"text-align: justify;\">Cabe mencionar que el factor energ\u00eda es de suma importancia, pues describe la cantidad de energ\u00eda utilizada que realmente se convierte en energ\u00eda \u00fatil para producir agua caliente. Las unidades con un FE (factor energ\u00eda, por sus siglas) mayor a 0,67 superar\u00e1n lo m\u00ednimo requerido para calificar como un calentador de agua valorado por Energy Star, un programa de ayuda a las empresas y consumidores para ayudar y promover la protecci\u00f3n del medio ambiente.<\/p>\n","protected":false},"excerpt":{"rendered":"<p>Toda el agua caliente que se disfrutas en casa o empresa, es necesario que pase a trav\u00e9s de un calentador de agua, un dispositivo que calienta el agua sea utilizable d\u00eda con d\u00eda. Los\u00a0calentadores\u00a0de agua sin tanque son m\u00e1s eficientes [&hellip;]<\/p>\n","protected":false},"author":1,"featured_media":0,"parent":0,"menu_order":0,"comment_status":"closed","ping_status":"closed","template":"","meta":{"footnotes":""},"class_list":["post-11993","page","type-page","status-publish","hentry"],"_links":{"self":[{"href":"https:\/\/h2otek.com\/tienda\/wp-json\/wp\/v2\/pages\/11993","targetHints":{"allow":["GET"]}}],"collection":[{"href":"https:\/\/h2otek.com\/tienda\/wp-json\/wp\/v2\/pages"}],"about":[{"href":"https:\/\/h2otek.com\/tienda\/wp-json\/wp\/v2\/types\/page"}],"author":[{"embeddable":true,"href":"https:\/\/h2otek.com\/tienda\/wp-json\/wp\/v2\/users\/1"}],"replies":[{"embeddable":true,"href":"https:\/\/h2otek.com\/tienda\/wp-json\/wp\/v2\/comments?post=11993"}],"version-history":[{"count":0,"href":"https:\/\/h2otek.com\/tienda\/wp-json\/wp\/v2\/pages\/11993\/revisions"}],"wp:attachment":[{"href":"https:\/\/h2otek.com\/tienda\/wp-json\/wp\/v2\/media?parent=11993"}],"curies":[{"name":"wp","href":"https:\/\/api.w.org\/{rel}","templated":true}]}}