{"id":11990,"date":"2021-06-10T13:50:31","date_gmt":"2021-06-10T13:50:31","guid":{"rendered":"https:\/\/h2otek.com\/tienda\/?page_id=11990"},"modified":"2021-06-25T15:45:56","modified_gmt":"2021-06-25T15:45:56","slug":"humidificadores","status":"publish","type":"page","link":"https:\/\/h2otek.com\/tienda\/humidificadores\/","title":{"rendered":"Humidificadores"},"content":{"rendered":"<p class=\"TextoInterioresGris\" style=\"text-align: justify;\">\u00bfPara qu\u00e9 sirven los humificadores? Son dispositivos que regulan la humedad de un lugar en espec\u00edfico que puede ser desde una peque\u00f1a habitaci\u00f3n hasta un edificio entero y es un aparato que sirve para aumentar la humedad del ambiente en una habitaci\u00f3n. La mayor\u00eda de las veces se usan en hogares, hospitales, hoteles y laboratorios ya que deben tener una humedad espec\u00edfica y controlada. Cuando tenemos la humedad controlada al mismo tiempo estamos regulando la climatizaci\u00f3n de la vivienda ya que la presi\u00f3n del ambiente cambia. Se usa especialmente para restaurar el nivel de humedad relativa cuando en verano el aumento de temperatura produce una disminuci\u00f3n de \u00e9sta. B\u00e1sicamente existen tres tipos.<\/p>\n<ul style=\"text-align: justify;\">\n<li>\n<p class=\"TextoInterioresGris\"><strong>Humidificadores\u00a0<\/strong>Fr\u00edos (ultras\u00f3nicos)<\/p>\n<\/li>\n<li>\n<p class=\"TextoInterioresGris\"><strong>Humidificadores<\/strong>\u00a0Calientes (electrodos)<\/p>\n<\/li>\n<li>\n<p class=\"TextoInterioresGris\"><strong>Humidificadores<\/strong>\u00a0Calientes (evaporaci\u00f3n)<\/p>\n<\/li>\n<\/ul>\n<p class=\"TextoInterioresGris\" style=\"text-align: justify;\">Un\u00a0<strong>humidificador\u00a0<\/strong>es sumamente \u00fatil en hospitales y consultorios m\u00e9dicos ya que cada paciente debe tener un ambiente especifico para que mejore su condici\u00f3n. Cuando son grandes edificios se deben ocupar\u00a0<strong>humidificadores<\/strong>\u00a0de gran tama\u00f1o y son parte de un sistema de ventilaci\u00f3n m\u00e1s complejo.<\/p>\n<p class=\"TextoInterioresGris\" style=\"text-align: justify;\">En climas secos y c\u00e1lidos es probable que la humedad sea baja. En invierno el aire fr\u00edo del ambiente calienta el interior del lugar y la humedad puede caer en un 10 y 20%. Cuando sucede esto nuestra salud est\u00e1 en riesgo ya que nuestras membranas mucosas se secan y todo nuestro sistema respiratorio se ve afectado.<\/p>\n<p class=\"TextoInterioresGris\" style=\"text-align: justify;\">Tambi\u00e9n la humedad baja afecta a nuestros muebles de madera causando grietas en suelos y paredes. Los libros y papeles tambi\u00e9n se llegan a encoger porque la humedad baja los vuelve fr\u00e1giles. Otro problema muy com\u00fan es la est\u00e1tica de la electricidad la cual puede destruir dispositivos semiconductores de energ\u00eda. La lana y ciertos textiles se llenan de est\u00e1tica y es una molestia constante. Por eso, hay niveles recomendados de humedad en la industria textil para que las telas no creen fricciones o accidentes en su procesamiento.<\/p>\n<p class=\"TextoInterioresGris\" style=\"text-align: justify;\">Tambi\u00e9n en las grandes industrias se usan los\u00a0<strong>humidificadores<\/strong>\u00a0para evitar la acumulaci\u00f3n de electricidad est\u00e1tica, para preservar los materiales y asegurar un ambiente saludable para los trabajadores.<\/p>\n<p class=\"TextoInterioresGris\" style=\"text-align: justify;\">Los\u00a0<strong>humidificadores<\/strong> son muy \u00fatiles en los museos donde se deben preservar obras de arte, oleos, esculturas y telas. En la industria papelera, es decir, donde se fabrica el papel, tambi\u00e9n se regula la humedad para evitar las contracciones y curvaturas en el papel.<\/p>\n<p class=\"TextoInterioresGris\" style=\"text-align: justify;\">En nuestros d\u00edas existen humidificadores port\u00e1tiles los cuales son peque\u00f1os y se pueden montar en cualquier lugar o habitaci\u00f3n. Son peque\u00f1os y a base de agua se mantiene la humedad de la habitaci\u00f3n. Debe rellenarse manualmente y renovarse cierto periodo de tiempo ya sea diariamente o de forma peri\u00f3dica. Entre los humidificadores port\u00e1tiles m\u00e1s populares son los que evaporan, son peque\u00f1os y se usan para crear una &#8220;humedad fr\u00eda&#8221;. Este humidificador est\u00e1 fabricado con una especie de dispositivo que capta y absorbe la humedad del agua para llevarla hasta un dep\u00f3sito que despu\u00e9s esparcir\u00e1 desde otro dispositivo. Hay que mantener en buen estado estos, ya que es muy com\u00fan que se llenen de moho por la excesiva humedad.<\/p>\n<p class=\"TextoInterioresGris\" style=\"text-align: justify;\">Existen humidificadores que son vaporizadores que se usan para liberar vapor y humedad en el aire. Son usados muy com\u00fanmente para aliviar enfermedades respiratorias ya que ayudan a reducir la tos al agregarles lociones naturales con eucalipto u otras hierbas naturales.<\/p>\n<p class=\"TextoInterioresGris\" style=\"text-align: justify;\">Gracias a los avances tecnol\u00f3gicos tambi\u00e9n existen\u00a0<strong>humidificadores<\/strong>\u00a0ultras\u00f3nicos los cuales usan un diafragma de metal que vibra con frecuencia ultras\u00f3nica para crear gotas de agua que salen del humidificador en forma de niebla fr\u00eda. Estos usan un conductor el\u00e9ctrico para crear las oscilaciones mec\u00e1nicas. La niebla que se forma, eventualmente se convierte en finas gotas de agua de casi medio micr\u00f3metro de di\u00e1metro y se evapora en el ambiente. Estas gotas se encargan de contener las impurezas y ayudan a quitar el polvo y otras suciedades de los objetos cercanos.<\/p>\n<p class=\"TextoInterioresGris\" style=\"text-align: justify;\">Existen tambi\u00e9n<strong>\u00a0humidificadores<\/strong>\u00a0que se deben colocar en hornos, sobre todo para la \u00e9poca de invierno ya que ayudan a ahorrar energ\u00eda porque aumentan la humedad y se crea un ambiente m\u00e1s c\u00e1lido en el lugar. Es recomendable que estos se mantengan apagados en \u00e9pocas de calor como el verano o la primavera. Las ventajas de los humidificadores son varias y lo mejor es que la mayor\u00eda tienen un costo muy bajo en el mercado y requieren un m\u00ednimo mantenimiento adem\u00e1s que no utilizan demasiada electricidad.<\/p>\n<p class=\"TextoInterioresGris\" style=\"text-align: justify;\">Aseg\u00farate de usar agua limpia que no contenga minerales que puedan afectar el equipo. Asimismo acude a un profesional si tienes alguna duda respecto a este maravilloso producto ya que lo m\u00e1s recomendable es que lo adquieras si est\u00e1s seguro de saber c\u00f3mo utilizarlo y para qu\u00e9 funciona.<\/p>\n","protected":false},"excerpt":{"rendered":"<p>\u00bfPara qu\u00e9 sirven los humificadores? Son dispositivos que regulan la humedad de un lugar en espec\u00edfico que puede ser desde una peque\u00f1a habitaci\u00f3n hasta un edificio entero y es un aparato que sirve para aumentar la humedad del ambiente en [&hellip;]<\/p>\n","protected":false},"author":1,"featured_media":0,"parent":0,"menu_order":0,"comment_status":"closed","ping_status":"closed","template":"","meta":{"footnotes":""},"class_list":["post-11990","page","type-page","status-publish","hentry"],"_links":{"self":[{"href":"https:\/\/h2otek.com\/tienda\/wp-json\/wp\/v2\/pages\/11990","targetHints":{"allow":["GET"]}}],"collection":[{"href":"https:\/\/h2otek.com\/tienda\/wp-json\/wp\/v2\/pages"}],"about":[{"href":"https:\/\/h2otek.com\/tienda\/wp-json\/wp\/v2\/types\/page"}],"author":[{"embeddable":true,"href":"https:\/\/h2otek.com\/tienda\/wp-json\/wp\/v2\/users\/1"}],"replies":[{"embeddable":true,"href":"https:\/\/h2otek.com\/tienda\/wp-json\/wp\/v2\/comments?post=11990"}],"version-history":[{"count":0,"href":"https:\/\/h2otek.com\/tienda\/wp-json\/wp\/v2\/pages\/11990\/revisions"}],"wp:attachment":[{"href":"https:\/\/h2otek.com\/tienda\/wp-json\/wp\/v2\/media?parent=11990"}],"curies":[{"name":"wp","href":"https:\/\/api.w.org\/{rel}","templated":true}]}}