{"id":11988,"date":"2021-06-10T13:49:41","date_gmt":"2021-06-10T13:49:41","guid":{"rendered":"https:\/\/h2otek.com\/tienda\/?page_id=11988"},"modified":"2021-06-25T15:44:56","modified_gmt":"2021-06-25T15:44:56","slug":"filtros-de-agua","status":"publish","type":"page","link":"https:\/\/h2otek.com\/tienda\/filtros-de-agua\/","title":{"rendered":"Filtros de agua"},"content":{"rendered":"<p class=\"TextoInterioresGris\" style=\"text-align: justify;\">Los\u00a0<strong>filtros de agua<\/strong>\u00a0generalmente est\u00e1n construidos bajo un concepto b\u00e1sico que se denomina desambiguaci\u00f3n, que no es m\u00e1s que el proceso de separaci\u00f3n de part\u00edculas s\u00f3lidas y semi s\u00f3lidas de un l\u00edquido a partir de una membrana porosa que retiene estas part\u00edculas permitiendo pasar el fluido sin ellas. Estos equipos est\u00e1n dise\u00f1ados bajo esquemas diferentes de calidad y normas de salud, todo depende de la aplicaci\u00f3n, si es para la filtraci\u00f3n de agua potable o simplemente para la filtraci\u00f3n de part\u00edculas s\u00f3lidas, existen otros dise\u00f1os que utilizan sistemas de \u00f3smosis inversa y rayos UV. Las aplicaciones son muy extensas, abarcan muchos aspectos de la vida cotidiana, tanto en el hogar c\u00f3mo en la industria, siendo que el agua es el l\u00edquido vital para la vida.<\/p>\n<p class=\"TextoInterioresGris\" style=\"text-align: justify;\">FILTROS DOM\u00c9STICOS PARA LA PURIFICACI\u00d3N DE AGUA POTABLE.<\/p>\n<p style=\"text-align: justify;\">Este tipo de filtros tienen variantes diversas, todo depende del tipo de agua que va a filtrar, si por ejemplo, en su localidad el agua que llega de la llave directa de distribuci\u00f3n municipal no le asegura la calidad necesaria en relaci\u00f3n a la potabilidad, ya sea por que se detectan ciertos componentes en ella que un filtro de part\u00edculas no llega a purificar, ser\u00e1 necesario instalar un sistema m\u00e1s complejo como el de purificaci\u00f3n por medio de componentes qu\u00edmicos o en su defecto \u00f3smosis que es m\u00e1s seguro cuando el agua que llega a hasta su hogar no cuenta con la calidad potable requerida.<\/p>\n<p style=\"text-align: justify;\">DIFERENTES TIPOS DE\u00a0<strong>FILTROS DE AGUA<\/strong><\/p>\n<p style=\"text-align: justify;\">FILTRO DE RETROLAVADO: Este tipo de filtros est\u00e1n dise\u00f1ados sobre la base de un contenedor o tanque de almacenamiento que contiene una substancia de filtrado que adquiere el nombre de medio de filtrado, el agua se integra por la parte superior a trav\u00e9s de una v\u00e1lvula de control y pasa entre el medio de filtraci\u00f3n, las impurezas, en esta caso pueden no ser solamente compuestos s\u00f3lidos, sino que tambi\u00e9n algunas substancias org\u00e1nicas pueden ser retenidas dentro del filtro hasta que este se satura, una vez que est\u00e1 lleno, el l\u00edquido se precipita hacia la parte posterior y sale por la v\u00e1lvula de control de filtrado.<\/p>\n<p style=\"text-align: justify;\">FILTROS DE \u00d3SMOSIS INVERSA: Este tipo de filtraci\u00f3n tiene la caracter\u00edstica de mejorar el sabor del agua y es muy seguro para entregar un l\u00edquido de calidad. Esta es una tecnolog\u00eda sofisticada la cual logra un elevado porcentaje de retenci\u00f3n de contaminantes disueltos y no disueltos, es una tecnolog\u00eda muy completa ya que es capaz de purificar el agua hasta en un 99% en la retenci\u00f3n de sales disueltas. La base es la presi\u00f3n que existe en dos l\u00edquidos con diferentes concentraciones salinas al estos estar separados por una membrana semipermeable se establece una diferencia de presi\u00f3n entre un lado y otro de la membrana que es provocada por la densidad de las diferentes salinidades, a esta presi\u00f3n se le llama \u00f3smosis u osm\u00f3tica, esta presi\u00f3n hace pasar agua de un lado a otro hasta que las concentraciones se igualan, al aplicar la presi\u00f3n superior a la osm\u00f3tica a inversi\u00f3n, es el agua con menor salinidad la que se brinca al lado contrario y de esta manera se obtiene el l\u00edquido con mayor purificaci\u00f3n.<\/p>\n<p style=\"text-align: justify;\">FILTROS DE CARB\u00d3N: Los filtros de carb\u00f3n tienen la cualidad de absorber contaminantes por la acci\u00f3n electromagn\u00e9tica del carb\u00f3n activado, esto quiere decir que ha sido pasado por un proceso de electrificaci\u00f3n lo cual desarrolla cualidades de magnetismo en las mol\u00e9culas de dicho componente, en este tipo de filtros los contaminantes se adhieren a la superficie de la pieza de carb\u00f3n, estos filtros son capaces de atrapar arena, suciedad de aceites y otro tipo de part\u00edculas, algunas sustancias qu\u00edmico org\u00e1nicas que reaccionan de manera positiva las mol\u00e9culas electro cargadas.<\/p>\n","protected":false},"excerpt":{"rendered":"<p>Los\u00a0filtros de agua\u00a0generalmente est\u00e1n construidos bajo un concepto b\u00e1sico que se denomina desambiguaci\u00f3n, que no es m\u00e1s que el proceso de separaci\u00f3n de part\u00edculas s\u00f3lidas y semi s\u00f3lidas de un l\u00edquido a partir de una membrana porosa que retiene estas [&hellip;]<\/p>\n","protected":false},"author":1,"featured_media":0,"parent":0,"menu_order":0,"comment_status":"closed","ping_status":"closed","template":"","meta":{"footnotes":""},"class_list":["post-11988","page","type-page","status-publish","hentry"],"_links":{"self":[{"href":"https:\/\/h2otek.com\/tienda\/wp-json\/wp\/v2\/pages\/11988","targetHints":{"allow":["GET"]}}],"collection":[{"href":"https:\/\/h2otek.com\/tienda\/wp-json\/wp\/v2\/pages"}],"about":[{"href":"https:\/\/h2otek.com\/tienda\/wp-json\/wp\/v2\/types\/page"}],"author":[{"embeddable":true,"href":"https:\/\/h2otek.com\/tienda\/wp-json\/wp\/v2\/users\/1"}],"replies":[{"embeddable":true,"href":"https:\/\/h2otek.com\/tienda\/wp-json\/wp\/v2\/comments?post=11988"}],"version-history":[{"count":0,"href":"https:\/\/h2otek.com\/tienda\/wp-json\/wp\/v2\/pages\/11988\/revisions"}],"wp:attachment":[{"href":"https:\/\/h2otek.com\/tienda\/wp-json\/wp\/v2\/media?parent=11988"}],"curies":[{"name":"wp","href":"https:\/\/api.w.org\/{rel}","templated":true}]}}