{"id":11984,"date":"2021-06-10T13:48:16","date_gmt":"2021-06-10T13:48:16","guid":{"rendered":"https:\/\/h2otek.com\/tienda\/?page_id=11984"},"modified":"2021-06-25T15:41:01","modified_gmt":"2021-06-25T15:41:01","slug":"calentadores-para-exteriores","status":"publish","type":"page","link":"https:\/\/h2otek.com\/tienda\/calentadores-para-exteriores\/","title":{"rendered":"Calentadores para Exteriores"},"content":{"rendered":"<p class=\"TextoInterioresGris\" style=\"text-align: justify;\">Los cambios clim\u00e1ticos est\u00e1n a la orden del d\u00eda. Lamentablemente donde antes no nos encontr\u00e1bamos a bajas temperaturas se comienza a sentir fr\u00edo, fuera de temporada y comparable con los de pa\u00edses como Europa o Sudam\u00e9rica. Pero, gracias a que la industria de la calefacci\u00f3n ha crecido gracias a la importaci\u00f3n y exportaci\u00f3n ya podemos adquirir calentadores tal y como lo usan en esos pa\u00edses. Un ejemplo de ello son los\u00a0<strong>calentadores para exteriores<\/strong>.<\/p>\n<p class=\"TextoInterioresGris\" style=\"text-align: justify;\">Estos dispositivos son ideales para terrazas o lugares al aire libre. Son muy usados en restaurantes, bares, hoteles, museos y establecimientos que normalmente cuentan con varios visitantes a lo largo del d\u00eda. Gracias a que hay varios modelos, tambi\u00e9n puedes adquirir alguno ideal para tu hogar. Todo depende del espacio que quieras calentar. Es muy f\u00e1cil hacer un c\u00e1lculo para saber qu\u00e9 tipo es ideal para ti.<\/p>\n<p class=\"TextoInterioresGris\" style=\"text-align: justify;\">Primero observa el espacio que buscas calentar. \u00c9ste no debe exceder los 1,000 m\u00b3. Despu\u00e9s de medir la longitud y el largo del lugar puedes calcular el tipo de temperatura que requieres proporcionar. Si el espacio es muy largo puedes colocar varios calentadores con una separaci\u00f3n de algunos metros.<\/p>\n<p class=\"TextoInterioresGris\" style=\"text-align: justify;\">La mayor\u00eda de estos\u00a0<strong>calentadores para exteriores<\/strong>\u00a0se calientan por medio de gas. Por eso debes de adquirir un calentador con un profesional que te explique la manera en que deber\u00e1s encender tu calentador. Lo mejor de ellos es que existen diversos dise\u00f1os, la mayor\u00eda muy modernos y agradables a la vista. As\u00ed no s\u00f3lo calentar\u00e1 el ambiente externo de tu hogar o negocio, sino que a su vez le conferir\u00e1 una vista agradable y est\u00e9tica propia de los lugares m\u00e1s elegantes del mundo.<\/p>\n<p style=\"text-align: center;\"><img fetchpriority=\"high\" decoding=\"async\" class=\"aligncenter size-full wp-image-12024\" src=\"https:\/\/h2otek.com\/tienda\/wp-content\/uploads\/2021\/06\/exteriores.jpg\" alt=\"calentadores para exteriores\" width=\"255\" height=\"198\" \/><\/p>\n<p class=\"TextoInterioresGris\" style=\"text-align: justify;\">Tambi\u00e9n existen calentadores el\u00e9ctricos. Ambos se pueden utilizar durante todo el a\u00f1o. Lo ideal es revisar d\u00f3nde lo colocar\u00e1s. F\u00edjate que el suelo donde se coloquen sea estable, fuerte y sin grietas o abolladuras.<\/p>\n<p class=\"TextoInterioresGris\" style=\"text-align: justify;\">Los\u00a0<strong>calentadores para exteriores<\/strong>\u00a0son una compra de por vida. Puede estar fijo en el techo, en la pared, en medio de la mesa. Incluso hay algunos con ruedas para mejor transporte y traslado. Por lo general, estos no requieren un mantenimiento especial, s\u00f3lo debes tenerlos limpios y alejados de fuertes vientos que pueden afectar su uso. Pueden calentar hasta un radio de tres a seis metros. Es importante recalcar que no hay rayos UV, que son muy silenciosos y que no te robar\u00e1n ox\u00edgeno. No emiten qu\u00edmicos nocivos ni residuos t\u00f3xicos.<\/p>\n<p class=\"TextoInterioresGris\" style=\"text-align: justify;\">Otra ventaja es que son muy f\u00e1ciles de instalar, casi todos tienen instructivos y no tardar\u00e1s m\u00e1s de 20 minutos en realizar la instalaci\u00f3n. Lo mejor es adquirir calentadores de acero inoxidable cuyo material salvaguardar\u00e1 tu calentador de los cambios clim\u00e1ticos.<\/p>\n<p class=\"TextoInterioresGris\" style=\"text-align: justify;\">Los\u00a0<strong>calentadores para exteriores<\/strong>\u00a0de gas son muy seguros ya que la mayor\u00eda cuenta con distintos sensores que hacen que se apague el quemador en cuando deja de haber gas. Asimismo si hay un \u00e1rea con poco ox\u00edgeno tambi\u00e9n se apagar\u00e1 de manera autom\u00e1tica. Incluso se pueden prender de manera el\u00e9ctrica y otros requieren de un f\u00f3sforo. El precio de estos calentadores var\u00edan y depende modelos y marcas, pero la mayor\u00eda son muy accesibles y son una gran inversi\u00f3n. Los m\u00e1s caros suelen ser los de acero inoxidable pero tienen una vida m\u00e1s larga. Aseg\u00farate que tu proveedor te de una garant\u00eda tanto con \u00e9l y con el fabricante por cualquier eventualidad que pueda surgir con el producto.<\/p>\n<p class=\"TextoInterioresGris\" style=\"text-align: justify;\">Como puedes observar los\u00a0<strong>calentadores para exteriores<\/strong>\u00a0son ideales para tu patio en d\u00edas de fr\u00edo. Son sumamente \u00fatiles y puedes estar en las fr\u00edas noches de invierno hasta altas horas de la noche, sin interrumpir tus cenas o reuniones. As\u00ed que no dudes en consultar a un experto que te guiar\u00e1 con la mejor informaci\u00f3n respecto a este u otros productos que puedes usar en temporada de fr\u00edo recuerda que m\u00e1s vale prevenir que lamentar y es muy probable que un cliente prefiera acudir a un lugar con calentadores que aquel espacio que este fr\u00edo y nuestra familia al estar calientita y protegida es muy probable que las enfermedades respiratorias disminuyan, as\u00ed que no lo dudes m\u00e1s e invierte en uno de estos dispositivos que sea \u00fatil y a la vez bello.<\/p>\n","protected":false},"excerpt":{"rendered":"<p>Los cambios clim\u00e1ticos est\u00e1n a la orden del d\u00eda. Lamentablemente donde antes no nos encontr\u00e1bamos a bajas temperaturas se comienza a sentir fr\u00edo, fuera de temporada y comparable con los de pa\u00edses como Europa o Sudam\u00e9rica. Pero, gracias a que [&hellip;]<\/p>\n","protected":false},"author":1,"featured_media":12024,"parent":0,"menu_order":0,"comment_status":"closed","ping_status":"closed","template":"","meta":{"footnotes":""},"class_list":["post-11984","page","type-page","status-publish","has-post-thumbnail","hentry"],"_links":{"self":[{"href":"https:\/\/h2otek.com\/tienda\/wp-json\/wp\/v2\/pages\/11984","targetHints":{"allow":["GET"]}}],"collection":[{"href":"https:\/\/h2otek.com\/tienda\/wp-json\/wp\/v2\/pages"}],"about":[{"href":"https:\/\/h2otek.com\/tienda\/wp-json\/wp\/v2\/types\/page"}],"author":[{"embeddable":true,"href":"https:\/\/h2otek.com\/tienda\/wp-json\/wp\/v2\/users\/1"}],"replies":[{"embeddable":true,"href":"https:\/\/h2otek.com\/tienda\/wp-json\/wp\/v2\/comments?post=11984"}],"version-history":[{"count":0,"href":"https:\/\/h2otek.com\/tienda\/wp-json\/wp\/v2\/pages\/11984\/revisions"}],"wp:featuredmedia":[{"embeddable":true,"href":"https:\/\/h2otek.com\/tienda\/wp-json\/wp\/v2\/media\/12024"}],"wp:attachment":[{"href":"https:\/\/h2otek.com\/tienda\/wp-json\/wp\/v2\/media?parent=11984"}],"curies":[{"name":"wp","href":"https:\/\/api.w.org\/{rel}","templated":true}]}}